{"id":8621,"date":"2016-06-20T11:24:49","date_gmt":"2016-06-20T10:24:49","guid":{"rendered":"https:\/\/agora-eoi.xtec.cat\/eoisantcugat\/?page_id=8621"},"modified":"2025-07-10T11:44:43","modified_gmt":"2025-07-10T09:44:43","slug":"consell-escolar","status":"publish","type":"page","link":"https:\/\/agora-eoi.xtec.cat\/eoisantcugat\/organigrama\/consell-escolar\/","title":{"rendered":"Consell escolar"},"content":{"rendered":"<p style=\"text-align: left;\">El consell escolar \u00e9s l&#8217;\u00f2rgan de participaci\u00f3 de la comunitat educativa que s&#8217;encarrega del control i gesti\u00f3 de l&#8217;escola, amb funcions de seguiment i avaluaci\u00f3 de la programaci\u00f3 i de les activitats que es duen a terme a l&#8217;EOI Sant Cugat.<\/p>\n<p>El consell escolar de l&#8217;EOI de Sant Cugat est\u00e0 format per:<\/p>\n<table style=\"height: 573px; width: 100%; border-collapse: collapse;\">\n<tbody>\n<tr style=\"height: 79px;\">\n<td style=\"width: 100%; height: 44px;\"><strong>Representants de l&#8217;equip directiu:<\/strong><\/td>\n<\/tr>\n<tr style=\"height: 23px;\">\n<td style=\"width: 100%; height: 23px;\">President: Miquel \u00c0. Gago<\/td>\n<\/tr>\n<tr style=\"height: 23px;\">\n<td style=\"width: 100%; height: 23px;\">Secret\u00e0ria: Hanna Albani<\/td>\n<\/tr>\n<tr style=\"height: 23px;\">\n<td style=\"width: 100%; height: 23px;\">Cap d&#8217;estudis: Esther Castilla<\/td>\n<\/tr>\n<tr style=\"height: 23px;\">\n<td style=\"width: 100%; height: 23px;\">\u00a0<\/td>\n<\/tr>\n<tr style=\"height: 23px;\">\n<td style=\"width: 100%; height: 23px;\"><strong>Representants professorat:<\/strong><\/td>\n<\/tr>\n<tr style=\"height: 23px;\">\n<td style=\"width: 100%; height: 23px;\">\u00a0<\/td>\n<\/tr>\n<tr style=\"height: 23px;\">\n<td style=\"width: 100%; height: 23px;\">Sandra Carmona<\/td>\n<\/tr>\n<tr style=\"height: 23px;\">\n<td style=\"width: 100%; height: 23px;\">Montserrat Pinar<\/td>\n<\/tr>\n<tr style=\"height: 23px;\">\n<td style=\"width: 100%; height: 23px;\">Ester Pujol<\/td>\n<\/tr>\n<tr style=\"height: 23px;\">\n<td style=\"width: 100%; height: 23px;\">\u00a0<\/td>\n<\/tr>\n<tr style=\"height: 23px;\">\n<td style=\"width: 100%; height: 23px;\"><strong>Representats de l&#8217;alumnat:<\/strong><\/td>\n<\/tr>\n<tr style=\"height: 23px;\">\n<td style=\"width: 100%; height: 23px;\">\u00a0<\/td>\n<\/tr>\n<tr style=\"height: 23px;\">\n<td style=\"width: 100%; height: 23px;\">Aurora Escanilla<\/td>\n<\/tr>\n<tr style=\"height: 23px;\">\n<td style=\"width: 100%; height: 23px;\">Susana Gracia<\/td>\n<\/tr>\n<tr style=\"height: 23px;\">\n<td style=\"width: 100%; height: 23px;\">Carlos Verson<\/td>\n<\/tr>\n<tr style=\"height: 23px;\">\n<td style=\"width: 100%; height: 23px;\">\u00a0<\/td>\n<\/tr>\n<tr style=\"height: 23px;\">\n<td style=\"width: 100%; height: 23px;\"><strong>Representant del personal d&#8217;administraci\u00f3 i serveis (PAS):<\/strong><\/td>\n<\/tr>\n<tr style=\"height: 23px;\">\n<td style=\"width: 100%; height: 23px;\">\u00a0<\/td>\n<\/tr>\n<tr style=\"height: 23px;\">\n<td style=\"width: 100%; height: 23px;\">Inma Fuster<\/td>\n<\/tr>\n<tr style=\"height: 23px;\">\n<td style=\"width: 100%; height: 23px;\">\u00a0<\/td>\n<\/tr>\n<tr style=\"height: 23px;\">\n<td style=\"width: 100%; height: 23px;\"><strong>Representant de l&#8217;ajuntament:<\/strong><\/td>\n<\/tr>\n<tr style=\"height: 23px;\">\n<td style=\"width: 100%; height: 23px;\">\u00a0<\/td>\n<\/tr>\n<tr style=\"height: 23px;\">\n<td style=\"width: 100%; height: 23px;\">Rosa Pitarch<\/td>\n<\/tr>\n<\/tbody>\n<\/table>\n\n\n<p><\/p>\n","protected":false},"excerpt":{"rendered":"<p>El consell escolar \u00e9s l&#8217;\u00f2rgan de participaci\u00f3 de la comunitat educativa que s&#8217;encarrega del control i gesti\u00f3 de l&#8217;escola, amb [&hellip;]<\/p>\n","protected":false},"author":1,"featured_media":0,"parent":8141,"menu_order":20,"comment_status":"closed","ping_status":"closed","template":"","meta":{"site-sidebar-layout":"default","site-content-layout":"","ast-site-content-layout":"default","site-content-style":"default","site-sidebar-style":"default","ast-global-header-display":"","ast-banner-title-visibility":"","ast-main-header-display":"","ast-hfb-above-header-display":"","ast-hfb-below-header-display":"","ast-hfb-mobile-header-display":"","site-post-title":"","ast-breadcrumbs-content":"","ast-featured-img":"","footer-sml-layout":"","theme-transparent-header-meta":"","adv-header-id-meta":"","stick-header-meta":"","header-above-stick-meta":"","header-main-stick-meta":"","header-below-stick-meta":"","astra-migrate-meta-layouts":"set","ast-page-background-enabled":"default","ast-page-background-meta":{"desktop":{"background-color":"var(--ast-global-color-4)","background-image":"","background-repeat":"repeat","background-position":"center center","background-size":"auto","background-attachment":"scroll","background-type":"","background-media":"","overlay-type":"","overlay-color":"","overlay-opacity":"","overlay-gradient":""},"tablet":{"background-color":"","background-image":"","background-repeat":"repeat","background-position":"center center","background-size":"auto","background-attachment":"scroll","background-type":"","background-media":"","overlay-type":"","overlay-color":"","overlay-opacity":"","overlay-gradient":""},"mobile":{"background-color":"","background-image":"","background-repeat":"repeat","background-position":"center center","background-size":"auto","background-attachment":"scroll","background-type":"","background-media":"","overlay-type":"","overlay-color":"","overlay-opacity":"","overlay-gradient":""}},"ast-content-background-meta":{"desktop":{"background-color":"var(--ast-global-color-5)","background-image":"","background-repeat":"repeat","background-position":"center center","background-size":"auto","background-attachment":"scroll","background-type":"","background-media":"","overlay-type":"","overlay-color":"","overlay-opacity":"","overlay-gradient":""},"tablet":{"background-color":"var(--ast-global-color-5)","background-image":"","background-repeat":"repeat","background-position":"center center","background-size":"auto","background-attachment":"scroll","background-type":"","background-media":"","overlay-type":"","overlay-color":"","overlay-opacity":"","overlay-gradient":""},"mobile":{"background-color":"var(--ast-global-color-5)","background-image":"","background-repeat":"repeat","background-position":"center center","background-size":"auto","background-attachment":"scroll","background-type":"","background-media":"","overlay-type":"","overlay-color":"","overlay-opacity":"","overlay-gradient":""}},"footnotes":""},"class_list":["post-8621","page","type-page","status-publish","hentry"],"post_mailing_queue_ids":[],"_links":{"self":[{"href":"https:\/\/agora-eoi.xtec.cat\/eoisantcugat\/wp-json\/wp\/v2\/pages\/8621","targetHints":{"allow":["GET"]}}],"collection":[{"href":"https:\/\/agora-eoi.xtec.cat\/eoisantcugat\/wp-json\/wp\/v2\/pages"}],"about":[{"href":"https:\/\/agora-eoi.xtec.cat\/eoisantcugat\/wp-json\/wp\/v2\/types\/page"}],"author":[{"embeddable":true,"href":"https:\/\/agora-eoi.xtec.cat\/eoisantcugat\/wp-json\/wp\/v2\/users\/1"}],"replies":[{"embeddable":true,"href":"https:\/\/agora-eoi.xtec.cat\/eoisantcugat\/wp-json\/wp\/v2\/comments?post=8621"}],"version-history":[{"count":6,"href":"https:\/\/agora-eoi.xtec.cat\/eoisantcugat\/wp-json\/wp\/v2\/pages\/8621\/revisions"}],"predecessor-version":[{"id":9282,"href":"https:\/\/agora-eoi.xtec.cat\/eoisantcugat\/wp-json\/wp\/v2\/pages\/8621\/revisions\/9282"}],"up":[{"embeddable":true,"href":"https:\/\/agora-eoi.xtec.cat\/eoisantcugat\/wp-json\/wp\/v2\/pages\/8141"}],"wp:attachment":[{"href":"https:\/\/agora-eoi.xtec.cat\/eoisantcugat\/wp-json\/wp\/v2\/media?parent=8621"}],"curies":[{"name":"wp","href":"https:\/\/api.w.org\/{rel}","templated":true}]}}