{"id":8377,"date":"2016-06-13T13:50:10","date_gmt":"2016-06-13T12:50:10","guid":{"rendered":"https:\/\/agora-eoi.xtec.cat\/eoisantcugat\/?page_id=8377"},"modified":"2026-02-18T17:19:50","modified_gmt":"2026-02-18T16:19:50","slug":"tramitacio-de-titols","status":"publish","type":"page","link":"https:\/\/agora-eoi.xtec.cat\/eoisantcugat\/tramitacio-de-titols\/","title":{"rendered":"Tramitaci\u00f3 de T\u00edtols i Certificats Acad\u00e8mics"},"content":{"rendered":"<p><strong>\u00a0CERTIFICAT DE NIVELL B\u00c0SIC\u00a0 A2, NIVELL INTERMEDI B1 i CERTIFICATS ACAD\u00c8MICS<\/strong><\/p>\n<p>C<strong>al sol\u00b7licitar-lo pr\u00e8viament\u00a0<a href=\"https:\/\/docs.google.com\/forms\/d\/e\/1FAIpQLSdtXkFdjiHwPZTYK4jR_fOjfADzOzktlhindRbXYXfl9xQunA\/viewform\">(sol\u00b7licitud)\u00a0<\/a><\/strong>al departament d&#8217;alumnat\u00a0a l&#8217;adre\u00e7a\u00a0electr\u00f2nica: <span id=\"cloak9b6155e7ba72187616d91034c6f37a37\"><span id=\"cloak66c013c2453d4e8f175eb4a7ff53d961\"><span id=\"cloak0b6d09e4dfb880439293a2c8574eb291\"><a href=\"mailto:departament_alumnat@eoisantcugat.com\">departament_alumnat@eoisantcugat.com<\/a><\/span><\/span><\/span> a partir de la segona quinzena d&#8217;octubre.<\/p>\n<p>En cas que la persona que vingui a recollir-lo no\u00a0 sigui el mateix alumne, caldr\u00e0 omplir el <a href=\"https:\/\/drive.google.com\/file\/d\/1tmFUzPUQbRQXgsfVmc5eBVKLfyK0kgG9\/view?usp=sharing\">full d&#8217;autoritzaci\u00f3<\/a> i adjuntar <strong>fotoc\u00f2pia del DNI de l&#8217;alumne i de la persona autoritzada.<\/strong><\/p>\n<p><strong>CERTIFICAT DE NIVELL INTERMEDI B2 i NIVELL AVAN\u00c7AT C1<\/strong><\/p>\n<p>Els certificats d&#8217;idiomes (B2, C1 i C2) es tramiten mitjan\u00e7ant l&#8217;aplicaci\u00f3 Registre i Tramitaci\u00f3 de t\u00edtols. L&#8217;alumnat pot sol\u00b7licitar a trav\u00e9s del <a href=\"https:\/\/tramits.gencat.cat\/ca\/tramits\/tramits-temes\/titols-academics-no-universitaris?category=742b7874-a82c-11e3-a972-000c29052e2c\">tr\u00e0mit en l\u00ednia<\/a> que s&#8217;expedeixi, es dupliqui o s&#8217;actualitzi el seu t\u00edtol o certificat d&#8217;idiomes.<\/p>\n\n\n<p><\/p>\n","protected":false},"excerpt":{"rendered":"<p>\u00a0CERTIFICAT DE NIVELL B\u00c0SIC\u00a0 A2, NIVELL INTERMEDI B1 i CERTIFICATS ACAD\u00c8MICS Cal sol\u00b7licitar-lo pr\u00e8viament\u00a0(sol\u00b7licitud)\u00a0al departament d&#8217;alumnat\u00a0a l&#8217;adre\u00e7a\u00a0electr\u00f2nica: departament_alumnat@eoisantcugat.com a partir [&hellip;]<\/p>\n","protected":false},"author":1,"featured_media":0,"parent":0,"menu_order":80,"comment_status":"closed","ping_status":"closed","template":"","meta":{"site-sidebar-layout":"default","site-content-layout":"","ast-site-content-layout":"default","site-content-style":"default","site-sidebar-style":"default","ast-global-header-display":"","ast-banner-title-visibility":"","ast-main-header-display":"","ast-hfb-above-header-display":"","ast-hfb-below-header-display":"","ast-hfb-mobile-header-display":"","site-post-title":"","ast-breadcrumbs-content":"","ast-featured-img":"","footer-sml-layout":"","theme-transparent-header-meta":"","adv-header-id-meta":"","stick-header-meta":"","header-above-stick-meta":"","header-main-stick-meta":"","header-below-stick-meta":"","astra-migrate-meta-layouts":"set","ast-page-background-enabled":"default","ast-page-background-meta":{"desktop":{"background-color":"var(--ast-global-color-4)","background-image":"","background-repeat":"repeat","background-position":"center center","background-size":"auto","background-attachment":"scroll","background-type":"","background-media":"","overlay-type":"","overlay-color":"","overlay-opacity":"","overlay-gradient":""},"tablet":{"background-color":"","background-image":"","background-repeat":"repeat","background-position":"center center","background-size":"auto","background-attachment":"scroll","background-type":"","background-media":"","overlay-type":"","overlay-color":"","overlay-opacity":"","overlay-gradient":""},"mobile":{"background-color":"","background-image":"","background-repeat":"repeat","background-position":"center center","background-size":"auto","background-attachment":"scroll","background-type":"","background-media":"","overlay-type":"","overlay-color":"","overlay-opacity":"","overlay-gradient":""}},"ast-content-background-meta":{"desktop":{"background-color":"var(--ast-global-color-5)","background-image":"","background-repeat":"repeat","background-position":"center center","background-size":"auto","background-attachment":"scroll","background-type":"","background-media":"","overlay-type":"","overlay-color":"","overlay-opacity":"","overlay-gradient":""},"tablet":{"background-color":"var(--ast-global-color-5)","background-image":"","background-repeat":"repeat","background-position":"center center","background-size":"auto","background-attachment":"scroll","background-type":"","background-media":"","overlay-type":"","overlay-color":"","overlay-opacity":"","overlay-gradient":""},"mobile":{"background-color":"var(--ast-global-color-5)","background-image":"","background-repeat":"repeat","background-position":"center center","background-size":"auto","background-attachment":"scroll","background-type":"","background-media":"","overlay-type":"","overlay-color":"","overlay-opacity":"","overlay-gradient":""}},"footnotes":""},"class_list":["post-8377","page","type-page","status-publish","hentry"],"post_mailing_queue_ids":[],"_links":{"self":[{"href":"https:\/\/agora-eoi.xtec.cat\/eoisantcugat\/wp-json\/wp\/v2\/pages\/8377","targetHints":{"allow":["GET"]}}],"collection":[{"href":"https:\/\/agora-eoi.xtec.cat\/eoisantcugat\/wp-json\/wp\/v2\/pages"}],"about":[{"href":"https:\/\/agora-eoi.xtec.cat\/eoisantcugat\/wp-json\/wp\/v2\/types\/page"}],"author":[{"embeddable":true,"href":"https:\/\/agora-eoi.xtec.cat\/eoisantcugat\/wp-json\/wp\/v2\/users\/1"}],"replies":[{"embeddable":true,"href":"https:\/\/agora-eoi.xtec.cat\/eoisantcugat\/wp-json\/wp\/v2\/comments?post=8377"}],"version-history":[{"count":6,"href":"https:\/\/agora-eoi.xtec.cat\/eoisantcugat\/wp-json\/wp\/v2\/pages\/8377\/revisions"}],"predecessor-version":[{"id":9984,"href":"https:\/\/agora-eoi.xtec.cat\/eoisantcugat\/wp-json\/wp\/v2\/pages\/8377\/revisions\/9984"}],"wp:attachment":[{"href":"https:\/\/agora-eoi.xtec.cat\/eoisantcugat\/wp-json\/wp\/v2\/media?parent=8377"}],"curies":[{"name":"wp","href":"https:\/\/api.w.org\/{rel}","templated":true}]}}