{"id":8370,"date":"2016-06-13T13:38:46","date_gmt":"2016-06-13T12:38:46","guid":{"rendered":"https:\/\/agora-eoi.xtec.cat\/eoisantcugat\/?page_id=8370"},"modified":"2026-03-25T17:52:18","modified_gmt":"2026-03-25T16:52:18","slug":"instancies-i-solicituts","status":"publish","type":"page","link":"https:\/\/agora-eoi.xtec.cat\/eoisantcugat\/instancies-i-solicituts\/","title":{"rendered":"Inst\u00e0ncies i sol\u00b7licituds"},"content":{"rendered":"<p>Per facilitar la realitzaci\u00f3 de gestions administratives podeu <strong>descarregar-vos les inst\u00e0ncies i sol\u00b7licituds seg\u00fcents<\/strong>.<\/p>\n<p><strong>Ompliu-les i lliureu-les a secretaria<\/strong>, tot <strong>aportant la documentaci\u00f3 requerida<\/strong> per cada gesti\u00f3.<\/p>\n<ul>\n<li><a href=\"https:\/\/drive.google.com\/file\/d\/1sJLjdtYxlN6Jt7WzxbxUTGwxxxF6LdA0\/view\">Carnet de l&#8217;alumne<\/a><\/li>\n<li><a href=\"https:\/\/drive.google.com\/file\/d\/13nuyUP9PvP9LHgn2UK1CF7vFsvyv-a_2\/view?usp=sharing\" target=\"_blank\" rel=\"noopener\">Trasllat d&#8217;expedient durant el curs lectiu<\/a><\/li>\n<li><a href=\"https:\/\/docs.google.com\/forms\/d\/e\/1FAIpQLSecm28CIo3aDzwkLE2wbvNPwFBJBzDSSMdYP4cCYtuHiBayBQ\/viewform?usp=sharing&amp;ouid=104509641126970483913\">Sol\u00b7licitud general<\/a><\/li>\n<li><a href=\"https:\/\/forms.gle\/tVhx9cfZP3U2Z3336\">Sol\u00b7licitud canvi d\u2019horari<\/a><\/li>\n<li><a href=\"https:\/\/drive.google.com\/file\/d\/1G7i-tI_YBknqSH27lHrf4vZ7KIP0cF2N\/view?usp=sharing\">Sol\u00b7licitud de permuta<\/a><\/li>\n<li><a href=\"https:\/\/drive.google.com\/file\/d\/11-6twfO8PMTlyeLcDVb8VWglnfwVEMsh\/view?usp=sharing\">Sol\u00b7licitud de ren\u00fancia a la matr\u00edcula oficial amb reserva de pla\u00e7a<\/a><\/li>\n<li><a href=\"https:\/\/drive.google.com\/file\/d\/1tO5eE8vHiztCi3YVuCxzi8kROGcR9lD5\/view?usp=sharing\">Sol\u00b7licitud de convocat\u00f2ria addicional<\/a><\/li>\n<li><a href=\"https:\/\/docs.google.com\/forms\/d\/e\/1FAIpQLSdtXkFdjiHwPZTYK4jR_fOjfADzOzktlhindRbXYXfl9xQunA\/viewform?usp=sharing&amp;ouid=104509641126970483913\" target=\"_blank\" rel=\"noopener\">Sol\u00b7licitud dels certificats Nivell B\u00e0sic A2 o Nivell Intermedi B1<\/a><\/li>\n<li><a href=\"https:\/\/docs.google.com\/forms\/d\/1_7aP84gPEYitsCxnLJUolBOWZKCuJvZfsn4t-uk7oNY\/edit\">Sol\u00b7licitud certificat d&#8217;expedient acad\u00e8mic<\/a><\/li>\n<li><a href=\"https:\/\/forms.gle\/JEPEro3nqLoCTiH27\">Sol\u00b7licitud de matr\u00edcula d&#8217;actualitzaci\u00f3<\/a><\/li>\n<li><a href=\"https:\/\/drive.google.com\/file\/d\/16G7lKXovoqdPwLfEfpXVExel-Hliuk7-\/view?usp=sharing\">Sol\u00b7licitud d&#8217;adaptaci\u00f3 de proves\u00a0<\/a><\/li>\n<li><a href=\"https:\/\/docs.google.com\/forms\/d\/e\/1FAIpQLSfK-d39yp0hYC2nP4xiYfEgjdonQS0l14LC332cFFb1sLQ4ZA\/viewform?usp=sharing&amp;ouid=104509641126970483913\" target=\"_blank\" rel=\"noopener\">Autoritzaci\u00f3 alumnat menor d&#8217;edat<\/a><\/li>\n<li><a href=\"https:\/\/drive.google.com\/file\/d\/1tmFUzPUQbRQXgsfVmc5eBVKLfyK0kgG9\/view\"><span style=\"color: #0000ff;\">A<\/span>utoritzaci\u00f3 de recollida del t\u00edtol per una tercera persona<\/a><\/li>\n<li><a href=\"https:\/\/drive.google.com\/file\/d\/10lDp2Wvqs3jKTcxm3krT2rsWxCCbtUoh\/view?usp=sharing\">Autoritzaci\u00f3 per a l&#8217;\u00fas i publicaci\u00f3 d&#8217;imatges i\/o veu<\/a><\/li>\n<\/ul>\n\n\n<p><\/p>\n","protected":false},"excerpt":{"rendered":"<p>Per facilitar la realitzaci\u00f3 de gestions administratives podeu descarregar-vos les inst\u00e0ncies i sol\u00b7licituds seg\u00fcents. Ompliu-les i lliureu-les a secretaria, tot [&hellip;]<\/p>\n","protected":false},"author":1,"featured_media":0,"parent":0,"menu_order":35,"comment_status":"closed","ping_status":"closed","template":"","meta":{"site-sidebar-layout":"default","site-content-layout":"","ast-site-content-layout":"default","site-content-style":"default","site-sidebar-style":"default","ast-global-header-display":"","ast-banner-title-visibility":"","ast-main-header-display":"","ast-hfb-above-header-display":"","ast-hfb-below-header-display":"","ast-hfb-mobile-header-display":"","site-post-title":"","ast-breadcrumbs-content":"","ast-featured-img":"","footer-sml-layout":"","theme-transparent-header-meta":"","adv-header-id-meta":"","stick-header-meta":"","header-above-stick-meta":"","header-main-stick-meta":"","header-below-stick-meta":"","astra-migrate-meta-layouts":"set","ast-page-background-enabled":"default","ast-page-background-meta":{"desktop":{"background-color":"var(--ast-global-color-4)","background-image":"","background-repeat":"repeat","background-position":"center center","background-size":"auto","background-attachment":"scroll","background-type":"","background-media":"","overlay-type":"","overlay-color":"","overlay-opacity":"","overlay-gradient":""},"tablet":{"background-color":"","background-image":"","background-repeat":"repeat","background-position":"center center","background-size":"auto","background-attachment":"scroll","background-type":"","background-media":"","overlay-type":"","overlay-color":"","overlay-opacity":"","overlay-gradient":""},"mobile":{"background-color":"","background-image":"","background-repeat":"repeat","background-position":"center center","background-size":"auto","background-attachment":"scroll","background-type":"","background-media":"","overlay-type":"","overlay-color":"","overlay-opacity":"","overlay-gradient":""}},"ast-content-background-meta":{"desktop":{"background-color":"var(--ast-global-color-5)","background-image":"","background-repeat":"repeat","background-position":"center center","background-size":"auto","background-attachment":"scroll","background-type":"","background-media":"","overlay-type":"","overlay-color":"","overlay-opacity":"","overlay-gradient":""},"tablet":{"background-color":"var(--ast-global-color-5)","background-image":"","background-repeat":"repeat","background-position":"center center","background-size":"auto","background-attachment":"scroll","background-type":"","background-media":"","overlay-type":"","overlay-color":"","overlay-opacity":"","overlay-gradient":""},"mobile":{"background-color":"var(--ast-global-color-5)","background-image":"","background-repeat":"repeat","background-position":"center center","background-size":"auto","background-attachment":"scroll","background-type":"","background-media":"","overlay-type":"","overlay-color":"","overlay-opacity":"","overlay-gradient":""}},"footnotes":""},"class_list":["post-8370","page","type-page","status-publish","hentry"],"post_mailing_queue_ids":[],"_links":{"self":[{"href":"https:\/\/agora-eoi.xtec.cat\/eoisantcugat\/wp-json\/wp\/v2\/pages\/8370","targetHints":{"allow":["GET"]}}],"collection":[{"href":"https:\/\/agora-eoi.xtec.cat\/eoisantcugat\/wp-json\/wp\/v2\/pages"}],"about":[{"href":"https:\/\/agora-eoi.xtec.cat\/eoisantcugat\/wp-json\/wp\/v2\/types\/page"}],"author":[{"embeddable":true,"href":"https:\/\/agora-eoi.xtec.cat\/eoisantcugat\/wp-json\/wp\/v2\/users\/1"}],"replies":[{"embeddable":true,"href":"https:\/\/agora-eoi.xtec.cat\/eoisantcugat\/wp-json\/wp\/v2\/comments?post=8370"}],"version-history":[{"count":6,"href":"https:\/\/agora-eoi.xtec.cat\/eoisantcugat\/wp-json\/wp\/v2\/pages\/8370\/revisions"}],"predecessor-version":[{"id":10003,"href":"https:\/\/agora-eoi.xtec.cat\/eoisantcugat\/wp-json\/wp\/v2\/pages\/8370\/revisions\/10003"}],"wp:attachment":[{"href":"https:\/\/agora-eoi.xtec.cat\/eoisantcugat\/wp-json\/wp\/v2\/media?parent=8370"}],"curies":[{"name":"wp","href":"https:\/\/api.w.org\/{rel}","templated":true}]}}