{"id":318,"date":"2024-07-25T10:59:31","date_gmt":"2024-07-25T08:59:31","guid":{"rendered":"https:\/\/agora-eoi.xtec.cat\/eoisantcugat\/?page_id=318"},"modified":"2024-07-26T11:04:52","modified_gmt":"2024-07-26T09:04:52","slug":"on-som","status":"publish","type":"page","link":"https:\/\/agora-eoi.xtec.cat\/eoisantcugat\/on-som\/","title":{"rendered":"On som"},"content":{"rendered":"<p>L&#8217;Escola Oficial d&#8217;Idiomes de Sant Cugat est\u00e0 situada a l&#8217;Avinguda Ragull 39 de Sant Cugat del Vall\u00e8s (Barcelona), al barri de Sant Francesc, al costat del pol\u00edgon industrial Can Mag\u00ed.<\/p>\n<p><strong>EOI SANT CUGAT<br \/>\n<\/strong><span style=\"font-size: revert; color: initial;\">Av. Ragull, 39<br \/>\n<\/span>08172 Sant Cugat del Vall\u00e8s<br \/>\nTel. 935 901 490<br \/>\n<a href=\"http:\/\/www.eoisantcugat.cat\/\">www.eoisantcugat.cat<\/a><\/p>\n<p><span style=\"text-decoration: underline;\">ADRECES DE CORREU EL\u00c8CTRONIC<\/span><br \/>\n<strong>Departament d&#8217;alumnat: (tr\u00e0mits administratius):<\/strong>\u00a0<span id=\"cloak538a26a86a79a0c19debbb47ac33204b\"><a href=\"mailto:departament_alumnat@eoisantcugat.com\" target=\"_blank\" rel=\"alternate noopener\">departament_alumnat@eoisantcugat.com<\/a><br \/>\n<\/span><strong>Correu corporatiu:<\/strong>\u00a0<span id=\"cloakc5b71c986438ef04eda9d90e377d4f24\"><a href=\"mailto:eoisantcugat@xtec.cat\">eoisantcugat@xtec.cat<\/a><\/span><\/p>\n<p><iframe loading=\"lazy\" style=\"border: 0;\" src=\"https:\/\/www.google.com\/maps\/embed?pb=!1m18!1m12!1m3!1d2989.2684106429847!2d2.087662215672547!3d41.47678029841103!2m3!1f0!2f0!3f0!3m2!1i1024!2i768!4f13.1!3m3!1m2!1s0x12a496e957ee54a3%3A0x6676795e1dd0300d!2sEscuela%20Oficial%20de%20Idiomas%20de%20Sant%20Cugat!5e0!3m2!1ses!2ses!4v1641805745681!5m2!1ses!2ses\" width=\"600\" height=\"450\" frameborder=\"0\" allowfullscreen=\"allowfullscreen\"><\/iframe><\/p>\n<p><strong>Com arribar-hi:<br \/>\n<\/strong><\/p>\n<p><strong>Autobusos urbans Sant Cugat<br \/>\n<\/strong><\/p>\n<p>L\u00ednies:<\/p>\n<p><a href=\"https:\/\/santcugat.cat\/web\/l1-mira-sol-nucli-torrent-de-ferrussons\">L1 Mira-sol &#8211; Nucli &#8211; Torrent de Ferrussons\u00a0<\/a>\u2013 Consulteu itinerari, horaris i pl\u00e0nol del recorregut<\/p>\n<p><a href=\"https:\/\/santcugat.cat\/web\/l8-nucli-urba-esade-torrent-de-ferrussons\">L8 Nucli Urb\u00e0 &#8211; ESADE &#8211; Torrent de Ferrussons<\/a>\u00a0\u2013 Consulteu itinerari, horaris i pl\u00e0nol del recorregut<\/p>\n<p>Estaci\u00f3:\u00a0<strong>Rambla Torrent\u00a0 d\u2019en Xandri<\/strong><\/p>\n<p><strong>Autobusos interurbans<\/strong><\/p>\n<p>Autoritat del Transport Metropolit\u00e0 \u2013\u00a0Transport P\u00fablics de Catalunya<\/p>\n<p><a href=\"https:\/\/www.moventis.es\/es\/lineas-horarios\/linea-autobus-a4-a4-sant-cugat-del-valles-barcelona\">A4 Barcelona &#8211; Cerdanyola del V. &#8211; Sant Cugat del V.<\/a>\u00a0&#8211; \u00a0Consulteu itinerari i horaris A4<\/p>\n<p>Estaci\u00f3:\u00a0<strong>Av. Roquetes \/ Av. Cerdanyola<\/strong><\/p>\n<p><a href=\"https:\/\/www.moventis.es\/es\/node\/86831\">B7 Cerdanyola del V. \u2013 Sant Cugat del V. &#8211; Rub\u00ed<\/a>\u00a0\u2013 Consulteu itinerari i horaris B7<\/p>\n<p>Estaci\u00f3:\u00a0<strong>Av. Roquetes \/ Av. Cerdanyola<\/strong><\/p>\n","protected":false},"excerpt":{"rendered":"<p>L&#8217;Escola Oficial d&#8217;Idiomes de Sant Cugat est\u00e0 situada a l&#8217;Avinguda Ragull 39 de Sant Cugat del Vall\u00e8s (Barcelona), al barri [&hellip;]<\/p>\n","protected":false},"author":1,"featured_media":0,"parent":0,"menu_order":11,"comment_status":"closed","ping_status":"closed","template":"page-templates\/side-menu.php","meta":{"site-sidebar-layout":"default","site-content-layout":"","ast-site-content-layout":"","site-content-style":"default","site-sidebar-style":"default","ast-global-header-display":"","ast-banner-title-visibility":"","ast-main-header-display":"","ast-hfb-above-header-display":"","ast-hfb-below-header-display":"","ast-hfb-mobile-header-display":"","site-post-title":"","ast-breadcrumbs-content":"","ast-featured-img":"","footer-sml-layout":"","theme-transparent-header-meta":"","adv-header-id-meta":"","stick-header-meta":"","header-above-stick-meta":"","header-main-stick-meta":"","header-below-stick-meta":"","astra-migrate-meta-layouts":"default","ast-page-background-enabled":"default","ast-page-background-meta":{"desktop":{"background-color":"var(--ast-global-color-4)","background-image":"","background-repeat":"repeat","background-position":"center center","background-size":"auto","background-attachment":"scroll","background-type":"","background-media":"","overlay-type":"","overlay-color":"","overlay-opacity":"","overlay-gradient":""},"tablet":{"background-color":"","background-image":"","background-repeat":"repeat","background-position":"center center","background-size":"auto","background-attachment":"scroll","background-type":"","background-media":"","overlay-type":"","overlay-color":"","overlay-opacity":"","overlay-gradient":""},"mobile":{"background-color":"","background-image":"","background-repeat":"repeat","background-position":"center center","background-size":"auto","background-attachment":"scroll","background-type":"","background-media":"","overlay-type":"","overlay-color":"","overlay-opacity":"","overlay-gradient":""}},"ast-content-background-meta":{"desktop":{"background-color":"var(--ast-global-color-5)","background-image":"","background-repeat":"repeat","background-position":"center center","background-size":"auto","background-attachment":"scroll","background-type":"","background-media":"","overlay-type":"","overlay-color":"","overlay-opacity":"","overlay-gradient":""},"tablet":{"background-color":"var(--ast-global-color-5)","background-image":"","background-repeat":"repeat","background-position":"center center","background-size":"auto","background-attachment":"scroll","background-type":"","background-media":"","overlay-type":"","overlay-color":"","overlay-opacity":"","overlay-gradient":""},"mobile":{"background-color":"var(--ast-global-color-5)","background-image":"","background-repeat":"repeat","background-position":"center center","background-size":"auto","background-attachment":"scroll","background-type":"","background-media":"","overlay-type":"","overlay-color":"","overlay-opacity":"","overlay-gradient":""}},"footnotes":""},"class_list":["post-318","page","type-page","status-publish","hentry"],"post_mailing_queue_ids":[],"_links":{"self":[{"href":"https:\/\/agora-eoi.xtec.cat\/eoisantcugat\/wp-json\/wp\/v2\/pages\/318","targetHints":{"allow":["GET"]}}],"collection":[{"href":"https:\/\/agora-eoi.xtec.cat\/eoisantcugat\/wp-json\/wp\/v2\/pages"}],"about":[{"href":"https:\/\/agora-eoi.xtec.cat\/eoisantcugat\/wp-json\/wp\/v2\/types\/page"}],"author":[{"embeddable":true,"href":"https:\/\/agora-eoi.xtec.cat\/eoisantcugat\/wp-json\/wp\/v2\/users\/1"}],"replies":[{"embeddable":true,"href":"https:\/\/agora-eoi.xtec.cat\/eoisantcugat\/wp-json\/wp\/v2\/comments?post=318"}],"version-history":[{"count":3,"href":"https:\/\/agora-eoi.xtec.cat\/eoisantcugat\/wp-json\/wp\/v2\/pages\/318\/revisions"}],"predecessor-version":[{"id":8914,"href":"https:\/\/agora-eoi.xtec.cat\/eoisantcugat\/wp-json\/wp\/v2\/pages\/318\/revisions\/8914"}],"wp:attachment":[{"href":"https:\/\/agora-eoi.xtec.cat\/eoisantcugat\/wp-json\/wp\/v2\/media?parent=318"}],"curies":[{"name":"wp","href":"https:\/\/api.w.org\/{rel}","templated":true}]}}