{"id":9951,"date":"2025-05-30T17:00:12","date_gmt":"2025-05-30T15:00:12","guid":{"rendered":"https:\/\/agora-eoi.xtec.cat\/eoisantacoloma\/?page_id=9951"},"modified":"2026-03-30T11:43:15","modified_gmt":"2026-03-30T09:43:15","slug":"alumnat-lliure-programa-de-certificacio","status":"publish","type":"page","link":"https:\/\/agora-eoi.xtec.cat\/eoisantacoloma\/matricula\/alumnat-lliure-programa-de-certificacio\/","title":{"rendered":"Alumnat lliure \/ Programa de certificaci\u00f3"},"content":{"rendered":"\n<h2 class=\"wp-block-heading has-ast-global-color-0-color has-text-color has-link-color has-medium-font-size wp-elements-7c5fe3eb89e205648f54dc74434e3b7c\">Informaci\u00f3 general<\/h2>\n\n\n\n<p>Programa de certificaci\u00f3 dels coneixements de lleng\u00fces estrangeres per a centres d\u2019Educaci\u00f3 Secund\u00e0ria Obligat\u00f2ria, batxillerat, cicles de formaci\u00f3 professional, cicles d\u2019arts pl\u00e0stiques i disseny, t\u00edtols propis d\u2019arts esc\u00e8niques o cicles d\u2019ensenyaments esportius de r\u00e8gim especial adscrits al programa. Podeu consultar tota la informaci\u00f3 en l&#8217;enlla\u00e7 seg\u00fcent: <a href=\"https:\/\/drive.google.com\/file\/d\/1n6IGgtvimlB9gpEcnd0Hfp7Fqfl8zXcV\/view?usp=sharingGUUagpLLMw6iH5WB\/view?usp=sharing\" data-type=\"link\" data-id=\"https:\/\/drive.google.com\/file\/d\/1x9LaxjjLwljWXcPTGUUagpLLMw6iH5WB\/view?usp=sharing\" target=\"_blank\" rel=\"noreferrer noopener\">RESO<\/a><a href=\"https:\/\/drive.google.com\/file\/d\/1x9LaxjjLwljWXcPTGUUagpLLMw6iH5WB\/view?usp=sharing\" data-type=\"link\" data-id=\"https:\/\/drive.google.com\/file\/d\/1x9LaxjjLwljWXcPTGUUagpLLMw6iH5WB\/view?usp=sharing\" target=\"_blank\" rel=\"noreferrer noopener\">LUCI\u00d3 EDF\/4287\/2025, de 19 de novembre<\/a><\/p>\n\n\n\n<h2 class=\"wp-block-heading has-ast-global-color-0-color has-text-color has-link-color has-medium-font-size wp-elements-a3e63a095cd547f23a7dea76de304fdb\">Calendari de certificaci\u00f3<\/h2>\n\n\n\n<ul class=\"wp-block-list\">\n<li><strong>Inscripci\u00f3<\/strong>: del 2 al 10 de febrer de 2026, ambd\u00f3s inclosos.<\/li>\n\n\n\n<li><strong>Pagament <\/strong>drets d\u2019examen: fins al 11 de febrer de 2026, abans de les 22.00h.<\/li>\n\n\n\n<li><a href=\"https:\/\/educacio.gencat.cat\/ca\/serveis-tramits\/proves\/proves-lliures-obtencio-titols\/convocat-ordinaria-idiomes\/consulta-resultats\/\" target=\"_blank\" rel=\"noreferrer noopener\">Consulta llista d&#8217;admesos i exclosos provisionals<\/a> (a partir del 17 de febrer 2026)<br>Codi d\u2019identificador (DNI, NIE, PASSAPORT) + Codi de sol\u00b7licitud<\/li>\n\n\n\n<li><strong>Prova escrita:<\/strong> divendres 10 d\u2019abril de 2026\n<ul class=\"wp-block-list\">\n<li>Convocat\u00f2ria:  15.30 hores a l\u2019EOI Santa Coloma<\/li>\n\n\n\n<li>Inici de la prova:  16.00 hores<\/li>\n<\/ul>\n<\/li>\n\n\n\n<li><strong>Prova oral:<\/strong> El dia d\u2019aquesta prova s\u2019indicar\u00e0 en la convocat\u00f2ria personal lliurada el dia de la prova escrita.<\/li>\n\n\n\n<li><strong>Qualificacions provisionals:<\/strong> 18 de maig de 2025<\/li>\n\n\n\n<li><strong>Reclamacions<\/strong>: es podran presentar fins al 21 de maig de 2026<\/li>\n\n\n\n<li><strong>Qualificacions definitives<\/strong>: 22 de maig de 2026<\/li>\n\n\n\n<li><a href=\"https:\/\/educacio.gencat.cat\/ca\/serveis-tramits\/proves\/proves-lliures-obtencio-titols\/convocat-ordinaria-idiomes\/consulta-resultats\/\" target=\"_blank\" rel=\"noreferrer noopener\">Consulta de resultats<\/a><br>Codi d\u2019identificador (DNI, NIE, PASSAPORT) + Codi de sol\u00b7licitud<\/li>\n<\/ul>\n","protected":false},"excerpt":{"rendered":"<p>Informaci\u00f3 general Programa de certificaci\u00f3 dels coneixements de lleng\u00fces estrangeres per a centres d\u2019Educaci\u00f3 Secund\u00e0ria Obligat\u00f2ria, batxillerat, cicles de formaci\u00f3 [&hellip;]<\/p>\n","protected":false},"author":1,"featured_media":0,"parent":9080,"menu_order":7,"comment_status":"closed","ping_status":"closed","template":"","meta":{"_bbp_topic_count":0,"_bbp_reply_count":0,"_bbp_total_topic_count":0,"_bbp_total_reply_count":0,"_bbp_voice_count":0,"_bbp_anonymous_reply_count":0,"_bbp_topic_count_hidden":0,"_bbp_reply_count_hidden":0,"_bbp_forum_subforum_count":0,"site-sidebar-layout":"default","site-content-layout":"","ast-site-content-layout":"default","site-content-style":"default","site-sidebar-style":"default","ast-global-header-display":"","ast-banner-title-visibility":"","ast-main-header-display":"","ast-hfb-above-header-display":"","ast-hfb-below-header-display":"","ast-hfb-mobile-header-display":"","site-post-title":"","ast-breadcrumbs-content":"","ast-featured-img":"","footer-sml-layout":"","theme-transparent-header-meta":"","adv-header-id-meta":"","stick-header-meta":"","header-above-stick-meta":"","header-main-stick-meta":"","header-below-stick-meta":"","astra-migrate-meta-layouts":"set","ast-page-background-enabled":"default","ast-page-background-meta":{"desktop":{"background-color":"var(--ast-global-color-4)","background-image":"","background-repeat":"repeat","background-position":"center center","background-size":"auto","background-attachment":"scroll","background-type":"","background-media":"","overlay-type":"","overlay-color":"","overlay-opacity":"","overlay-gradient":""},"tablet":{"background-color":"","background-image":"","background-repeat":"repeat","background-position":"center center","background-size":"auto","background-attachment":"scroll","background-type":"","background-media":"","overlay-type":"","overlay-color":"","overlay-opacity":"","overlay-gradient":""},"mobile":{"background-color":"","background-image":"","background-repeat":"repeat","background-position":"center center","background-size":"auto","background-attachment":"scroll","background-type":"","background-media":"","overlay-type":"","overlay-color":"","overlay-opacity":"","overlay-gradient":""}},"ast-content-background-meta":{"desktop":{"background-color":"var(--ast-global-color-5)","background-image":"","background-repeat":"repeat","background-position":"center center","background-size":"auto","background-attachment":"scroll","background-type":"","background-media":"","overlay-type":"","overlay-color":"","overlay-opacity":"","overlay-gradient":""},"tablet":{"background-color":"var(--ast-global-color-5)","background-image":"","background-repeat":"repeat","background-position":"center center","background-size":"auto","background-attachment":"scroll","background-type":"","background-media":"","overlay-type":"","overlay-color":"","overlay-opacity":"","overlay-gradient":""},"mobile":{"background-color":"var(--ast-global-color-5)","background-image":"","background-repeat":"repeat","background-position":"center center","background-size":"auto","background-attachment":"scroll","background-type":"","background-media":"","overlay-type":"","overlay-color":"","overlay-opacity":"","overlay-gradient":""}},"footnotes":""},"class_list":["post-9951","page","type-page","status-publish","hentry"],"post_mailing_queue_ids":[],"_links":{"self":[{"href":"https:\/\/agora-eoi.xtec.cat\/eoisantacoloma\/wp-json\/wp\/v2\/pages\/9951","targetHints":{"allow":["GET"]}}],"collection":[{"href":"https:\/\/agora-eoi.xtec.cat\/eoisantacoloma\/wp-json\/wp\/v2\/pages"}],"about":[{"href":"https:\/\/agora-eoi.xtec.cat\/eoisantacoloma\/wp-json\/wp\/v2\/types\/page"}],"author":[{"embeddable":true,"href":"https:\/\/agora-eoi.xtec.cat\/eoisantacoloma\/wp-json\/wp\/v2\/users\/1"}],"replies":[{"embeddable":true,"href":"https:\/\/agora-eoi.xtec.cat\/eoisantacoloma\/wp-json\/wp\/v2\/comments?post=9951"}],"version-history":[{"count":6,"href":"https:\/\/agora-eoi.xtec.cat\/eoisantacoloma\/wp-json\/wp\/v2\/pages\/9951\/revisions"}],"predecessor-version":[{"id":10443,"href":"https:\/\/agora-eoi.xtec.cat\/eoisantacoloma\/wp-json\/wp\/v2\/pages\/9951\/revisions\/10443"}],"up":[{"embeddable":true,"href":"https:\/\/agora-eoi.xtec.cat\/eoisantacoloma\/wp-json\/wp\/v2\/pages\/9080"}],"wp:attachment":[{"href":"https:\/\/agora-eoi.xtec.cat\/eoisantacoloma\/wp-json\/wp\/v2\/media?parent=9951"}],"curies":[{"name":"wp","href":"https:\/\/api.w.org\/{rel}","templated":true}]}}