{"id":9645,"date":"2024-11-15T19:59:48","date_gmt":"2024-11-15T18:59:48","guid":{"rendered":"https:\/\/agora-eoi.xtec.cat\/eoisantacoloma\/?page_id=9645"},"modified":"2025-09-18T13:55:35","modified_gmt":"2025-09-18T11:55:35","slug":"frances","status":"publish","type":"page","link":"https:\/\/agora-eoi.xtec.cat\/eoisantacoloma\/idiomes-2\/frances\/","title":{"rendered":"Franc\u00e8s"},"content":{"rendered":"\n<h2 class=\"wp-block-heading has-ast-global-color-0-color has-text-color has-link-color has-medium-font-size wp-elements-204e7f3ae79613274d4e5fdf0a867d02\">HORARIS FRANC\u00c8S 2025-26<\/h2>\n\n\n\n<p><a href=\"https:\/\/drive.google.com\/file\/d\/1VQCAHJChSttbb_7aXJs0XRkHOuQ3nJY0\/view?usp=sharing\" data-type=\"link\" data-id=\"https:\/\/drive.google.com\/file\/d\/1VQCAHJChSttbb_7aXJs0XRkHOuQ3nJY0\/view?usp=sharing\" target=\"_blank\" rel=\"noreferrer noopener\">Horaris Franc\u00e8s 2025-26<\/a><\/p>\n\n\n\n<h2 class=\"wp-block-heading has-ast-global-color-0-color has-text-color has-link-color has-medium-font-size wp-elements-29352b0ed97f108cb2687ed50d707ca5\">LLIBRES DE TEXT I LECTURES FRANC\u00c8S 2025-26<\/h2>\n\n\n\n<p><a href=\"https:\/\/drive.google.com\/file\/d\/1Vn-bWlq7IOOD7nShDn2k6gtAPiWSF_Ah\/view?usp=sharing\" data-type=\"link\" data-id=\"https:\/\/drive.google.com\/file\/d\/1VQCAHJChSttbb_7aXJs0XRkHOuQ3nJY0\/view?usp=sharing\" target=\"_blank\" rel=\"noreferrer noopener\">Llibres de text i lectures 2025-26<\/a><\/p>\n\n\n\n<h2 class=\"wp-block-heading has-ast-global-color-0-color has-text-color has-link-color has-medium-font-size wp-elements-a96e6324788603f5fd2e1c36a5644026\">PROFESSORAT DEPARTAMENT DE FRANC\u00c8S<\/h2>\n\n\n\n<ul class=\"wp-block-list\">\n<li style=\"margin-right:var(--wp--preset--spacing--20);margin-left:var(--wp--preset--spacing--20)\"><strong>Maria Silvan<\/strong>&nbsp;<strong>(cap d&#8217;estudis i cap de departament)<\/strong>: A2 i&nbsp;&nbsp;B2.1<\/li>\n<\/ul>\n\n\n\n<p style=\"padding-right:var(--wp--preset--spacing--60);padding-left:var(--wp--preset--spacing--60)\">Adre\u00e7a electr\u00f2nica:&nbsp;<a href=\"mailto:msilvan2@xtec.cat\">msilvan2@xtec.cat<\/a><\/p>\n\n\n\n<ul class=\"wp-block-list\">\n<li style=\"margin-right:var(--wp--preset--spacing--20);margin-left:var(--wp--preset--spacing--20);padding-right:0;padding-left:0\"><strong>Zofia Stasiakiewicz\u00a0<\/strong>: A1 i B1<\/li>\n<\/ul>\n\n\n\n<p style=\"padding-right:var(--wp--preset--spacing--60);padding-left:var(--wp--preset--spacing--60)\">Adre\u00e7a electr\u00f2nica:\u00a0<mark style=\"background-color:rgba(0, 0, 0, 0)\" class=\"has-inline-color has-ast-global-color-0-color\">zstasiak@xtec.cat<\/mark><\/p>\n\n\n\n<ul class=\"wp-block-list\">\n<li style=\"margin-right:var(--wp--preset--spacing--20);margin-left:var(--wp--preset--spacing--20)\"><strong>Maria Garcia\u00a0<\/strong>: B2.2 i C1<\/li>\n<\/ul>\n\n\n\n<p style=\"margin-right:0;margin-left:0;padding-right:var(--wp--preset--spacing--60);padding-left:var(--wp--preset--spacing--60)\">Adre\u00e7a electr\u00f2nica: <mark style=\"background-color:rgba(0, 0, 0, 0)\" class=\"has-inline-color has-ast-global-color-0-color\">mgarc409@xtec.cat<\/mark><\/p>\n\n\n\n<h2 class=\"wp-block-heading has-ast-global-color-0-color has-text-color has-link-color has-medium-font-size wp-elements-7b1653789d1504f080e75b5b5ed4c337\">ESTUDIAR FRANC\u00c8S A L&#8217;EOI<\/h2>\n\n\n\n<p><a href=\"https:\/\/triaeducativa.gencat.cat\/ca\/estudis\/?frances&amp;p_id=533\" data-type=\"link\" data-id=\"https:\/\/triaeducativa.gencat.cat\/ca\/estudis\/?frances&amp;p_id=533\" target=\"_blank\" rel=\"noreferrer noopener\">Informaci\u00f3 general sobre els estudis de franc\u00e8s<\/a><\/p>\n","protected":false},"excerpt":{"rendered":"<p>HORARIS FRANC\u00c8S 2025-26 Horaris Franc\u00e8s 2025-26 LLIBRES DE TEXT I LECTURES FRANC\u00c8S 2025-26 Llibres de text i lectures 2025-26 PROFESSORAT [&hellip;]<\/p>\n","protected":false},"author":1,"featured_media":0,"parent":9636,"menu_order":3,"comment_status":"closed","ping_status":"closed","template":"","meta":{"_bbp_topic_count":0,"_bbp_reply_count":0,"_bbp_total_topic_count":0,"_bbp_total_reply_count":0,"_bbp_voice_count":0,"_bbp_anonymous_reply_count":0,"_bbp_topic_count_hidden":0,"_bbp_reply_count_hidden":0,"_bbp_forum_subforum_count":0,"site-sidebar-layout":"default","site-content-layout":"","ast-site-content-layout":"default","site-content-style":"default","site-sidebar-style":"default","ast-global-header-display":"","ast-banner-title-visibility":"","ast-main-header-display":"","ast-hfb-above-header-display":"","ast-hfb-below-header-display":"","ast-hfb-mobile-header-display":"","site-post-title":"","ast-breadcrumbs-content":"","ast-featured-img":"","footer-sml-layout":"","theme-transparent-header-meta":"","adv-header-id-meta":"","stick-header-meta":"","header-above-stick-meta":"","header-main-stick-meta":"","header-below-stick-meta":"","astra-migrate-meta-layouts":"set","ast-page-background-enabled":"default","ast-page-background-meta":{"desktop":{"background-color":"var(--ast-global-color-4)","background-image":"","background-repeat":"repeat","background-position":"center center","background-size":"auto","background-attachment":"scroll","background-type":"","background-media":"","overlay-type":"","overlay-color":"","overlay-opacity":"","overlay-gradient":""},"tablet":{"background-color":"","background-image":"","background-repeat":"repeat","background-position":"center center","background-size":"auto","background-attachment":"scroll","background-type":"","background-media":"","overlay-type":"","overlay-color":"","overlay-opacity":"","overlay-gradient":""},"mobile":{"background-color":"","background-image":"","background-repeat":"repeat","background-position":"center center","background-size":"auto","background-attachment":"scroll","background-type":"","background-media":"","overlay-type":"","overlay-color":"","overlay-opacity":"","overlay-gradient":""}},"ast-content-background-meta":{"desktop":{"background-color":"var(--ast-global-color-5)","background-image":"","background-repeat":"repeat","background-position":"center center","background-size":"auto","background-attachment":"scroll","background-type":"","background-media":"","overlay-type":"","overlay-color":"","overlay-opacity":"","overlay-gradient":""},"tablet":{"background-color":"var(--ast-global-color-5)","background-image":"","background-repeat":"repeat","background-position":"center center","background-size":"auto","background-attachment":"scroll","background-type":"","background-media":"","overlay-type":"","overlay-color":"","overlay-opacity":"","overlay-gradient":""},"mobile":{"background-color":"var(--ast-global-color-5)","background-image":"","background-repeat":"repeat","background-position":"center center","background-size":"auto","background-attachment":"scroll","background-type":"","background-media":"","overlay-type":"","overlay-color":"","overlay-opacity":"","overlay-gradient":""}},"footnotes":""},"class_list":["post-9645","page","type-page","status-publish","hentry"],"post_mailing_queue_ids":[],"_links":{"self":[{"href":"https:\/\/agora-eoi.xtec.cat\/eoisantacoloma\/wp-json\/wp\/v2\/pages\/9645","targetHints":{"allow":["GET"]}}],"collection":[{"href":"https:\/\/agora-eoi.xtec.cat\/eoisantacoloma\/wp-json\/wp\/v2\/pages"}],"about":[{"href":"https:\/\/agora-eoi.xtec.cat\/eoisantacoloma\/wp-json\/wp\/v2\/types\/page"}],"author":[{"embeddable":true,"href":"https:\/\/agora-eoi.xtec.cat\/eoisantacoloma\/wp-json\/wp\/v2\/users\/1"}],"replies":[{"embeddable":true,"href":"https:\/\/agora-eoi.xtec.cat\/eoisantacoloma\/wp-json\/wp\/v2\/comments?post=9645"}],"version-history":[{"count":6,"href":"https:\/\/agora-eoi.xtec.cat\/eoisantacoloma\/wp-json\/wp\/v2\/pages\/9645\/revisions"}],"predecessor-version":[{"id":10376,"href":"https:\/\/agora-eoi.xtec.cat\/eoisantacoloma\/wp-json\/wp\/v2\/pages\/9645\/revisions\/10376"}],"up":[{"embeddable":true,"href":"https:\/\/agora-eoi.xtec.cat\/eoisantacoloma\/wp-json\/wp\/v2\/pages\/9636"}],"wp:attachment":[{"href":"https:\/\/agora-eoi.xtec.cat\/eoisantacoloma\/wp-json\/wp\/v2\/media?parent=9645"}],"curies":[{"name":"wp","href":"https:\/\/api.w.org\/{rel}","templated":true}]}}