{"id":9642,"date":"2024-11-15T19:57:53","date_gmt":"2024-11-15T18:57:53","guid":{"rendered":"https:\/\/agora-eoi.xtec.cat\/eoisantacoloma\/?page_id=9642"},"modified":"2026-01-23T13:44:35","modified_gmt":"2026-01-23T12:44:35","slug":"angles","status":"publish","type":"page","link":"https:\/\/agora-eoi.xtec.cat\/eoisantacoloma\/idiomes-2\/angles\/","title":{"rendered":"Angl\u00e8s"},"content":{"rendered":"\n<h2 class=\"wp-block-heading has-ast-global-color-0-color has-text-color has-link-color has-medium-font-size wp-elements-fa2dfc3bab92a7c4b0278838de684670\">HORARIS ANGL\u00c8S 2025-26<\/h2>\n\n\n\n<p><a href=\"https:\/\/drive.google.com\/file\/d\/1h-IBgTUGKUXP7N9YTC5138S2E8UDCqw7\/view?usp=sharing\" data-type=\"link\" data-id=\"https:\/\/drive.google.com\/file\/d\/1h-IBgTUGKUXP7N9YTC5138S2E8UDCqw7\/view?usp=sharing\" target=\"_blank\" rel=\"noreferrer noopener\">Horaris Angl\u00e8s 2025-26<\/a><\/p>\n\n\n\n<h2 class=\"wp-block-heading has-ast-global-color-0-color has-text-color has-link-color has-medium-font-size wp-elements-8c48a8bcfedfd67d407eb726b9360578\">LLIBRES DE TEXT I LECTURES ANGL\u00c8S 2025-26<\/h2>\n\n\n\n<p><a href=\"https:\/\/drive.google.com\/file\/d\/1ERPipdyePiuYlm6kwy5tFnc6iUtJU9cE\/view?usp=sharing\" data-type=\"link\" data-id=\"https:\/\/drive.google.com\/file\/d\/1ERPipdyePiuYlm6kwy5tFnc6iUtJU9cE\/view?usp=sharing\" target=\"_blank\" rel=\"noreferrer noopener\">Llibres de text i lectures Angl\u00e8s 2025-26<\/a> (actualitzat setembre 2025)<\/p>\n\n\n\n<h2 class=\"wp-block-heading has-ast-global-color-0-color has-text-color has-link-color has-medium-font-size wp-elements-7f50322b7756bcb9096e165f31628ec2\">PROFESSORAT DEPARTAMENT D&#8217;ANGL\u00c8S<\/h2>\n\n\n\n<ul style=\"margin-right:var(--wp--preset--spacing--20);margin-left:var(--wp--preset--spacing--20)\" class=\"wp-block-list\">\n<li style=\"margin-top:0;margin-right:0;margin-bottom:0;margin-left:0;padding-right:0;padding-left:0\"><strong>Ricardo Comendador:<\/strong>&nbsp;<strong>(cap de departament):&nbsp;<\/strong>B2.1 i B2.2<\/li>\n<\/ul>\n\n\n\n<p class=\"has-black-color has-text-color has-link-color wp-elements-edb3797b98ad5f954f3cf9b8be7e6260\" style=\"padding-right:var(--wp--preset--spacing--60);padding-left:var(--wp--preset--spacing--60)\">Adre\u00e7a electr\u00f2nica:&nbsp;<mark style=\"background-color:rgba(0, 0, 0, 0)\" class=\"has-inline-color has-ast-global-color-0-color\">rcomenda@xtec.cat<\/mark><\/p>\n\n\n\n<ul class=\"wp-block-list\">\n<li style=\"margin-right:var(--wp--preset--spacing--20);margin-left:var(--wp--preset--spacing--20);padding-right:0;padding-left:0\"><strong>Dani Ming :&nbsp;(cap adjunt de departament)&nbsp;<\/strong>C1 i C2.2<\/li>\n<\/ul>\n\n\n\n<p style=\"padding-top:0;padding-right:var(--wp--preset--spacing--60);padding-bottom:0;padding-left:var(--wp--preset--spacing--60)\">Adre\u00e7a electr\u00f2nica:&nbsp;&nbsp;<mark style=\"background-color:rgba(0, 0, 0, 0)\" class=\"has-inline-color has-ast-global-color-0-color\">dming@xtec.cat<\/mark><\/p>\n\n\n\n<ul class=\"wp-block-list\">\n<li style=\"margin-right:var(--wp--preset--spacing--20);margin-left:var(--wp--preset--spacing--20)\"><strong>Domingo Rubio<\/strong>: A2 -Secretari<\/li>\n<\/ul>\n\n\n\n<p style=\"margin-top:0;margin-right:0;margin-bottom:0;margin-left:0;padding-right:var(--wp--preset--spacing--60);padding-left:var(--wp--preset--spacing--60)\">Adre\u00e7a electr\u00f2nica: &nbsp;<mark style=\"background-color:rgba(0, 0, 0, 0)\" class=\"has-inline-color has-ast-global-color-0-color\">drubio5@xtec.cat<\/mark><\/p>\n\n\n\n<ul class=\"wp-block-list\">\n<li style=\"margin-right:var(--wp--preset--spacing--20);margin-left:var(--wp--preset--spacing--20)\"><strong>Raquel Artigas<\/strong>&nbsp;: B1 i B2.1<\/li>\n<\/ul>\n\n\n\n<p style=\"padding-right:var(--wp--preset--spacing--60);padding-left:var(--wp--preset--spacing--60)\">Adre\u00e7a electr\u00f2nica: <mark style=\"background-color:rgba(0, 0, 0, 0)\" class=\"has-inline-color has-ast-global-color-0-color\">rartiga1@xtec.cat<\/mark><\/p>\n\n\n\n<ul class=\"wp-block-list\">\n<li style=\"margin-top:0;margin-right:var(--wp--preset--spacing--20);margin-bottom:0;margin-left:var(--wp--preset--spacing--20);padding-right:0;padding-left:0\"><strong>Carol Mussons<\/strong>:&nbsp;B1 &#8211; Directora<\/li>\n<\/ul>\n\n\n\n<p style=\"margin-top:0;margin-right:0;margin-bottom:0;margin-left:0;padding-right:var(--wp--preset--spacing--60);padding-left:var(--wp--preset--spacing--60)\">Adre\u00e7a electr\u00f2nica:&nbsp;<mark style=\"background-color:rgba(0, 0, 0, 0)\" class=\"has-inline-color has-ast-global-color-0-color\">cmussons@xtec.cat<\/mark><\/p>\n\n\n\n<ul class=\"wp-block-list\">\n<li style=\"margin-right:var(--wp--preset--spacing--20);margin-left:var(--wp--preset--spacing--20)\"><strong>Vict\u00f2ria P\u00e9rez:<\/strong>&nbsp;A1 i B2.1 &#8211; Coordinadora Pedag\u00f2gica<\/li>\n<\/ul>\n\n\n\n<p style=\"margin-right:0;margin-left:0;padding-right:var(--wp--preset--spacing--60);padding-left:var(--wp--preset--spacing--60)\">Adre\u00e7a electr\u00f2nica:&nbsp;<mark style=\"background-color:rgba(0, 0, 0, 0)\" class=\"has-inline-color has-ast-global-color-0-color\">vperez37@xtec.cat<\/mark><\/p>\n\n\n\n<ul class=\"wp-block-list\">\n<li style=\"margin-right:var(--wp--preset--spacing--20);margin-left:var(--wp--preset--spacing--20)\"><strong>Vanessa G\u00f3ngora<\/strong>: A1 i C2.1&nbsp; &nbsp; &nbsp;&nbsp;<\/li>\n<\/ul>\n\n\n\n<p style=\"margin-right:0;margin-left:0;padding-right:var(--wp--preset--spacing--60);padding-left:var(--wp--preset--spacing--60)\">&nbsp;Adre\u00e7a electr\u00f2nica: <mark style=\"background-color:rgba(0, 0, 0, 0)\" class=\"has-inline-color has-ast-global-color-0-color\">mgongor4@xtec.cat<\/mark><\/p>\n\n\n\n<ul class=\"wp-block-list\">\n<li style=\"margin-right:var(--wp--preset--spacing--20);margin-left:var(--wp--preset--spacing--20)\"><strong>Irene Fern\u00e1ndez<\/strong>: A2 i B2.2&nbsp; &nbsp; &nbsp;<\/li>\n<\/ul>\n\n\n\n<p style=\"padding-right:var(--wp--preset--spacing--60);padding-left:var(--wp--preset--spacing--60)\">&nbsp;Adre\u00e7a electr\u00f2nica:&nbsp;<mark style=\"background-color:rgba(0, 0, 0, 0)\" class=\"has-inline-color has-ast-global-color-0-color\">iferna51@xtec.cat<\/mark><\/p>\n\n\n\n<h2 class=\"wp-block-heading has-ast-global-color-0-color has-text-color has-link-color has-medium-font-size wp-elements-259e2b848352669c093ee3fe2e73d9e5\">ESTUDIAR ANGL\u00c8S A L\u2019EOI<\/h2>\n\n\n\n<p><a href=\"https:\/\/triaeducativa.gencat.cat\/ca\/estudis\/?angles&amp;p_id=538\" data-type=\"link\" data-id=\"https:\/\/triaeducativa.gencat.cat\/ca\/estudis\/?angles&amp;p_id=538\" target=\"_blank\" rel=\"noreferrer noopener\">Informaci\u00f3 general sobre els estudis d&#8217;angl\u00e8s<\/a><\/p>\n","protected":false},"excerpt":{"rendered":"<p>HORARIS ANGL\u00c8S 2025-26 Horaris Angl\u00e8s 2025-26 LLIBRES DE TEXT I LECTURES ANGL\u00c8S 2025-26 Llibres de text i lectures Angl\u00e8s 2025-26 [&hellip;]<\/p>\n","protected":false},"author":1,"featured_media":0,"parent":9636,"menu_order":2,"comment_status":"closed","ping_status":"closed","template":"","meta":{"_bbp_topic_count":0,"_bbp_reply_count":0,"_bbp_total_topic_count":0,"_bbp_total_reply_count":0,"_bbp_voice_count":0,"_bbp_anonymous_reply_count":0,"_bbp_topic_count_hidden":0,"_bbp_reply_count_hidden":0,"_bbp_forum_subforum_count":0,"site-sidebar-layout":"default","site-content-layout":"","ast-site-content-layout":"default","site-content-style":"default","site-sidebar-style":"default","ast-global-header-display":"","ast-banner-title-visibility":"","ast-main-header-display":"","ast-hfb-above-header-display":"","ast-hfb-below-header-display":"","ast-hfb-mobile-header-display":"","site-post-title":"","ast-breadcrumbs-content":"","ast-featured-img":"","footer-sml-layout":"","theme-transparent-header-meta":"","adv-header-id-meta":"","stick-header-meta":"","header-above-stick-meta":"","header-main-stick-meta":"","header-below-stick-meta":"","astra-migrate-meta-layouts":"set","ast-page-background-enabled":"default","ast-page-background-meta":{"desktop":{"background-color":"var(--ast-global-color-4)","background-image":"","background-repeat":"repeat","background-position":"center center","background-size":"auto","background-attachment":"scroll","background-type":"","background-media":"","overlay-type":"","overlay-color":"","overlay-opacity":"","overlay-gradient":""},"tablet":{"background-color":"","background-image":"","background-repeat":"repeat","background-position":"center center","background-size":"auto","background-attachment":"scroll","background-type":"","background-media":"","overlay-type":"","overlay-color":"","overlay-opacity":"","overlay-gradient":""},"mobile":{"background-color":"","background-image":"","background-repeat":"repeat","background-position":"center center","background-size":"auto","background-attachment":"scroll","background-type":"","background-media":"","overlay-type":"","overlay-color":"","overlay-opacity":"","overlay-gradient":""}},"ast-content-background-meta":{"desktop":{"background-color":"var(--ast-global-color-5)","background-image":"","background-repeat":"repeat","background-position":"center center","background-size":"auto","background-attachment":"scroll","background-type":"","background-media":"","overlay-type":"","overlay-color":"","overlay-opacity":"","overlay-gradient":""},"tablet":{"background-color":"var(--ast-global-color-5)","background-image":"","background-repeat":"repeat","background-position":"center center","background-size":"auto","background-attachment":"scroll","background-type":"","background-media":"","overlay-type":"","overlay-color":"","overlay-opacity":"","overlay-gradient":""},"mobile":{"background-color":"var(--ast-global-color-5)","background-image":"","background-repeat":"repeat","background-position":"center center","background-size":"auto","background-attachment":"scroll","background-type":"","background-media":"","overlay-type":"","overlay-color":"","overlay-opacity":"","overlay-gradient":""}},"footnotes":""},"class_list":["post-9642","page","type-page","status-publish","hentry"],"post_mailing_queue_ids":[],"_links":{"self":[{"href":"https:\/\/agora-eoi.xtec.cat\/eoisantacoloma\/wp-json\/wp\/v2\/pages\/9642","targetHints":{"allow":["GET"]}}],"collection":[{"href":"https:\/\/agora-eoi.xtec.cat\/eoisantacoloma\/wp-json\/wp\/v2\/pages"}],"about":[{"href":"https:\/\/agora-eoi.xtec.cat\/eoisantacoloma\/wp-json\/wp\/v2\/types\/page"}],"author":[{"embeddable":true,"href":"https:\/\/agora-eoi.xtec.cat\/eoisantacoloma\/wp-json\/wp\/v2\/users\/1"}],"replies":[{"embeddable":true,"href":"https:\/\/agora-eoi.xtec.cat\/eoisantacoloma\/wp-json\/wp\/v2\/comments?post=9642"}],"version-history":[{"count":6,"href":"https:\/\/agora-eoi.xtec.cat\/eoisantacoloma\/wp-json\/wp\/v2\/pages\/9642\/revisions"}],"predecessor-version":[{"id":10414,"href":"https:\/\/agora-eoi.xtec.cat\/eoisantacoloma\/wp-json\/wp\/v2\/pages\/9642\/revisions\/10414"}],"up":[{"embeddable":true,"href":"https:\/\/agora-eoi.xtec.cat\/eoisantacoloma\/wp-json\/wp\/v2\/pages\/9636"}],"wp:attachment":[{"href":"https:\/\/agora-eoi.xtec.cat\/eoisantacoloma\/wp-json\/wp\/v2\/media?parent=9642"}],"curies":[{"name":"wp","href":"https:\/\/api.w.org\/{rel}","templated":true}]}}