{"id":9639,"date":"2024-11-15T19:54:56","date_gmt":"2024-11-15T18:54:56","guid":{"rendered":"https:\/\/agora-eoi.xtec.cat\/eoisantacoloma\/?page_id=9639"},"modified":"2025-06-13T13:20:35","modified_gmt":"2025-06-13T11:20:35","slug":"alemany","status":"publish","type":"page","link":"https:\/\/agora-eoi.xtec.cat\/eoisantacoloma\/idiomes\/alemany\/","title":{"rendered":"ALEMANY"},"content":{"rendered":"\n<h2 class=\"wp-block-heading has-ast-global-color-0-color has-text-color has-link-color has-medium-font-size wp-elements-68b4f1f7a736fc837401c618125ad442\">HORARIS ALEMANY 2025-26<\/h2>\n\n\n\n<p>Horaris Alemany 2025-26<\/p>\n\n\n\n<h2 class=\"wp-block-heading has-ast-global-color-0-color has-text-color has-link-color has-medium-font-size wp-elements-fb3b976103114b45aaac7f3bf0a6faa2\">PROFESSORAT DEPARTAMENT D&#8217;ALEMANY<\/h2>\n\n\n\n<ul style=\"margin-right:0;margin-left:0;padding-right:var(--wp--preset--spacing--20);padding-left:var(--wp--preset--spacing--20)\" class=\"wp-block-list\">\n<li style=\"margin-right:var(--wp--preset--spacing--50);margin-left:var(--wp--preset--spacing--50);padding-right:0;padding-left:0\"><strong>Maril\u00f3 Fern\u00e1ndez&nbsp;(cap de departament)&nbsp;:<\/strong>&nbsp;A1 i B2.1&nbsp;<\/li>\n<\/ul>\n\n\n\n<p style=\"margin-right:var(--wp--preset--spacing--50);margin-left:var(--wp--preset--spacing--50);padding-right:var(--wp--preset--spacing--30);padding-left:var(--wp--preset--spacing--30)\">    Adre\u00e7a electr\u00f2nica:&nbsp;<a href=\"mailto:dfernand@xtec.cat\">dfernand@xtec.cat<\/a><\/p>\n\n\n\n<ul style=\"margin-right:0;margin-left:0;padding-right:var(--wp--preset--spacing--20);padding-left:var(--wp--preset--spacing--20)\" class=\"wp-block-list\">\n<li style=\"margin-right:var(--wp--preset--spacing--50);margin-left:var(--wp--preset--spacing--50)\"><strong>Emi Campos :&nbsp;<\/strong>A2, B1 i B2.2<\/li>\n<\/ul>\n\n\n\n<p style=\"margin-right:var(--wp--preset--spacing--50);margin-left:var(--wp--preset--spacing--50);padding-right:var(--wp--preset--spacing--30);padding-left:var(--wp--preset--spacing--30)\">    Adre\u00e7a electr\u00f2nica:&nbsp;<a href=\"mailto:ecampo10@xtec.cat\">ecampo10@xtec.cat<\/a><\/p>\n\n\n\n<h2 class=\"wp-block-heading has-ast-global-color-0-color has-text-color has-link-color has-medium-font-size wp-elements-21ef83397fade84ac13d0ab7c976904e\">ESTUDIAR ALEMANY A L\u2019EOI<\/h2>\n\n\n\n<p><a href=\"https:\/\/triaeducativa.gencat.cat\/ca\/estudis\/?alemany&amp;p_id=537\" data-type=\"link\" data-id=\"https:\/\/triaeducativa.gencat.cat\/ca\/estudis\/?alemany&amp;p_id=537\" target=\"_blank\" rel=\"noreferrer noopener\">Informaci\u00f3 general sobre els estudis d&#8217;alemany<\/a><\/p>\n","protected":false},"excerpt":{"rendered":"<p>HORARIS ALEMANY 2025-26 Horaris Alemany 2025-26 PROFESSORAT DEPARTAMENT D&#8217;ALEMANY Adre\u00e7a electr\u00f2nica:&nbsp;dfernand@xtec.cat Adre\u00e7a electr\u00f2nica:&nbsp;ecampo10@xtec.cat ESTUDIAR ALEMANY A L\u2019EOI Informaci\u00f3 general sobre [&hellip;]<\/p>\n","protected":false},"author":1,"featured_media":0,"parent":9096,"menu_order":0,"comment_status":"closed","ping_status":"closed","template":"","meta":{"_bbp_topic_count":0,"_bbp_reply_count":0,"_bbp_total_topic_count":0,"_bbp_total_reply_count":0,"_bbp_voice_count":0,"_bbp_anonymous_reply_count":0,"_bbp_topic_count_hidden":0,"_bbp_reply_count_hidden":0,"_bbp_forum_subforum_count":0,"site-sidebar-layout":"default","site-content-layout":"","ast-site-content-layout":"default","site-content-style":"default","site-sidebar-style":"default","ast-global-header-display":"","ast-banner-title-visibility":"","ast-main-header-display":"","ast-hfb-above-header-display":"","ast-hfb-below-header-display":"","ast-hfb-mobile-header-display":"","site-post-title":"","ast-breadcrumbs-content":"","ast-featured-img":"","footer-sml-layout":"","theme-transparent-header-meta":"","adv-header-id-meta":"","stick-header-meta":"","header-above-stick-meta":"","header-main-stick-meta":"","header-below-stick-meta":"","astra-migrate-meta-layouts":"set","ast-page-background-enabled":"default","ast-page-background-meta":{"desktop":{"background-color":"var(--ast-global-color-4)","background-image":"","background-repeat":"repeat","background-position":"center center","background-size":"auto","background-attachment":"scroll","background-type":"","background-media":"","overlay-type":"","overlay-color":"","overlay-opacity":"","overlay-gradient":""},"tablet":{"background-color":"","background-image":"","background-repeat":"repeat","background-position":"center center","background-size":"auto","background-attachment":"scroll","background-type":"","background-media":"","overlay-type":"","overlay-color":"","overlay-opacity":"","overlay-gradient":""},"mobile":{"background-color":"","background-image":"","background-repeat":"repeat","background-position":"center center","background-size":"auto","background-attachment":"scroll","background-type":"","background-media":"","overlay-type":"","overlay-color":"","overlay-opacity":"","overlay-gradient":""}},"ast-content-background-meta":{"desktop":{"background-color":"var(--ast-global-color-5)","background-image":"","background-repeat":"repeat","background-position":"center center","background-size":"auto","background-attachment":"scroll","background-type":"","background-media":"","overlay-type":"","overlay-color":"","overlay-opacity":"","overlay-gradient":""},"tablet":{"background-color":"var(--ast-global-color-5)","background-image":"","background-repeat":"repeat","background-position":"center center","background-size":"auto","background-attachment":"scroll","background-type":"","background-media":"","overlay-type":"","overlay-color":"","overlay-opacity":"","overlay-gradient":""},"mobile":{"background-color":"var(--ast-global-color-5)","background-image":"","background-repeat":"repeat","background-position":"center center","background-size":"auto","background-attachment":"scroll","background-type":"","background-media":"","overlay-type":"","overlay-color":"","overlay-opacity":"","overlay-gradient":""}},"footnotes":""},"class_list":["post-9639","page","type-page","status-publish","hentry"],"post_mailing_queue_ids":[],"_links":{"self":[{"href":"https:\/\/agora-eoi.xtec.cat\/eoisantacoloma\/wp-json\/wp\/v2\/pages\/9639","targetHints":{"allow":["GET"]}}],"collection":[{"href":"https:\/\/agora-eoi.xtec.cat\/eoisantacoloma\/wp-json\/wp\/v2\/pages"}],"about":[{"href":"https:\/\/agora-eoi.xtec.cat\/eoisantacoloma\/wp-json\/wp\/v2\/types\/page"}],"author":[{"embeddable":true,"href":"https:\/\/agora-eoi.xtec.cat\/eoisantacoloma\/wp-json\/wp\/v2\/users\/1"}],"replies":[{"embeddable":true,"href":"https:\/\/agora-eoi.xtec.cat\/eoisantacoloma\/wp-json\/wp\/v2\/comments?post=9639"}],"version-history":[{"count":6,"href":"https:\/\/agora-eoi.xtec.cat\/eoisantacoloma\/wp-json\/wp\/v2\/pages\/9639\/revisions"}],"predecessor-version":[{"id":10078,"href":"https:\/\/agora-eoi.xtec.cat\/eoisantacoloma\/wp-json\/wp\/v2\/pages\/9639\/revisions\/10078"}],"up":[{"embeddable":true,"href":"https:\/\/agora-eoi.xtec.cat\/eoisantacoloma\/wp-json\/wp\/v2\/pages\/9096"}],"wp:attachment":[{"href":"https:\/\/agora-eoi.xtec.cat\/eoisantacoloma\/wp-json\/wp\/v2\/media?parent=9639"}],"curies":[{"name":"wp","href":"https:\/\/api.w.org\/{rel}","templated":true}]}}