{"id":9559,"date":"2024-03-11T20:20:50","date_gmt":"2024-03-11T19:20:50","guid":{"rendered":"https:\/\/agora-eoi.xtec.cat\/eoisantacoloma\/?page_id=9559"},"modified":"2026-02-13T11:56:56","modified_gmt":"2026-02-13T10:56:56","slug":"beques","status":"publish","type":"page","link":"https:\/\/agora-eoi.xtec.cat\/eoisantacoloma\/departament-dalumnat\/beques\/","title":{"rendered":"Beques"},"content":{"rendered":"\n<h2 class=\"wp-block-heading has-ast-global-color-0-color has-text-color has-link-color wp-elements-ec67da8c7866443d4c6737b17444187e\" style=\"margin-top:var(--wp--preset--spacing--20);margin-bottom:var(--wp--preset--spacing--20);font-size:22px\">Beques Ministeri d\u2019Educaci\u00f3, Formaci\u00f3 Professional i Esport<\/h2>\n\n\n\n<p>El Ministeri d&#8217;Educaci\u00f3 i Formaci\u00f3 Professional i Esport obre cada any escolar una convocat\u00f2ria per sol\u00b7licitar beques per a estudiants que cursen ensenyaments postobligatoris.  Mes informaci\u00f3 <a href=\"https:\/\/educacio.gencat.cat\/ca\/tramits\/tramits-temes\/247-beques-ministerio-postobligatoris?category=7449fd1c-a82c-11e3-a972-000c29052e2c\" data-type=\"link\" data-id=\"https:\/\/educacio.gencat.cat\/ca\/tramits\/tramits-temes\/247-beques-ministerio-postobligatoris?category=7449fd1c-a82c-11e3-a972-000c29052e2c\" target=\"_blank\" rel=\"noreferrer noopener\">AQU\u00cd<\/a><\/p>\n\n\n\n<h2 class=\"wp-block-heading has-ast-global-color-0-color has-text-color has-link-color wp-elements-3ca5275e5c4083453892a63ee4707100\" style=\"margin-top:var(--wp--preset--spacing--20);margin-bottom:var(--wp--preset--spacing--20);font-size:22px\">Beques d&#8217;estiu (EOI Santa Coloma)<\/h2>\n\n\n\n<p style=\"margin-top:var(--wp--preset--spacing--20);margin-bottom:var(--wp--preset--spacing--20)\"><strong>L&#8217;EOI Santa Coloma<\/strong> ofereix aquesta beca per tal que l&#8217;alumnat de cada departament tingui acc\u00e9s a anar a l&#8217;estranger a millorar el nivell de llengua que est\u00e0 estudiant a l&#8217;EOI. Es pot presentar l&#8217;alumnat dels <strong>nivells B2.1 o B2.2 d&#8217;angl\u00e8s, nivells <strong>B2.1, B2.2 i C1<\/strong> de franc\u00e8s, aix\u00ed com l&#8217;alumnat de B1, B2.1 i B2.2 d\u2019alemany. Hi ha una pla\u00e7a per a cada idioma<\/strong>. Les bases de la beca es publiquen a finals de febrer amb els requisits per participar-hi.<\/p>\n\n\n\n<p style=\"margin-top:var(--wp--preset--spacing--20);margin-bottom:var(--wp--preset--spacing--20)\">Les persones candidates hauran d\u2019elaborar <strong>una carta de presentaci\u00f3<\/strong> i realitzar <strong>una exposici\u00f3 oral<\/strong> davant d\u2019un tribunal per optar a la beca.   L&#8217;ajut econ\u00f2mic \u00e9s de 1.000 euros<\/p>\n\n\n\n<p>Podeu consultar les bases de la beca d&#8217;estiu 2026\u00a0<a href=\"https:\/\/drive.google.com\/file\/d\/1wgR6nPLr9obcc-Ydv1v-rlSPCPA8zoVk\/view?usp=sharing\" data-type=\"link\" data-id=\"https:\/\/drive.google.com\/file\/d\/1xiD08dKX2-G6713f_hCN-OpBTIH25R3J\/view?usp=sharing\" target=\"_blank\" rel=\"noreferrer noopener\">AQU\u00cd<\/a>.<\/p>\n\n\n\n<h2 class=\"wp-block-heading has-ast-global-color-0-color has-text-color has-link-color wp-elements-09c0d98ba2d130aec1e500d32efd67e9\" style=\"margin-top:var(--wp--preset--spacing--20);margin-bottom:var(--wp--preset--spacing--20);font-size:22px\"><strong>Beca C1, C2.1 i C2.2 d&#8217;angl\u00e8s<\/strong> (EOI Santa Coloma)<\/h2>\n\n\n\n<p style=\"margin-top:var(--wp--preset--spacing--20);margin-bottom:var(--wp--preset--spacing--20)\"><strong>L&#8217;EOI Santa Coloma<\/strong> convoca aquesta beca a finals de curs, una vegada surten els resultats del curs. Va adre\u00e7ada als alumnes d\u2019angl\u00e8s que han finalitzat aquests nivells i t\u00e9 com a objectiu afavorir la seva formaci\u00f3 permanent. Consisteix en que l\u2019alumne\/a pugui viatjar a un pa\u00eds angl\u00f2fon i realitzi una formaci\u00f3 acad\u00e8mica o professional del seu inter\u00e8s, perfeccioni la llengua i visqui la cultura del pa\u00eds.<\/p>\n\n\n\n<p style=\"margin-top:var(--wp--preset--spacing--20);margin-bottom:var(--wp--preset--spacing--20)\">La quantia del premi \u00e9s de <strong>1.300 euros<\/strong> i els\/les candidat(e)s han de defensar el seu treball davant d&#8217;un tribunal (una comissi\u00f3 externa amb la direcci\u00f3 de l&#8217;escola, inspecci\u00f3 i membres especialistes del Departament d&#8217;Educaci\u00f3).&nbsp;Les bases es pengen als taulers de l\u2019escola i a la p\u00e0gina web.<\/p>\n\n\n\n<p>Podeu consultar les bases de la beca de&nbsp;<strong>C1, C2.1 i C2.2 d&#8217;angl\u00e8s<\/strong> del curs 2024-2025 &nbsp;<a href=\"https:\/\/drive.google.com\/file\/d\/17BcyAqZakYJE1qbEotCIx-YQ339A8t-W\/view?usp=sharing\" data-type=\"link\" data-id=\"https:\/\/drive.google.com\/file\/d\/17BcyAqZakYJE1qbEotCIx-YQ339A8t-W\/view?usp=sharing\" target=\"_blank\" rel=\"noreferrer noopener\">AQU\u00cd<\/a><\/p>\n","protected":false},"excerpt":{"rendered":"<p>Beques Ministeri d\u2019Educaci\u00f3, Formaci\u00f3 Professional i Esport El Ministeri d&#8217;Educaci\u00f3 i Formaci\u00f3 Professional i Esport obre cada any escolar una [&hellip;]<\/p>\n","protected":false},"author":1,"featured_media":0,"parent":9477,"menu_order":10,"comment_status":"closed","ping_status":"closed","template":"","meta":{"_bbp_topic_count":0,"_bbp_reply_count":0,"_bbp_total_topic_count":0,"_bbp_total_reply_count":0,"_bbp_voice_count":0,"_bbp_anonymous_reply_count":0,"_bbp_topic_count_hidden":0,"_bbp_reply_count_hidden":0,"_bbp_forum_subforum_count":0,"site-sidebar-layout":"default","site-content-layout":"","ast-site-content-layout":"default","site-content-style":"default","site-sidebar-style":"default","ast-global-header-display":"","ast-banner-title-visibility":"","ast-main-header-display":"","ast-hfb-above-header-display":"","ast-hfb-below-header-display":"","ast-hfb-mobile-header-display":"","site-post-title":"","ast-breadcrumbs-content":"","ast-featured-img":"","footer-sml-layout":"","theme-transparent-header-meta":"","adv-header-id-meta":"","stick-header-meta":"","header-above-stick-meta":"","header-main-stick-meta":"","header-below-stick-meta":"","astra-migrate-meta-layouts":"set","ast-page-background-enabled":"default","ast-page-background-meta":{"desktop":{"background-color":"var(--ast-global-color-4)","background-image":"","background-repeat":"repeat","background-position":"center center","background-size":"auto","background-attachment":"scroll","background-type":"","background-media":"","overlay-type":"","overlay-color":"","overlay-opacity":"","overlay-gradient":""},"tablet":{"background-color":"","background-image":"","background-repeat":"repeat","background-position":"center center","background-size":"auto","background-attachment":"scroll","background-type":"","background-media":"","overlay-type":"","overlay-color":"","overlay-opacity":"","overlay-gradient":""},"mobile":{"background-color":"","background-image":"","background-repeat":"repeat","background-position":"center center","background-size":"auto","background-attachment":"scroll","background-type":"","background-media":"","overlay-type":"","overlay-color":"","overlay-opacity":"","overlay-gradient":""}},"ast-content-background-meta":{"desktop":{"background-color":"var(--ast-global-color-5)","background-image":"","background-repeat":"repeat","background-position":"center center","background-size":"auto","background-attachment":"scroll","background-type":"","background-media":"","overlay-type":"","overlay-color":"","overlay-opacity":"","overlay-gradient":""},"tablet":{"background-color":"var(--ast-global-color-5)","background-image":"","background-repeat":"repeat","background-position":"center center","background-size":"auto","background-attachment":"scroll","background-type":"","background-media":"","overlay-type":"","overlay-color":"","overlay-opacity":"","overlay-gradient":""},"mobile":{"background-color":"var(--ast-global-color-5)","background-image":"","background-repeat":"repeat","background-position":"center center","background-size":"auto","background-attachment":"scroll","background-type":"","background-media":"","overlay-type":"","overlay-color":"","overlay-opacity":"","overlay-gradient":""}},"footnotes":""},"class_list":["post-9559","page","type-page","status-publish","hentry"],"post_mailing_queue_ids":[],"_links":{"self":[{"href":"https:\/\/agora-eoi.xtec.cat\/eoisantacoloma\/wp-json\/wp\/v2\/pages\/9559","targetHints":{"allow":["GET"]}}],"collection":[{"href":"https:\/\/agora-eoi.xtec.cat\/eoisantacoloma\/wp-json\/wp\/v2\/pages"}],"about":[{"href":"https:\/\/agora-eoi.xtec.cat\/eoisantacoloma\/wp-json\/wp\/v2\/types\/page"}],"author":[{"embeddable":true,"href":"https:\/\/agora-eoi.xtec.cat\/eoisantacoloma\/wp-json\/wp\/v2\/users\/1"}],"replies":[{"embeddable":true,"href":"https:\/\/agora-eoi.xtec.cat\/eoisantacoloma\/wp-json\/wp\/v2\/comments?post=9559"}],"version-history":[{"count":6,"href":"https:\/\/agora-eoi.xtec.cat\/eoisantacoloma\/wp-json\/wp\/v2\/pages\/9559\/revisions"}],"predecessor-version":[{"id":10427,"href":"https:\/\/agora-eoi.xtec.cat\/eoisantacoloma\/wp-json\/wp\/v2\/pages\/9559\/revisions\/10427"}],"up":[{"embeddable":true,"href":"https:\/\/agora-eoi.xtec.cat\/eoisantacoloma\/wp-json\/wp\/v2\/pages\/9477"}],"wp:attachment":[{"href":"https:\/\/agora-eoi.xtec.cat\/eoisantacoloma\/wp-json\/wp\/v2\/media?parent=9559"}],"curies":[{"name":"wp","href":"https:\/\/api.w.org\/{rel}","templated":true}]}}