{"id":9557,"date":"2024-03-11T20:20:22","date_gmt":"2024-03-11T19:20:22","guid":{"rendered":"https:\/\/agora-eoi.xtec.cat\/eoisantacoloma\/?page_id=9557"},"modified":"2025-06-16T12:54:32","modified_gmt":"2025-06-16T10:54:32","slug":"taxes-i-preus-publics","status":"publish","type":"page","link":"https:\/\/agora-eoi.xtec.cat\/eoisantacoloma\/matricula\/taxes-i-preus-publics\/","title":{"rendered":"Taxes i preus p\u00fablics"},"content":{"rendered":"\n<p style=\"margin-top:0;margin-right:0;margin-bottom:0;margin-left:0;padding-top:0;padding-right:0;padding-bottom:0;padding-left:0\">Les taxes i els preus p\u00fablics a les EOIs estan regulats per les ordres seg\u00fcents:<\/p>\n\n\n\n<ul class=\"wp-block-list\">\n<li style=\"margin-top:0;margin-right:var(--wp--preset--spacing--20);margin-bottom:0;margin-left:var(--wp--preset--spacing--20);padding-top:0;padding-right:0;padding-bottom:0;padding-left:0\"><strong>Taxes<\/strong>:&nbsp; <a href=\"https:\/\/dogc.gencat.cat\/ca\/document-del-dogc\/?documentId=958713\">ORDRE EDU\/90\/23<\/a>, de 21 d\u2019abril, per la qual es dona publicitat de les taxes vigents que gestiona el Departament d\u2019Educaci\u00f3.&nbsp;<\/li>\n\n\n\n<li style=\"margin-right:var(--wp--preset--spacing--20);margin-left:var(--wp--preset--spacing--20)\"><strong>Preus p\u00fablics<\/strong>:&nbsp; <a href=\"https:\/\/dogc.gencat.cat\/ca\/document-del-dogc\/?documentId=882082\">ORDRE ENS\/155\/2020<\/a>, de 18 de setembre, per la qual se suprimeixen, es creen i s\u2019actualitzen els preus p\u00fablics i els imports de determinats ensenyaments i serveis docents de les escoles oficials d\u2019idiomes del Departament d\u2019Educaci\u00f3.<\/li>\n\n\n\n<li style=\"margin-right:var(--wp--preset--spacing--20);margin-left:var(--wp--preset--spacing--20)\"><strong>Preus p\u00fablics<\/strong>: <a href=\"https:\/\/dogc.gencat.cat\/ca\/document-del-dogc\/?documentId=902034\">ORDRE EDU\/114\/2021<\/a>, de 25 de maig, per la qual es modifica l\u2019Ordre EDU\/155\/2020, de 18 de setembre, per la qual se suprimeixen, es creen i s\u2019actualitzen els preus p\u00fablics i els imports de determinats ensenyaments i serveis docents de les escoles oficials d\u2019idiomes del Departament d\u2019Educaci\u00f3.<\/li>\n<\/ul>\n\n\n\n<h2 class=\"wp-block-heading has-ast-global-color-0-color has-text-color has-link-color wp-elements-cb092ece3ed680dedd4681f1c21619b7\" style=\"font-size:22px\">Preus p\u00fablics<\/h2>\n\n\n\n<figure class=\"wp-block-image size-full\"><a href=\"https:\/\/agora-eoi.xtec.cat\/eoisantacoloma\/wp-content\/uploads\/usu2307\/2025\/05\/Preus-publics-Curs-2025-26-2.png\"><img loading=\"lazy\" decoding=\"async\" width=\"1024\" height=\"768\" src=\"https:\/\/agora-eoi.xtec.cat\/eoisantacoloma\/wp-content\/uploads\/usu2307\/2025\/05\/Preus-publics-Curs-2025-26-2.png\" alt=\"\" class=\"wp-image-9821\" srcset=\"https:\/\/agora-eoi.xtec.cat\/eoisantacoloma\/wp-content\/uploads\/usu2307\/2025\/05\/Preus-publics-Curs-2025-26-2.png 1024w, https:\/\/agora-eoi.xtec.cat\/eoisantacoloma\/wp-content\/uploads\/usu2307\/2025\/05\/Preus-publics-Curs-2025-26-2-300x225.png 300w, https:\/\/agora-eoi.xtec.cat\/eoisantacoloma\/wp-content\/uploads\/usu2307\/2025\/05\/Preus-publics-Curs-2025-26-2-768x576.png 768w\" sizes=\"auto, (max-width: 1024px) 100vw, 1024px\" \/><\/a><\/figure>\n\n\n\n<p style=\"margin-top:var(--wp--preset--spacing--20);margin-bottom:var(--wp--preset--spacing--20);padding-top:0;padding-right:0;padding-bottom:0;padding-left:0\">Per a m\u00e9s informaci\u00f3 sobre preus p\u00fablics, consulteu&nbsp;<a href=\"https:\/\/educacio.gencat.cat\/ca\/departament\/normativa\/taxes-preus-publics\/preu-public\/\" target=\"_blank\" rel=\"noreferrer noopener\">aqu\u00ed<\/a>.<\/p>\n\n\n\n<p style=\"margin-right:0;margin-left:0\">Per a m\u00e9s informaci\u00f3 sobre les exempcions i bonificacions dels preus p\u00fablics, consulteu&nbsp;<a href=\"https:\/\/educacio.gencat.cat\/ca\/departament\/normativa\/taxes-preus-publics\/exempcions-bonificacions\/\" target=\"_blank\" rel=\"noreferrer noopener\">aqu\u00ed<\/a>.<\/p>\n\n\n\n<h2 class=\"wp-block-heading has-ast-global-color-0-color has-text-color has-link-color wp-elements-452f1c7d450869ff26df84fdd96865bc\" style=\"font-size:22px\">Taxes<\/h2>\n\n\n\n<figure class=\"wp-block-image size-full\"><a href=\"https:\/\/agora-eoi.xtec.cat\/eoisantacoloma\/wp-content\/uploads\/usu2307\/2025\/05\/Taxes-Curs-2025-26-1.png\"><img loading=\"lazy\" decoding=\"async\" width=\"1024\" height=\"768\" src=\"https:\/\/agora-eoi.xtec.cat\/eoisantacoloma\/wp-content\/uploads\/usu2307\/2025\/05\/Taxes-Curs-2025-26-1.png\" alt=\"\" class=\"wp-image-9820\" srcset=\"https:\/\/agora-eoi.xtec.cat\/eoisantacoloma\/wp-content\/uploads\/usu2307\/2025\/05\/Taxes-Curs-2025-26-1.png 1024w, https:\/\/agora-eoi.xtec.cat\/eoisantacoloma\/wp-content\/uploads\/usu2307\/2025\/05\/Taxes-Curs-2025-26-1-300x225.png 300w, https:\/\/agora-eoi.xtec.cat\/eoisantacoloma\/wp-content\/uploads\/usu2307\/2025\/05\/Taxes-Curs-2025-26-1-768x576.png 768w\" sizes=\"auto, (max-width: 1024px) 100vw, 1024px\" \/><\/a><\/figure>\n\n\n\n<p style=\"margin-top:var(--wp--preset--spacing--20);margin-right:0;margin-bottom:var(--wp--preset--spacing--20);margin-left:0\">Per a m\u00e9s informaci\u00f3 sobre taxes, consulteu&nbsp;<a href=\"https:\/\/educacio.gencat.cat\/ca\/departament\/normativa\/taxes-preus-publics\/taxes\/\" target=\"_blank\" rel=\"noreferrer noopener\">aqu\u00ed<\/a>.<\/p>\n\n\n\n<p>Per a mes informaci\u00f3 sobre les exempcions i bonificacions de taxes, consulteu&nbsp;<a href=\"https:\/\/educacio.gencat.cat\/ca\/departament\/normativa\/taxes-preus-publics\/exempcions-bonificacions\/\" target=\"_blank\" rel=\"noreferrer noopener\">aqu\u00ed<\/a>.<\/p>\n","protected":false},"excerpt":{"rendered":"<p>Les taxes i els preus p\u00fablics a les EOIs estan regulats per les ordres seg\u00fcents: Preus p\u00fablics Per a m\u00e9s [&hellip;]<\/p>\n","protected":false},"author":1,"featured_media":0,"parent":9080,"menu_order":7,"comment_status":"closed","ping_status":"closed","template":"","meta":{"_bbp_topic_count":0,"_bbp_reply_count":0,"_bbp_total_topic_count":0,"_bbp_total_reply_count":0,"_bbp_voice_count":0,"_bbp_anonymous_reply_count":0,"_bbp_topic_count_hidden":0,"_bbp_reply_count_hidden":0,"_bbp_forum_subforum_count":0,"site-sidebar-layout":"default","site-content-layout":"","ast-site-content-layout":"default","site-content-style":"default","site-sidebar-style":"default","ast-global-header-display":"","ast-banner-title-visibility":"","ast-main-header-display":"","ast-hfb-above-header-display":"","ast-hfb-below-header-display":"","ast-hfb-mobile-header-display":"","site-post-title":"","ast-breadcrumbs-content":"","ast-featured-img":"","footer-sml-layout":"","theme-transparent-header-meta":"","adv-header-id-meta":"","stick-header-meta":"","header-above-stick-meta":"","header-main-stick-meta":"","header-below-stick-meta":"","astra-migrate-meta-layouts":"set","ast-page-background-enabled":"default","ast-page-background-meta":{"desktop":{"background-color":"var(--ast-global-color-4)","background-image":"","background-repeat":"repeat","background-position":"center center","background-size":"auto","background-attachment":"scroll","background-type":"","background-media":"","overlay-type":"","overlay-color":"","overlay-opacity":"","overlay-gradient":""},"tablet":{"background-color":"","background-image":"","background-repeat":"repeat","background-position":"center center","background-size":"auto","background-attachment":"scroll","background-type":"","background-media":"","overlay-type":"","overlay-color":"","overlay-opacity":"","overlay-gradient":""},"mobile":{"background-color":"","background-image":"","background-repeat":"repeat","background-position":"center center","background-size":"auto","background-attachment":"scroll","background-type":"","background-media":"","overlay-type":"","overlay-color":"","overlay-opacity":"","overlay-gradient":""}},"ast-content-background-meta":{"desktop":{"background-color":"var(--ast-global-color-5)","background-image":"","background-repeat":"repeat","background-position":"center center","background-size":"auto","background-attachment":"scroll","background-type":"","background-media":"","overlay-type":"","overlay-color":"","overlay-opacity":"","overlay-gradient":""},"tablet":{"background-color":"var(--ast-global-color-5)","background-image":"","background-repeat":"repeat","background-position":"center center","background-size":"auto","background-attachment":"scroll","background-type":"","background-media":"","overlay-type":"","overlay-color":"","overlay-opacity":"","overlay-gradient":""},"mobile":{"background-color":"var(--ast-global-color-5)","background-image":"","background-repeat":"repeat","background-position":"center center","background-size":"auto","background-attachment":"scroll","background-type":"","background-media":"","overlay-type":"","overlay-color":"","overlay-opacity":"","overlay-gradient":""}},"footnotes":""},"class_list":["post-9557","page","type-page","status-publish","hentry"],"post_mailing_queue_ids":[],"_links":{"self":[{"href":"https:\/\/agora-eoi.xtec.cat\/eoisantacoloma\/wp-json\/wp\/v2\/pages\/9557","targetHints":{"allow":["GET"]}}],"collection":[{"href":"https:\/\/agora-eoi.xtec.cat\/eoisantacoloma\/wp-json\/wp\/v2\/pages"}],"about":[{"href":"https:\/\/agora-eoi.xtec.cat\/eoisantacoloma\/wp-json\/wp\/v2\/types\/page"}],"author":[{"embeddable":true,"href":"https:\/\/agora-eoi.xtec.cat\/eoisantacoloma\/wp-json\/wp\/v2\/users\/1"}],"replies":[{"embeddable":true,"href":"https:\/\/agora-eoi.xtec.cat\/eoisantacoloma\/wp-json\/wp\/v2\/comments?post=9557"}],"version-history":[{"count":6,"href":"https:\/\/agora-eoi.xtec.cat\/eoisantacoloma\/wp-json\/wp\/v2\/pages\/9557\/revisions"}],"predecessor-version":[{"id":10104,"href":"https:\/\/agora-eoi.xtec.cat\/eoisantacoloma\/wp-json\/wp\/v2\/pages\/9557\/revisions\/10104"}],"up":[{"embeddable":true,"href":"https:\/\/agora-eoi.xtec.cat\/eoisantacoloma\/wp-json\/wp\/v2\/pages\/9080"}],"wp:attachment":[{"href":"https:\/\/agora-eoi.xtec.cat\/eoisantacoloma\/wp-json\/wp\/v2\/media?parent=9557"}],"curies":[{"name":"wp","href":"https:\/\/api.w.org\/{rel}","templated":true}]}}