{"id":9549,"date":"2024-03-11T20:18:14","date_gmt":"2024-03-11T19:18:14","guid":{"rendered":"https:\/\/agora-eoi.xtec.cat\/eoisantacoloma\/?page_id=9549"},"modified":"2025-09-03T12:38:38","modified_gmt":"2025-09-03T10:38:38","slug":"alumnat-lliure","status":"publish","type":"page","link":"https:\/\/agora-eoi.xtec.cat\/eoisantacoloma\/matricula\/alumnat-lliure\/","title":{"rendered":"Alumnat lliure"},"content":{"rendered":"\n<h2 class=\"wp-block-heading has-ast-global-color-0-color has-text-color has-link-color wp-elements-325c432d4ba537acd63d38db60f93b1e\" style=\"padding-top:0;padding-bottom:0;font-size:24px\">Convocat\u00f2ria extraordin\u00e0ria \/ Febrer 2026<\/h2>\n\n\n\n<h3 class=\"wp-block-heading has-medium-font-size\"><strong>Certificats de nivell intermedi (B1 i B2) i avan\u00e7at (C1 i C2)<\/strong><\/h3>\n\n\n\n<p class=\"has-text-align-left has-white-color has-ast-global-color-0-background-color has-text-color has-background has-link-color wp-elements-189609a4b46045168671003c291585f8\"><strong>MOLT IMPORTANT<\/strong> <em>Us recomanem que feu&nbsp;una lectura acurada de tota la informaci\u00f3&nbsp;publicada a la web del Departament d\u2019Educaci\u00f3 i Formaci\u00f3 Professional sobre els terminis, documentaci\u00f3, taxes, bonificacions i exempcions en l\u2019enlla\u00e7 seg\u00fcent:<\/em><strong><em> <\/em><a href=\"http:\/\/ensenyament.gencat.cat\/ca\/serveis-tramits\/proves\/proves-lliures-obtencio-titols\/convocat-extraord-idiomes\/\" target=\"_blank\" rel=\"noreferrer noopener\">AQU\u00cd<\/a>.<\/strong><\/p>\n\n\n\n<ul class=\"wp-block-list\">\n<li><strong>Inscripcions<\/strong>:\u00a0del 10 de novembre (a partir de les 9 h) al\u00a014 de novembre\u00a0de 2025\u00a0( fins a les 23.59h).<\/li>\n\n\n\n<li><strong>Documentaci\u00f3<\/strong>:\u00a0tots els candidats\u00a0han de fer arribar al centre, personalment o per correu electr\u00f2nic (eoisantacoloma@xtec.cat), una fotoc\u00f2pia del DNI, NIE o passaport\u00a0vigent\u00a0abans del<strong>\u00a018 de desembre de 2025<\/strong><\/li>\n\n\n\n<li><strong>Acreditaci\u00f3 identitat:<\/strong>  Tots els candidats i candidates (<strong>els alumnes menors d&#8217;edat tamb\u00e9<\/strong>) hauran de portar <strong>document d&#8217;identitat oficial <\/strong>(DNI o passaport)<strong> a la prova escrita i a la prova oral<\/strong><\/li>\n\n\n\n<li><strong>Prova escrita<\/strong>: 30 de gener de 2026 (la prova comen\u00e7a a les 16.00 hores, per\u00f2 cal presentar-se al centre a les 15.30h)<\/li>\n\n\n\n<li><strong>Prova d\u2019expressi\u00f3 i interacci\u00f3 oral<\/strong>: el mateix dia de la prova escrita <strong>es lliurar\u00e0 convocat\u00f2ria als candidats i candidates <\/strong>per fer una prova oral en els dies posteriors a la prova escrita (de dilluns a divendres).<\/li>\n\n\n\n<li><strong>Qualificacions provisionals<\/strong>: 16 de febrer de 2026<\/li>\n\n\n\n<li>Termini per presentar <strong>reclamacions<\/strong>: fins a les 12 h del 19 de febrer de 2026<\/li>\n\n\n\n<li><strong>Qualificacions definitives<\/strong>: 20 de febrer de 2026<\/li>\n\n\n\n<li><a href=\"https:\/\/educacio.gencat.cat\/ca\/serveis-tramits\/proves\/proves-lliures-obtencio-titols\/convocat-ordinaria-idiomes\/consulta-resultats\/\" target=\"_blank\" rel=\"noreferrer noopener\">Consulta de resultats<\/a><br>Codi d\u2019identificador (DNI, NIE, PASSAPORT) + Codi de sol\u00b7licitud<\/li>\n<\/ul>\n\n\n\n<h2 class=\"wp-block-heading has-ast-global-color-0-color has-text-color has-link-color wp-elements-001bad582c40b8c943ae2c5ade696214\" style=\"font-size:24px\"><strong>Convocat\u00f2ria ordin\u00e0ria<\/strong> \/ Maig-Juny 2026<\/h2>\n\n\n\n<h3 class=\"wp-block-heading has-medium-font-size\"><strong>Certificats de&nbsp;nivell intermedi (B1, B2 ) i avan\u00e7at (C1 i C2)<\/strong><\/h3>\n\n\n\n<p class=\"has-white-color has-ast-global-color-0-background-color has-text-color has-background has-link-color wp-elements-f3d30e5a4d8ef9a289a57e198ff092d3\"><strong>MOLT IMPORTANT<\/strong> <em>Us recomanem que feu&nbsp;una lectura acurada de tota la informaci\u00f3&nbsp;publicada a la web del Departament d\u2019Educaci\u00f3 i Formaci\u00f3 Professional sobre els terminis, documentaci\u00f3, taxes, bonificacions i exempcions en l\u2019enlla\u00e7 seg\u00fcent:  <\/em><a href=\"https:\/\/educacio.gencat.cat\/ca\/serveis-tramits\/proves\/proves-lliures-obtencio-titols\/convocat-ordinaria-idiomes\/\" target=\"_blank\" rel=\"noreferrer noopener\"><strong>AQU<\/strong><\/a><a href=\"https:\/\/educacio.gencat.cat\/ca\/serveis-tramits\/proves\/proves-lliures-obtencio-titols\/convocat-ordinaria-idiomes\/oves\/proves-lliures-obtencio-titols\/convocat-extraord-idiomes\/\" target=\"_blank\" rel=\"noreferrer noopener\"><strong>\u00cd<\/strong><\/a><\/p>\n\n\n\n<ul class=\"wp-block-list\">\n<li><strong>Inscripcions<\/strong>:\u00a0del\u00a023 de febrer (a partir de les 9 h)\u00a0al 27 de febrer\u00a0(a les 23:59 h).<\/li>\n\n\n\n<li><strong>Documentaci\u00f3<\/strong>:\u00a0tots els candidats\u00a0han de fer arribar al centre, personalment o per correu electr\u00f2nic (eoisantacoloma@xtec.cat), una fotoc\u00f2pia del DNI, NIE o passaport\u00a0vigent\u00a0abans del<strong>\u00a027 de mar\u00e7 de 202<\/strong>6<\/li>\n\n\n\n<li><strong>Acreditaci\u00f3 identitat:<\/strong>  Tots els candidats i candidates (<strong>els alumnes menors d&#8217;edat tamb\u00e9<\/strong>) hauran de portar <strong>document d&#8217;identitat oficial <\/strong>(DNI o passaport)<strong> a la prova escrita i a la prova oral<\/strong><\/li>\n\n\n\n<li><strong>Prova escrita<\/strong>: consulteu calendari <a href=\"https:\/\/educacio.gencat.cat\/ca\/serveis-tramits\/proves\/proves-lliures-obtencio-titols\/convocat-ordinaria-idiomes\/calendari\/\" target=\"_blank\" rel=\"noreferrer noopener\">AQU\u00cd<\/a>.<\/li>\n\n\n\n<li><strong>Prova d\u2019expressi\u00f3 i interacci\u00f3 oral<\/strong>: el mateix dia de la prova escrita <strong>es lliurar\u00e0 convocat\u00f2ria als candidats i candidates <\/strong>per fer una prova oral en els dies posteriors a la prova escrita (de dilluns a divendres).<\/li>\n\n\n\n<li><strong>Qualificacions provisionals<\/strong>: 23 de juny de 2026<\/li>\n\n\n\n<li>Termini per presentar <strong>reclamacions<\/strong>: fins a les 12 h del 29 de juny de 2026<\/li>\n\n\n\n<li><strong>Qualificacions definitives<\/strong>: 30 de juny de 2026<\/li>\n\n\n\n<li><a href=\"https:\/\/educacio.gencat.cat\/ca\/serveis-tramits\/proves\/proves-lliures-obtencio-titols\/convocat-ordinaria-idiomes\/consulta-resultats\/\" target=\"_blank\" rel=\"noreferrer noopener\">Consulta de resultats<\/a><br>Codi d\u2019identificador (DNI, NIE, PASSAPORT) + Codi de sol\u00b7licitud<\/li>\n<\/ul>\n","protected":false},"excerpt":{"rendered":"<p>Convocat\u00f2ria extraordin\u00e0ria \/ Febrer 2026 Certificats de nivell intermedi (B1 i B2) i avan\u00e7at (C1 i C2) MOLT IMPORTANT Us [&hellip;]<\/p>\n","protected":false},"author":1,"featured_media":0,"parent":9080,"menu_order":6,"comment_status":"closed","ping_status":"closed","template":"","meta":{"_bbp_topic_count":0,"_bbp_reply_count":0,"_bbp_total_topic_count":0,"_bbp_total_reply_count":0,"_bbp_voice_count":0,"_bbp_anonymous_reply_count":0,"_bbp_topic_count_hidden":0,"_bbp_reply_count_hidden":0,"_bbp_forum_subforum_count":0,"site-sidebar-layout":"default","site-content-layout":"","ast-site-content-layout":"default","site-content-style":"default","site-sidebar-style":"default","ast-global-header-display":"","ast-banner-title-visibility":"","ast-main-header-display":"","ast-hfb-above-header-display":"","ast-hfb-below-header-display":"","ast-hfb-mobile-header-display":"","site-post-title":"","ast-breadcrumbs-content":"","ast-featured-img":"","footer-sml-layout":"","theme-transparent-header-meta":"","adv-header-id-meta":"","stick-header-meta":"","header-above-stick-meta":"","header-main-stick-meta":"","header-below-stick-meta":"","astra-migrate-meta-layouts":"set","ast-page-background-enabled":"default","ast-page-background-meta":{"desktop":{"background-color":"var(--ast-global-color-4)","background-image":"","background-repeat":"repeat","background-position":"center center","background-size":"auto","background-attachment":"scroll","background-type":"","background-media":"","overlay-type":"","overlay-color":"","overlay-opacity":"","overlay-gradient":""},"tablet":{"background-color":"","background-image":"","background-repeat":"repeat","background-position":"center center","background-size":"auto","background-attachment":"scroll","background-type":"","background-media":"","overlay-type":"","overlay-color":"","overlay-opacity":"","overlay-gradient":""},"mobile":{"background-color":"","background-image":"","background-repeat":"repeat","background-position":"center center","background-size":"auto","background-attachment":"scroll","background-type":"","background-media":"","overlay-type":"","overlay-color":"","overlay-opacity":"","overlay-gradient":""}},"ast-content-background-meta":{"desktop":{"background-color":"var(--ast-global-color-5)","background-image":"","background-repeat":"repeat","background-position":"center center","background-size":"auto","background-attachment":"scroll","background-type":"","background-media":"","overlay-type":"","overlay-color":"","overlay-opacity":"","overlay-gradient":""},"tablet":{"background-color":"var(--ast-global-color-5)","background-image":"","background-repeat":"repeat","background-position":"center center","background-size":"auto","background-attachment":"scroll","background-type":"","background-media":"","overlay-type":"","overlay-color":"","overlay-opacity":"","overlay-gradient":""},"mobile":{"background-color":"var(--ast-global-color-5)","background-image":"","background-repeat":"repeat","background-position":"center center","background-size":"auto","background-attachment":"scroll","background-type":"","background-media":"","overlay-type":"","overlay-color":"","overlay-opacity":"","overlay-gradient":""}},"footnotes":""},"class_list":["post-9549","page","type-page","status-publish","hentry"],"post_mailing_queue_ids":[],"_links":{"self":[{"href":"https:\/\/agora-eoi.xtec.cat\/eoisantacoloma\/wp-json\/wp\/v2\/pages\/9549","targetHints":{"allow":["GET"]}}],"collection":[{"href":"https:\/\/agora-eoi.xtec.cat\/eoisantacoloma\/wp-json\/wp\/v2\/pages"}],"about":[{"href":"https:\/\/agora-eoi.xtec.cat\/eoisantacoloma\/wp-json\/wp\/v2\/types\/page"}],"author":[{"embeddable":true,"href":"https:\/\/agora-eoi.xtec.cat\/eoisantacoloma\/wp-json\/wp\/v2\/users\/1"}],"replies":[{"embeddable":true,"href":"https:\/\/agora-eoi.xtec.cat\/eoisantacoloma\/wp-json\/wp\/v2\/comments?post=9549"}],"version-history":[{"count":5,"href":"https:\/\/agora-eoi.xtec.cat\/eoisantacoloma\/wp-json\/wp\/v2\/pages\/9549\/revisions"}],"predecessor-version":[{"id":10280,"href":"https:\/\/agora-eoi.xtec.cat\/eoisantacoloma\/wp-json\/wp\/v2\/pages\/9549\/revisions\/10280"}],"up":[{"embeddable":true,"href":"https:\/\/agora-eoi.xtec.cat\/eoisantacoloma\/wp-json\/wp\/v2\/pages\/9080"}],"wp:attachment":[{"href":"https:\/\/agora-eoi.xtec.cat\/eoisantacoloma\/wp-json\/wp\/v2\/media?parent=9549"}],"curies":[{"name":"wp","href":"https:\/\/api.w.org\/{rel}","templated":true}]}}