{"id":9547,"date":"2024-03-11T20:17:44","date_gmt":"2024-03-11T19:17:44","guid":{"rendered":"https:\/\/agora-eoi.xtec.cat\/eoisantacoloma\/?page_id=9547"},"modified":"2025-09-18T11:45:39","modified_gmt":"2025-09-18T09:45:39","slug":"matricula-dactualitzacio","status":"publish","type":"page","link":"https:\/\/agora-eoi.xtec.cat\/eoisantacoloma\/cursos\/matricula-dactualitzacio\/","title":{"rendered":"Cursos d&#8217;actualitzaci\u00f3"},"content":{"rendered":"\n<h2 class=\"wp-block-heading has-ast-global-color-0-color has-text-color has-link-color has-medium-font-size wp-elements-7e936e335830e804d542ee40df46c209\" style=\"margin-top:var(--wp--preset--spacing--20);margin-bottom:var(--wp--preset--spacing--20)\"><strong>ACTUALITZACI\u00d3 DE CURSOS JA APROVATS EN UNA EOI<\/strong><\/h2>\n\n\n\n<p style=\"margin-top:var(--wp--preset--spacing--20);margin-bottom:var(--wp--preset--spacing--20)\">Aquesta matr\u00edcula d\u2019actualitzaci\u00f3 est\u00e0 dirigida a les persones que ja&nbsp;<strong>hagin cursat i superat amb anterioritat cursos de les escoles oficials d\u2019idiomes,<\/strong>&nbsp;i que vulguin actualitzar-ne els coneixements.&nbsp;<strong>Poden sol\u00b7licitar matricular-se en l\u2019\u00faltim curs realitzat o en qualsevol dels cursos inferiors<\/strong>.<\/p>\n\n\n\n<p style=\"margin-top:var(--wp--preset--spacing--20);margin-bottom:var(--wp--preset--spacing--20)\">La sol\u00b7licitud per a aquest tipus de matr\u00edcula s\u2019ha de presentar al centre&nbsp;<strong>un cop finalitzat el per\u00edode d\u2019admissi\u00f3<\/strong>, i nom\u00e9s s\u2019admet si existeixen vacants en el curs i l\u2019idioma sol\u00b7licitat. La sol\u00b7licitud \u00e9s valida \u00fanicament per al curs acad\u00e8mic en qu\u00e8 se sol\u00b7licita i s\u2019ha de tornar a presentar per a cursos acad\u00e8mics posteriors, si l\u2019alumnat ho vol.<\/p>\n\n\n\n<p style=\"margin-top:var(--wp--preset--spacing--20);margin-bottom:var(--wp--preset--spacing--20)\">Aquest tipus de matr\u00edcula&nbsp;<strong>no t\u00e9 efectes acad\u00e8mics ni dona lloc a cap certificat oficial<\/strong>. La qualificaci\u00f3 que es fa constar a l\u2019expedient acad\u00e8mic de l\u2019alumne \u00e9s de \u201cno qualificat\/ada\u201d.<\/p>\n\n\n\n<p style=\"margin-top:var(--wp--preset--spacing--20);margin-bottom:var(--wp--preset--spacing--20);padding-right:0;padding-left:0\">En el cas dels cursos que condueixen a l\u2019obtenci\u00f3 d\u2019un certificat, l&#8217;alumnat en aquesta situaci\u00f3 acad\u00e8mica&nbsp;<strong>no tenen dret a sol\u00b7licitar una nova expedici\u00f3 del certificat obtingut anteriorment<\/strong>, per\u00f2 poden sol\u00b7licitar un certificat d\u2019actualitzaci\u00f3 al centre on estiguin matriculats.<\/p>\n\n\n\n<p style=\"margin-top:var(--wp--preset--spacing--20);margin-right:0;margin-bottom:var(--wp--preset--spacing--20);margin-left:0\">El preu del servei correspon a<strong> la taxa o el preu p\u00fablic&nbsp;corresponent, sense penalitzaci\u00f3 per repetici\u00f3<\/strong>.<\/p>\n\n\n\n<p style=\"margin-top:var(--wp--preset--spacing--20);margin-bottom:var(--wp--preset--spacing--20)\">Durant un mateix curs acad\u00e8mic no es pot simultaniejar una matr\u00edcula ordin\u00e0ria als ensenyaments presencials amb una matr\u00edcula d\u2019actualitzaci\u00f3 del mateix idioma.<\/p>\n\n\n\n<p style=\"margin-top:var(--wp--preset--spacing--20);margin-bottom:var(--wp--preset--spacing--20)\">Esperem tornar-vos a veure aviat a l&#8217;EOI Santa Coloma!<\/p>\n","protected":false},"excerpt":{"rendered":"<p>ACTUALITZACI\u00d3 DE CURSOS JA APROVATS EN UNA EOI Aquesta matr\u00edcula d\u2019actualitzaci\u00f3 est\u00e0 dirigida a les persones que ja&nbsp;hagin cursat i [&hellip;]<\/p>\n","protected":false},"author":1,"featured_media":0,"parent":9367,"menu_order":3,"comment_status":"closed","ping_status":"closed","template":"","meta":{"_bbp_topic_count":0,"_bbp_reply_count":0,"_bbp_total_topic_count":0,"_bbp_total_reply_count":0,"_bbp_voice_count":0,"_bbp_anonymous_reply_count":0,"_bbp_topic_count_hidden":0,"_bbp_reply_count_hidden":0,"_bbp_forum_subforum_count":0,"site-sidebar-layout":"default","site-content-layout":"","ast-site-content-layout":"default","site-content-style":"default","site-sidebar-style":"default","ast-global-header-display":"","ast-banner-title-visibility":"","ast-main-header-display":"","ast-hfb-above-header-display":"","ast-hfb-below-header-display":"","ast-hfb-mobile-header-display":"","site-post-title":"","ast-breadcrumbs-content":"","ast-featured-img":"","footer-sml-layout":"","theme-transparent-header-meta":"","adv-header-id-meta":"","stick-header-meta":"","header-above-stick-meta":"","header-main-stick-meta":"","header-below-stick-meta":"","astra-migrate-meta-layouts":"set","ast-page-background-enabled":"default","ast-page-background-meta":{"desktop":{"background-color":"var(--ast-global-color-4)","background-image":"","background-repeat":"repeat","background-position":"center center","background-size":"auto","background-attachment":"scroll","background-type":"","background-media":"","overlay-type":"","overlay-color":"","overlay-opacity":"","overlay-gradient":""},"tablet":{"background-color":"","background-image":"","background-repeat":"repeat","background-position":"center center","background-size":"auto","background-attachment":"scroll","background-type":"","background-media":"","overlay-type":"","overlay-color":"","overlay-opacity":"","overlay-gradient":""},"mobile":{"background-color":"","background-image":"","background-repeat":"repeat","background-position":"center center","background-size":"auto","background-attachment":"scroll","background-type":"","background-media":"","overlay-type":"","overlay-color":"","overlay-opacity":"","overlay-gradient":""}},"ast-content-background-meta":{"desktop":{"background-color":"var(--ast-global-color-5)","background-image":"","background-repeat":"repeat","background-position":"center center","background-size":"auto","background-attachment":"scroll","background-type":"","background-media":"","overlay-type":"","overlay-color":"","overlay-opacity":"","overlay-gradient":""},"tablet":{"background-color":"var(--ast-global-color-5)","background-image":"","background-repeat":"repeat","background-position":"center center","background-size":"auto","background-attachment":"scroll","background-type":"","background-media":"","overlay-type":"","overlay-color":"","overlay-opacity":"","overlay-gradient":""},"mobile":{"background-color":"var(--ast-global-color-5)","background-image":"","background-repeat":"repeat","background-position":"center center","background-size":"auto","background-attachment":"scroll","background-type":"","background-media":"","overlay-type":"","overlay-color":"","overlay-opacity":"","overlay-gradient":""}},"footnotes":""},"class_list":["post-9547","page","type-page","status-publish","hentry"],"post_mailing_queue_ids":[],"_links":{"self":[{"href":"https:\/\/agora-eoi.xtec.cat\/eoisantacoloma\/wp-json\/wp\/v2\/pages\/9547","targetHints":{"allow":["GET"]}}],"collection":[{"href":"https:\/\/agora-eoi.xtec.cat\/eoisantacoloma\/wp-json\/wp\/v2\/pages"}],"about":[{"href":"https:\/\/agora-eoi.xtec.cat\/eoisantacoloma\/wp-json\/wp\/v2\/types\/page"}],"author":[{"embeddable":true,"href":"https:\/\/agora-eoi.xtec.cat\/eoisantacoloma\/wp-json\/wp\/v2\/users\/1"}],"replies":[{"embeddable":true,"href":"https:\/\/agora-eoi.xtec.cat\/eoisantacoloma\/wp-json\/wp\/v2\/comments?post=9547"}],"version-history":[{"count":6,"href":"https:\/\/agora-eoi.xtec.cat\/eoisantacoloma\/wp-json\/wp\/v2\/pages\/9547\/revisions"}],"predecessor-version":[{"id":10363,"href":"https:\/\/agora-eoi.xtec.cat\/eoisantacoloma\/wp-json\/wp\/v2\/pages\/9547\/revisions\/10363"}],"up":[{"embeddable":true,"href":"https:\/\/agora-eoi.xtec.cat\/eoisantacoloma\/wp-json\/wp\/v2\/pages\/9367"}],"wp:attachment":[{"href":"https:\/\/agora-eoi.xtec.cat\/eoisantacoloma\/wp-json\/wp\/v2\/media?parent=9547"}],"curies":[{"name":"wp","href":"https:\/\/api.w.org\/{rel}","templated":true}]}}