{"id":9545,"date":"2024-03-11T20:17:06","date_gmt":"2024-03-11T19:17:06","guid":{"rendered":"https:\/\/agora-eoi.xtec.cat\/eoisantacoloma\/?page_id=9545"},"modified":"2025-09-18T11:50:02","modified_gmt":"2025-09-18T09:50:02","slug":"programa-pia","status":"publish","type":"page","link":"https:\/\/agora-eoi.xtec.cat\/eoisantacoloma\/matricula\/programa-pia\/","title":{"rendered":"Programa PIA+"},"content":{"rendered":"\n<h2 class=\"wp-block-heading has-ast-global-color-0-color has-text-color has-link-color wp-elements-7c92d6fff55f1efac6765b420fbd7881\" style=\"margin-top:var(--wp--preset--spacing--20);margin-bottom:var(--wp--preset--spacing--20);font-size:24px\">PLA PIA+ PER AL PROFESSORAT DEL DEPARTAMENT D&#8217;EDUCACI\u00d3 (escola p\u00fablica, concertada i municipal)<\/h2>\n\n\n\n<p>El programa PIA+ \u00e9s una acci\u00f3 per a la millora de la compet\u00e8ncia comunicativa en llengua estrangera del professorat no universitari de centres educatius finan\u00e7ats amb fons p\u00fablics. Trobareu tota la informaci\u00f3 clicant: <a href=\"https:\/\/xtec.gencat.cat\/ca\/formacio\/formaciogeneralprofessorat\/llengues\/programa-pia\" target=\"_blank\" rel=\"noreferrer noopener\">Programa PIA+<\/a><\/p>\n\n\n\n<h2 class=\"wp-block-heading has-ast-global-color-0-color has-text-color has-link-color wp-elements-51b07314c4bc9805396bd08faf7aeb38\" style=\"margin-top:var(--wp--preset--spacing--20);margin-bottom:var(--wp--preset--spacing--20);font-size:24px\">DEVOLUCI\u00d3 IMPORT PIA+<\/h2>\n\n\n\n<p style=\"margin-top:var(--wp--preset--spacing--20);margin-bottom:var(--wp--preset--spacing--20)\">Aquest programa permet sol\u00b7licitar la devoluci\u00f3 de l\u2019ingr\u00e9s de l\u2019import base de la matr\u00edcula al professorat que cursi i superi una llengua estrangera en una EOI o a l\u2019IOC en els nivells seg\u00fcents: <\/p>\n\n\n\n<ul class=\"wp-block-list\">\n<li>nivells de B2.1, B2.2, C1, C2.1 i C2.2 d\u2019angl\u00e8s i C2 de catal\u00e0 a les EOI<\/li>\n\n\n\n<li>tots els nivells d\u2019alemany, \u00e0rab, franc\u00e8s, itali\u00e0, rus i xin\u00e8s a les EOI<\/li>\n\n\n\n<li>nivells de B1, B2.1 i B2.2 d\u2019angl\u00e8s, A1 i A2 d\u2019alemany i C2.2 de catal\u00e0 a l\u2019IOC<\/li>\n<\/ul>\n\n\n\n<p style=\"margin-top:var(--wp--preset--spacing--20);margin-right:0;margin-bottom:var(--wp--preset--spacing--20);margin-left:0\">A continuaci\u00f3 us indiquem quin ser\u00e0 el procediment per sol\u00b7licitar la devoluci\u00f3 de la matr\u00edcula del curs 2024-2025. El tr\u00e0mit es far\u00e0 exclusivament per Internet a<strong>&nbsp;Gencat tr\u00e0mits<\/strong>, en el termini establert pel Departament d&#8217;Educaci\u00f3 i Formaci\u00f3 Professional.<\/p>\n\n\n\n<ul class=\"wp-block-list\">\n<li><strong>Per\u00edode <\/strong>per emplenar i enviar les sol\u00b7licituds: <strong>dates pendents d&#8217;actualitzar<\/strong> per part del Departament d&#8217;Educaci\u00f3 i Formaci\u00f3 Professional (despr\u00e9s d&#8217;aquesta data ja no es podr\u00e0 accedir a la sol\u00b7licitud).<\/li>\n\n\n\n<li><a href=\"https:\/\/educacio.gencat.cat\/ca\/tramits\/tramits-temes\/devolucio-matricula-pia\" target=\"_blank\" rel=\"noreferrer noopener\">Enlla\u00e7<\/a> (nom\u00e9s estar\u00e0 disponible en el per\u00edode indicat).<\/li>\n<\/ul>\n\n\n\n<p>Per a m\u00e9s informaci\u00f3, consulteu l&#8217;enlla\u00e7 seg\u00fcent: <a href=\"https:\/\/xtec.gencat.cat\/ca\/formacio\/formaciogeneralprofessorat\/llengues\/programa-pia\" target=\"_blank\" rel=\"noreferrer noopener\">Programa PIA +<\/a><\/p>\n","protected":false},"excerpt":{"rendered":"<p>PLA PIA+ PER AL PROFESSORAT DEL DEPARTAMENT D&#8217;EDUCACI\u00d3 (escola p\u00fablica, concertada i municipal) El programa PIA+ \u00e9s una acci\u00f3 per [&hellip;]<\/p>\n","protected":false},"author":1,"featured_media":0,"parent":9080,"menu_order":4,"comment_status":"closed","ping_status":"closed","template":"","meta":{"_bbp_topic_count":0,"_bbp_reply_count":0,"_bbp_total_topic_count":0,"_bbp_total_reply_count":0,"_bbp_voice_count":0,"_bbp_anonymous_reply_count":0,"_bbp_topic_count_hidden":0,"_bbp_reply_count_hidden":0,"_bbp_forum_subforum_count":0,"site-sidebar-layout":"default","site-content-layout":"","ast-site-content-layout":"default","site-content-style":"default","site-sidebar-style":"default","ast-global-header-display":"","ast-banner-title-visibility":"","ast-main-header-display":"","ast-hfb-above-header-display":"","ast-hfb-below-header-display":"","ast-hfb-mobile-header-display":"","site-post-title":"","ast-breadcrumbs-content":"","ast-featured-img":"","footer-sml-layout":"","theme-transparent-header-meta":"","adv-header-id-meta":"","stick-header-meta":"","header-above-stick-meta":"","header-main-stick-meta":"","header-below-stick-meta":"","astra-migrate-meta-layouts":"set","ast-page-background-enabled":"default","ast-page-background-meta":{"desktop":{"background-color":"var(--ast-global-color-4)","background-image":"","background-repeat":"repeat","background-position":"center center","background-size":"auto","background-attachment":"scroll","background-type":"","background-media":"","overlay-type":"","overlay-color":"","overlay-opacity":"","overlay-gradient":""},"tablet":{"background-color":"","background-image":"","background-repeat":"repeat","background-position":"center center","background-size":"auto","background-attachment":"scroll","background-type":"","background-media":"","overlay-type":"","overlay-color":"","overlay-opacity":"","overlay-gradient":""},"mobile":{"background-color":"","background-image":"","background-repeat":"repeat","background-position":"center center","background-size":"auto","background-attachment":"scroll","background-type":"","background-media":"","overlay-type":"","overlay-color":"","overlay-opacity":"","overlay-gradient":""}},"ast-content-background-meta":{"desktop":{"background-color":"var(--ast-global-color-5)","background-image":"","background-repeat":"repeat","background-position":"center center","background-size":"auto","background-attachment":"scroll","background-type":"","background-media":"","overlay-type":"","overlay-color":"","overlay-opacity":"","overlay-gradient":""},"tablet":{"background-color":"var(--ast-global-color-5)","background-image":"","background-repeat":"repeat","background-position":"center center","background-size":"auto","background-attachment":"scroll","background-type":"","background-media":"","overlay-type":"","overlay-color":"","overlay-opacity":"","overlay-gradient":""},"mobile":{"background-color":"var(--ast-global-color-5)","background-image":"","background-repeat":"repeat","background-position":"center center","background-size":"auto","background-attachment":"scroll","background-type":"","background-media":"","overlay-type":"","overlay-color":"","overlay-opacity":"","overlay-gradient":""}},"footnotes":""},"class_list":["post-9545","page","type-page","status-publish","hentry"],"post_mailing_queue_ids":[],"_links":{"self":[{"href":"https:\/\/agora-eoi.xtec.cat\/eoisantacoloma\/wp-json\/wp\/v2\/pages\/9545","targetHints":{"allow":["GET"]}}],"collection":[{"href":"https:\/\/agora-eoi.xtec.cat\/eoisantacoloma\/wp-json\/wp\/v2\/pages"}],"about":[{"href":"https:\/\/agora-eoi.xtec.cat\/eoisantacoloma\/wp-json\/wp\/v2\/types\/page"}],"author":[{"embeddable":true,"href":"https:\/\/agora-eoi.xtec.cat\/eoisantacoloma\/wp-json\/wp\/v2\/users\/1"}],"replies":[{"embeddable":true,"href":"https:\/\/agora-eoi.xtec.cat\/eoisantacoloma\/wp-json\/wp\/v2\/comments?post=9545"}],"version-history":[{"count":6,"href":"https:\/\/agora-eoi.xtec.cat\/eoisantacoloma\/wp-json\/wp\/v2\/pages\/9545\/revisions"}],"predecessor-version":[{"id":10364,"href":"https:\/\/agora-eoi.xtec.cat\/eoisantacoloma\/wp-json\/wp\/v2\/pages\/9545\/revisions\/10364"}],"up":[{"embeddable":true,"href":"https:\/\/agora-eoi.xtec.cat\/eoisantacoloma\/wp-json\/wp\/v2\/pages\/9080"}],"wp:attachment":[{"href":"https:\/\/agora-eoi.xtec.cat\/eoisantacoloma\/wp-json\/wp\/v2\/media?parent=9545"}],"curies":[{"name":"wp","href":"https:\/\/api.w.org\/{rel}","templated":true}]}}