{"id":9530,"date":"2024-03-11T19:37:27","date_gmt":"2024-03-11T18:37:27","guid":{"rendered":"https:\/\/agora-eoi.xtec.cat\/eoisantacoloma\/?page_id=9530"},"modified":"2024-11-30T06:43:32","modified_gmt":"2024-11-30T05:43:32","slug":"adaptacio-de-proves-nee","status":"publish","type":"page","link":"https:\/\/agora-eoi.xtec.cat\/eoisantacoloma\/departament-dalumnat\/adaptacio-de-proves-nee\/","title":{"rendered":"Adaptaci\u00f3 de proves NESE*"},"content":{"rendered":"\n<p>*NESE : Necessitats Espec\u00edfiques de Suport educatiu <\/p>\n\n\n\n<p>Els alumnes amb NESE (disl\u00e8xia, dificultat auditiva o visual, TDA, autisme&#8230;) ho hauran de notificar al professorat perqu\u00e8 ho tingui en compte i faci les adaptacions pertinents a classe. <\/p>\n\n\n\n<p>Per realitzar les adaptacions necess\u00e0ries de les proves l&#8217;alumnat haur\u00e0 d&#8217;omplir una sol.licitud al Departament d&#8217;Alumnat i adjuntar un certificat m\u00e8dic actualitzat.<\/p>\n","protected":false},"excerpt":{"rendered":"<p>*NESE : Necessitats Espec\u00edfiques de Suport educatiu Els alumnes amb NESE (disl\u00e8xia, dificultat auditiva o visual, TDA, autisme&#8230;) ho hauran [&hellip;]<\/p>\n","protected":false},"author":1,"featured_media":0,"parent":9477,"menu_order":10,"comment_status":"closed","ping_status":"closed","template":"page-templates\/side-menu.php","meta":{"_bbp_topic_count":0,"_bbp_reply_count":0,"_bbp_total_topic_count":0,"_bbp_total_reply_count":0,"_bbp_voice_count":0,"_bbp_anonymous_reply_count":0,"_bbp_topic_count_hidden":0,"_bbp_reply_count_hidden":0,"_bbp_forum_subforum_count":0,"site-sidebar-layout":"default","site-content-layout":"","ast-site-content-layout":"","site-content-style":"default","site-sidebar-style":"default","ast-global-header-display":"","ast-banner-title-visibility":"","ast-main-header-display":"","ast-hfb-above-header-display":"","ast-hfb-below-header-display":"","ast-hfb-mobile-header-display":"","site-post-title":"","ast-breadcrumbs-content":"","ast-featured-img":"","footer-sml-layout":"","theme-transparent-header-meta":"","adv-header-id-meta":"","stick-header-meta":"","header-above-stick-meta":"","header-main-stick-meta":"","header-below-stick-meta":"","astra-migrate-meta-layouts":"default","ast-page-background-enabled":"default","ast-page-background-meta":{"desktop":{"background-color":"var(--ast-global-color-4)","background-image":"","background-repeat":"repeat","background-position":"center center","background-size":"auto","background-attachment":"scroll","background-type":"","background-media":"","overlay-type":"","overlay-color":"","overlay-opacity":"","overlay-gradient":""},"tablet":{"background-color":"","background-image":"","background-repeat":"repeat","background-position":"center center","background-size":"auto","background-attachment":"scroll","background-type":"","background-media":"","overlay-type":"","overlay-color":"","overlay-opacity":"","overlay-gradient":""},"mobile":{"background-color":"","background-image":"","background-repeat":"repeat","background-position":"center center","background-size":"auto","background-attachment":"scroll","background-type":"","background-media":"","overlay-type":"","overlay-color":"","overlay-opacity":"","overlay-gradient":""}},"ast-content-background-meta":{"desktop":{"background-color":"var(--ast-global-color-5)","background-image":"","background-repeat":"repeat","background-position":"center center","background-size":"auto","background-attachment":"scroll","background-type":"","background-media":"","overlay-type":"","overlay-color":"","overlay-opacity":"","overlay-gradient":""},"tablet":{"background-color":"var(--ast-global-color-5)","background-image":"","background-repeat":"repeat","background-position":"center center","background-size":"auto","background-attachment":"scroll","background-type":"","background-media":"","overlay-type":"","overlay-color":"","overlay-opacity":"","overlay-gradient":""},"mobile":{"background-color":"var(--ast-global-color-5)","background-image":"","background-repeat":"repeat","background-position":"center center","background-size":"auto","background-attachment":"scroll","background-type":"","background-media":"","overlay-type":"","overlay-color":"","overlay-opacity":"","overlay-gradient":""}},"footnotes":""},"class_list":["post-9530","page","type-page","status-publish","hentry"],"post_mailing_queue_ids":[],"_links":{"self":[{"href":"https:\/\/agora-eoi.xtec.cat\/eoisantacoloma\/wp-json\/wp\/v2\/pages\/9530","targetHints":{"allow":["GET"]}}],"collection":[{"href":"https:\/\/agora-eoi.xtec.cat\/eoisantacoloma\/wp-json\/wp\/v2\/pages"}],"about":[{"href":"https:\/\/agora-eoi.xtec.cat\/eoisantacoloma\/wp-json\/wp\/v2\/types\/page"}],"author":[{"embeddable":true,"href":"https:\/\/agora-eoi.xtec.cat\/eoisantacoloma\/wp-json\/wp\/v2\/users\/1"}],"replies":[{"embeddable":true,"href":"https:\/\/agora-eoi.xtec.cat\/eoisantacoloma\/wp-json\/wp\/v2\/comments?post=9530"}],"version-history":[{"count":3,"href":"https:\/\/agora-eoi.xtec.cat\/eoisantacoloma\/wp-json\/wp\/v2\/pages\/9530\/revisions"}],"predecessor-version":[{"id":9680,"href":"https:\/\/agora-eoi.xtec.cat\/eoisantacoloma\/wp-json\/wp\/v2\/pages\/9530\/revisions\/9680"}],"up":[{"embeddable":true,"href":"https:\/\/agora-eoi.xtec.cat\/eoisantacoloma\/wp-json\/wp\/v2\/pages\/9477"}],"wp:attachment":[{"href":"https:\/\/agora-eoi.xtec.cat\/eoisantacoloma\/wp-json\/wp\/v2\/media?parent=9530"}],"curies":[{"name":"wp","href":"https:\/\/api.w.org\/{rel}","templated":true}]}}