{"id":9526,"date":"2024-03-11T19:36:18","date_gmt":"2024-03-11T18:36:18","guid":{"rendered":"https:\/\/agora-eoi.xtec.cat\/eoisantacoloma\/?page_id=9526"},"modified":"2025-07-15T12:11:26","modified_gmt":"2025-07-15T10:11:26","slug":"devolucio-de-taxes","status":"publish","type":"page","link":"https:\/\/agora-eoi.xtec.cat\/eoisantacoloma\/departament-dalumnat\/devolucio-de-taxes\/","title":{"rendered":"Devoluci\u00f3 de taxes"},"content":{"rendered":"\n<h2 class=\"wp-block-heading has-ast-global-color-0-color has-text-color has-link-color wp-elements-fee5c964934ec0de2f9e450fe346a686\" style=\"font-size:22px\"><strong>Curs 2025-26<\/strong><\/h2>\n\n\n\n<p style=\"margin-top:var(--wp--preset--spacing--20);margin-right:0;margin-bottom:var(--wp--preset--spacing--20);margin-left:0\">La devoluci\u00f3 de taxes i preus p\u00fablics del curs 2025-26 s\u2019ha de sol\u00b7licitar a trav\u00e9s del tramitador gen\u00e8ric. Per aquest tr\u00e0mit nom\u00e9s es retorna l\u2019import de la matr\u00edcula,\u00a0<strong>no el pagament del servei d\u2019acc\u00e9s a la plataforma<\/strong>.<\/p>\n\n\n\n<p style=\"margin-top:var(--wp--preset--spacing--20);margin-bottom:var(--wp--preset--spacing--20)\"><strong>&#8211; Taxa<\/strong>&nbsp;de matr\u00edcula en els nivells&nbsp;<strong>B1<\/strong>&nbsp;i&nbsp;<strong>B2<\/strong><\/p>\n\n\n\n<p style=\"margin-top:var(--wp--preset--spacing--20);margin-right:0;margin-bottom:var(--wp--preset--spacing--20);margin-left:0\"><strong>&#8211; Preu p\u00fablic<\/strong>&nbsp;de matr\u00edcula en els nivells&nbsp;<strong>A1<\/strong>,&nbsp;<strong>A2<\/strong>,&nbsp;<strong>C1<\/strong>&nbsp;i&nbsp;<strong>C2<\/strong><\/p>\n\n\n\n<p style=\"margin-top:var(--wp--preset--spacing--20);margin-bottom:var(--wp--preset--spacing--20)\">El nou protocol estableix que les sol\u00b7licituds de devoluci\u00f3 de taxes i preus p\u00fablics s&#8217;han de gestionar de la manera seg\u00fcent:<\/p>\n\n\n\n<p style=\"margin-top:var(--wp--preset--spacing--20);margin-bottom:var(--wp--preset--spacing--20)\"><strong><a href=\"https:\/\/web.gencat.cat\/ca\/tramits\/tramits-temes\/devolucio-ingressos-indeguts\" target=\"_blank\" rel=\"noreferrer noopener\">Tramitador Gen\u00e8ric<\/a><\/strong> (opci\u00f3 recomanada ja que permet fer el seguiment de l\u2019estat del tr\u00e0mit), des d&#8217;on es podr\u00e0 emplenar el formulari de sol\u00b7licitud i enviar-lo directament al Servei de Gesti\u00f3 Pressupost\u00e0ria per a la seva tramitaci\u00f3.<\/p>\n\n\n\n<p style=\"margin-top:var(--wp--preset--spacing--20);margin-right:0;margin-bottom:var(--wp--preset--spacing--20);margin-left:0\"><strong><a href=\"https:\/\/drive.google.com\/file\/d\/1hOTQJs_KZrWsEd0KjZLK6y2auamns4RP\/view?usp=sharing\" data-type=\"link\" data-id=\"https:\/\/drive.google.com\/file\/d\/1hOTQJs_KZrWsEd0KjZLK6y2auamns4RP\/view?usp=sharing\" target=\"_blank\" rel=\"noreferrer noopener\">Sol\u00b7licitud ren\u00fancia EOI en paper<\/a><\/strong>&nbsp;(nom\u00e9s en casos excepcionals)<\/p>\n\n\n\n<p style=\"margin-top:var(--wp--preset--spacing--20);margin-bottom:var(--wp--preset--spacing--20)\">Les taxes o preus p\u00fablics de la matr\u00edcula a les EOI&nbsp;<strong>nom\u00e9s<\/strong>&nbsp;es poden&nbsp;<strong>retornar<\/strong>&nbsp;en els sup\u00f2sits que s&#8217;indiquen a continuaci\u00f3 i en els terminis que, quan escau, s&#8217;assenyalen:<\/p>\n\n\n\n<ol class=\"wp-block-list\">\n<li>Ren\u00fancia a la\u00a0<strong>matr\u00edcula oficial<\/strong>, quan la ren\u00fancia i la sol\u00b7licitud de retorn de taxes o preus p\u00fablics es produeixin fins al\u00a0<strong>10 d&#8217;octubre de 2025.\u00a0<\/strong> La ren\u00fancia a la matr\u00edcula oficial amb devoluci\u00f3 de taxa suposa l&#8217;anul\u00b7laci\u00f3 de la matr\u00edcula a tots els efectes i l&#8217;exclusi\u00f3 de la matr\u00edcula de l&#8217;expedient acad\u00e8mic de l&#8217;alumne\/a i, per tant, la ren\u00fancia a la pla\u00e7a. L&#8217;alumne\/a perd el dret a assistir a classe i no se li reserva la pla\u00e7a per al curs seg\u00fcent. Si el curs seg\u00fcent vol tornar a matricular-se, haur\u00e0 de fer preinscripci\u00f3 i sorteig de places. Cal aportar justificaci\u00f3.<\/li>\n\n\n\n<li>Ren\u00fancia a la inscripci\u00f3 a les proves lliures per a l&#8217;obtenci\u00f3 del certificat de nivell intermedi B1, del certificat de nivell intermedi B2 o del certificat de nivell avan\u00e7at C1 quan la ren\u00fancia i la sol\u00b7licitud de retorn de taxes o de preus p\u00fablics es produexin&nbsp;<strong>abans<\/strong>&nbsp;de la&nbsp;<strong>publicaci\u00f3<\/strong>&nbsp;de les&nbsp;<strong>llistes definitives<\/strong>&nbsp;de persones&nbsp;<strong>admeses<\/strong>.<\/li>\n\n\n\n<li>Pagaments duplicats o per un&nbsp; import superior.<\/li>\n\n\n\n<li>No aplicaci\u00f3 de bonificacions o exempcions a les quals l&#8217;alumne\/a t\u00e9 dret en el moment de la matr\u00edcula, per l&#8217;import corresponent.<\/li>\n\n\n\n<li>No prestaci\u00f3 dels servei per causes no imputables a l&#8217;alumne\/a. NO es consideren sup\u00f2sits de for\u00e7a major els canvis en l&#8217;horari laboral, ni els canvis de domicili o similars.<\/li>\n\n\n\n<li>En cas de trasllat a una altra comunitat aut\u00f2noma, l\u2019alumne\/a pot sol\u00b7licitar el retorn de taxes o preus p\u00fablics abans del\u00a0<strong>28 de novembre de 2025.\u00a0<\/strong><\/li>\n\n\n\n<li>Els alumnes de cursos flexibilitzats que han superat la primera part d&#8217;un nivell i posteriorment s&#8217;incorporen a un curs extensiu o intensiu i paguen la totalitat de la&#8217;import de matr\u00edcula corresponent, tenen dret a la devoluci\u00f3 de l&#8217;import de la darrera matr\u00edcula de la part aprovada en la modalitat flexible (aquesta modalitat no es fa a l&#8217;EOI Santa Coloma).&nbsp;<\/li>\n<\/ol>\n","protected":false},"excerpt":{"rendered":"<p>Curs 2025-26 La devoluci\u00f3 de taxes i preus p\u00fablics del curs 2025-26 s\u2019ha de sol\u00b7licitar a trav\u00e9s del tramitador gen\u00e8ric. [&hellip;]<\/p>\n","protected":false},"author":1,"featured_media":0,"parent":9477,"menu_order":8,"comment_status":"closed","ping_status":"closed","template":"","meta":{"_bbp_topic_count":0,"_bbp_reply_count":0,"_bbp_total_topic_count":0,"_bbp_total_reply_count":0,"_bbp_voice_count":0,"_bbp_anonymous_reply_count":0,"_bbp_topic_count_hidden":0,"_bbp_reply_count_hidden":0,"_bbp_forum_subforum_count":0,"site-sidebar-layout":"default","site-content-layout":"","ast-site-content-layout":"default","site-content-style":"default","site-sidebar-style":"default","ast-global-header-display":"","ast-banner-title-visibility":"","ast-main-header-display":"","ast-hfb-above-header-display":"","ast-hfb-below-header-display":"","ast-hfb-mobile-header-display":"","site-post-title":"","ast-breadcrumbs-content":"","ast-featured-img":"","footer-sml-layout":"","theme-transparent-header-meta":"","adv-header-id-meta":"","stick-header-meta":"","header-above-stick-meta":"","header-main-stick-meta":"","header-below-stick-meta":"","astra-migrate-meta-layouts":"set","ast-page-background-enabled":"default","ast-page-background-meta":{"desktop":{"background-color":"var(--ast-global-color-4)","background-image":"","background-repeat":"repeat","background-position":"center center","background-size":"auto","background-attachment":"scroll","background-type":"","background-media":"","overlay-type":"","overlay-color":"","overlay-opacity":"","overlay-gradient":""},"tablet":{"background-color":"","background-image":"","background-repeat":"repeat","background-position":"center center","background-size":"auto","background-attachment":"scroll","background-type":"","background-media":"","overlay-type":"","overlay-color":"","overlay-opacity":"","overlay-gradient":""},"mobile":{"background-color":"","background-image":"","background-repeat":"repeat","background-position":"center center","background-size":"auto","background-attachment":"scroll","background-type":"","background-media":"","overlay-type":"","overlay-color":"","overlay-opacity":"","overlay-gradient":""}},"ast-content-background-meta":{"desktop":{"background-color":"var(--ast-global-color-5)","background-image":"","background-repeat":"repeat","background-position":"center center","background-size":"auto","background-attachment":"scroll","background-type":"","background-media":"","overlay-type":"","overlay-color":"","overlay-opacity":"","overlay-gradient":""},"tablet":{"background-color":"var(--ast-global-color-5)","background-image":"","background-repeat":"repeat","background-position":"center center","background-size":"auto","background-attachment":"scroll","background-type":"","background-media":"","overlay-type":"","overlay-color":"","overlay-opacity":"","overlay-gradient":""},"mobile":{"background-color":"var(--ast-global-color-5)","background-image":"","background-repeat":"repeat","background-position":"center center","background-size":"auto","background-attachment":"scroll","background-type":"","background-media":"","overlay-type":"","overlay-color":"","overlay-opacity":"","overlay-gradient":""}},"footnotes":""},"class_list":["post-9526","page","type-page","status-publish","hentry"],"post_mailing_queue_ids":[],"_links":{"self":[{"href":"https:\/\/agora-eoi.xtec.cat\/eoisantacoloma\/wp-json\/wp\/v2\/pages\/9526","targetHints":{"allow":["GET"]}}],"collection":[{"href":"https:\/\/agora-eoi.xtec.cat\/eoisantacoloma\/wp-json\/wp\/v2\/pages"}],"about":[{"href":"https:\/\/agora-eoi.xtec.cat\/eoisantacoloma\/wp-json\/wp\/v2\/types\/page"}],"author":[{"embeddable":true,"href":"https:\/\/agora-eoi.xtec.cat\/eoisantacoloma\/wp-json\/wp\/v2\/users\/1"}],"replies":[{"embeddable":true,"href":"https:\/\/agora-eoi.xtec.cat\/eoisantacoloma\/wp-json\/wp\/v2\/comments?post=9526"}],"version-history":[{"count":6,"href":"https:\/\/agora-eoi.xtec.cat\/eoisantacoloma\/wp-json\/wp\/v2\/pages\/9526\/revisions"}],"predecessor-version":[{"id":10235,"href":"https:\/\/agora-eoi.xtec.cat\/eoisantacoloma\/wp-json\/wp\/v2\/pages\/9526\/revisions\/10235"}],"up":[{"embeddable":true,"href":"https:\/\/agora-eoi.xtec.cat\/eoisantacoloma\/wp-json\/wp\/v2\/pages\/9477"}],"wp:attachment":[{"href":"https:\/\/agora-eoi.xtec.cat\/eoisantacoloma\/wp-json\/wp\/v2\/media?parent=9526"}],"curies":[{"name":"wp","href":"https:\/\/api.w.org\/{rel}","templated":true}]}}