{"id":9518,"date":"2024-03-11T19:27:13","date_gmt":"2024-03-11T18:27:13","guid":{"rendered":"https:\/\/agora-eoi.xtec.cat\/eoisantacoloma\/?page_id=9518"},"modified":"2025-07-15T12:06:31","modified_gmt":"2025-07-15T10:06:31","slug":"canvis-dhorari","status":"publish","type":"page","link":"https:\/\/agora-eoi.xtec.cat\/eoisantacoloma\/departament-dalumnat\/canvis-dhorari\/","title":{"rendered":"Canvis d&#8217;horari"},"content":{"rendered":"\n<h2 class=\"wp-block-heading has-ast-global-color-0-color has-text-color has-link-color wp-elements-c7870a84772b3f79767b973090be1ed3\" style=\"font-size:22px\"><strong>Curs 2025-2026<\/strong><\/h2>\n\n\n\n<h3 class=\"wp-block-heading has-medium-font-size\"><strong><strong>Primer Termini<\/strong><\/strong><\/h3>\n\n\n\n<p style=\"margin-top:var(--wp--preset--spacing--20);margin-bottom:var(--wp--preset--spacing--20)\"><strong>Des del dia 1\/10\/2025 i fins al 8\/10\/2025<\/strong><\/p>\n\n\n\n<p style=\"margin-top:var(--wp--preset--spacing--40);margin-bottom:var(--wp--preset--spacing--40)\"><strong>Procediment:<\/strong><\/p>\n\n\n\n<ol class=\"wp-block-list\">\n<li style=\"margin-right:-20px;margin-left:-20px\">Adreceu-vos al&nbsp;<strong>departament d\u2019alumnat&nbsp;<\/strong>(en el seu horari d\u2019atenci\u00f3 al p\u00fablic) i demaneu un impr\u00e8s de sol\u00b7licitud de canvi d\u2019horari.<\/li>\n\n\n\n<li style=\"margin-right:-20px;margin-left:-20px\">Retorneu-lo al&nbsp;<strong>departament d\u2019alumnat juntament amb aquells documents justificatius que pugueu aportar<\/strong><em>.<\/em><\/li>\n\n\n\n<li style=\"margin-right:-20px;margin-left:-20px\">La comissi\u00f3 permanent estudiar\u00e0 els casos presentats i concedir\u00e0 els canvis d\u2019horari que permetin les vacants disponibles, seguint sempre l\u2019ordre de prioritats establert a les Normes de Funcionament i Organitzaci\u00f3 de l\u2019EOI Santa Coloma.<\/li>\n\n\n\n<li style=\"margin-right:-20px;margin-left:-20px\">Rebreu resposta a la vostra sol\u00b7licitud al m\u00e9s aviat possible.<\/li>\n<\/ol>\n\n\n\n<h3 class=\"wp-block-heading has-medium-font-size\"><strong>Segon Termini<\/strong><\/h3>\n\n\n\n<p style=\"margin-top:var(--wp--preset--spacing--30);margin-bottom:var(--wp--preset--spacing--30)\"><strong>A partir del dia 9 d\u2019octubre i fins a final de curs.<\/strong><\/p>\n\n\n\n<p>A partir del dia 9 d\u2019octubre comen\u00e7ar\u00e0 el segon termini per sol\u00b7licitar canvi d\u2019horari i s\u2019allargar\u00e0 durant tot el curs. Durant aquest segon termini nom\u00e9s contactarem amb vosaltres si se us pot concedir el canvi d\u2019horari. Podeu descarregar l&#8217;impr\u00e8s de canvi d&#8217;horari en l&#8217;enlla\u00e7 seg\u00fcent:<\/p>\n\n\n\n<p>\u00a0<a href=\"https:\/\/drive.google.com\/file\/d\/1Whxe7fpxwXMHJx6QzV4DosPypWpaBDC5\/view?usp=sharing\" data-type=\"link\" data-id=\"https:\/\/drive.google.com\/file\/d\/1Whxe7fpxwXMHJx6QzV4DosPypWpaBDC5\/view?usp=sharing\" target=\"_blank\" rel=\"noreferrer noopener\">Sol\u00b7licitud canvi horari<\/a><\/p>\n\n\n\n<p><\/p>\n","protected":false},"excerpt":{"rendered":"<p>Curs 2025-2026 Primer Termini Des del dia 1\/10\/2025 i fins al 8\/10\/2025 Procediment: Segon Termini A partir del dia 9 [&hellip;]<\/p>\n","protected":false},"author":1,"featured_media":0,"parent":9477,"menu_order":4,"comment_status":"closed","ping_status":"closed","template":"","meta":{"_bbp_topic_count":0,"_bbp_reply_count":0,"_bbp_total_topic_count":0,"_bbp_total_reply_count":0,"_bbp_voice_count":0,"_bbp_anonymous_reply_count":0,"_bbp_topic_count_hidden":0,"_bbp_reply_count_hidden":0,"_bbp_forum_subforum_count":0,"site-sidebar-layout":"default","site-content-layout":"","ast-site-content-layout":"default","site-content-style":"default","site-sidebar-style":"default","ast-global-header-display":"","ast-banner-title-visibility":"","ast-main-header-display":"","ast-hfb-above-header-display":"","ast-hfb-below-header-display":"","ast-hfb-mobile-header-display":"","site-post-title":"","ast-breadcrumbs-content":"","ast-featured-img":"","footer-sml-layout":"","theme-transparent-header-meta":"","adv-header-id-meta":"","stick-header-meta":"","header-above-stick-meta":"","header-main-stick-meta":"","header-below-stick-meta":"","astra-migrate-meta-layouts":"set","ast-page-background-enabled":"default","ast-page-background-meta":{"desktop":{"background-color":"var(--ast-global-color-4)","background-image":"","background-repeat":"repeat","background-position":"center center","background-size":"auto","background-attachment":"scroll","background-type":"","background-media":"","overlay-type":"","overlay-color":"","overlay-opacity":"","overlay-gradient":""},"tablet":{"background-color":"","background-image":"","background-repeat":"repeat","background-position":"center center","background-size":"auto","background-attachment":"scroll","background-type":"","background-media":"","overlay-type":"","overlay-color":"","overlay-opacity":"","overlay-gradient":""},"mobile":{"background-color":"","background-image":"","background-repeat":"repeat","background-position":"center center","background-size":"auto","background-attachment":"scroll","background-type":"","background-media":"","overlay-type":"","overlay-color":"","overlay-opacity":"","overlay-gradient":""}},"ast-content-background-meta":{"desktop":{"background-color":"var(--ast-global-color-5)","background-image":"","background-repeat":"repeat","background-position":"center center","background-size":"auto","background-attachment":"scroll","background-type":"","background-media":"","overlay-type":"","overlay-color":"","overlay-opacity":"","overlay-gradient":""},"tablet":{"background-color":"var(--ast-global-color-5)","background-image":"","background-repeat":"repeat","background-position":"center center","background-size":"auto","background-attachment":"scroll","background-type":"","background-media":"","overlay-type":"","overlay-color":"","overlay-opacity":"","overlay-gradient":""},"mobile":{"background-color":"var(--ast-global-color-5)","background-image":"","background-repeat":"repeat","background-position":"center center","background-size":"auto","background-attachment":"scroll","background-type":"","background-media":"","overlay-type":"","overlay-color":"","overlay-opacity":"","overlay-gradient":""}},"footnotes":""},"class_list":["post-9518","page","type-page","status-publish","hentry"],"post_mailing_queue_ids":[],"_links":{"self":[{"href":"https:\/\/agora-eoi.xtec.cat\/eoisantacoloma\/wp-json\/wp\/v2\/pages\/9518","targetHints":{"allow":["GET"]}}],"collection":[{"href":"https:\/\/agora-eoi.xtec.cat\/eoisantacoloma\/wp-json\/wp\/v2\/pages"}],"about":[{"href":"https:\/\/agora-eoi.xtec.cat\/eoisantacoloma\/wp-json\/wp\/v2\/types\/page"}],"author":[{"embeddable":true,"href":"https:\/\/agora-eoi.xtec.cat\/eoisantacoloma\/wp-json\/wp\/v2\/users\/1"}],"replies":[{"embeddable":true,"href":"https:\/\/agora-eoi.xtec.cat\/eoisantacoloma\/wp-json\/wp\/v2\/comments?post=9518"}],"version-history":[{"count":6,"href":"https:\/\/agora-eoi.xtec.cat\/eoisantacoloma\/wp-json\/wp\/v2\/pages\/9518\/revisions"}],"predecessor-version":[{"id":10232,"href":"https:\/\/agora-eoi.xtec.cat\/eoisantacoloma\/wp-json\/wp\/v2\/pages\/9518\/revisions\/10232"}],"up":[{"embeddable":true,"href":"https:\/\/agora-eoi.xtec.cat\/eoisantacoloma\/wp-json\/wp\/v2\/pages\/9477"}],"wp:attachment":[{"href":"https:\/\/agora-eoi.xtec.cat\/eoisantacoloma\/wp-json\/wp\/v2\/media?parent=9518"}],"curies":[{"name":"wp","href":"https:\/\/api.w.org\/{rel}","templated":true}]}}