{"id":9516,"date":"2024-03-11T19:26:52","date_gmt":"2024-03-11T18:26:52","guid":{"rendered":"https:\/\/agora-eoi.xtec.cat\/eoisantacoloma\/?page_id=9516"},"modified":"2025-07-15T12:00:39","modified_gmt":"2025-07-15T10:00:39","slug":"renuncies","status":"publish","type":"page","link":"https:\/\/agora-eoi.xtec.cat\/eoisantacoloma\/departament-dalumnat\/renuncies\/","title":{"rendered":"Ren\u00fancies"},"content":{"rendered":"\n<h2 class=\"wp-block-heading has-ast-global-color-0-color has-text-color has-link-color wp-elements-c7870a84772b3f79767b973090be1ed3\" style=\"font-size:22px\"><strong>Curs 2025-2026<\/strong><\/h2>\n\n\n\n<p style=\"margin-top:var(--wp--preset--spacing--20);margin-bottom:var(--wp--preset--spacing--20)\">L\u2019alumnat oficial pot presentar la sol\u00b7licitud de ren\u00fancia al curs en qu\u00e8 es troba matriculat, en un termini que<strong>\u00a0acabar\u00e0 el 28 de novembre de 2025.  <\/strong><\/p>\n\n\n\n<p style=\"margin-top:var(--wp--preset--spacing--20);margin-bottom:var(--wp--preset--spacing--20)\"><strong>Es reservar\u00e0 pla\u00e7a nom\u00e9s per al curs immediatament posterior.<\/strong><\/p>\n\n\n\n<p style=\"margin-top:var(--wp--preset--spacing--20);margin-bottom:var(--wp--preset--spacing--20)\">Aquesta ren\u00fancia no suposa el c\u00f2mput del curs a efectes de repetici\u00f3,&nbsp;<strong>ni el dret al retorn de l\u2019import de la matr\u00edcula&nbsp;(tampoc es pot reservar l\u2019import de la matr\u00edcula per al curs vinent).&nbsp;<\/strong><\/p>\n\n\n\n<p style=\"margin-top:var(--wp--preset--spacing--20);margin-bottom:var(--wp--preset--spacing--20)\">Amb posterioritat al termini de ren\u00fancia establert, si un alumne\/a oficial abandona, el curs es computar\u00e0 a efectes de repetici\u00f3 i l\u2019alumne\/a tindr\u00e0, a tots els efectes, la consideraci\u00f3 de \u201c<strong>No presentat\/da<\/strong>\u201d en la qualificaci\u00f3 final.<\/p>\n\n\n\n<p style=\"margin-top:var(--wp--preset--spacing--20);margin-bottom:var(--wp--preset--spacing--20)\">D\u2019aquestes ren\u00fancies l\u2019alumne\/a podr\u00e0 fer-ne nom\u00e9s <strong>una per curs i idioma<\/strong>.<\/p>\n\n\n\n<p style=\"margin-top:var(--wp--preset--spacing--20);margin-bottom:var(--wp--preset--spacing--20)\">El termini per sol.licitar la ren\u00fancia\u00a0<strong>comen\u00e7a\u00a0<em>el 22 de setembre i finalitza el 28 de novembre de 2025<\/em><\/strong>. Heu de presentar la sol\u00b7licitud\u00a0<strong>al Departament d\u2019alumna<\/strong>t (<a href=\"https:\/\/agora-eoi.xtec.cat\/eoisantacoloma\/lescola\/horari-datencio\/\" data-type=\"page\" data-id=\"9492\">consulteu-ne l\u2019horari<\/a>).<\/p>\n\n\n\n<p><a href=\"https:\/\/drive.google.com\/file\/d\/1B4DeuR45xq96lq93Chsmrr138_kVfO8g\/view?usp=sharing\" data-type=\"link\" data-id=\"https:\/\/drive.google.com\/file\/d\/1B4DeuR45xq96lq93Chsmrr138_kVfO8g\/view?usp=sharing\" target=\"_blank\" rel=\"noreferrer noopener\">Sol\u00b7licitud de ren\u00fancia de matr\u00edcula<\/a><\/p>\n","protected":false},"excerpt":{"rendered":"<p>Curs 2025-2026 L\u2019alumnat oficial pot presentar la sol\u00b7licitud de ren\u00fancia al curs en qu\u00e8 es troba matriculat, en un termini [&hellip;]<\/p>\n","protected":false},"author":1,"featured_media":0,"parent":9477,"menu_order":3,"comment_status":"closed","ping_status":"closed","template":"","meta":{"_bbp_topic_count":0,"_bbp_reply_count":0,"_bbp_total_topic_count":0,"_bbp_total_reply_count":0,"_bbp_voice_count":0,"_bbp_anonymous_reply_count":0,"_bbp_topic_count_hidden":0,"_bbp_reply_count_hidden":0,"_bbp_forum_subforum_count":0,"site-sidebar-layout":"default","site-content-layout":"","ast-site-content-layout":"default","site-content-style":"default","site-sidebar-style":"default","ast-global-header-display":"","ast-banner-title-visibility":"","ast-main-header-display":"","ast-hfb-above-header-display":"","ast-hfb-below-header-display":"","ast-hfb-mobile-header-display":"","site-post-title":"","ast-breadcrumbs-content":"","ast-featured-img":"","footer-sml-layout":"","theme-transparent-header-meta":"","adv-header-id-meta":"","stick-header-meta":"","header-above-stick-meta":"","header-main-stick-meta":"","header-below-stick-meta":"","astra-migrate-meta-layouts":"set","ast-page-background-enabled":"default","ast-page-background-meta":{"desktop":{"background-color":"var(--ast-global-color-4)","background-image":"","background-repeat":"repeat","background-position":"center center","background-size":"auto","background-attachment":"scroll","background-type":"","background-media":"","overlay-type":"","overlay-color":"","overlay-opacity":"","overlay-gradient":""},"tablet":{"background-color":"","background-image":"","background-repeat":"repeat","background-position":"center center","background-size":"auto","background-attachment":"scroll","background-type":"","background-media":"","overlay-type":"","overlay-color":"","overlay-opacity":"","overlay-gradient":""},"mobile":{"background-color":"","background-image":"","background-repeat":"repeat","background-position":"center center","background-size":"auto","background-attachment":"scroll","background-type":"","background-media":"","overlay-type":"","overlay-color":"","overlay-opacity":"","overlay-gradient":""}},"ast-content-background-meta":{"desktop":{"background-color":"var(--ast-global-color-5)","background-image":"","background-repeat":"repeat","background-position":"center center","background-size":"auto","background-attachment":"scroll","background-type":"","background-media":"","overlay-type":"","overlay-color":"","overlay-opacity":"","overlay-gradient":""},"tablet":{"background-color":"var(--ast-global-color-5)","background-image":"","background-repeat":"repeat","background-position":"center center","background-size":"auto","background-attachment":"scroll","background-type":"","background-media":"","overlay-type":"","overlay-color":"","overlay-opacity":"","overlay-gradient":""},"mobile":{"background-color":"var(--ast-global-color-5)","background-image":"","background-repeat":"repeat","background-position":"center center","background-size":"auto","background-attachment":"scroll","background-type":"","background-media":"","overlay-type":"","overlay-color":"","overlay-opacity":"","overlay-gradient":""}},"footnotes":""},"class_list":["post-9516","page","type-page","status-publish","hentry"],"post_mailing_queue_ids":[],"_links":{"self":[{"href":"https:\/\/agora-eoi.xtec.cat\/eoisantacoloma\/wp-json\/wp\/v2\/pages\/9516","targetHints":{"allow":["GET"]}}],"collection":[{"href":"https:\/\/agora-eoi.xtec.cat\/eoisantacoloma\/wp-json\/wp\/v2\/pages"}],"about":[{"href":"https:\/\/agora-eoi.xtec.cat\/eoisantacoloma\/wp-json\/wp\/v2\/types\/page"}],"author":[{"embeddable":true,"href":"https:\/\/agora-eoi.xtec.cat\/eoisantacoloma\/wp-json\/wp\/v2\/users\/1"}],"replies":[{"embeddable":true,"href":"https:\/\/agora-eoi.xtec.cat\/eoisantacoloma\/wp-json\/wp\/v2\/comments?post=9516"}],"version-history":[{"count":5,"href":"https:\/\/agora-eoi.xtec.cat\/eoisantacoloma\/wp-json\/wp\/v2\/pages\/9516\/revisions"}],"predecessor-version":[{"id":10229,"href":"https:\/\/agora-eoi.xtec.cat\/eoisantacoloma\/wp-json\/wp\/v2\/pages\/9516\/revisions\/10229"}],"up":[{"embeddable":true,"href":"https:\/\/agora-eoi.xtec.cat\/eoisantacoloma\/wp-json\/wp\/v2\/pages\/9477"}],"wp:attachment":[{"href":"https:\/\/agora-eoi.xtec.cat\/eoisantacoloma\/wp-json\/wp\/v2\/media?parent=9516"}],"curies":[{"name":"wp","href":"https:\/\/api.w.org\/{rel}","templated":true}]}}