{"id":9514,"date":"2024-03-11T19:25:56","date_gmt":"2024-03-11T18:25:56","guid":{"rendered":"https:\/\/agora-eoi.xtec.cat\/eoisantacoloma\/?page_id=9514"},"modified":"2025-07-15T12:12:15","modified_gmt":"2025-07-15T10:12:15","slug":"trasllat-dexpedient","status":"publish","type":"page","link":"https:\/\/agora-eoi.xtec.cat\/eoisantacoloma\/departament-dalumnat\/trasllat-dexpedient\/","title":{"rendered":"Trasllat d&#8217;expedient"},"content":{"rendered":"\n<h2 class=\"wp-block-heading has-ast-global-color-0-color has-text-color has-link-color has-medium-font-size wp-elements-6d09fd596aaf4ccfc5c49793587559ed\"><strong>TRASLLAT DE L&#8217;ALUMNE DURANT EL CURS ACAD\u00c8MIC 2025-2026<\/strong><\/h2>\n\n\n\n<p style=\"margin-top:var(--wp--preset--spacing--20);margin-bottom:var(--wp--preset--spacing--20);padding-top:0;padding-bottom:0\">Si despr\u00e9s de formalitzar la matr\u00edcula en un centre, un\/a alumne\/a&nbsp;<strong>demana poder continuar el curs en un altre centre<\/strong>, el trasllat s&#8217;anomena trasllat de&nbsp;<strong>matr\u00edcula viva<\/strong>. <\/p>\n\n\n\n<p style=\"margin-top:0;margin-bottom:0;padding-top:0;padding-bottom:0\">El&nbsp;<strong>termini<\/strong>&nbsp;per efectuar trasllats de matr\u00edcula viva per als cursos extensius ( de setembre a maig-juny) finalitzar\u00e0&nbsp;<strong>el 30 d&#8217;abril de 2025.<\/strong><\/p>\n\n\n\n<p style=\"margin-top:var(--wp--preset--spacing--20);margin-bottom:var(--wp--preset--spacing--20)\">(Per trasllats que impliquin canvi de modalitat a cursos flexibilitzats d&#8217;una altra EOI o de cursos flexibilitzats d&#8217;una altra EOI a cursos extensius de l&#8217;EOI Santa Coloma contacteu amb el nostre centre per a dates i altra informaci\u00f3 )&nbsp;<\/p>\n\n\n\n<p style=\"margin-top:var(--wp--preset--spacing--20);margin-bottom:var(--wp--preset--spacing--20)\">La<strong>&nbsp;sol\u00b7licitud de matr\u00edcula s&#8217;ha de fer al centre de destinaci\u00f3<\/strong>&nbsp;mitjan\u00e7ant el model &#8220;Sol\u00b7licitud de trasllat d&#8217;expedient&#8221; i quedar\u00e0 condicionada a la disponibilitat de places en aquest centre. La documentaci\u00f3 que caldr\u00e0&nbsp;<strong>aportar \u00e9s el full de pagament de la matr\u00edcula efectuada en el centre d&#8217;origen<\/strong>. En el moment de produir-se una vacant, l&#8217;EOI de destinaci\u00f3 ho ha de comunicar a la persona sol\u00b7licitant. L&#8217;EOI de destinaci\u00f3 ha de tramitar d&#8217;ofici el trasllat d&#8217;expedient de l&#8217;alumne o alumna.<\/p>\n\n\n\n<p style=\"margin-top:var(--wp--preset--spacing--20);margin-bottom:var(--wp--preset--spacing--20)\">En cas de no haver-hi vacants en l&#8217;EOI de destinaci\u00f3, s&#8217;obrir\u00e0 una llista d&#8217;espera en qu\u00e8 les persones sol\u00b7licitants han de poder indicar els grups i horaris desitjats.<\/p>\n\n\n\n<p><strong>Tramitaci\u00f3 al departament d&#8217;alumnat.<\/strong><\/p>\n\n\n\n<h2 class=\"wp-block-heading has-ast-global-color-0-color has-text-color has-link-color has-medium-font-size wp-elements-bc0b639ca5b95eb7a1c43a074f638c75\"><strong>TRASLLAT EXCEPCIONAL PER A ANTIC ALUMNAT DURANT EL MES DE JULIOL 2025<\/strong><\/h2>\n\n\n\n<p>De manera extraordin\u00e0ria i dins el per\u00edode no lectiu, l\u2019alumnat oficial, un cop hagi formalitzat la matr\u00edcula al seu centre d\u2019origen, poden sol\u00b7licitar un&nbsp;<strong>trasllat de matr\u00edcula<\/strong>&nbsp;a una altra escola els dies&nbsp;<strong>10 <\/strong>i <strong>11 <\/strong>de <strong>juliol.<\/strong>&nbsp;La sol\u00b7licitud es far\u00e0, <strong>preferentment <\/strong>de manera <strong>telem\u00e0tica <\/strong>(<a href=\"mailto:eoisantacoloma@xtec.cat\">eoisantacoloma@xtec.cat<\/a>) o, <strong>si no<\/strong> \u00e9s possible, presencialment a l\u2019escola de destinaci\u00f3, i quedar\u00e0 condicionada a la disponibilitat de places. L\u2019escola de destinaci\u00f3 es posar\u00e0 en contacte amb l\u2019alumnat, a trav\u00e9s dels mitjans que estableixi, per notificar&nbsp; l\u2019acceptaci\u00f3 o la denegaci\u00f3 del trasllat. En cas d\u2019acceptaci\u00f3, el proc\u00e9s de trasllat ha d\u2019haver acabat com a molt tard el&nbsp;<strong>17 de juliol<\/strong>. La documentaci\u00f3 que <strong>caldr\u00e0 aportar <\/strong>en el moment de sol\u00b7licitar el trasllat ser\u00e0 <strong>el full de pagament de la matr\u00edcula<\/strong>. En cas que s\u2019accepti, caldr\u00e0 tramitar el trasllat d\u2019expedient a l\u2019escola d\u2019origen.<\/p>\n","protected":false},"excerpt":{"rendered":"<p>TRASLLAT DE L&#8217;ALUMNE DURANT EL CURS ACAD\u00c8MIC 2025-2026 Si despr\u00e9s de formalitzar la matr\u00edcula en un centre, un\/a alumne\/a&nbsp;demana poder [&hellip;]<\/p>\n","protected":false},"author":1,"featured_media":0,"parent":9477,"menu_order":2,"comment_status":"closed","ping_status":"closed","template":"","meta":{"_bbp_topic_count":0,"_bbp_reply_count":0,"_bbp_total_topic_count":0,"_bbp_total_reply_count":0,"_bbp_voice_count":0,"_bbp_anonymous_reply_count":0,"_bbp_topic_count_hidden":0,"_bbp_reply_count_hidden":0,"_bbp_forum_subforum_count":0,"site-sidebar-layout":"default","site-content-layout":"","ast-site-content-layout":"default","site-content-style":"default","site-sidebar-style":"default","ast-global-header-display":"","ast-banner-title-visibility":"","ast-main-header-display":"","ast-hfb-above-header-display":"","ast-hfb-below-header-display":"","ast-hfb-mobile-header-display":"","site-post-title":"","ast-breadcrumbs-content":"","ast-featured-img":"","footer-sml-layout":"","theme-transparent-header-meta":"","adv-header-id-meta":"","stick-header-meta":"","header-above-stick-meta":"","header-main-stick-meta":"","header-below-stick-meta":"","astra-migrate-meta-layouts":"set","ast-page-background-enabled":"default","ast-page-background-meta":{"desktop":{"background-color":"var(--ast-global-color-4)","background-image":"","background-repeat":"repeat","background-position":"center center","background-size":"auto","background-attachment":"scroll","background-type":"","background-media":"","overlay-type":"","overlay-color":"","overlay-opacity":"","overlay-gradient":""},"tablet":{"background-color":"","background-image":"","background-repeat":"repeat","background-position":"center center","background-size":"auto","background-attachment":"scroll","background-type":"","background-media":"","overlay-type":"","overlay-color":"","overlay-opacity":"","overlay-gradient":""},"mobile":{"background-color":"","background-image":"","background-repeat":"repeat","background-position":"center center","background-size":"auto","background-attachment":"scroll","background-type":"","background-media":"","overlay-type":"","overlay-color":"","overlay-opacity":"","overlay-gradient":""}},"ast-content-background-meta":{"desktop":{"background-color":"var(--ast-global-color-5)","background-image":"","background-repeat":"repeat","background-position":"center center","background-size":"auto","background-attachment":"scroll","background-type":"","background-media":"","overlay-type":"","overlay-color":"","overlay-opacity":"","overlay-gradient":""},"tablet":{"background-color":"var(--ast-global-color-5)","background-image":"","background-repeat":"repeat","background-position":"center center","background-size":"auto","background-attachment":"scroll","background-type":"","background-media":"","overlay-type":"","overlay-color":"","overlay-opacity":"","overlay-gradient":""},"mobile":{"background-color":"var(--ast-global-color-5)","background-image":"","background-repeat":"repeat","background-position":"center center","background-size":"auto","background-attachment":"scroll","background-type":"","background-media":"","overlay-type":"","overlay-color":"","overlay-opacity":"","overlay-gradient":""}},"footnotes":""},"class_list":["post-9514","page","type-page","status-publish","hentry"],"post_mailing_queue_ids":[],"_links":{"self":[{"href":"https:\/\/agora-eoi.xtec.cat\/eoisantacoloma\/wp-json\/wp\/v2\/pages\/9514","targetHints":{"allow":["GET"]}}],"collection":[{"href":"https:\/\/agora-eoi.xtec.cat\/eoisantacoloma\/wp-json\/wp\/v2\/pages"}],"about":[{"href":"https:\/\/agora-eoi.xtec.cat\/eoisantacoloma\/wp-json\/wp\/v2\/types\/page"}],"author":[{"embeddable":true,"href":"https:\/\/agora-eoi.xtec.cat\/eoisantacoloma\/wp-json\/wp\/v2\/users\/1"}],"replies":[{"embeddable":true,"href":"https:\/\/agora-eoi.xtec.cat\/eoisantacoloma\/wp-json\/wp\/v2\/comments?post=9514"}],"version-history":[{"count":6,"href":"https:\/\/agora-eoi.xtec.cat\/eoisantacoloma\/wp-json\/wp\/v2\/pages\/9514\/revisions"}],"predecessor-version":[{"id":10236,"href":"https:\/\/agora-eoi.xtec.cat\/eoisantacoloma\/wp-json\/wp\/v2\/pages\/9514\/revisions\/10236"}],"up":[{"embeddable":true,"href":"https:\/\/agora-eoi.xtec.cat\/eoisantacoloma\/wp-json\/wp\/v2\/pages\/9477"}],"wp:attachment":[{"href":"https:\/\/agora-eoi.xtec.cat\/eoisantacoloma\/wp-json\/wp\/v2\/media?parent=9514"}],"curies":[{"name":"wp","href":"https:\/\/api.w.org\/{rel}","templated":true}]}}