{"id":9502,"date":"2024-03-11T19:22:24","date_gmt":"2024-03-11T18:22:24","guid":{"rendered":"https:\/\/agora-eoi.xtec.cat\/eoisantacoloma\/?page_id=9502"},"modified":"2025-09-10T11:16:45","modified_gmt":"2025-09-10T09:16:45","slug":"cursos-monografics","status":"publish","type":"page","link":"https:\/\/agora-eoi.xtec.cat\/eoisantacoloma\/cursos\/cursos-monografics\/","title":{"rendered":"Cursos d&#8217;oferta espec\u00edfica"},"content":{"rendered":"\n<h2 class=\"wp-block-heading has-ast-global-color-0-color has-text-color has-link-color has-medium-font-size wp-elements-1e77f4229811fcf1484327471ae9c293\">CURSOS D&#8217;OFERTA ESPEC\u00cdFICA 2025-2026<\/h2>\n\n\n\n<p><strong>Actualment no disposem d&#8217;oferta d&#8217;aquest tipus de cursos.<\/strong><\/p>\n\n\n\n<h2 class=\"wp-block-heading has-ast-global-color-0-color has-text-color has-link-color has-medium-font-size wp-elements-0a4a766eaccea80b3b109396a68bd99d\">CURSOS D&#8217;OFERTA ESPEC\u00cdFICA 2024-2025<\/h2>\n\n\n\n<p><strong>Qu\u00e8 s\u00f3n?&nbsp;&nbsp;<\/strong><\/p>\n\n\n\n<p>S\u00f3n cursos de&nbsp;<strong>30 hores com a m\u00ednim<\/strong>, organitzats per l\u2019Escola per promoure l\u2019educaci\u00f3 permanent al marge dels programes oficials. Els objectius d\u2019aquests cursos s\u00f3n diversos, per exemple: desenvolupar habilitats orals generals, adquirir habilitats per al m\u00f3n dels negocis o per als estudis universitaris (l\u00e8xic espec\u00edfic de l\u2019empresa, presentacions p\u00fabliques, redacci\u00f3 de curr\u00edculum, presentaci\u00f3 de projectes o productes, etc.) o b\u00e9 estudiar en profunditat la realitat sociocultural dels pa\u00efsos on es parla la llengua objecte d&#8217;estudi (literatura, cinema, hist\u00f2ria, civilitzaci\u00f3, costums, institucions, etc.). Consulteu l\u2019oferta per a cada idioma.<\/p>\n\n\n\n<p><strong>Reconeixement<\/strong>:&nbsp;<\/p>\n\n\n\n<p>Aquests cursos estan&nbsp;<strong>reconeguts<\/strong>&nbsp;pel<strong>&nbsp;Departament d&#8217;Educaci\u00f3<\/strong>&nbsp;com a&nbsp;<em><strong>Activitat de Formaci\u00f3 Permanent del Professorat<\/strong><\/em>. En acabar el curs, es donar\u00e0 un certificat acreditatiu. Es requereix un 80% d\u2019assist\u00e8ncia per obtenir-lo. Algunes&nbsp;<strong>universitats<\/strong>&nbsp;de Catalunya tamb\u00e9 reconeixen aquests cursos com a cr\u00e8dits d\u2019idiomes de lliure elecci\u00f3: consulteu amb la vostra universitat.<\/p>\n\n\n\n<p><strong>Durada:<\/strong><\/p>\n\n\n\n<ul class=\"wp-block-list\">\n<li>Primer quadrimestre: d\u2019octubre a febrer<\/li>\n\n\n\n<li>Segon quadrimestre: de febrer a juny<\/li>\n\n\n\n<li>Durada de les classes: 2 hores per sessi\u00f3, una sessi\u00f3 per setmana<\/li>\n<\/ul>\n\n\n\n<p><strong>Format:&nbsp;presencial<\/strong><\/p>\n\n\n\n<p><strong>Preu:&nbsp;<\/strong><\/p>\n\n\n\n<p><strong>D\u2019acord amb l\u2019ordre de preus p\u00fablics&nbsp;<\/strong><a href=\"https:\/\/www.sindicat.net\/media\/main\/uploads\/2020\/09\/22\/1813076.pdf\">EDU\/155\/2020, de 18 de setembre<\/a>, en funci\u00f3 del nivell i del nombre d\u2019hores.<\/p>\n\n\n\n<p>Per al curs 2023-2024: 204 euros (curs de 30 hores). Consulteu l\u2019oferta de cada curs.<\/p>\n\n\n\n<p><strong>Condicions de matriculaci\u00f3:<\/strong><\/p>\n\n\n\n<ul class=\"wp-block-list\">\n<li><strong>Edat m\u00ednima:<\/strong>&nbsp;16 anys<\/li>\n\n\n\n<li><strong>Nivell de llengua:<\/strong>&nbsp;Per als cursos d\u2019iniciaci\u00f3 no es requereixen estudis previs. Per a la resta de cursos, les persones que no puguin acreditar el nivell requerit espec\u00edficament, hauran de fer una prova d\u2019anivellament&nbsp;<\/li>\n<\/ul>\n\n\n\n<p><strong>Dates de matr\u00edcula<\/strong><\/p>\n\n\n\n<ul class=\"wp-block-list\">\n<li><strong>Durant el mes de setembre s&#8217;informar\u00e0 del procediment i dates de matr\u00edcula&nbsp;<\/strong><\/li>\n<\/ul>\n\n\n\n<p><strong>Documentaci\u00f3 requerida per a la matr\u00edcula:<\/strong><\/p>\n\n\n\n<p>Fotoc\u00f2pia del DNI i acreditaci\u00f3 del nivell de llengua, si escau.<\/p>\n\n\n\n<p><strong>Informaci\u00f3 suplement\u00e0ria rellevant:<\/strong><\/p>\n\n\n\n<ul class=\"wp-block-list\">\n<li>Aquests cursos es faran en&nbsp;<strong>format presencial.<\/strong><\/li>\n\n\n\n<li>El m\u00ednim de persones per curs \u00e9s d&#8217;11 persones i el m\u00e0xim de 20.<\/li>\n\n\n\n<li>Una vegada cobertes totes les places disponibles, es podr\u00e0 fer una preinscripci\u00f3 en llista d&#8217;espera.<\/li>\n\n\n\n<li><strong>Si queden vacants, la matr\u00edcula romandr\u00e0 oberta fins al dia d&#8217;inici de les classes.<\/strong><\/li>\n\n\n\n<li>L\u2019escola es reserva el dret d\u2019anul\u00b7lar el curs si no s\u2019arriba al m\u00ednim d\u2019alumnes establert.<\/li>\n\n\n\n<li>L\u2019escola es reserva el dret a fer canvis en el professorat, els horaris o en la programaci\u00f3 dels cursos monogr\u00e0fics per for\u00e7a major.<\/li>\n\n\n\n<li>Els preus podran variar d\u2019acord amb els canvis de la nova llei de taxes.<\/li>\n<\/ul>\n\n\n\n<p><\/p>\n\n\n\n<h2 class=\"wp-block-heading\">NOVETAT! CURSOS ESPECIALS 2024-25<\/h2>\n\n\n\n<h3 class=\"wp-block-heading\"><\/h3>\n\n\n\n<p><strong>PREINSCRIPCI\u00d3 OBERTA \/ PRIMER QUADRIMESTRE<\/strong><\/p>\n\n\n\n<p style=\"margin-top:var(--wp--preset--spacing--20);margin-bottom:var(--wp--preset--spacing--20)\"><strong>Clica al curs que t&#8217;interesssi per veure la informaci\u00f3:<\/strong><\/p>\n\n\n\n<ul class=\"wp-block-list\">\n<li>Curs de preparaci\u00f3 per a l&#8217;obtenci\u00f3 del certificat C1<\/li>\n\n\n\n<li>Curs de preparaci\u00f3 per a l&#8217;obtenci\u00f3 del certificat B2&nbsp;<\/li>\n\n\n\n<li>Advanced vocabulary and speaking skills B2<\/li>\n\n\n\n<li>Curs d\u2019angl\u00e8s per a professionals del sector sanitari nivell A2-B1<\/li>\n<\/ul>\n\n\n\n<p><strong>Emplena el formulari de preinscripci\u00f3 i envia&#8217;l a l&#8217;adre\u00e7a:&nbsp;<a href=\"mailto:eoisantacoloma@xtec.cat\">eoisantacoloma@xtec.cat<\/a><\/strong><\/p>\n\n\n\n<p>Formulari Preinscripci\u00f3 Cursos Especials 24-25_1Q<\/p>\n\n\n\n<p><strong>Les persones interessades que puguin certificar el seu nivell de llengua, hauran d&#8217;adjuntar el certificat corresponent al mateix correu.<\/strong><\/p>\n\n\n\n<p><strong>Les persones interessades que NO puguin certificar el seu nivell de llengua, ho hauran de comunicar al mateix correu per fer una prova de nivell.<\/strong><\/p>\n","protected":false},"excerpt":{"rendered":"<p>CURSOS D&#8217;OFERTA ESPEC\u00cdFICA 2025-2026 Actualment no disposem d&#8217;oferta d&#8217;aquest tipus de cursos. CURSOS D&#8217;OFERTA ESPEC\u00cdFICA 2024-2025 Qu\u00e8 s\u00f3n?&nbsp;&nbsp; S\u00f3n cursos [&hellip;]<\/p>\n","protected":false},"author":1,"featured_media":0,"parent":9367,"menu_order":0,"comment_status":"closed","ping_status":"closed","template":"","meta":{"_bbp_topic_count":0,"_bbp_reply_count":0,"_bbp_total_topic_count":0,"_bbp_total_reply_count":0,"_bbp_voice_count":0,"_bbp_anonymous_reply_count":0,"_bbp_topic_count_hidden":0,"_bbp_reply_count_hidden":0,"_bbp_forum_subforum_count":0,"site-sidebar-layout":"default","site-content-layout":"","ast-site-content-layout":"default","site-content-style":"default","site-sidebar-style":"default","ast-global-header-display":"","ast-banner-title-visibility":"","ast-main-header-display":"","ast-hfb-above-header-display":"","ast-hfb-below-header-display":"","ast-hfb-mobile-header-display":"","site-post-title":"","ast-breadcrumbs-content":"","ast-featured-img":"","footer-sml-layout":"","theme-transparent-header-meta":"","adv-header-id-meta":"","stick-header-meta":"","header-above-stick-meta":"","header-main-stick-meta":"","header-below-stick-meta":"","astra-migrate-meta-layouts":"set","ast-page-background-enabled":"default","ast-page-background-meta":{"desktop":{"background-color":"var(--ast-global-color-4)","background-image":"","background-repeat":"repeat","background-position":"center center","background-size":"auto","background-attachment":"scroll","background-type":"","background-media":"","overlay-type":"","overlay-color":"","overlay-opacity":"","overlay-gradient":""},"tablet":{"background-color":"","background-image":"","background-repeat":"repeat","background-position":"center center","background-size":"auto","background-attachment":"scroll","background-type":"","background-media":"","overlay-type":"","overlay-color":"","overlay-opacity":"","overlay-gradient":""},"mobile":{"background-color":"","background-image":"","background-repeat":"repeat","background-position":"center center","background-size":"auto","background-attachment":"scroll","background-type":"","background-media":"","overlay-type":"","overlay-color":"","overlay-opacity":"","overlay-gradient":""}},"ast-content-background-meta":{"desktop":{"background-color":"var(--ast-global-color-5)","background-image":"","background-repeat":"repeat","background-position":"center center","background-size":"auto","background-attachment":"scroll","background-type":"","background-media":"","overlay-type":"","overlay-color":"","overlay-opacity":"","overlay-gradient":""},"tablet":{"background-color":"var(--ast-global-color-5)","background-image":"","background-repeat":"repeat","background-position":"center center","background-size":"auto","background-attachment":"scroll","background-type":"","background-media":"","overlay-type":"","overlay-color":"","overlay-opacity":"","overlay-gradient":""},"mobile":{"background-color":"var(--ast-global-color-5)","background-image":"","background-repeat":"repeat","background-position":"center center","background-size":"auto","background-attachment":"scroll","background-type":"","background-media":"","overlay-type":"","overlay-color":"","overlay-opacity":"","overlay-gradient":""}},"footnotes":""},"class_list":["post-9502","page","type-page","status-publish","hentry"],"post_mailing_queue_ids":[],"_links":{"self":[{"href":"https:\/\/agora-eoi.xtec.cat\/eoisantacoloma\/wp-json\/wp\/v2\/pages\/9502","targetHints":{"allow":["GET"]}}],"collection":[{"href":"https:\/\/agora-eoi.xtec.cat\/eoisantacoloma\/wp-json\/wp\/v2\/pages"}],"about":[{"href":"https:\/\/agora-eoi.xtec.cat\/eoisantacoloma\/wp-json\/wp\/v2\/types\/page"}],"author":[{"embeddable":true,"href":"https:\/\/agora-eoi.xtec.cat\/eoisantacoloma\/wp-json\/wp\/v2\/users\/1"}],"replies":[{"embeddable":true,"href":"https:\/\/agora-eoi.xtec.cat\/eoisantacoloma\/wp-json\/wp\/v2\/comments?post=9502"}],"version-history":[{"count":5,"href":"https:\/\/agora-eoi.xtec.cat\/eoisantacoloma\/wp-json\/wp\/v2\/pages\/9502\/revisions"}],"predecessor-version":[{"id":10290,"href":"https:\/\/agora-eoi.xtec.cat\/eoisantacoloma\/wp-json\/wp\/v2\/pages\/9502\/revisions\/10290"}],"up":[{"embeddable":true,"href":"https:\/\/agora-eoi.xtec.cat\/eoisantacoloma\/wp-json\/wp\/v2\/pages\/9367"}],"wp:attachment":[{"href":"https:\/\/agora-eoi.xtec.cat\/eoisantacoloma\/wp-json\/wp\/v2\/media?parent=9502"}],"curies":[{"name":"wp","href":"https:\/\/api.w.org\/{rel}","templated":true}]}}