{"id":9500,"date":"2024-03-11T19:22:03","date_gmt":"2024-03-11T18:22:03","guid":{"rendered":"https:\/\/agora-eoi.xtec.cat\/eoisantacoloma\/?page_id=9500"},"modified":"2025-06-27T13:09:50","modified_gmt":"2025-06-27T11:09:50","slug":"cursos-oficials","status":"publish","type":"page","link":"https:\/\/agora-eoi.xtec.cat\/eoisantacoloma\/cursos\/cursos-oficials\/","title":{"rendered":"Cursos oficials"},"content":{"rendered":"\n<h2 class=\"wp-block-heading has-ast-global-color-0-color has-text-color has-link-color has-medium-font-size wp-elements-c19692068fd142ed6d08823ab7d31026\">Descripci\u00f3 general<\/h2>\n\n\n\n<p>A l&#8217;EOI de Santa Coloma s&#8217;imparteixen cursos ordinaris d&#8217;alemany, angl\u00e8s i franc\u00e8s. S\u00f3n <strong>cursos&nbsp;<\/strong>amb una durada m\u00ednima de 130 hores i una m\u00e0xima de 150 hores, des de finals de setembre fins a finals de maig. Els ex\u00e0mens d\u2019alguns nivells es fan durant el mes de juny.<\/p>\n\n\n\n<h2 class=\"wp-block-heading has-ast-global-color-0-color has-text-color has-link-color has-medium-font-size wp-elements-189488b9665e9ea2af0543ca10d91414\">Modalitat de curs<\/h2>\n\n\n\n<p style=\"margin-top:var(--wp--preset--spacing--20);margin-bottom:var(--wp--preset--spacing--20)\">Els cursos estan organitzats en sessions de <strong>dues hores i quart<\/strong> en torns de dos dies a la semana:&nbsp;<strong>dilluns i dimecres<\/strong> o <strong>dimarts i dijous<\/strong>.  <\/p>\n\n\n\n<p style=\"margin-top:var(--wp--preset--spacing--20);margin-bottom:var(--wp--preset--spacing--20)\"><strong>Oficial presencial<\/strong>:  dos dies a la setmana (dilluns i dimecres o dimarts i dijous), en sessions de dues hores i quart.<\/p>\n\n\n\n<p><strong>Oficial semipresencial (C2.1 <\/strong>i<strong> C2.2)<\/strong>: una sessi\u00f3 a la setmana de dues hores i quart (consulteu horaris) m\u00e9s tasques telem\u00e0tiques setmanals guiades, equivalents a dues hores i quart. Tenen la mateixa c\u00e0rrega lectiva que la resta de cursos.<\/p>\n\n\n\n<h2 class=\"wp-block-heading has-ast-global-color-0-color has-text-color has-link-color has-medium-font-size wp-elements-8bfbda6860d084a3c96a678b61d0fbc4\"><strong>Horaris generals cursos*<\/strong><\/h2>\n\n\n\n<p style=\"margin-top:var(--wp--preset--spacing--20);margin-bottom:var(--wp--preset--spacing--20)\">&nbsp;A l\u2019EOI Santa Coloma hi&nbsp; ha <strong>franja de mat\u00ed i de tarda<\/strong> de l\u2019idioma <strong>angl\u00e8s <\/strong>i <strong>franja de tarda<\/strong> per <strong>alemany <\/strong>i <strong>franc\u00e8s<\/strong>.<\/p>\n\n\n\n<p style=\"margin-top:var(--wp--preset--spacing--20);margin-bottom:var(--wp--preset--spacing--20)\">&nbsp;<strong>Mat\u00ed<\/strong>:&nbsp;&nbsp;&nbsp;&nbsp; 9.00 -11.15 \/ 11.15-13.45 <\/p>\n\n\n\n<p style=\"margin-top:var(--wp--preset--spacing--20);margin-bottom:var(--wp--preset--spacing--20)\"><strong>Tarda&nbsp;<\/strong>:&nbsp; 16.00-18.15 \/ 18.15-20.45<\/p>\n\n\n\n<p><strong>*<\/strong> Comproveu l\u2019horari exacte de l\u2019idioma i nivell en qu\u00e8 us voleu matricular per a l\u2019any acad\u00e8mic en curs a la secci\u00f3 <strong>Idiomes <\/strong>de la p\u00e0gina web.<\/p>\n\n\n\n<h2 class=\"wp-block-heading has-ast-global-color-0-color has-text-color has-link-color has-medium-font-size wp-elements-e9437069face47f38c9aff2c2daa331c\"><strong>Acc\u00e9s als cursos oficials<\/strong><\/h2>\n\n\n\n<p style=\"margin-top:var(--wp--preset--spacing--20);margin-bottom:var(--wp--preset--spacing--20)\">Per accedir als cursos oficials com a <strong>nou alumne\/a<\/strong> s\u2019ha de fer una <strong>preinscripci\u00f3 telem\u00e0tica<\/strong> els primers dies <strong>de setembre,<\/strong> i despr\u00e9s, si s\u2019ha obtingut pla\u00e7a, s\u2019ha de fer la matr\u00edcula telem\u00e0tica, en les dates que s\u2019indiquin (tamb\u00e9 durant el mes de setembre).<\/p>\n\n\n\n<p>S\u2019aconsella <strong>llegir acuradament la informaci\u00f3<\/strong> sobre la preinscripci\u00f3 i el calendari d\u2019actuacions.  M\u00e9s informaci\u00f3 <a href=\"https:\/\/agora-eoi.xtec.cat\/eoisantacoloma\/matricula\/nous-alumnes\/\" data-type=\"page\" data-id=\"9086\">AQU\u00cd<\/a><\/p>\n\n\n\n<h2 class=\"wp-block-heading has-ast-global-color-0-color has-text-color has-link-color has-medium-font-size wp-elements-2c86e097496b1253442ebbf1b6807e1c\"><strong>Requisits d\u2019acc\u00e9s<\/strong><\/h2>\n\n\n\n<p style=\"margin-top:var(--wp--preset--spacing--20);margin-bottom:var(--wp--preset--spacing--20)\"><strong>Tenir 16 anys<\/strong>&nbsp;(complerts fins al 31 de desembre de l\u2019any de la matr\u00edcula).<\/p>\n\n\n\n<p><strong>Tenir 14 anys<\/strong>&nbsp;(complerts fins al 31 de desembre de l\u2019any de la matr\u00edcula)&nbsp;<strong>per a idiomes diferents<\/strong>&nbsp;del cursat com a primera llengua estrangera a l\u2019ESO.<\/p>\n\n\n\n<h2 class=\"wp-block-heading has-ast-global-color-0-color has-text-color has-link-color has-medium-font-size wp-elements-4cf4c224fb613b8a4c484f45570f50eb\"><strong>Documentaci\u00f3<\/strong><\/h2>\n\n\n\n<p style=\"margin-top:var(--wp--preset--spacing--20);margin-bottom:var(--wp--preset--spacing--20)\"><strong>La documentaci\u00f3 necess\u00e0ria per formalitzar la matr\u00edcula \u00e9s la seg\u00fcent:<\/strong><\/p>\n\n\n\n<ul class=\"wp-block-list\">\n<li>Document d&#8217;identitat (DNI, NIE, Passaport) vigent. Cal enviar-lo a l&#8217;adre\u00e7a <a href=\"mailto:eoisantacoloma@xtec.cat\">eoisantacoloma@xtec.cat<\/a><\/li>\n\n\n\n<li>Document que acredita la bonificaci\u00f3 o exempci\u00f3 de l&#8217;import de la matr\u00edcula (consulteu bonificacions). <strong>Cal adjuntar-lo a l&#8217;aplicaci\u00f3 en el moment de formalitzar la matr\u00edcula<\/strong>.<\/li>\n<\/ul>\n\n\n\n<h2 class=\"wp-block-heading has-ast-global-color-0-color has-text-color has-link-color has-medium-font-size wp-elements-c9e3e9ed0043684befbcd3ae61f4c322\"><strong>Matr\u00edcula a un curs oficial<\/strong><\/h2>\n\n\n\n<p>La matr\u00edcula oficial d\u00f3na dret a&nbsp;<strong>assistir a classe<\/strong>&nbsp;i&nbsp;<strong>als ex\u00e0mens corresponents<\/strong>. S\u2019espera de l\u2019alumnat un alt grau d\u2019implicaci\u00f3 pel que fa a l\u2019assist\u00e8ncia i el temps dedicat a l\u2019idioma fora de classe. Tamb\u00e9 \u00e9s un deure de l\u2019alumne estar<strong>&nbsp;al corrent de la normativa de l\u2019escola i de les dates de totes les proves i ex\u00e0mens del curs.<\/strong><\/p>\n\n\n\n<h2 class=\"wp-block-heading has-ast-global-color-0-color has-text-color has-link-color has-medium-font-size wp-elements-c3a64b1c0a93a78e4e656358d0e6d41b\"><strong>Pla d\u2019estudis<\/strong><\/h2>\n\n\n\n<p><strong>Objectius generals dels ensenyaments de les EOI<\/strong><\/p>\n\n\n\n<p>El pla d\u2019estudis, per a tots els cursos i nivells, que queda concretat en el&nbsp;<a href=\"http:\/\/www.boe.es\/boe_catalan\/dias\/2007\/01\/11\/pdfs\/A00283-00291.pdf\">Reial Decret 1629\/2006 de 29 de desembre<\/a>, pel qual es fixen els aspectes b\u00e0sics del curr\u00edculum dels ensenyaments d\u2019idiomes de r\u00e8gim especial regulats per la&nbsp;<a href=\"http:\/\/www.gencat.cat\/educacio\/butlleti\/professors\/noticies\/LOEcatala.pdfhttp:\/\">LOE 2\/2006<\/a>&nbsp;s\u2019ha desplegat per a l\u2019\u00e0mbit de Catalunya en el&nbsp;<a href=\"http:\/\/www.gencat.cat\/eadop\/imatges\/5297\/09009001.pdf\">Decret 4\/2009, de 13 de gener<\/a>, pel qual s\u2019estableix l\u2019ordenaci\u00f3 i el curr\u00edculum dels ensenyaments d\u2019idiomes, de r\u00e8gim especial.<\/p>\n\n\n\n<p>Els ensenyaments especialitzats d\u2019idiomes van adre\u00e7ats a les persones que, havent adquirit les compet\u00e8ncies b\u00e0siques en els ensenyaments de r\u00e8gim general, necessiten, al llarg de la seva vida adulta, adquirir o perfeccionar les seves compet\u00e8ncies en una o diverses lleng\u00fces estrangeres, tant amb finalitats generals com espec\u00edfiques, aix\u00ed com obtenir un certificat del seu nivell de compet\u00e8ncia en l\u2019\u00fas d\u2019aquestes lleng\u00fces.<\/p>\n\n\n\n<p>Per aix\u00f2, es parteix d\u2019un model de llengua d\u2019\u00fas, cosa que suposa el desenvolupament i l\u2019activaci\u00f3 conjunta de compet\u00e8ncies tant de tipus general com ling\u00fc\u00edstiques, socioling\u00fc\u00edstiques i pragm\u00e0tiques. D\u2019aquest concepte de llengua, i en conson\u00e0ncia amb els nivells de refer\u00e8ncia desenvolupats pel Consell d\u2019Europa, es deriven els objectius, els continguts i els criteris d\u2019avaluaci\u00f3 que s\u2019apliquen a les EOI.<\/p>\n\n\n\n<p>El pla d\u2019estudis de les EOI desenvolupa la finalitat dels ensenyaments d\u2019idiomes que s\u2019hi imparteixen, que \u00e9s capacitar l\u2019alumnat en l\u2019\u00fas efectiu de l\u2019idioma com a vehicle de comunicaci\u00f3 general.<\/p>\n\n\n\n<p>Arran de la implantaci\u00f3 del C1 en els idiomes d\u2019alemany, angl\u00e8s i franc\u00e8s s\u2019ha publicat el curr\u00edculum del nou nivell a la&nbsp;<a href=\"http:\/\/portaldogc.gencat.cat\/utilsEADOP\/PDF\/6168\/1252438.pdf\">Resoluci\u00f3 ENS\/1365\/2012<\/a>.<\/p>\n\n\n\n<h2 class=\"wp-block-heading has-ast-global-color-0-color has-text-color has-link-color has-medium-font-size wp-elements-f03036e3b9e42942825aef7ca48ae09e\">Nivells i certificats<\/h2>\n\n\n\n<figure class=\"wp-block-table\"><table class=\"has-fixed-layout\"><tbody><tr><td class=\"has-text-align-center\" data-align=\"center\"><strong>Nivell<\/strong><\/td><td class=\"has-text-align-center\" data-align=\"center\">B\u00e0sic<\/td><td class=\"has-text-align-center\" data-align=\"center\">Intermedi<\/td><td>Avan\u00e7at<\/td><\/tr><tr><td class=\"has-text-align-center\" data-align=\"center\"><strong>Cursos<\/strong><\/td><td class=\"has-text-align-center\" data-align=\"center\">A1 i A2<\/td><td class=\"has-text-align-center\" data-align=\"center\">&nbsp;B1, B2.1 i B2.2<\/td><td> C1 i C2<\/td><\/tr><tr><td class=\"has-text-align-center\" data-align=\"center\"><strong>Certificat<\/strong><\/td><td class=\"has-text-align-center\" data-align=\"center\">Nivell B\u00e0sic<\/td><td class=\"has-text-align-center\" data-align=\"center\">Nivell Intermedi B1<br>Nivell Intermedi B2<\/td><td>Nivell Avan\u00e7at C1<br>Nivell Avan\u00e7at C2<\/td><\/tr><tr><td class=\"has-text-align-center\" data-align=\"center\"><strong>Equival\u00e8ncia MECR*<\/strong><\/td><td class=\"has-text-align-center\" data-align=\"center\">A2<\/td><td class=\"has-text-align-center\" data-align=\"center\">B1 i B2<\/td><td>C1 i C2<\/td><\/tr><\/tbody><\/table><\/figure>\n\n\n\n<p>*Marc Europeu Com\u00fa de Refer\u00e8ncia<\/p>\n\n\n\n<h2 class=\"wp-block-heading has-ast-global-color-0-color has-text-color has-link-color has-medium-font-size wp-elements-3cfcfa0a7e53cd55b4a9699b7b62bc72\"><strong>Cr\u00e8dits universitaris<\/strong><\/h2>\n\n\n\n<p>Les universitats catalanes poden assignar cr\u00e8dits d\u2019idiomes de lliure elecci\u00f3 als cursos oficials de les Escoles Oficials d\u2019Idiomes. Cal consultar a la secretaria de cada facultat el procediment a seguir i el nombre de cr\u00e8dits concedits.<\/p>\n","protected":false},"excerpt":{"rendered":"<p>Descripci\u00f3 general A l&#8217;EOI de Santa Coloma s&#8217;imparteixen cursos ordinaris d&#8217;alemany, angl\u00e8s i franc\u00e8s. S\u00f3n cursos&nbsp;amb una durada m\u00ednima de [&hellip;]<\/p>\n","protected":false},"author":1,"featured_media":0,"parent":9367,"menu_order":0,"comment_status":"closed","ping_status":"closed","template":"","meta":{"_bbp_topic_count":0,"_bbp_reply_count":0,"_bbp_total_topic_count":0,"_bbp_total_reply_count":0,"_bbp_voice_count":0,"_bbp_anonymous_reply_count":0,"_bbp_topic_count_hidden":0,"_bbp_reply_count_hidden":0,"_bbp_forum_subforum_count":0,"site-sidebar-layout":"default","site-content-layout":"","ast-site-content-layout":"default","site-content-style":"default","site-sidebar-style":"default","ast-global-header-display":"","ast-banner-title-visibility":"","ast-main-header-display":"","ast-hfb-above-header-display":"","ast-hfb-below-header-display":"","ast-hfb-mobile-header-display":"","site-post-title":"","ast-breadcrumbs-content":"","ast-featured-img":"","footer-sml-layout":"","theme-transparent-header-meta":"","adv-header-id-meta":"","stick-header-meta":"","header-above-stick-meta":"","header-main-stick-meta":"","header-below-stick-meta":"","astra-migrate-meta-layouts":"set","ast-page-background-enabled":"default","ast-page-background-meta":{"desktop":{"background-color":"var(--ast-global-color-4)","background-image":"","background-repeat":"repeat","background-position":"center center","background-size":"auto","background-attachment":"scroll","background-type":"","background-media":"","overlay-type":"","overlay-color":"","overlay-opacity":"","overlay-gradient":""},"tablet":{"background-color":"","background-image":"","background-repeat":"repeat","background-position":"center center","background-size":"auto","background-attachment":"scroll","background-type":"","background-media":"","overlay-type":"","overlay-color":"","overlay-opacity":"","overlay-gradient":""},"mobile":{"background-color":"","background-image":"","background-repeat":"repeat","background-position":"center center","background-size":"auto","background-attachment":"scroll","background-type":"","background-media":"","overlay-type":"","overlay-color":"","overlay-opacity":"","overlay-gradient":""}},"ast-content-background-meta":{"desktop":{"background-color":"var(--ast-global-color-5)","background-image":"","background-repeat":"repeat","background-position":"center center","background-size":"auto","background-attachment":"scroll","background-type":"","background-media":"","overlay-type":"","overlay-color":"","overlay-opacity":"","overlay-gradient":""},"tablet":{"background-color":"var(--ast-global-color-5)","background-image":"","background-repeat":"repeat","background-position":"center center","background-size":"auto","background-attachment":"scroll","background-type":"","background-media":"","overlay-type":"","overlay-color":"","overlay-opacity":"","overlay-gradient":""},"mobile":{"background-color":"var(--ast-global-color-5)","background-image":"","background-repeat":"repeat","background-position":"center center","background-size":"auto","background-attachment":"scroll","background-type":"","background-media":"","overlay-type":"","overlay-color":"","overlay-opacity":"","overlay-gradient":""}},"footnotes":""},"class_list":["post-9500","page","type-page","status-publish","hentry"],"post_mailing_queue_ids":[],"_links":{"self":[{"href":"https:\/\/agora-eoi.xtec.cat\/eoisantacoloma\/wp-json\/wp\/v2\/pages\/9500","targetHints":{"allow":["GET"]}}],"collection":[{"href":"https:\/\/agora-eoi.xtec.cat\/eoisantacoloma\/wp-json\/wp\/v2\/pages"}],"about":[{"href":"https:\/\/agora-eoi.xtec.cat\/eoisantacoloma\/wp-json\/wp\/v2\/types\/page"}],"author":[{"embeddable":true,"href":"https:\/\/agora-eoi.xtec.cat\/eoisantacoloma\/wp-json\/wp\/v2\/users\/1"}],"replies":[{"embeddable":true,"href":"https:\/\/agora-eoi.xtec.cat\/eoisantacoloma\/wp-json\/wp\/v2\/comments?post=9500"}],"version-history":[{"count":6,"href":"https:\/\/agora-eoi.xtec.cat\/eoisantacoloma\/wp-json\/wp\/v2\/pages\/9500\/revisions"}],"predecessor-version":[{"id":10212,"href":"https:\/\/agora-eoi.xtec.cat\/eoisantacoloma\/wp-json\/wp\/v2\/pages\/9500\/revisions\/10212"}],"up":[{"embeddable":true,"href":"https:\/\/agora-eoi.xtec.cat\/eoisantacoloma\/wp-json\/wp\/v2\/pages\/9367"}],"wp:attachment":[{"href":"https:\/\/agora-eoi.xtec.cat\/eoisantacoloma\/wp-json\/wp\/v2\/media?parent=9500"}],"curies":[{"name":"wp","href":"https:\/\/api.w.org\/{rel}","templated":true}]}}