{"id":9494,"date":"2024-03-11T19:18:40","date_gmt":"2024-03-11T18:18:40","guid":{"rendered":"https:\/\/agora-eoi.xtec.cat\/eoisantacoloma\/?page_id=9494"},"modified":"2025-09-18T12:46:53","modified_gmt":"2025-09-18T10:46:53","slug":"documentacio","status":"publish","type":"page","link":"https:\/\/agora-eoi.xtec.cat\/eoisantacoloma\/lescola\/documentacio\/","title":{"rendered":"Biblioteca"},"content":{"rendered":"\n<h2 class=\"wp-block-heading has-ast-global-color-0-color has-text-color has-link-color wp-elements-966b28d325f44a148aabc5f37be4ab17\" style=\"font-size:20px\">HORARI<\/h2>\n\n\n\n<p class=\"has-ast-global-color-0-color has-text-color has-link-color wp-elements-6bd4da4131a1d868efc400cc4277726b\" style=\"margin-top:var(--wp--preset--spacing--20);margin-bottom:var(--wp--preset--spacing--20);font-size:22px\"><strong>Horari curs 24\/25<\/strong><\/p>\n\n\n\n<ul class=\"wp-block-list\">\n<li style=\"margin-top:0;margin-bottom:0\">Matins: Dimarts i&nbsp; dijous: de 11.15h a 11.45h<\/li>\n\n\n\n<li>Tardes: De dilluns a dijous: de 17.00h a 17.30h i de 18.15h a 18.45h&nbsp;<\/li>\n<\/ul>\n\n\n\n<h2 class=\"wp-block-heading has-ast-global-color-0-color has-text-color has-link-color wp-elements-872e0476666999407701bcc13f78ef2d\" style=\"font-size:20px\">ORGANITZACI\u00d3 I FUNCIONAMENT<\/h2>\n\n\n\n<p style=\"margin-top:var(--wp--preset--spacing--20);margin-bottom:var(--wp--preset--spacing--20)\">A continuaci\u00f3 trobareu les normes d&#8217;organitzaci\u00f3 i funcionament intern de la biblioteca de centre.  Aquestes normes queden recollides dintre de la Normativa d&#8217;organitzaci\u00f3 i funcionament de centre (NOFC) aprovada pel Consell Escolar de l&#8217;EOI de Santa Coloma.<\/p>\n\n\n\n<h4 class=\"wp-block-heading has-ast-global-color-0-color has-text-color has-link-color wp-elements-cb37bdfe739eed4b7ae1ead7cab76b24\" style=\"font-size:22px\"><strong>Cap\u00edtol 4.  Organitzaci\u00f3 i funcionament intern de la biblioteca<\/strong><\/h4>\n\n\n\n<h4 class=\"wp-block-heading has-medium-font-size\"><strong>Secci\u00f3 segona<\/strong><\/h4>\n\n\n\n<p style=\"margin-top:var(--wp--preset--spacing--20);margin-bottom:var(--wp--preset--spacing--20)\"><strong>Article 86. Usuaris del servei de biblioteca<\/strong><\/p>\n\n\n\n<p style=\"margin-top:var(--wp--preset--spacing--20);margin-bottom:var(--wp--preset--spacing--20)\">El servei de pr\u00e9stec est\u00e0 obert l&#8217;alumant oficial de l\u2019Escola Oficial d\u2019Idiomes de Santa Coloma que tinguin actualitzat el carnet d\u2019estudiant del centre. Tamb\u00e9 el poden utilitzar l&#8217;alumnat matriculat en un curs monogr\u00e0fic. Aquest carnet \u00e9s intransferible, \u00e9s a dir, nom\u00e9s donar\u00e0 dret a consultar o agafar en pr\u00e9stec documents a la persona que en sigui titular.<\/p>\n\n\n\n<p style=\"margin-top:var(--wp--preset--spacing--20);margin-bottom:var(--wp--preset--spacing--20)\">L\u2019escola podr\u00e0 oferir els serveis de biblioteca a p\u00fablic extern al centre mitjan\u00e7ant una quota per curs acad\u00e8mic, que quedar\u00e0 establerta en el reglament de la biblioteca cada curs. La resta de condicions seran les mateixes que per a l&#8217;alumnat de l\u2019escola.<\/p>\n\n\n\n<p>\u00c9s responsabilitat de tots els usuaris i usu\u00e0ries (alumnat oficial i usuaris\/\u00e0ries externs)\u00a0 estar al corrent del reglament de la biblioteca, que est\u00e0 exposat a la biblioteca i als diferents panells d\u2019informaci\u00f3 de l\u2019escola.<\/p>\n\n\n\n<p style=\"margin-top:var(--wp--preset--spacing--20);margin-bottom:var(--wp--preset--spacing--20)\"><strong>Article 87.\u00a0 Disponibilitat dels documents<\/strong><\/p>\n\n\n\n<p>L\u2019usuari\/\u00e0ria t\u00e9 a la seva disposici\u00f3 tota la documentaci\u00f3 de la Biblioteca, excepte els documents exclosos de pr\u00e9stec (documents sense fitxa).<\/p>\n\n\n\n<p style=\"margin-top:var(--wp--preset--spacing--20);margin-bottom:var(--wp--preset--spacing--20)\"><strong>Article 88. Modalitats de pr\u00e9stec<\/strong><\/p>\n\n\n\n<p style=\"margin-top:var(--wp--preset--spacing--20);margin-bottom:var(--wp--preset--spacing--20)\">El nombre de documents que un\/a alumne\/a podr\u00e0 agafar en pr\u00e9stec i la seva durada seran els seg\u00fcents:<\/p>\n\n\n\n<ul class=\"wp-block-list\">\n<li>Llibres d&#8217;angl\u00e8s i franc\u00e8s:  dos documents durant 15 dies naturals.<\/li>\n\n\n\n<li>Llibres d&#8217;alemany:  dos documents durant 30 dies naturals.<\/li>\n<\/ul>\n\n\n\n<p style=\"margin-top:var(--wp--preset--spacing--20);margin-bottom:var(--wp--preset--spacing--20)\"><strong>Article 89. Pr\u00f2rrogues<\/strong><\/p>\n\n\n\n<p>Un cop finalitzat el per\u00edode de pr\u00e9stec i sempre que el material no hagi estat reservat per a un altre usuari o usu\u00e0ria, l\u2019alumnat podr\u00e0 demanar una pr\u00f2rroga de 7 dies (exceptuant-ne els llibres de lectura obligatoris dins dels terminis en qu\u00e8 ho siguin) en el cas d&#8217;angl\u00e8s i franc\u00e8s.  Aquesta pr\u00f2rroga ser\u00e0 de 14 dies en el cas d&#8217;alemany per a tots els llibres.<\/p>\n\n\n\n<p style=\"margin-top:var(--wp--preset--spacing--20);margin-bottom:var(--wp--preset--spacing--20)\"><strong>Article 90<\/strong>. <strong>Reserves<\/strong><\/p>\n\n\n\n<p>Si un\/a alumne\/a no pot obtenir un determinat document perqu\u00e8 est\u00e0\u00a0 prestat, pot demanar que li reservin. Aquesta sol.licitud de reserva quedar\u00e0 en vigor fins un m\u00e0xim de dos dies despr\u00e9s de la data final de tornada del document sol.licitat.<\/p>\n\n\n\n<p style=\"margin-top:var(--wp--preset--spacing--20);margin-bottom:var(--wp--preset--spacing--20)\"><strong>Article 91. Idiomes<\/strong><\/p>\n\n\n\n<p style=\"margin-top:var(--wp--preset--spacing--20);margin-bottom:var(--wp--preset--spacing--20)\">Si un\/a alumne\/a est\u00e0 matriculat\/da de dos idiomes diferents podr\u00e0 agafar els documents que li pertoquin per cada idioma (un total de 4 com a m\u00e0xim).<\/p>\n\n\n\n<p>En un principi, els documents prestats han de pert\u00e0nyer a l\u2019idioma estudiat al centre. Si algun\/a alumne\/a vol agafar documents d\u2019un altre idioma que l\u2019estudiat, ho podr\u00e0 fer segons la disponibilitat del material. Consulteu-ho al personal de la Biblioteca.<\/p>\n\n\n\n<p style=\"margin-top:var(--wp--preset--spacing--20);margin-bottom:var(--wp--preset--spacing--20)\"><strong>Article 92. Documents no retornats<\/strong><\/p>\n\n\n\n<p>Cal retornar el document en el dia establert. En cas contrari es procedir\u00e0 a una penalitzaci\u00f3 de quatre setmanes sense poder agafar cap material de la biblioteca, que es far\u00e0 efectiva a partir de la data en qu\u00e8 s\u2019hauria d\u2019haver retornat el document. <\/p>\n\n\n\n<p style=\"margin-top:var(--wp--preset--spacing--20);margin-bottom:var(--wp--preset--spacing--20)\"><strong>Article 93. P\u00e8rdua i conservaci\u00f3 de documents<\/strong><\/p>\n\n\n\n<p>En cas de p\u00e8rdua de documents o d\u2019un mal \u00fas del material, l\u2019usuari\/\u00e0ria haur\u00e0 d\u2019adquirir la mateixa edici\u00f3 del document o abonar el seu import de reposici\u00f3. Els documents no es poden guixar ni marcar.<\/p>\n\n\n\n<p style=\"margin-top:var(--wp--preset--spacing--20);margin-bottom:var(--wp--preset--spacing--20)\"><strong>Article 94. Retorn de documents<\/strong><\/p>\n\n\n\n<p>Els pr\u00e9stecs i les devolucions de documents de la biblioteca&nbsp; nom\u00e9s es podran realitzar a la biblioteca.<\/p>\n\n\n\n<p style=\"margin-top:var(--wp--preset--spacing--20);margin-bottom:var(--wp--preset--spacing--20)\"><strong>Article 95. Objectes personals dels usuaris i usu\u00e0ries<\/strong><\/p>\n\n\n\n<p>El personal de la biblioteca no es fa responsable dels objectes personals dels usuaris i usu\u00e0ries.<\/p>\n\n\n\n<p style=\"margin-top:var(--wp--preset--spacing--20);margin-bottom:var(--wp--preset--spacing--20)\"><strong>Article 96. Menjar i beure a la biblioteca<\/strong><\/p>\n\n\n\n<p><strong>No <\/strong>es permet menjar o beure a la biblioteca. Es pot beure aigua sempre i quan s\u2019eviti que entri en contacte amb els documents i ordinadors de la biblioteca.<\/p>\n","protected":false},"excerpt":{"rendered":"<p>HORARI Horari curs 24\/25 ORGANITZACI\u00d3 I FUNCIONAMENT A continuaci\u00f3 trobareu les normes d&#8217;organitzaci\u00f3 i funcionament intern de la biblioteca de [&hellip;]<\/p>\n","protected":false},"author":1,"featured_media":0,"parent":9107,"menu_order":5,"comment_status":"closed","ping_status":"closed","template":"","meta":{"_bbp_topic_count":0,"_bbp_reply_count":0,"_bbp_total_topic_count":0,"_bbp_total_reply_count":0,"_bbp_voice_count":0,"_bbp_anonymous_reply_count":0,"_bbp_topic_count_hidden":0,"_bbp_reply_count_hidden":0,"_bbp_forum_subforum_count":0,"site-sidebar-layout":"default","site-content-layout":"","ast-site-content-layout":"default","site-content-style":"default","site-sidebar-style":"default","ast-global-header-display":"","ast-banner-title-visibility":"","ast-main-header-display":"","ast-hfb-above-header-display":"","ast-hfb-below-header-display":"","ast-hfb-mobile-header-display":"","site-post-title":"","ast-breadcrumbs-content":"","ast-featured-img":"","footer-sml-layout":"","theme-transparent-header-meta":"","adv-header-id-meta":"","stick-header-meta":"","header-above-stick-meta":"","header-main-stick-meta":"","header-below-stick-meta":"","astra-migrate-meta-layouts":"set","ast-page-background-enabled":"default","ast-page-background-meta":{"desktop":{"background-color":"var(--ast-global-color-4)","background-image":"","background-repeat":"repeat","background-position":"center center","background-size":"auto","background-attachment":"scroll","background-type":"","background-media":"","overlay-type":"","overlay-color":"","overlay-opacity":"","overlay-gradient":""},"tablet":{"background-color":"","background-image":"","background-repeat":"repeat","background-position":"center center","background-size":"auto","background-attachment":"scroll","background-type":"","background-media":"","overlay-type":"","overlay-color":"","overlay-opacity":"","overlay-gradient":""},"mobile":{"background-color":"","background-image":"","background-repeat":"repeat","background-position":"center center","background-size":"auto","background-attachment":"scroll","background-type":"","background-media":"","overlay-type":"","overlay-color":"","overlay-opacity":"","overlay-gradient":""}},"ast-content-background-meta":{"desktop":{"background-color":"var(--ast-global-color-5)","background-image":"","background-repeat":"repeat","background-position":"center center","background-size":"auto","background-attachment":"scroll","background-type":"","background-media":"","overlay-type":"","overlay-color":"","overlay-opacity":"","overlay-gradient":""},"tablet":{"background-color":"var(--ast-global-color-5)","background-image":"","background-repeat":"repeat","background-position":"center center","background-size":"auto","background-attachment":"scroll","background-type":"","background-media":"","overlay-type":"","overlay-color":"","overlay-opacity":"","overlay-gradient":""},"mobile":{"background-color":"var(--ast-global-color-5)","background-image":"","background-repeat":"repeat","background-position":"center center","background-size":"auto","background-attachment":"scroll","background-type":"","background-media":"","overlay-type":"","overlay-color":"","overlay-opacity":"","overlay-gradient":""}},"footnotes":""},"class_list":["post-9494","page","type-page","status-publish","hentry"],"post_mailing_queue_ids":[],"_links":{"self":[{"href":"https:\/\/agora-eoi.xtec.cat\/eoisantacoloma\/wp-json\/wp\/v2\/pages\/9494","targetHints":{"allow":["GET"]}}],"collection":[{"href":"https:\/\/agora-eoi.xtec.cat\/eoisantacoloma\/wp-json\/wp\/v2\/pages"}],"about":[{"href":"https:\/\/agora-eoi.xtec.cat\/eoisantacoloma\/wp-json\/wp\/v2\/types\/page"}],"author":[{"embeddable":true,"href":"https:\/\/agora-eoi.xtec.cat\/eoisantacoloma\/wp-json\/wp\/v2\/users\/1"}],"replies":[{"embeddable":true,"href":"https:\/\/agora-eoi.xtec.cat\/eoisantacoloma\/wp-json\/wp\/v2\/comments?post=9494"}],"version-history":[{"count":6,"href":"https:\/\/agora-eoi.xtec.cat\/eoisantacoloma\/wp-json\/wp\/v2\/pages\/9494\/revisions"}],"predecessor-version":[{"id":10369,"href":"https:\/\/agora-eoi.xtec.cat\/eoisantacoloma\/wp-json\/wp\/v2\/pages\/9494\/revisions\/10369"}],"up":[{"embeddable":true,"href":"https:\/\/agora-eoi.xtec.cat\/eoisantacoloma\/wp-json\/wp\/v2\/pages\/9107"}],"wp:attachment":[{"href":"https:\/\/agora-eoi.xtec.cat\/eoisantacoloma\/wp-json\/wp\/v2\/media?parent=9494"}],"curies":[{"name":"wp","href":"https:\/\/api.w.org\/{rel}","templated":true}]}}