{"id":9492,"date":"2024-03-11T19:18:17","date_gmt":"2024-03-11T18:18:17","guid":{"rendered":"https:\/\/agora-eoi.xtec.cat\/eoisantacoloma\/?page_id=9492"},"modified":"2025-09-26T13:16:37","modified_gmt":"2025-09-26T11:16:37","slug":"horari-datencio","status":"publish","type":"page","link":"https:\/\/agora-eoi.xtec.cat\/eoisantacoloma\/lescola\/horari-datencio\/","title":{"rendered":"Horari d&#8217;atenci\u00f3"},"content":{"rendered":"\n<h2 class=\"wp-block-heading has-ast-global-color-0-color has-text-color has-link-color has-medium-font-size wp-elements-bf12e30aab17f9ec16fe0291b9925906\">HORARIS DEPARTAMENT D&#8217;ALUMNAT \/ SECRETARIA: ATENCI\u00d3 AL P\u00daBLIC<\/h2>\n\n\n\n<p class=\"has-ast-global-color-0-color has-text-color has-link-color wp-elements-877f9fa1ad42deed9ba475b532cde9d6\" style=\"margin-top:var(--wp--preset--spacing--20);margin-bottom:var(--wp--preset--spacing--20)\"><strong>Horaris curs 25\/26 durant el mes de juliol<\/strong><\/p>\n\n\n\n<ul class=\"wp-block-list\">\n<li style=\"margin-top:0;margin-bottom:0\">De dilluns a divendres:&nbsp; de 9.30 h a 13.30h<\/li>\n<\/ul>\n\n\n\n<p class=\"has-ast-global-color-0-color has-text-color has-link-color wp-elements-4f710198f60d8f04c33abbe9cee395e8\" style=\"margin-top:var(--wp--preset--spacing--20);margin-bottom:var(--wp--preset--spacing--20)\"><strong>Horaris curs 25\/26 durant el mes de setembre<\/strong> <strong>fins el 26\/9\/25<\/strong><\/p>\n\n\n\n<ul class=\"wp-block-list\">\n<li>De dilluns a&nbsp;dijous<strong>:&nbsp;<\/strong>de&nbsp;9.30h a 13.30h&nbsp;i de 15.30h a 19.30h<\/li>\n\n\n\n<li>Divendres: de 9.30h a 13.30h<\/li>\n<\/ul>\n\n\n\n<p class=\"has-ast-global-color-0-color has-text-color has-link-color wp-elements-64550604f00e7429fb7e06821c0e457b\" style=\"margin-top:var(--wp--preset--spacing--20);margin-bottom:var(--wp--preset--spacing--20)\"><strong>Horaris curs 25\/26 a partir del 29\/9\/25 fins al juny<\/strong><\/p>\n\n\n\n<ul class=\"wp-block-list\">\n<li>Matins\n<ul class=\"wp-block-list\">\n<li>Dimarts i&nbsp; dijous*: de 9.30h a 11.15h i d&#8217;11.45h a 13.30h<\/li>\n\n\n\n<li>Divendres de 9.30h a 13.30h<\/li>\n<\/ul>\n<\/li>\n\n\n\n<li>Tardes\n<ul class=\"wp-block-list\">\n<li>De dilluns a dijous*: de 15.30h a 17.00h, de 17.30h a 18.15h i 18.45h a 19.30h<\/li>\n<\/ul>\n<\/li>\n<\/ul>\n\n\n\n<p style=\"margin-top:var(--wp--preset--spacing--20);margin-bottom:var(--wp--preset--spacing--20)\">* les franges sense servei corresponen a la cobertura del servei de biblioteca per part del mateix personal<\/p>\n\n\n\n<p style=\"margin-top:var(--wp--preset--spacing--20);margin-bottom:var(--wp--preset--spacing--20)\"><strong>Per demanar informaci\u00f3 o enviar documentaci\u00f3, adreceu-vos al correu seg\u00fcent:<\/strong>  <a href=\"mailto:eoisantacoloma@xtec.cat\">eoisantacoloma@xtec.cat<\/a><\/p>\n\n\n\n<p style=\"margin-top:var(--wp--preset--spacing--20);margin-bottom:var(--wp--preset--spacing--20)\">&nbsp;<strong>El centre estar\u00e0 tancat els dies seg\u00fcents:<\/strong><\/p>\n\n\n\n<ul class=\"wp-block-list\">\n<li>11\/09\/25&nbsp;&nbsp;&nbsp;&nbsp; La Diada&nbsp;<\/li>\n\n\n\n<li>24\/09\/25&nbsp; &nbsp;&nbsp; Festa local de Santa Coloma<\/li>\n\n\n\n<li>31\/10\/25 &nbsp; &nbsp; Dia lliure disposici\u00f3<\/li>\n\n\n\n<li>05\/12\/25&nbsp;&nbsp;&nbsp;&nbsp; Dia lliure disposici\u00f3<\/li>\n\n\n\n<li>08\/12\/25&nbsp;&nbsp;&nbsp;&nbsp; Dia de la Immaculada Concepci\u00f3<\/li>\n\n\n\n<li>20\/02\/26 &nbsp;&nbsp;&nbsp; Dia lliure disposici\u00f3<\/li>\n\n\n\n<li>30\/04\/26&nbsp;&nbsp;&nbsp;&nbsp; Dia lliure disposici\u00f3<\/li>\n\n\n\n<li>01\/05\/26&nbsp;&nbsp;&nbsp;&nbsp; Festa del Treball<\/li>\n\n\n\n<li>25\/05\/26 &nbsp;&nbsp;&nbsp; Festa local &#8211; Segona Pasqua<\/li>\n\n\n\n<li>24\/06\/26 &nbsp;&nbsp;&nbsp; Festa Nacional Catalunya-St.Joan<\/li>\n<\/ul>\n\n\n\n<h2 class=\"wp-block-heading has-ast-global-color-0-color has-text-color has-link-color has-medium-font-size wp-elements-9aaeb5a965bbac5f5ae254db97175e9a\">HORARIS DE LA BIBLIOTECA<\/h2>\n\n\n\n<p class=\"has-ast-global-color-0-color has-text-color has-link-color wp-elements-1811f41f55293ab911fded2066e5ad9d\" style=\"margin-top:var(--wp--preset--spacing--20);margin-bottom:var(--wp--preset--spacing--20)\"><strong>Horaris curs 25\/26<\/strong> <strong>a partir del 16\/10\/25<\/strong><\/p>\n\n\n\n<ul class=\"wp-block-list\">\n<li>Matins: dimarts i&nbsp; dijous: de 11.15h a 11.45h<\/li>\n\n\n\n<li>Tardes: de dilluns a dijous: de 17.00h a 17.30h i de 18.15h a 18.45h&nbsp;<\/li>\n<\/ul>\n","protected":false},"excerpt":{"rendered":"<p>HORARIS DEPARTAMENT D&#8217;ALUMNAT \/ SECRETARIA: ATENCI\u00d3 AL P\u00daBLIC Horaris curs 25\/26 durant el mes de juliol Horaris curs 25\/26 durant [&hellip;]<\/p>\n","protected":false},"author":1,"featured_media":0,"parent":9107,"menu_order":4,"comment_status":"closed","ping_status":"closed","template":"","meta":{"_bbp_topic_count":0,"_bbp_reply_count":0,"_bbp_total_topic_count":0,"_bbp_total_reply_count":0,"_bbp_voice_count":0,"_bbp_anonymous_reply_count":0,"_bbp_topic_count_hidden":0,"_bbp_reply_count_hidden":0,"_bbp_forum_subforum_count":0,"site-sidebar-layout":"default","site-content-layout":"","ast-site-content-layout":"default","site-content-style":"default","site-sidebar-style":"default","ast-global-header-display":"","ast-banner-title-visibility":"","ast-main-header-display":"","ast-hfb-above-header-display":"","ast-hfb-below-header-display":"","ast-hfb-mobile-header-display":"","site-post-title":"","ast-breadcrumbs-content":"","ast-featured-img":"","footer-sml-layout":"","theme-transparent-header-meta":"","adv-header-id-meta":"","stick-header-meta":"","header-above-stick-meta":"","header-main-stick-meta":"","header-below-stick-meta":"","astra-migrate-meta-layouts":"set","ast-page-background-enabled":"default","ast-page-background-meta":{"desktop":{"background-color":"var(--ast-global-color-4)","background-image":"","background-repeat":"repeat","background-position":"center center","background-size":"auto","background-attachment":"scroll","background-type":"","background-media":"","overlay-type":"","overlay-color":"","overlay-opacity":"","overlay-gradient":""},"tablet":{"background-color":"","background-image":"","background-repeat":"repeat","background-position":"center center","background-size":"auto","background-attachment":"scroll","background-type":"","background-media":"","overlay-type":"","overlay-color":"","overlay-opacity":"","overlay-gradient":""},"mobile":{"background-color":"","background-image":"","background-repeat":"repeat","background-position":"center center","background-size":"auto","background-attachment":"scroll","background-type":"","background-media":"","overlay-type":"","overlay-color":"","overlay-opacity":"","overlay-gradient":""}},"ast-content-background-meta":{"desktop":{"background-color":"var(--ast-global-color-5)","background-image":"","background-repeat":"repeat","background-position":"center center","background-size":"auto","background-attachment":"scroll","background-type":"","background-media":"","overlay-type":"","overlay-color":"","overlay-opacity":"","overlay-gradient":""},"tablet":{"background-color":"var(--ast-global-color-5)","background-image":"","background-repeat":"repeat","background-position":"center center","background-size":"auto","background-attachment":"scroll","background-type":"","background-media":"","overlay-type":"","overlay-color":"","overlay-opacity":"","overlay-gradient":""},"mobile":{"background-color":"var(--ast-global-color-5)","background-image":"","background-repeat":"repeat","background-position":"center center","background-size":"auto","background-attachment":"scroll","background-type":"","background-media":"","overlay-type":"","overlay-color":"","overlay-opacity":"","overlay-gradient":""}},"footnotes":""},"class_list":["post-9492","page","type-page","status-publish","hentry"],"post_mailing_queue_ids":[],"_links":{"self":[{"href":"https:\/\/agora-eoi.xtec.cat\/eoisantacoloma\/wp-json\/wp\/v2\/pages\/9492","targetHints":{"allow":["GET"]}}],"collection":[{"href":"https:\/\/agora-eoi.xtec.cat\/eoisantacoloma\/wp-json\/wp\/v2\/pages"}],"about":[{"href":"https:\/\/agora-eoi.xtec.cat\/eoisantacoloma\/wp-json\/wp\/v2\/types\/page"}],"author":[{"embeddable":true,"href":"https:\/\/agora-eoi.xtec.cat\/eoisantacoloma\/wp-json\/wp\/v2\/users\/1"}],"replies":[{"embeddable":true,"href":"https:\/\/agora-eoi.xtec.cat\/eoisantacoloma\/wp-json\/wp\/v2\/comments?post=9492"}],"version-history":[{"count":6,"href":"https:\/\/agora-eoi.xtec.cat\/eoisantacoloma\/wp-json\/wp\/v2\/pages\/9492\/revisions"}],"predecessor-version":[{"id":10387,"href":"https:\/\/agora-eoi.xtec.cat\/eoisantacoloma\/wp-json\/wp\/v2\/pages\/9492\/revisions\/10387"}],"up":[{"embeddable":true,"href":"https:\/\/agora-eoi.xtec.cat\/eoisantacoloma\/wp-json\/wp\/v2\/pages\/9107"}],"wp:attachment":[{"href":"https:\/\/agora-eoi.xtec.cat\/eoisantacoloma\/wp-json\/wp\/v2\/media?parent=9492"}],"curies":[{"name":"wp","href":"https:\/\/api.w.org\/{rel}","templated":true}]}}