{"id":9423,"date":"2023-06-09T08:52:29","date_gmt":"2023-06-09T06:52:29","guid":{"rendered":"https:\/\/agora-eoi.xtec.cat\/eoisantacoloma\/?page_id=9423"},"modified":"2024-11-15T21:23:08","modified_gmt":"2024-11-15T20:23:08","slug":"aplicacions","status":"publish","type":"page","link":"https:\/\/agora-eoi.xtec.cat\/eoisantacoloma\/edc\/cultura-digital\/aplicacions\/","title":{"rendered":"Aplicacions"},"content":{"rendered":"<p>L\u2019escola ofereix a l\u2019alumnat les seg\u00fcents aplicacions:<\/p>\n<ul>\n<li><a href=\"https:\/\/agora-eoi.xtec.cat\/eoisantacoloma\/\">Web nodes<\/a><\/li>\n<li><a href=\"https:\/\/agora-eoi.xtec.cat\/eoisantacoloma\/moodle\/\">Moodle<\/a><\/li>\n<li><a href=\"https:\/\/www.informaticacentros.com\/centrosnet\/ultralogin.php?tcentro=EOI&amp;centro=B27\">CentrosNET<\/a><\/li>\n<li><a href=\"https:\/\/tokapp.com\/es\/login\/\">TokApp<\/a><\/li>\n<\/ul>\n<p>&nbsp;<\/p>\n<table style=\"width: 92.5976%;\">\n<tbody>\n<tr>\n<td style=\"width: 36.1742%;\" width=\"193\"><a href=\"https:\/\/agora-eoi.xtec.cat\/eoisantacoloma\/wp-content\/uploads\/usu2307\/2023\/06\/webeoisc.png\"><img loading=\"lazy\" decoding=\"async\" class=\"alignnone size-full wp-image-9432\" src=\"https:\/\/agora-eoi.xtec.cat\/eoisantacoloma\/wp-content\/uploads\/usu2307\/2023\/06\/webeoisc.png\" alt=\"\" width=\"465\" height=\"255\" srcset=\"https:\/\/agora-eoi.xtec.cat\/eoisantacoloma\/wp-content\/uploads\/usu2307\/2023\/06\/webeoisc.png 465w, https:\/\/agora-eoi.xtec.cat\/eoisantacoloma\/wp-content\/uploads\/usu2307\/2023\/06\/webeoisc-300x165.png 300w\" sizes=\"auto, (max-width: 465px) 100vw, 465px\" \/><\/a><\/td>\n<td style=\"width: 180.45%;\" width=\"331\">L\u2019escola disposa d\u2019un espai web nodes amb la informaci\u00f3 p\u00fablica:<\/p>\n<p><a href=\"https:\/\/agora-eoi.xtec.cat\/eoisantacoloma\/\">https:\/\/agora-eoi.xtec.cat\/eoisantacoloma\/<\/a><\/p>\n<p>&nbsp;<\/p>\n<p>&nbsp;<\/td>\n<\/tr>\n<tr>\n<td style=\"width: 36.1742%;\" width=\"193\"><a href=\"https:\/\/agora-eoi.xtec.cat\/eoisantacoloma\/wp-content\/uploads\/usu2307\/2023\/06\/moodleeoisc.png\"><img loading=\"lazy\" decoding=\"async\" class=\"alignnone size-full wp-image-9433\" src=\"https:\/\/agora-eoi.xtec.cat\/eoisantacoloma\/wp-content\/uploads\/usu2307\/2023\/06\/moodleeoisc.png\" alt=\"\" width=\"287\" height=\"131\" \/><\/a><\/td>\n<td style=\"width: 180.45%;\" width=\"331\">L\u2019escola fa servir la versi\u00f3 Moodle com a EVA de centre.<\/p>\n<p><a href=\"https:\/\/agora-eoi.xtec.cat\/eoisantacoloma\/moodle\/login\/index.php\">https:\/\/agora-eoi.xtec.cat\/eoisantacoloma\/moodle\/login\/index.php<\/a><\/p>\n<p>&nbsp;<\/td>\n<\/tr>\n<tr>\n<td style=\"width: 36.1742%;\" width=\"193\"><a href=\"https:\/\/agora-eoi.xtec.cat\/eoisantacoloma\/wp-content\/uploads\/usu2307\/2023\/06\/centrosnet-1.png\"><img loading=\"lazy\" decoding=\"async\" class=\"alignnone size-full wp-image-9436\" src=\"https:\/\/agora-eoi.xtec.cat\/eoisantacoloma\/wp-content\/uploads\/usu2307\/2023\/06\/centrosnet-1.png\" alt=\"\" width=\"391\" height=\"130\" srcset=\"https:\/\/agora-eoi.xtec.cat\/eoisantacoloma\/wp-content\/uploads\/usu2307\/2023\/06\/centrosnet-1.png 391w, https:\/\/agora-eoi.xtec.cat\/eoisantacoloma\/wp-content\/uploads\/usu2307\/2023\/06\/centrosnet-1-300x100.png 300w\" sizes=\"auto, (max-width: 391px) 100vw, 391px\" \/><\/a><\/td>\n<td style=\"width: 180.45%;\" width=\"331\">Aplicaci\u00f3 on els alumnes poden consultar les seves notes i expedient acad\u00e8mic.<\/p>\n<p><a href=\"https:\/\/www.informaticacentros.com\/centrosnet\/ultralogin.php?tcentro=EOI&amp;centro=B27\">https:\/\/www.informaticacentros.com\/centrosnet\/ultralogin.php?tcentro=EOI&amp;centro=B27<\/a><\/p>\n<p>&nbsp;<\/td>\n<\/tr>\n<tr>\n<td style=\"width: 36.1742%;\" width=\"193\"><a href=\"https:\/\/agora-eoi.xtec.cat\/eoisantacoloma\/wp-content\/uploads\/usu2307\/2023\/06\/tokapp.png\"><img loading=\"lazy\" decoding=\"async\" class=\"alignnone size-full wp-image-9437\" src=\"https:\/\/agora-eoi.xtec.cat\/eoisantacoloma\/wp-content\/uploads\/usu2307\/2023\/06\/tokapp.png\" alt=\"\" width=\"302\" height=\"117\" srcset=\"https:\/\/agora-eoi.xtec.cat\/eoisantacoloma\/wp-content\/uploads\/usu2307\/2023\/06\/tokapp.png 302w, https:\/\/agora-eoi.xtec.cat\/eoisantacoloma\/wp-content\/uploads\/usu2307\/2023\/06\/tokapp-300x117.png 300w\" sizes=\"auto, (max-width: 302px) 100vw, 302px\" \/><\/a><\/td>\n<td style=\"width: 180.45%;\" width=\"331\">Aplicaci\u00f3 per informar les fam\u00edlies de les abs\u00e8ncies dels alumnes menors d\u2019edat.<\/p>\n<p><a href=\"https:\/\/tokapp.com\/es\/login\/\">https:\/\/tokapp.com\/es\/login\/<\/a><\/p>\n<p>&nbsp;<\/td>\n<\/tr>\n<\/tbody>\n<\/table>\n<p>&nbsp;<\/p>\n<p>&nbsp;<\/p>\n","protected":false},"excerpt":{"rendered":"<p>L\u2019escola ofereix a l\u2019alumnat les seg\u00fcents aplicacions: Web nodes Moodle CentrosNET TokApp &nbsp; L\u2019escola disposa d\u2019un espai web nodes amb [&hellip;]<\/p>\n","protected":false},"author":1,"featured_media":0,"parent":9036,"menu_order":3,"comment_status":"closed","ping_status":"closed","template":"page-templates\/side-menu.php","meta":{"_bbp_topic_count":0,"_bbp_reply_count":0,"_bbp_total_topic_count":0,"_bbp_total_reply_count":0,"_bbp_voice_count":0,"_bbp_anonymous_reply_count":0,"_bbp_topic_count_hidden":0,"_bbp_reply_count_hidden":0,"_bbp_forum_subforum_count":0,"site-sidebar-layout":"default","site-content-layout":"","ast-site-content-layout":"","site-content-style":"default","site-sidebar-style":"default","ast-global-header-display":"","ast-banner-title-visibility":"","ast-main-header-display":"","ast-hfb-above-header-display":"","ast-hfb-below-header-display":"","ast-hfb-mobile-header-display":"","site-post-title":"","ast-breadcrumbs-content":"","ast-featured-img":"","footer-sml-layout":"","theme-transparent-header-meta":"","adv-header-id-meta":"","stick-header-meta":"","header-above-stick-meta":"","header-main-stick-meta":"","header-below-stick-meta":"","astra-migrate-meta-layouts":"default","ast-page-background-enabled":"default","ast-page-background-meta":{"desktop":{"background-color":"var(--ast-global-color-4)","background-image":"","background-repeat":"repeat","background-position":"center center","background-size":"auto","background-attachment":"scroll","background-type":"","background-media":"","overlay-type":"","overlay-color":"","overlay-opacity":"","overlay-gradient":""},"tablet":{"background-color":"","background-image":"","background-repeat":"repeat","background-position":"center center","background-size":"auto","background-attachment":"scroll","background-type":"","background-media":"","overlay-type":"","overlay-color":"","overlay-opacity":"","overlay-gradient":""},"mobile":{"background-color":"","background-image":"","background-repeat":"repeat","background-position":"center center","background-size":"auto","background-attachment":"scroll","background-type":"","background-media":"","overlay-type":"","overlay-color":"","overlay-opacity":"","overlay-gradient":""}},"ast-content-background-meta":{"desktop":{"background-color":"var(--ast-global-color-5)","background-image":"","background-repeat":"repeat","background-position":"center center","background-size":"auto","background-attachment":"scroll","background-type":"","background-media":"","overlay-type":"","overlay-color":"","overlay-opacity":"","overlay-gradient":""},"tablet":{"background-color":"var(--ast-global-color-5)","background-image":"","background-repeat":"repeat","background-position":"center center","background-size":"auto","background-attachment":"scroll","background-type":"","background-media":"","overlay-type":"","overlay-color":"","overlay-opacity":"","overlay-gradient":""},"mobile":{"background-color":"var(--ast-global-color-5)","background-image":"","background-repeat":"repeat","background-position":"center center","background-size":"auto","background-attachment":"scroll","background-type":"","background-media":"","overlay-type":"","overlay-color":"","overlay-opacity":"","overlay-gradient":""}},"footnotes":""},"class_list":["post-9423","page","type-page","status-publish","hentry"],"post_mailing_queue_ids":[],"_links":{"self":[{"href":"https:\/\/agora-eoi.xtec.cat\/eoisantacoloma\/wp-json\/wp\/v2\/pages\/9423","targetHints":{"allow":["GET"]}}],"collection":[{"href":"https:\/\/agora-eoi.xtec.cat\/eoisantacoloma\/wp-json\/wp\/v2\/pages"}],"about":[{"href":"https:\/\/agora-eoi.xtec.cat\/eoisantacoloma\/wp-json\/wp\/v2\/types\/page"}],"author":[{"embeddable":true,"href":"https:\/\/agora-eoi.xtec.cat\/eoisantacoloma\/wp-json\/wp\/v2\/users\/1"}],"replies":[{"embeddable":true,"href":"https:\/\/agora-eoi.xtec.cat\/eoisantacoloma\/wp-json\/wp\/v2\/comments?post=9423"}],"version-history":[{"count":4,"href":"https:\/\/agora-eoi.xtec.cat\/eoisantacoloma\/wp-json\/wp\/v2\/pages\/9423\/revisions"}],"predecessor-version":[{"id":9440,"href":"https:\/\/agora-eoi.xtec.cat\/eoisantacoloma\/wp-json\/wp\/v2\/pages\/9423\/revisions\/9440"}],"up":[{"embeddable":true,"href":"https:\/\/agora-eoi.xtec.cat\/eoisantacoloma\/wp-json\/wp\/v2\/pages\/9036"}],"wp:attachment":[{"href":"https:\/\/agora-eoi.xtec.cat\/eoisantacoloma\/wp-json\/wp\/v2\/media?parent=9423"}],"curies":[{"name":"wp","href":"https:\/\/api.w.org\/{rel}","templated":true}]}}