{"id":9086,"date":"2023-05-09T22:24:39","date_gmt":"2023-05-09T20:24:39","guid":{"rendered":"https:\/\/agora-eoi.xtec.cat\/eoisantacoloma\/?page_id=9086"},"modified":"2025-06-25T18:21:42","modified_gmt":"2025-06-25T16:21:42","slug":"nous-alumnes","status":"publish","type":"page","link":"https:\/\/agora-eoi.xtec.cat\/eoisantacoloma\/matricula\/nous-alumnes\/","title":{"rendered":"Nou alumnat"},"content":{"rendered":"\n<h2 class=\"wp-block-heading has-ast-global-color-0-color has-text-color has-link-color wp-elements-4da32fdc27853bc651e9d693d5503cb8\" style=\"font-size:22px\">REQUISITS<\/h2>\n\n\n\n<p style=\"margin-top:var(--wp--preset--spacing--20);margin-bottom:var(--wp--preset--spacing--20)\">Els requisits d&#8217;acc\u00e9s (curs 2025-2026) s\u00f3n:<\/p>\n\n\n\n<ul class=\"wp-block-list\">\n<li style=\"margin-top:0;margin-right:var(--wp--preset--spacing--20);margin-bottom:0;margin-left:var(--wp--preset--spacing--20);padding-top:0;padding-right:0;padding-bottom:0;padding-left:0\">Tenir 16 anys complits el dia 31 de desembre de 2025.<\/li>\n\n\n\n<li style=\"margin-right:var(--wp--preset--spacing--20);margin-left:var(--wp--preset--spacing--20)\">Tenir 14 anys complits el dia 31 de desembre de 2025 (nom\u00e9s per seguir els ensenyaments d&#8217;un idioma diferent del cursat com a primera llengua estrangera en l&#8217;educaci\u00f3 secund\u00e0ria obligat\u00f2ria &#8211; s&#8217;ha d&#8217;acreditar aquest fet).<\/li>\n<\/ul>\n\n\n\n<h2 class=\"wp-block-heading has-ast-global-color-0-color has-text-color has-link-color wp-elements-047ba9de4eeea718a64a8adc32447f06\" style=\"font-size:22px\">DOCUMENTACI\u00d3<\/h2>\n\n\n\n<p style=\"margin-top:var(--wp--preset--spacing--20);margin-bottom:var(--wp--preset--spacing--20)\">La documentaci\u00f3 necess\u00e0ria per formalitzar la matr\u00edcula \u00e9s la seg\u00fcent:<\/p>\n\n\n\n<ul class=\"wp-block-list\">\n<li>Document d&#8217;identitat (DNI, NIE o passaport) vigent.  <strong>Cal enviar-lo a l&#8217;adre\u00e7a: eoisantacoloma@xtec.cat<\/strong><\/li>\n\n\n\n<li>Document que acredita la bonificaci\u00f3 o exempci\u00f3 de l&#8217;import de la matr\u00edcula (consulteu bonificacions).  <strong>Cal adjuntar-lo a l&#8217;aplicaci\u00f3 de preinscripci\u00f3 en el moment de formalitzar la matr\u00edcula.<\/strong><\/li>\n<\/ul>\n\n\n\n<h2 class=\"wp-block-heading has-ast-global-color-0-color has-text-color has-link-color wp-elements-a62811872a174ece92b6a4b07e2fb67f\" style=\"font-size:22px\">PROC\u00c9S DE PREINSCRIPCI\u00d3 CURS 2025-2026<\/h2>\n\n\n\n<h3 class=\"wp-block-heading has-medium-font-size\" style=\"margin-top:0;margin-bottom:0\">Normativa vigent<\/h3>\n\n\n\n<p style=\"margin-top:var(--wp--preset--spacing--20);margin-bottom:var(--wp--preset--spacing--20);padding-top:var(--wp--preset--spacing--20);padding-bottom:var(--wp--preset--spacing--20)\">El proc\u00e9s de preinscripci\u00f3 de nous alumnes de les escoles oficials d&#8217;idiomes es regeix pel Decret 75\/2007, de 27 de mar\u00e7, publicat en el DOGC n\u00fam. 4852 de 29.3.2007 i per la Resoluci\u00f3 que es publica cada any.<\/p>\n\n\n\n<h3 class=\"wp-block-heading has-medium-font-size\" style=\"margin-top:var(--wp--preset--spacing--20);margin-right:0;margin-bottom:var(--wp--preset--spacing--20);margin-left:0;padding-top:0;padding-right:0;padding-bottom:0;padding-left:0\"><strong>Preinscripci\u00f3:  primer pas per a nou alumnat<\/strong><\/h3>\n\n\n\n<p style=\"margin-top:0;margin-bottom:0;padding-top:0;padding-right:0;padding-bottom:0;padding-left:0\">Les persones que sol\u00b7licitin estudiar a l&#8217;Escola Oficial d&#8217;Idiomes de Santa Coloma, si no han estat alumnes oficials del centre de l&#8217;idioma que desitgen estudiar, en el curs immediatament anterior, han de fer una preinscripci\u00f3.<\/p>\n\n\n\n<h3 class=\"wp-block-heading has-medium-font-size\" style=\"margin-top:var(--wp--preset--spacing--20);margin-bottom:var(--wp--preset--spacing--20)\"><strong>T<\/strong>elem\u00e0tica<\/h3>\n\n\n\n<p style=\"margin-top:var(--wp--preset--spacing--20);margin-bottom:var(--wp--preset--spacing--20)\">La preinscripci\u00f3 per al curs 2025-26 es far\u00e0 de forma&nbsp;<strong>telem\u00e0tica<\/strong>&nbsp;a partir de les 12.00h de l&#8217;1 de setembre i fins a les 15.00h del 8 de setembre.<\/p>\n\n\n\n<h3 class=\"wp-block-heading has-medium-font-size\" style=\"margin-top:var(--wp--preset--spacing--20);margin-bottom:var(--wp--preset--spacing--20)\"><strong>Acc\u00e9s als diferents cursos<\/strong><\/h3>\n\n\n\n<p style=\"margin-top:var(--wp--preset--spacing--20);margin-right:0;margin-bottom:var(--wp--preset--spacing--20);margin-left:0\">Per poder accedir a cursos superiors a A1, cal tenir aprovat el curs immediatament inferior (en una EOI del territori espanyol), haver-hi accedit per prova de nivell o tenir algun t\u00edtol de la taula d&#8217;exempcions que consta en el web de la preinscripci\u00f3 a clicant al link seg\u00fcent: <a href=\"https:\/\/dogc.gencat.cat\/ca\/document-del-dogc\/?documentId=990876\" target=\"_blank\" rel=\"noreferrer noopener\">Taules de certificats i diplomes v\u00e0lids<\/a><\/p>\n\n\n\n<h3 class=\"wp-block-heading has-medium-font-size\" style=\"margin-top:var(--wp--preset--spacing--20);margin-bottom:var(--wp--preset--spacing--20)\"><strong>Quantes inscripcions es poden fer?<\/strong><\/h3>\n\n\n\n<p style=\"margin-top:var(--wp--preset--spacing--20);margin-bottom:var(--wp--preset--spacing--20)\">Una persona pot fer la sol\u00b7licitud de preinscripci\u00f3 per a dos idiomes com a m\u00e0xim.<\/p>\n\n\n\n<h3 class=\"wp-block-heading has-medium-font-size\" style=\"margin-top:0;margin-right:0;margin-bottom:0;margin-left:0;padding-top:0;padding-right:0;padding-bottom:0;padding-left:0\"><strong>M\u00e9s informaci\u00f3 sobre el procediment de preinscripci\u00f3 i matr\u00edcula en els seg\u00fcents enlla\u00e7os:<\/strong><\/h3>\n\n\n\n<ul class=\"wp-block-list\">\n<li style=\"margin-top:0;margin-bottom:0\"><a href=\"https:\/\/educacio.gencat.cat\/web\/.content\/home\/departament\/publicacions\/infografies\/eoi-10-eoi.pdf\" target=\"_blank\" rel=\"noreferrer noopener\">Infografia resum del proc\u00e9s de preinscripci\u00f3<\/a><\/li>\n\n\n\n<li><a href=\"https:\/\/preinscripcio.gencat.cat\/ca\/estudis\/idiomes-eoi\/inici\/\" target=\"_blank\" rel=\"noreferrer noopener\">Informaci\u00f3 del proc\u00e9s de preinscripci\u00f3<\/a><\/li>\n\n\n\n<li><a href=\"https:\/\/preinscripcio.gencat.cat\/ca\/estudis\/idiomes-eoi\/informat\/busca-centre\/\" target=\"_blank\" rel=\"noreferrer noopener\">Vacants i centres<\/a> (publicaci\u00f3 18 de juliol de 2025)<\/li>\n<\/ul>\n\n\n\n<h3 class=\"wp-block-heading has-medium-font-size\"><strong>Horaris curs 2025-2026:<\/strong><\/h3>\n\n\n\n<ul class=\"wp-block-list\">\n<li><a href=\"https:\/\/drive.google.com\/file\/d\/1Tb7RHDy48T4P2GzmCIeP9AsUDk-w01Qd\/view?usp=sharing\" data-type=\"link\" data-id=\"https:\/\/drive.google.com\/file\/d\/1Tb7RHDy48T4P2GzmCIeP9AsUDk-w01Qd\/view?usp=sharing\" target=\"_blank\" rel=\"noreferrer noopener\">Horaris Alemany 2025-2026<\/a><\/li>\n\n\n\n<li><a href=\"https:\/\/drive.google.com\/file\/d\/1tFmGlBsbK_06KLQf8rkoWOI60CfB1Zhk\/view?usp=sharing\" data-type=\"link\" data-id=\"https:\/\/drive.google.com\/file\/d\/1tFmGlBsbK_06KLQf8rkoWOI60CfB1Zhk\/view?usp=sharing\" target=\"_blank\" rel=\"noreferrer noopener\">Horaris Angl\u00e8s 2025-2026<\/a><\/li>\n\n\n\n<li><a href=\"https:\/\/drive.google.com\/file\/d\/1VQCAHJChSttbb_7aXJs0XRkHOuQ3nJY0\/view?usp=sharing\" data-type=\"link\" data-id=\"https:\/\/drive.google.com\/file\/d\/1VQCAHJChSttbb_7aXJs0XRkHOuQ3nJY0\/view?usp=sharing\" target=\"_blank\" rel=\"noreferrer noopener\">Horaris Franc\u00e8s 2025-2026<\/a><\/li>\n<\/ul>\n\n\n\n<h3 class=\"wp-block-heading has-medium-font-size\"><strong>Aplicatiu preinscripci\u00f3<\/strong><\/h3>\n\n\n\n<p style=\"margin-top:var(--wp--preset--spacing--20);margin-bottom:var(--wp--preset--spacing--20)\">Aquesta aplicaci\u00f3 inform\u00e0tica romandr\u00e0 oberta de l&#8217;1 (a partir de les 12.00h) al 8 de setembre (fins a les 15.00h) de 2025.<\/p>\n\n\n\n<ul class=\"wp-block-list\">\n<li><a href=\"https:\/\/www.eoidigital.com\/eoicat\/alumnes\/\" target=\"_blank\" rel=\"noreferrer noopener\">Aplicatiu Preinscripci\u00f3 d&#8217;A1 a C2<\/a><\/li>\n<\/ul>\n\n\n\n<h2 class=\"wp-block-heading has-ast-global-color-0-color has-text-color has-link-color wp-elements-29aeadc8fdca09816eefaa1514d4d30b\" style=\"font-size:22px\">TAXES I PREUS P\u00daBLICS 2025-2026 <\/h2>\n\n\n\n<h3 class=\"wp-block-heading has-medium-font-size\"><strong>Preus p\u00fablics 2025-2026<\/strong><\/h3>\n\n\n\n<figure class=\"wp-block-image size-full\"><a href=\"https:\/\/agora-eoi.xtec.cat\/eoisantacoloma\/wp-content\/uploads\/usu2307\/2025\/05\/Preus-publics-Curs-2025-26.png\"><img loading=\"lazy\" decoding=\"async\" width=\"1024\" height=\"768\" src=\"https:\/\/agora-eoi.xtec.cat\/eoisantacoloma\/wp-content\/uploads\/usu2307\/2025\/05\/Preus-publics-Curs-2025-26.png\" alt=\"\" class=\"wp-image-9801\" srcset=\"https:\/\/agora-eoi.xtec.cat\/eoisantacoloma\/wp-content\/uploads\/usu2307\/2025\/05\/Preus-publics-Curs-2025-26.png 1024w, https:\/\/agora-eoi.xtec.cat\/eoisantacoloma\/wp-content\/uploads\/usu2307\/2025\/05\/Preus-publics-Curs-2025-26-300x225.png 300w, https:\/\/agora-eoi.xtec.cat\/eoisantacoloma\/wp-content\/uploads\/usu2307\/2025\/05\/Preus-publics-Curs-2025-26-768x576.png 768w\" sizes=\"auto, (max-width: 1024px) 100vw, 1024px\" \/><\/a><\/figure>\n\n\n\n<p style=\"margin-top:var(--wp--preset--spacing--20);margin-right:0;margin-bottom:var(--wp--preset--spacing--20);margin-left:0;padding-top:0;padding-right:0;padding-bottom:0;padding-left:0\">Per a m\u00e9s informaci\u00f3 sobre preus p\u00fablics, consulteu&nbsp;<a href=\"https:\/\/educacio.gencat.cat\/ca\/departament\/normativa\/taxes-preus-publics\/preu-public\/\" target=\"_blank\" rel=\"noreferrer noopener\">aqu\u00ed<\/a>.<\/p>\n\n\n\n<p>Per a m\u00e9s informaci\u00f3 sobre les exempcions i bonificacions dels preus p\u00fablics, consulteu&nbsp;<a href=\"https:\/\/educacio.gencat.cat\/ca\/departament\/normativa\/taxes-preus-publics\/exempcions-bonificacions\/\" target=\"_blank\" rel=\"noreferrer noopener\">aqu\u00ed<\/a>.<\/p>\n\n\n\n<h3 class=\"wp-block-heading has-medium-font-size\"><strong>Taxes 2025-2026<\/strong><\/h3>\n\n\n\n<figure class=\"wp-block-image size-full\"><a href=\"https:\/\/agora-eoi.xtec.cat\/eoisantacoloma\/wp-content\/uploads\/usu2307\/2025\/05\/Taxes-Curs-2025-26.png\"><img loading=\"lazy\" decoding=\"async\" width=\"1024\" height=\"768\" src=\"https:\/\/agora-eoi.xtec.cat\/eoisantacoloma\/wp-content\/uploads\/usu2307\/2025\/05\/Taxes-Curs-2025-26.png\" alt=\"\" class=\"wp-image-9802\" srcset=\"https:\/\/agora-eoi.xtec.cat\/eoisantacoloma\/wp-content\/uploads\/usu2307\/2025\/05\/Taxes-Curs-2025-26.png 1024w, https:\/\/agora-eoi.xtec.cat\/eoisantacoloma\/wp-content\/uploads\/usu2307\/2025\/05\/Taxes-Curs-2025-26-300x225.png 300w, https:\/\/agora-eoi.xtec.cat\/eoisantacoloma\/wp-content\/uploads\/usu2307\/2025\/05\/Taxes-Curs-2025-26-768x576.png 768w\" sizes=\"auto, (max-width: 1024px) 100vw, 1024px\" \/><\/a><\/figure>\n\n\n\n<p style=\"margin-top:var(--wp--preset--spacing--20);margin-bottom:var(--wp--preset--spacing--20)\">Per a m\u00e9s informaci\u00f3 sobre taxes, consulteu&nbsp;<a href=\"https:\/\/educacio.gencat.cat\/ca\/departament\/normativa\/taxes-preus-publics\/taxes\/\" target=\"_blank\" rel=\"noreferrer noopener\">aqu\u00ed<\/a>.<\/p>\n\n\n\n<p>Per a mes informaci\u00f3 sobre les exempcions i bonificacions de taxes, consulteu&nbsp;<a href=\"https:\/\/educacio.gencat.cat\/ca\/departament\/normativa\/taxes-preus-publics\/exempcions-bonificacions\/\" target=\"_blank\" rel=\"noreferrer noopener\">aqu\u00ed<\/a>.<\/p>\n\n\n\n<h2 class=\"wp-block-heading has-ast-global-color-0-color has-text-color has-link-color wp-elements-1413aacc530e367793533e7d00f7c0e8\" style=\"margin-top:0;margin-right:0;margin-bottom:0;margin-left:0;padding-top:0;padding-right:0;padding-bottom:0;padding-left:0;font-size:22px\">PROVES DE NIVELL<\/h2>\n\n\n\n<ul class=\"wp-block-list\">\n<li style=\"margin-top:0;margin-right:0;margin-bottom:0;margin-left:0;padding-top:0;padding-right:0;padding-bottom:0;padding-left:0\">La prova de nivell de tots els idiomes ser\u00e0 telem\u00e0tica.<\/li>\n\n\n\n<li>La prova de nivell determina el curs en qu\u00e8 els sol\u00b7licitants es poden preinscriure.<\/li>\n\n\n\n<li>La realitzaci\u00f3 d&#8217;aquesta prova no d\u00f3na dret a l&#8217;obtenci\u00f3 de cap certificat.<\/li>\n\n\n\n<li>Per sol\u00b7licitar pla\u00e7a a C2.1 d&#8217;angl\u00e8s, cal estar en possessi\u00f3 del nivell C1.<\/li>\n\n\n\n<li><strong>Fer la prova de nivell no garanteix l&#8217;obtenci\u00f3 d&#8217;una pla\u00e7a<\/strong><\/li>\n<\/ul>\n\n\n\n<h2 class=\"wp-block-heading has-ast-global-color-0-color has-text-color has-link-color wp-elements-8ac7fc1735c08038a2805586a3ca9906\" style=\"font-size:22px\">RESULTATS SORTEIG I CALENDARI DE MATR\u00cdCULA<\/h2>\n\n\n\n<p style=\"margin-top:var(--wp--preset--spacing--20);margin-bottom:var(--wp--preset--spacing--20)\">El resultat del sorteig de places es publicar\u00e0 el dia 15 de setembre de 2025 a partir de les 18.00h a l&#8217;aplicaci\u00f3 de preinscripci\u00f3.<\/p>\n\n\n\n<p style=\"margin-top:var(--wp--preset--spacing--20);margin-bottom:var(--wp--preset--spacing--20)\">Les persones que hagin obtingut pla\u00e7a hauran de fer la matr\u00edcula telem\u00e0tica des de les 18.00h del dia 15 fins a les 23.59h del dia 17 de setembre de 2025.<\/p>\n\n\n\n<p style=\"margin-top:var(--wp--preset--spacing--20);margin-bottom:var(--wp--preset--spacing--20)\"><strong>Llistes de reserva (llista d\u2019espera):<\/strong><\/p>\n\n\n\n<p style=\"margin-top:var(--wp--preset--spacing--20);margin-bottom:var(--wp--preset--spacing--20)\">Si esteu en llista de reserva, i queden places vacants, podreu fer la matr\u00edcula telem\u00e0ticament el 19 de setembre a partir de les 12.00h (angl\u00e8s) i el 20 de setembre des de les 9.00h fins al 21 de setembre a les 23.59h (tots els idiomes, angl\u00e8s incl\u00f2s).<\/p>\n\n\n\n<p style=\"margin-top:var(--wp--preset--spacing--20);margin-bottom:var(--wp--preset--spacing--20)\"><strong>Places vacants<\/strong>:<\/p>\n\n\n\n<p>Si despr\u00e9s de la matr\u00edcula queda alguna pla\u00e7a, s&#8217;informar\u00e0 al web del centre (pendent de confirmar) de les places vacants i del dia que es convoca per fer la matr\u00edcula.<\/p>\n","protected":false},"excerpt":{"rendered":"<p>REQUISITS Els requisits d&#8217;acc\u00e9s (curs 2025-2026) s\u00f3n: DOCUMENTACI\u00d3 La documentaci\u00f3 necess\u00e0ria per formalitzar la matr\u00edcula \u00e9s la seg\u00fcent: PROC\u00c9S DE [&hellip;]<\/p>\n","protected":false},"author":1,"featured_media":0,"parent":9080,"menu_order":2,"comment_status":"closed","ping_status":"closed","template":"","meta":{"_bbp_topic_count":0,"_bbp_reply_count":0,"_bbp_total_topic_count":0,"_bbp_total_reply_count":0,"_bbp_voice_count":0,"_bbp_anonymous_reply_count":0,"_bbp_topic_count_hidden":0,"_bbp_reply_count_hidden":0,"_bbp_forum_subforum_count":0,"site-sidebar-layout":"default","site-content-layout":"","ast-site-content-layout":"default","site-content-style":"default","site-sidebar-style":"default","ast-global-header-display":"","ast-banner-title-visibility":"","ast-main-header-display":"","ast-hfb-above-header-display":"","ast-hfb-below-header-display":"","ast-hfb-mobile-header-display":"","site-post-title":"","ast-breadcrumbs-content":"","ast-featured-img":"","footer-sml-layout":"","theme-transparent-header-meta":"","adv-header-id-meta":"","stick-header-meta":"","header-above-stick-meta":"","header-main-stick-meta":"","header-below-stick-meta":"","astra-migrate-meta-layouts":"set","ast-page-background-enabled":"default","ast-page-background-meta":{"desktop":{"background-color":"var(--ast-global-color-4)","background-image":"","background-repeat":"repeat","background-position":"center center","background-size":"auto","background-attachment":"scroll","background-type":"","background-media":"","overlay-type":"","overlay-color":"","overlay-opacity":"","overlay-gradient":""},"tablet":{"background-color":"","background-image":"","background-repeat":"repeat","background-position":"center center","background-size":"auto","background-attachment":"scroll","background-type":"","background-media":"","overlay-type":"","overlay-color":"","overlay-opacity":"","overlay-gradient":""},"mobile":{"background-color":"","background-image":"","background-repeat":"repeat","background-position":"center center","background-size":"auto","background-attachment":"scroll","background-type":"","background-media":"","overlay-type":"","overlay-color":"","overlay-opacity":"","overlay-gradient":""}},"ast-content-background-meta":{"desktop":{"background-color":"var(--ast-global-color-5)","background-image":"","background-repeat":"repeat","background-position":"center center","background-size":"auto","background-attachment":"scroll","background-type":"","background-media":"","overlay-type":"","overlay-color":"","overlay-opacity":"","overlay-gradient":""},"tablet":{"background-color":"var(--ast-global-color-5)","background-image":"","background-repeat":"repeat","background-position":"center center","background-size":"auto","background-attachment":"scroll","background-type":"","background-media":"","overlay-type":"","overlay-color":"","overlay-opacity":"","overlay-gradient":""},"mobile":{"background-color":"var(--ast-global-color-5)","background-image":"","background-repeat":"repeat","background-position":"center center","background-size":"auto","background-attachment":"scroll","background-type":"","background-media":"","overlay-type":"","overlay-color":"","overlay-opacity":"","overlay-gradient":""}},"footnotes":""},"class_list":["post-9086","page","type-page","status-publish","hentry"],"post_mailing_queue_ids":[],"_links":{"self":[{"href":"https:\/\/agora-eoi.xtec.cat\/eoisantacoloma\/wp-json\/wp\/v2\/pages\/9086","targetHints":{"allow":["GET"]}}],"collection":[{"href":"https:\/\/agora-eoi.xtec.cat\/eoisantacoloma\/wp-json\/wp\/v2\/pages"}],"about":[{"href":"https:\/\/agora-eoi.xtec.cat\/eoisantacoloma\/wp-json\/wp\/v2\/types\/page"}],"author":[{"embeddable":true,"href":"https:\/\/agora-eoi.xtec.cat\/eoisantacoloma\/wp-json\/wp\/v2\/users\/1"}],"replies":[{"embeddable":true,"href":"https:\/\/agora-eoi.xtec.cat\/eoisantacoloma\/wp-json\/wp\/v2\/comments?post=9086"}],"version-history":[{"count":6,"href":"https:\/\/agora-eoi.xtec.cat\/eoisantacoloma\/wp-json\/wp\/v2\/pages\/9086\/revisions"}],"predecessor-version":[{"id":10189,"href":"https:\/\/agora-eoi.xtec.cat\/eoisantacoloma\/wp-json\/wp\/v2\/pages\/9086\/revisions\/10189"}],"up":[{"embeddable":true,"href":"https:\/\/agora-eoi.xtec.cat\/eoisantacoloma\/wp-json\/wp\/v2\/pages\/9080"}],"wp:attachment":[{"href":"https:\/\/agora-eoi.xtec.cat\/eoisantacoloma\/wp-json\/wp\/v2\/media?parent=9086"}],"curies":[{"name":"wp","href":"https:\/\/api.w.org\/{rel}","templated":true}]}}