{"id":9083,"date":"2023-05-09T22:22:52","date_gmt":"2023-05-09T20:22:52","guid":{"rendered":"https:\/\/agora-eoi.xtec.cat\/eoisantacoloma\/?page_id=9083"},"modified":"2025-07-30T12:03:21","modified_gmt":"2025-07-30T10:03:21","slug":"antics-alumnes","status":"publish","type":"page","link":"https:\/\/agora-eoi.xtec.cat\/eoisantacoloma\/matricula\/antics-alumnes\/","title":{"rendered":"Antic alumnat"},"content":{"rendered":"\n<h2 class=\"wp-block-heading has-ast-global-color-0-color has-text-color has-link-color wp-elements-1d62c529638c0aa478e747925992298f\" style=\"font-size:24px\">PROC\u00c9S DE MATR\u00cdCULA CURS 2025\/2026<\/h2>\n\n\n\n<h3 class=\"wp-block-heading has-medium-font-size\"><strong>Calendari de matr\u00edcula d&#8217;antic alumnat curs 2025-2026<\/strong><\/h3>\n\n\n\n<p class=\"has-text-align-left\" style=\"margin-top:var(--wp--preset--spacing--20);margin-bottom:var(--wp--preset--spacing--20)\">Per tal d\u2019agilitzar el proc\u00e9s de matr\u00edcula d\u2019antics alumnes a l\u2019Escola Oficial d\u2019Idiomes Santa Coloma, l\u2019alumnat haur\u00e0 de fer la matr\u00edcula&nbsp;<strong>via telem\u00e0tica&nbsp;<\/strong>a trav\u00e9s de Centros.NET els dies que s\u2019indiquen en el calendari seg\u00fcent i d\u2019acord amb les pautes que s\u2019hi descriuen.  <\/p>\n\n\n\n<ul class=\"wp-block-list\">\n<li><a href=\"https:\/\/www.informaticacentros.com\/centrosnet\/ultralogin.php?tcentro=EOI&amp;centro=B27\">Centros.NET (Aplicatiu matr\u00edcula)<\/a><\/li>\n<\/ul>\n\n\n\n<p style=\"margin-top:var(--wp--preset--spacing--20);margin-bottom:var(--wp--preset--spacing--20)\">Recordeu que per entrar a l&#8217;aplicatiu, cal que us identifiqueu amb la seg\u00fcent informaci\u00f3 personal:<\/p>\n\n\n\n<ul class=\"wp-block-list\">\n<li><strong>Usuari<\/strong>:  data de naixement dd\/mm\/aaaa<\/li>\n\n\n\n<li><strong>Contrasenya<\/strong>:  DNI sense lletra<\/li>\n\n\n\n<li><strong>Contrasenya personal<\/strong>:  <\/li>\n<\/ul>\n\n\n\n<figure class=\"wp-block-image size-full\"><a href=\"https:\/\/agora-eoi.xtec.cat\/eoisantacoloma\/wp-content\/uploads\/usu2307\/2025\/07\/Calendari-de-matricula-dantics-alumnes.png\"><img loading=\"lazy\" decoding=\"async\" width=\"1024\" height=\"768\" src=\"https:\/\/agora-eoi.xtec.cat\/eoisantacoloma\/wp-content\/uploads\/usu2307\/2025\/07\/Calendari-de-matricula-dantics-alumnes.png\" alt=\"\" class=\"wp-image-10271\" srcset=\"https:\/\/agora-eoi.xtec.cat\/eoisantacoloma\/wp-content\/uploads\/usu2307\/2025\/07\/Calendari-de-matricula-dantics-alumnes.png 1024w, https:\/\/agora-eoi.xtec.cat\/eoisantacoloma\/wp-content\/uploads\/usu2307\/2025\/07\/Calendari-de-matricula-dantics-alumnes-300x225.png 300w, https:\/\/agora-eoi.xtec.cat\/eoisantacoloma\/wp-content\/uploads\/usu2307\/2025\/07\/Calendari-de-matricula-dantics-alumnes-768x576.png 768w\" sizes=\"auto, (max-width: 1024px) 100vw, 1024px\" \/><\/a><\/figure>\n\n\n\n<p>*Per a m\u00e9s informaci\u00f3 sobre l&#8217;acc\u00e9s al nivell C2 d&#8217;angl\u00e8s, cliqueu <a href=\"https:\/\/agora-eoi.xtec.cat\/eoisantacoloma\/matricula\/acces-nivell-c2-angles\/\" data-type=\"page\" data-id=\"10252\">AQU\u00cd<\/a>.<\/p>\n\n\n\n<p>Per fer aquesta matr\u00edcula, l\u2019alumnat haur\u00e0 d\u2019entrar a la p\u00e0gina web de l\u2019escola <a href=\"https:\/\/agora-eoi.xtec.cat\/eoisantacoloma\/matricula\/antics-alumnes\/\">https:\/\/agora-eoi.xtec.cat\/eoisantacoloma\/matricula\/antics-alumnes\/<\/a>&nbsp;on trobar\u00e0 l\u2019enlla\u00e7 a l\u2019aplicatiu des del qual far\u00e0 la matr\u00edcula. Aquest <strong>aplicatiu obrir\u00e0<\/strong> cada nou termini a les <strong>9.00 h<\/strong> del dia que s\u2019indica al calendari sense tancar la franja anterior.<\/p>\n\n\n\n<p>Els alumnes hauran de pagar l&#8217;import de la taxa o preu p\u00fablic.&nbsp; En el moment de formalitzar-la, l\u2019aplicatiu generar\u00e0 el \u201c<strong>Resguard de matr\u00edcula oficial \u2013 Curs 2025-2026<\/strong>\u201d que <strong>s\u2019haur\u00e0<\/strong> de guardar per fer efectiu l\u2019import de la matr\u00edcula a l&#8217;entitat banc\u00e0ria. Tamb\u00e9 es pot fer el pagament en l\u00ednia a trav\u00e9s de l&#8217;enlla\u00e7 a l&#8217;entitat banc\u00e0ria.  Tant si es fa el pagament presencia a l&#8217;entitat o el pagament telem\u00e0tic, cal tenir en compte que el termini \u00e9s de <strong>24&nbsp;h<\/strong> a partir de la formalitzaci\u00f3 de la matr\u00edcula.<\/p>\n\n\n\n<p>L\u2019alumnat que no es matriculi dins d\u2019aquest per\u00edode de matr\u00edcula del mes de juliol perdr\u00e0 la seva prioritat de dia i d\u2019horari respecte als que ja ho hagin fet.&nbsp;<strong>Qualsevol incid\u00e8ncia <\/strong>relacionada amb la<strong> matr\u00edcula, <\/strong>s&#8217;haur\u00e0 de<strong> resoldre <\/strong>els dies<strong> 8 i 9 <\/strong>de <strong>juliol,&nbsp;preferentment <\/strong>de manera<strong> telem\u00e0tica (<a href=\"mailto:eoisantacoloma@xtec.cat\">eoisantacoloma@xtec.cat<\/a>) <\/strong>o, <strong>si no <\/strong>\u00e9s possible,<strong> presencialment <\/strong>a l&#8217;escola.<strong> <\/strong><\/p>\n\n\n\n<p>L&#8217;alumnat que es matriculi el mes de juliol&nbsp;<strong>no<\/strong>&nbsp;podr\u00e0&nbsp;<strong>preinscriure\u2019s<\/strong>&nbsp;el mes de&nbsp;<strong>setembre<\/strong>&nbsp;de la mateixa llengua i curs en una altra escola amb la intenci\u00f3 de traslladar-hi la matr\u00edcula feta. El trasllat de matr\u00edcula d\u2019una escola a una altra es fa, de manera ordin\u00e0ria, durant el curs i en el cas que l\u2019escola a la qual es vulgui traslladar la matr\u00edcula disposi de places.<\/p>\n\n\n\n<p>De manera extraordin\u00e0ria i dins el per\u00edode no lectiu, l&#8217;alumnat oficial, un cop hagi formalitzat la matr\u00edcula al seu centre d\u2019origen, poden sol\u00b7licitar un&nbsp;<strong>trasllat de matr\u00edcula<\/strong>&nbsp;a una altra escola els dies&nbsp;<strong>10 <\/strong>i <strong>11 <\/strong>de <strong>juliol.<\/strong>&nbsp;La sol\u00b7licitud es far\u00e0, <strong>preferentment <\/strong>de manera <strong>telem\u00e0tica <\/strong>(<a href=\"mailto:eoisantacoloma@xtec.cat\">eoisantacoloma@xtec.cat<\/a>) o, <strong>si no<\/strong> \u00e9s possible, presencialment a l&#8217;escola de destinaci\u00f3, i quedar\u00e0 condicionada a la disponibilitat de places. L\u2019escola de destinaci\u00f3 es posar\u00e0 en contacte amb l&#8217;alumnat, a trav\u00e9s dels mitjans que estableixi, per notificar&nbsp; l\u2019acceptaci\u00f3 o la denegaci\u00f3 del trasllat. En cas d\u2019acceptaci\u00f3, el proc\u00e9s de trasllat ha d\u2019haver acabat com a molt tard el&nbsp;<strong>17 de juliol<\/strong>. La documentaci\u00f3 que <strong>caldr\u00e0 aportar <\/strong>en el moment de sol\u00b7licitar el trasllat ser\u00e0 <strong>el full de pagament de la matr\u00edcula<\/strong>. En cas que s\u2019accepti, caldr\u00e0 tramitar el trasllat d\u2019expedient a l\u2019escola d\u2019origen.<\/p>\n\n\n\n<h3 class=\"wp-block-heading has-medium-font-size\" style=\"margin-top:var(--wp--preset--spacing--30);margin-bottom:var(--wp--preset--spacing--30)\">Horaris curs 2025-2026<\/h3>\n\n\n\n<p style=\"margin-top:var(--wp--preset--spacing--20);margin-bottom:var(--wp--preset--spacing--20)\">Per a m\u00e9s informaci\u00f3 sobre els horaris del curs 2025-2026, consulteu els enlla\u00e7os seg\u00fcents:<\/p>\n\n\n\n<ul class=\"wp-block-list\">\n<li><a href=\"https:\/\/drive.google.com\/file\/d\/1Tb7RHDy48T4P2GzmCIeP9AsUDk-w01Qd\/view?usp=sharing\" data-type=\"link\" data-id=\"https:\/\/drive.google.com\/file\/d\/1Tb7RHDy48T4P2GzmCIeP9AsUDk-w01Qd\/view?usp=sharing\" target=\"_blank\" rel=\"noreferrer noopener\">Horaris Alemany 2025-2026<\/a><\/li>\n\n\n\n<li><a href=\"https:\/\/drive.google.com\/file\/d\/1tFmGlBsbK_06KLQf8rkoWOI60CfB1Zhk\/view?usp=sharing\" data-type=\"link\" data-id=\"https:\/\/drive.google.com\/file\/d\/1tFmGlBsbK_06KLQf8rkoWOI60CfB1Zhk\/view?usp=sharing\" target=\"_blank\" rel=\"noreferrer noopener\">Horaris Angl\u00e8s 2025-2026<\/a><\/li>\n\n\n\n<li><a href=\"https:\/\/drive.google.com\/file\/d\/1VQCAHJChSttbb_7aXJs0XRkHOuQ3nJY0\/view?usp=sharing\" data-type=\"link\" data-id=\"https:\/\/drive.google.com\/file\/d\/1VQCAHJChSttbb_7aXJs0XRkHOuQ3nJY0\/view?usp=sharing\" target=\"_blank\" rel=\"noreferrer noopener\">Horaris Franc\u00e8s 2025-2026<\/a><\/li>\n<\/ul>\n\n\n\n<h3 class=\"wp-block-heading has-medium-font-size\">Taxes i preus p\u00fablics 2025-2026<\/h3>\n\n\n\n<h4 class=\"wp-block-heading has-medium-font-size\">Preus p\u00fablics 2025-2026<\/h4>\n\n\n\n<p>Per a m\u00e9s informaci\u00f3 sobre preus p\u00fablics, exempcions i bonificacions consulteu&nbsp;<a href=\"https:\/\/agora-eoi.xtec.cat\/eoisantacoloma\/matricula\/taxes-i-preus-publics\/\" data-type=\"page\" data-id=\"9557\">AQU\u00cd.<\/a><\/p>\n\n\n\n<h4 class=\"wp-block-heading has-medium-font-size\">Taxes 2025-2026<\/h4>\n\n\n\n<p>Per a m\u00e9s informaci\u00f3 sobre taxes, exempcions i bonificacions consulteu&nbsp;<a href=\"https:\/\/agora-eoi.xtec.cat\/eoisantacoloma\/matricula\/taxes-i-preus-publics\/\" data-type=\"page\" data-id=\"9557\">AQU\u00cd.<\/a><\/p>\n","protected":false},"excerpt":{"rendered":"<p>PROC\u00c9S DE MATR\u00cdCULA CURS 2025\/2026 Calendari de matr\u00edcula d&#8217;antic alumnat curs 2025-2026 Per tal d\u2019agilitzar el proc\u00e9s de matr\u00edcula d\u2019antics [&hellip;]<\/p>\n","protected":false},"author":1,"featured_media":0,"parent":9080,"menu_order":1,"comment_status":"closed","ping_status":"closed","template":"","meta":{"_bbp_topic_count":0,"_bbp_reply_count":0,"_bbp_total_topic_count":0,"_bbp_total_reply_count":0,"_bbp_voice_count":0,"_bbp_anonymous_reply_count":0,"_bbp_topic_count_hidden":0,"_bbp_reply_count_hidden":0,"_bbp_forum_subforum_count":0,"site-sidebar-layout":"default","site-content-layout":"","ast-site-content-layout":"default","site-content-style":"default","site-sidebar-style":"default","ast-global-header-display":"","ast-banner-title-visibility":"","ast-main-header-display":"","ast-hfb-above-header-display":"","ast-hfb-below-header-display":"","ast-hfb-mobile-header-display":"","site-post-title":"","ast-breadcrumbs-content":"","ast-featured-img":"","footer-sml-layout":"","theme-transparent-header-meta":"","adv-header-id-meta":"","stick-header-meta":"","header-above-stick-meta":"","header-main-stick-meta":"","header-below-stick-meta":"","astra-migrate-meta-layouts":"set","ast-page-background-enabled":"default","ast-page-background-meta":{"desktop":{"background-color":"var(--ast-global-color-4)","background-image":"","background-repeat":"repeat","background-position":"center center","background-size":"auto","background-attachment":"scroll","background-type":"","background-media":"","overlay-type":"","overlay-color":"","overlay-opacity":"","overlay-gradient":""},"tablet":{"background-color":"","background-image":"","background-repeat":"repeat","background-position":"center center","background-size":"auto","background-attachment":"scroll","background-type":"","background-media":"","overlay-type":"","overlay-color":"","overlay-opacity":"","overlay-gradient":""},"mobile":{"background-color":"","background-image":"","background-repeat":"repeat","background-position":"center center","background-size":"auto","background-attachment":"scroll","background-type":"","background-media":"","overlay-type":"","overlay-color":"","overlay-opacity":"","overlay-gradient":""}},"ast-content-background-meta":{"desktop":{"background-color":"var(--ast-global-color-5)","background-image":"","background-repeat":"repeat","background-position":"center center","background-size":"auto","background-attachment":"scroll","background-type":"","background-media":"","overlay-type":"","overlay-color":"","overlay-opacity":"","overlay-gradient":""},"tablet":{"background-color":"var(--ast-global-color-5)","background-image":"","background-repeat":"repeat","background-position":"center center","background-size":"auto","background-attachment":"scroll","background-type":"","background-media":"","overlay-type":"","overlay-color":"","overlay-opacity":"","overlay-gradient":""},"mobile":{"background-color":"var(--ast-global-color-5)","background-image":"","background-repeat":"repeat","background-position":"center center","background-size":"auto","background-attachment":"scroll","background-type":"","background-media":"","overlay-type":"","overlay-color":"","overlay-opacity":"","overlay-gradient":""}},"footnotes":""},"class_list":["post-9083","page","type-page","status-publish","hentry"],"post_mailing_queue_ids":[],"_links":{"self":[{"href":"https:\/\/agora-eoi.xtec.cat\/eoisantacoloma\/wp-json\/wp\/v2\/pages\/9083","targetHints":{"allow":["GET"]}}],"collection":[{"href":"https:\/\/agora-eoi.xtec.cat\/eoisantacoloma\/wp-json\/wp\/v2\/pages"}],"about":[{"href":"https:\/\/agora-eoi.xtec.cat\/eoisantacoloma\/wp-json\/wp\/v2\/types\/page"}],"author":[{"embeddable":true,"href":"https:\/\/agora-eoi.xtec.cat\/eoisantacoloma\/wp-json\/wp\/v2\/users\/1"}],"replies":[{"embeddable":true,"href":"https:\/\/agora-eoi.xtec.cat\/eoisantacoloma\/wp-json\/wp\/v2\/comments?post=9083"}],"version-history":[{"count":5,"href":"https:\/\/agora-eoi.xtec.cat\/eoisantacoloma\/wp-json\/wp\/v2\/pages\/9083\/revisions"}],"predecessor-version":[{"id":10272,"href":"https:\/\/agora-eoi.xtec.cat\/eoisantacoloma\/wp-json\/wp\/v2\/pages\/9083\/revisions\/10272"}],"up":[{"embeddable":true,"href":"https:\/\/agora-eoi.xtec.cat\/eoisantacoloma\/wp-json\/wp\/v2\/pages\/9080"}],"wp:attachment":[{"href":"https:\/\/agora-eoi.xtec.cat\/eoisantacoloma\/wp-json\/wp\/v2\/media?parent=9083"}],"curies":[{"name":"wp","href":"https:\/\/api.w.org\/{rel}","templated":true}]}}