{"id":9064,"date":"2023-04-27T19:59:57","date_gmt":"2023-04-27T17:59:57","guid":{"rendered":"https:\/\/agora-eoi.xtec.cat\/eoisantacoloma\/?page_id=9064"},"modified":"2024-11-15T21:22:50","modified_gmt":"2024-11-15T20:22:50","slug":"documentacio-basica-2","status":"publish","type":"page","link":"https:\/\/agora-eoi.xtec.cat\/eoisantacoloma\/edc\/cultura-digital\/documentacio-basica-2\/","title":{"rendered":"Documentacio B\u00e0sica"},"content":{"rendered":"<p><strong>La documentaci\u00f3 b\u00e0sica d&#8217;aquest apartat \u00e9s la seg\u00fcent:<\/strong><\/p>\n<ol>\n<li>PEC (articles que fan refer\u00e8ncia a aspectes digitals)- en elaboraci\u00f3<\/li>\n<li>NOF (articles que fan refer\u00e8ncia a aspectes digitals<\/li>\n<li>PdD i PGA: objectius i articles d&#8217;aquests documents que fan refer\u00e8ncia a aspectes digitals.<\/li>\n<\/ol>\n<hr \/>\n<ul style=\"list-style-type: disc;\">\n<li>PEC<\/li>\n<li>NOF<strong>\u00a0 Article 80<\/strong>\u00a0 \u00a0relatiu a l&#8217;\u00fas dels m\u00f2bils al centre<\/li>\n<li>\u00a0 \u00a0 \u00a0 \u00a0&#8211; altres articles pendents d&#8217;elaboraci\u00f3<\/li>\n<li>PdD\u00a0 <strong>Objectiu 2<\/strong>: Millorar la visibilitat del centre. Obrir comptes d&#8217;Instagram i Facebook. Endegar estudi sobre modernitzaci\u00f3 p\u00e0gina web.<\/li>\n<li>\u00a0 \u00a0 \u00a0 \u00a0 \u00a0<strong>Objectiu 3.2.4<\/strong>\u00a0 revisar protocols departament d&#8217;alumnat i crear espais d&#8217;organitzaci\u00f3 al n\u00favol<\/li>\n<li><\/li>\n<li>PGA: <strong style=\"font-family: inherit; font-size: 1em;\">Objectiu 3\u00a0 <\/strong>Millorar la compet\u00e8ncia digital del professorat<br \/>\n<h6>\u00a0 \u00a0 \u00a0 \u00a0 \u00a0 Estrat\u00e8gia<u> 1.<\/u> Formaci\u00f3 professorat<\/h6>\n<\/li>\n<li>\u00a0 \u00a0 \u00a0 \u00a0 \u00a0 <strong>\u00a0Actuacions:<\/strong><\/li>\n<li>\n<h6><\/h6>\n<p>-FIC: formaci\u00f3 interna de centre<\/p>\n<p>-Curs sobre semipresencialitat: disseny d&#8217;activitats comunicatives i col\u00b7laboratives<\/li>\n<li>\u00a0 \u00a0 \u00a0 \u00a0 \u00a0 \u00a0-P\u00edndoles formatives: intercanvi d&#8217;eines i pr\u00e0ctiques educativesPla Acollida digital<\/li>\n<li><\/li>\n<li><strong style=\"font-family: inherit; font-size: 1em;\">\u00a0 \u00a0 \u00a0 \u00a0 \u00a0 \u00a0Objectiu 4\u00a0 <\/strong>Millorar de la difusi\u00f3 i visibilitat del centre<\/li>\n<li>\u00a0 \u00a0 \u00a0 \u00a0 \u00a0 \u00a0 Actuacions: obertura comptes Facebook i Instagram<\/li>\n<li>\u00a0 \u00a0 \u00a0 \u00a0 \u00a0 <strong style=\"font-family: inherit; font-size: 1em;\">\u00a0Objectiu 5 Millorar organitzaci\u00f3 i funcionament del centre<\/strong><\/li>\n<li>\u00a0 \u00a0 \u00a0 \u00a0 \u00a0 \u00a0 Estrat\u00e8gia1.1.2<span style=\"font-size: 9.0pt;\">Elaborar documentaci\u00f3 del centre que falta i revisar i organitzar l\u2019actual en un espai al n\u00favol accessible <\/span>\n<p class=\"Default\"><span style=\"font-size: 9.0pt;\">\u00a0<\/span><\/p>\n<p class=\"Default\"><span style=\"font-size: 9.0pt;\">1.1.3<\/span><span style=\"font-size: 9.0pt;\">-Elaboraci\u00f3 de la Secci\u00f3 d\u2019Estrat\u00e8gia Digital de Centre (secci\u00f3 5\u00aa )dintre del Cap\u00edtol Quatre de les NOF<\/span><\/p>\n<p class=\"Default\"><span style=\"font-size: 9.0pt;\">\u00a0<\/span><\/p>\n<p class=\"Default\"><span style=\"font-size: 9.0pt;\">1.1.4<\/span><span style=\"font-size: 9.0pt;\">Ordenaci\u00f3 de la documentaci\u00f3 del centre al n\u00favol en espai Workspace <\/span><\/p>\n<p class=\"Default\"><span style=\"font-size: 9.0pt;\">\u00a0<\/span><\/p>\n<\/li>\n<\/ul>\n","protected":false},"excerpt":{"rendered":"<p>La documentaci\u00f3 b\u00e0sica d&#8217;aquest apartat \u00e9s la seg\u00fcent: PEC (articles que fan refer\u00e8ncia a aspectes digitals)- en elaboraci\u00f3 NOF (articles [&hellip;]<\/p>\n","protected":false},"author":1,"featured_media":0,"parent":9036,"menu_order":2,"comment_status":"closed","ping_status":"closed","template":"page-templates\/side-menu.php","meta":{"_bbp_topic_count":0,"_bbp_reply_count":0,"_bbp_total_topic_count":0,"_bbp_total_reply_count":0,"_bbp_voice_count":0,"_bbp_anonymous_reply_count":0,"_bbp_topic_count_hidden":0,"_bbp_reply_count_hidden":0,"_bbp_forum_subforum_count":0,"site-sidebar-layout":"default","site-content-layout":"","ast-site-content-layout":"","site-content-style":"default","site-sidebar-style":"default","ast-global-header-display":"","ast-banner-title-visibility":"","ast-main-header-display":"","ast-hfb-above-header-display":"","ast-hfb-below-header-display":"","ast-hfb-mobile-header-display":"","site-post-title":"","ast-breadcrumbs-content":"","ast-featured-img":"","footer-sml-layout":"","theme-transparent-header-meta":"","adv-header-id-meta":"","stick-header-meta":"","header-above-stick-meta":"","header-main-stick-meta":"","header-below-stick-meta":"","astra-migrate-meta-layouts":"default","ast-page-background-enabled":"default","ast-page-background-meta":{"desktop":{"background-color":"var(--ast-global-color-4)","background-image":"","background-repeat":"repeat","background-position":"center center","background-size":"auto","background-attachment":"scroll","background-type":"","background-media":"","overlay-type":"","overlay-color":"","overlay-opacity":"","overlay-gradient":""},"tablet":{"background-color":"","background-image":"","background-repeat":"repeat","background-position":"center center","background-size":"auto","background-attachment":"scroll","background-type":"","background-media":"","overlay-type":"","overlay-color":"","overlay-opacity":"","overlay-gradient":""},"mobile":{"background-color":"","background-image":"","background-repeat":"repeat","background-position":"center center","background-size":"auto","background-attachment":"scroll","background-type":"","background-media":"","overlay-type":"","overlay-color":"","overlay-opacity":"","overlay-gradient":""}},"ast-content-background-meta":{"desktop":{"background-color":"var(--ast-global-color-5)","background-image":"","background-repeat":"repeat","background-position":"center center","background-size":"auto","background-attachment":"scroll","background-type":"","background-media":"","overlay-type":"","overlay-color":"","overlay-opacity":"","overlay-gradient":""},"tablet":{"background-color":"var(--ast-global-color-5)","background-image":"","background-repeat":"repeat","background-position":"center center","background-size":"auto","background-attachment":"scroll","background-type":"","background-media":"","overlay-type":"","overlay-color":"","overlay-opacity":"","overlay-gradient":""},"mobile":{"background-color":"var(--ast-global-color-5)","background-image":"","background-repeat":"repeat","background-position":"center center","background-size":"auto","background-attachment":"scroll","background-type":"","background-media":"","overlay-type":"","overlay-color":"","overlay-opacity":"","overlay-gradient":""}},"footnotes":""},"class_list":["post-9064","page","type-page","status-publish","hentry"],"post_mailing_queue_ids":[],"_links":{"self":[{"href":"https:\/\/agora-eoi.xtec.cat\/eoisantacoloma\/wp-json\/wp\/v2\/pages\/9064","targetHints":{"allow":["GET"]}}],"collection":[{"href":"https:\/\/agora-eoi.xtec.cat\/eoisantacoloma\/wp-json\/wp\/v2\/pages"}],"about":[{"href":"https:\/\/agora-eoi.xtec.cat\/eoisantacoloma\/wp-json\/wp\/v2\/types\/page"}],"author":[{"embeddable":true,"href":"https:\/\/agora-eoi.xtec.cat\/eoisantacoloma\/wp-json\/wp\/v2\/users\/1"}],"replies":[{"embeddable":true,"href":"https:\/\/agora-eoi.xtec.cat\/eoisantacoloma\/wp-json\/wp\/v2\/comments?post=9064"}],"version-history":[{"count":3,"href":"https:\/\/agora-eoi.xtec.cat\/eoisantacoloma\/wp-json\/wp\/v2\/pages\/9064\/revisions"}],"predecessor-version":[{"id":9450,"href":"https:\/\/agora-eoi.xtec.cat\/eoisantacoloma\/wp-json\/wp\/v2\/pages\/9064\/revisions\/9450"}],"up":[{"embeddable":true,"href":"https:\/\/agora-eoi.xtec.cat\/eoisantacoloma\/wp-json\/wp\/v2\/pages\/9036"}],"wp:attachment":[{"href":"https:\/\/agora-eoi.xtec.cat\/eoisantacoloma\/wp-json\/wp\/v2\/media?parent=9064"}],"curies":[{"name":"wp","href":"https:\/\/api.w.org\/{rel}","templated":true}]}}