{"id":9048,"date":"2023-04-13T16:56:51","date_gmt":"2023-04-13T14:56:51","guid":{"rendered":"https:\/\/agora-eoi.xtec.cat\/eoisantacoloma\/?page_id=9048"},"modified":"2024-11-15T21:22:05","modified_gmt":"2024-11-15T20:22:05","slug":"avaluacio","status":"publish","type":"page","link":"https:\/\/agora-eoi.xtec.cat\/eoisantacoloma\/edc\/estrategia-digital\/avaluacio\/","title":{"rendered":"Avaluaci\u00f3"},"content":{"rendered":"<p style=\"text-align: justify;\">En el moment que es finalitza la programaci\u00f3 de l\u2019EDC hem de pensar en com farem l\u2019avaluaci\u00f3 del projecte. L\u2019avaluaci\u00f3 entesa com un proc\u00e9s de millora continua, porta impl\u00edcit que sigui un projecte viu que es va modificant en funci\u00f3 de la realitat i els resultats que vagin esdevenint.<\/p>\n<p style=\"text-align: justify;\">Per tant, la dividirem en tres moments diferenciats:<\/p>\n<ul style=\"text-align: justify;\">\n<li aria-level=\"1\"><b>Avaluaci\u00f3 continuada<\/b>: farem una revisi\u00f3 de les diferents activitats planificades per determinar el seu grau d\u2019acompliment a partir dels seus corresponents indicadors. La realitzar\u00e0 persona responsable, que s\u2019indica a cada fitxa de les activitats,en el moment de la finalitzaci\u00f3 d\u2019aquesta.<br \/>\nDe l\u2019avaluaci\u00f3 cont\u00ednua de l\u2019EDC sorgiran els objectius a assolir a mig termini i tamb\u00e9 els de la PGA.<\/li>\n<\/ul>\n<p style=\"text-align: justify;\">El primer any de projecte (22-23) hem d\u2019avaluar els seg\u00fcents objectius:<\/p>\n<ul style=\"text-align: justify;\">\n<li aria-level=\"1\">Implementar eines digitals d&#8217;avaluaci\u00f3: seguiment progr\u00e9s alumnes.<\/li>\n<li aria-level=\"1\">Crear espais de formaci\u00f3 per a l&#8217;intercanvi de p\u00edndoles educatives. Formaci\u00f3 entre iguals.<\/li>\n<li aria-level=\"1\">Actualitzar la p\u00e0gina web i xarxes socials.<\/li>\n<li aria-level=\"1\">Elaborar el Pla d\u2019acollida digital del personal del centre.<\/li>\n<li aria-level=\"1\">Millorar la compet\u00e8ncia digital dels docents.<\/li>\n<\/ul>\n<ul>\n<li style=\"text-align: justify;\" aria-level=\"1\"><b>Avaluaci\u00f3 anual<\/b>:\u00a0 En finalitzar el curs escolar, la comissi\u00f3 digital es reunir\u00e0 per valorar l\u2019assoliment dels indicadors de les activitats i dels objectius. Aquesta valoraci\u00f3 la recollir\u00e0 l\u2019equip directiu mitjan\u00e7ant la Mem\u00f2ria Anual que far\u00e0 el seguiment i recull de les evid\u00e8ncies de l\u2019assoliment dels objectius. S\u2019aprofitar\u00e0 per revisar el objectius establerts per el proper curs, tot determinant la modificaci\u00f3, si fos necessari.<br \/>\nA l\u2019inici de curs seg\u00fcent els objectius temporitzats per aquell per\u00edode s\u2019incorporaran a la Programaci\u00f3 General Anual de Centre (PGAC).<\/li>\n<li style=\"text-align: justify;\" aria-level=\"1\"><b>Avaluaci\u00f3 final<\/b>: quan l\u2019EDC est\u00e0 arribant al final de la seva planificaci\u00f3, que s\u2019ha temporitzat en un termini de quatre cursos, \u00e9s recomanable la recollida de les avaluacions anuals per tal de fer la valoraci\u00f3 del Pla estrat\u00e8gic. En cas que es consideri necessari, es podria fer una nova diagnosi per repetir algun dels objectius que no estigui assolit, canviant les actuacions.<\/li>\n<\/ul>\n","protected":false},"excerpt":{"rendered":"<p>En el moment que es finalitza la programaci\u00f3 de l\u2019EDC hem de pensar en com farem l\u2019avaluaci\u00f3 del projecte. L\u2019avaluaci\u00f3 [&hellip;]<\/p>\n","protected":false},"author":1,"featured_media":0,"parent":9033,"menu_order":5,"comment_status":"closed","ping_status":"closed","template":"page-templates\/side-menu.php","meta":{"_bbp_topic_count":0,"_bbp_reply_count":0,"_bbp_total_topic_count":0,"_bbp_total_reply_count":0,"_bbp_voice_count":0,"_bbp_anonymous_reply_count":0,"_bbp_topic_count_hidden":0,"_bbp_reply_count_hidden":0,"_bbp_forum_subforum_count":0,"site-sidebar-layout":"default","site-content-layout":"","ast-site-content-layout":"","site-content-style":"default","site-sidebar-style":"default","ast-global-header-display":"","ast-banner-title-visibility":"","ast-main-header-display":"","ast-hfb-above-header-display":"","ast-hfb-below-header-display":"","ast-hfb-mobile-header-display":"","site-post-title":"","ast-breadcrumbs-content":"","ast-featured-img":"","footer-sml-layout":"","theme-transparent-header-meta":"","adv-header-id-meta":"","stick-header-meta":"","header-above-stick-meta":"","header-main-stick-meta":"","header-below-stick-meta":"","astra-migrate-meta-layouts":"default","ast-page-background-enabled":"default","ast-page-background-meta":{"desktop":{"background-color":"var(--ast-global-color-4)","background-image":"","background-repeat":"repeat","background-position":"center center","background-size":"auto","background-attachment":"scroll","background-type":"","background-media":"","overlay-type":"","overlay-color":"","overlay-opacity":"","overlay-gradient":""},"tablet":{"background-color":"","background-image":"","background-repeat":"repeat","background-position":"center center","background-size":"auto","background-attachment":"scroll","background-type":"","background-media":"","overlay-type":"","overlay-color":"","overlay-opacity":"","overlay-gradient":""},"mobile":{"background-color":"","background-image":"","background-repeat":"repeat","background-position":"center center","background-size":"auto","background-attachment":"scroll","background-type":"","background-media":"","overlay-type":"","overlay-color":"","overlay-opacity":"","overlay-gradient":""}},"ast-content-background-meta":{"desktop":{"background-color":"var(--ast-global-color-5)","background-image":"","background-repeat":"repeat","background-position":"center center","background-size":"auto","background-attachment":"scroll","background-type":"","background-media":"","overlay-type":"","overlay-color":"","overlay-opacity":"","overlay-gradient":""},"tablet":{"background-color":"var(--ast-global-color-5)","background-image":"","background-repeat":"repeat","background-position":"center center","background-size":"auto","background-attachment":"scroll","background-type":"","background-media":"","overlay-type":"","overlay-color":"","overlay-opacity":"","overlay-gradient":""},"mobile":{"background-color":"var(--ast-global-color-5)","background-image":"","background-repeat":"repeat","background-position":"center center","background-size":"auto","background-attachment":"scroll","background-type":"","background-media":"","overlay-type":"","overlay-color":"","overlay-opacity":"","overlay-gradient":""}},"footnotes":""},"class_list":["post-9048","page","type-page","status-publish","hentry"],"post_mailing_queue_ids":[],"_links":{"self":[{"href":"https:\/\/agora-eoi.xtec.cat\/eoisantacoloma\/wp-json\/wp\/v2\/pages\/9048","targetHints":{"allow":["GET"]}}],"collection":[{"href":"https:\/\/agora-eoi.xtec.cat\/eoisantacoloma\/wp-json\/wp\/v2\/pages"}],"about":[{"href":"https:\/\/agora-eoi.xtec.cat\/eoisantacoloma\/wp-json\/wp\/v2\/types\/page"}],"author":[{"embeddable":true,"href":"https:\/\/agora-eoi.xtec.cat\/eoisantacoloma\/wp-json\/wp\/v2\/users\/1"}],"replies":[{"embeddable":true,"href":"https:\/\/agora-eoi.xtec.cat\/eoisantacoloma\/wp-json\/wp\/v2\/comments?post=9048"}],"version-history":[{"count":3,"href":"https:\/\/agora-eoi.xtec.cat\/eoisantacoloma\/wp-json\/wp\/v2\/pages\/9048\/revisions"}],"predecessor-version":[{"id":9431,"href":"https:\/\/agora-eoi.xtec.cat\/eoisantacoloma\/wp-json\/wp\/v2\/pages\/9048\/revisions\/9431"}],"up":[{"embeddable":true,"href":"https:\/\/agora-eoi.xtec.cat\/eoisantacoloma\/wp-json\/wp\/v2\/pages\/9033"}],"wp:attachment":[{"href":"https:\/\/agora-eoi.xtec.cat\/eoisantacoloma\/wp-json\/wp\/v2\/media?parent=9048"}],"curies":[{"name":"wp","href":"https:\/\/api.w.org\/{rel}","templated":true}]}}