{"id":9671,"date":"2024-03-22T12:50:58","date_gmt":"2024-03-22T11:50:58","guid":{"rendered":"https:\/\/agora-eoi.xtec.cat\/eoisalou\/?page_id=9671"},"modified":"2024-04-05T22:26:59","modified_gmt":"2024-04-05T20:26:59","slug":"taxes-i-preus-publics","status":"publish","type":"page","link":"https:\/\/agora-eoi.xtec.cat\/eoisalou\/secretaria\/matricula\/taxes-i-preus-publics\/","title":{"rendered":"Taxes i preus p\u00fablics"},"content":{"rendered":"<h6>TAXES VIGENTS PER ALS NIVELLS B1, B2.1 I B2.2<\/h6>\n<p>Segons l&#8217;<span style=\"text-decoration: underline;\"><strong><a href=\"https:\/\/portaljuridic.gencat.cat\/ca\/document-del-pjur\/?documentId=902034\">ORDRE EDU\/114\/2021<\/a><\/strong><\/span> l&#8217;aportaci\u00f3 complement\u00e0ria dels 30\u20ac \u00e9s obligat\u00f2ria i est\u00e0 subjecta a bonificacions o exempcions. L&#8217;import de l&#8217;aportaci\u00f3 est\u00e0 incl\u00f2s en el preus seg\u00fcents:<\/p>\n<table border=\"1\" width=\"522\" cellspacing=\"0\" cellpadding=\"0\">\n<tbody>\n<tr>\n<td><\/td>\n<td>\n<p align=\"center\"><b>MATR\u00cdCULA ORDIN\u00c0RIA<\/b><\/p>\n<\/td>\n<td>\n<p align=\"center\"><b>BONIFICACI\u00d3 50%<\/b><\/p>\n<\/td>\n<\/tr>\n<tr>\n<td><strong>1a MATR\u00cdCULA<\/strong><\/td>\n<td>\n<p align=\"center\">327,60 \u20ac<\/p>\n<\/td>\n<td>\n<p align=\"center\">163,80 \u20ac<\/p>\n<\/td>\n<\/tr>\n<tr>\n<td><strong>2a MATR\u00cdCULA<\/strong><\/p>\n<p><strong>(1\u00a0REPETICI\u00d3)<\/strong><\/td>\n<td>\n<p align=\"center\">425,90 \u20ac<\/p>\n<\/td>\n<td>\n<p align=\"center\">212,95 \u20ac<\/p>\n<\/td>\n<\/tr>\n<tr>\n<td><strong>3a MATR\u00cdCULA<\/strong><\/p>\n<p><strong>(2\u00a0REPETICIONS)<\/strong><\/td>\n<td>\n<p align=\"center\">589,70 \u20ac<\/p>\n<\/td>\n<td>\n<p align=\"center\">294,85 \u20ac<\/p>\n<\/td>\n<\/tr>\n<\/tbody>\n<\/table>\n<p>Consulteu els sup\u00f2sits de bonificaci\u00f3 i exempci\u00f3 de taxes al web del<span style=\"text-decoration: underline; color: #3366ff;\"><strong><a style=\"color: #3366ff; text-decoration: underline;\" href=\"http:\/\/educacio.gencat.cat\/ca\/departament\/normativa\/taxes-preus-publics\/taxes\/\">\u00a0Departament d&#8217;Educaci\u00f3<\/a>.<\/strong><\/span><\/p>\n<hr \/>\n<p>&nbsp;<\/p>\n<h6><strong>PREUS P\u00daBLICS VIGENTS PER ALS NIVELLS A1, A2, C1.<\/strong><\/h6>\n<p>Segons l&#8217;<a href=\"https:\/\/dogc.gencat.cat\/ca\/document-del-dogc\/?documentId=902034\"><span style=\"text-decoration: underline;\"><strong>ORDRE EDU\/114\/2021<\/strong><\/span><\/a> l&#8217;aportaci\u00f3 complement\u00e0ria dels 30\u20ac \u00e9s obligat\u00f2ria i est\u00e0 subjecta a bonificacions o exempcions. L&#8217;import de l&#8217;aportaci\u00f3 est\u00e0 incl\u00f2s en el preus seg\u00fcents:<\/p>\n<table border=\"1\" width=\"522\" cellspacing=\"0\" cellpadding=\"0\">\n<tbody>\n<tr>\n<td><\/td>\n<td>\n<p align=\"center\"><b>MATR\u00cdCULA ORDIN\u00c0RIA<\/b><\/p>\n<\/td>\n<td>\n<p align=\"center\"><b>BONIFICACI\u00d3 50 %<\/b><\/p>\n<\/td>\n<\/tr>\n<tr>\n<td><strong>1a MATR\u00cdCULA<\/strong><\/td>\n<td>\n<p align=\"center\">305,00 \u20ac<\/p>\n<\/td>\n<td>\n<p align=\"center\">152,50 \u20ac<\/p>\n<\/td>\n<\/tr>\n<tr>\n<td><strong>2a MATR\u00cdCULA<\/strong><\/p>\n<p><strong>(1\u00a0REPETICI\u00d3)<\/strong><\/td>\n<td>\n<p align=\"center\">396,50 \u20ac<\/p>\n<\/td>\n<td>\n<p align=\"center\">198,25\u00a0\u20ac<\/p>\n<\/td>\n<\/tr>\n<tr>\n<td><strong>3a MATR\u00cdCULA<\/strong><\/p>\n<p><strong>(2\u00a0REPETICIONS)<\/strong><\/td>\n<td>\n<p align=\"center\">549,00 \u20ac<\/p>\n<\/td>\n<td>\n<p align=\"center\">274,50 \u20ac<\/p>\n<\/td>\n<\/tr>\n<\/tbody>\n<\/table>\n<p>Consulteu els sup\u00f2sits de bonificaci\u00f3 i exempci\u00f3 de preus p\u00fablics al web del<span style=\"color: #3366ff;\"><a style=\"color: #3366ff;\" href=\"http:\/\/educacio.gencat.cat\/ca\/departament\/normativa\/taxes-preus-publics\/taxes\/\">\u00a0<\/a><span style=\"text-decoration: underline;\"><strong><a style=\"color: #3366ff; text-decoration: underline;\" href=\"http:\/\/educacio.gencat.cat\/ca\/departament\/normativa\/taxes-preus-publics\/preu-public\/\">Departament d&#8217;Educaci\u00f3<\/a>.<\/strong><\/span><\/span><\/p>\n<hr \/>\n<h6>TAXES PER A L&#8217;EXPEDICI\u00d3 DE T\u00cdTOLS<\/h6>\n<table border=\"1\" width=\"100%\" cellspacing=\"0\" cellpadding=\"0\">\n<tbody>\n<tr>\n<td><strong>T\u00cdTOL<\/strong><\/td>\n<td><strong>TAXA ORDIN\u00c0RIA<\/strong><\/td>\n<td><strong>TAXA BONIFICADA<sup>(*)<\/sup><\/strong><\/td>\n<\/tr>\n<tr>\n<td>CERTIFICAT DE NIVELL INTERMEDI B2<\/td>\n<td>78 \u20ac<\/td>\n<td>39 \u20ac<\/td>\n<\/tr>\n<tr>\n<td>CERTIFICAT DE C1 o C2<\/td>\n<td>78 \u20ac<\/td>\n<td>39 \u20ac<\/td>\n<\/tr>\n<tr>\n<td>EXPEDICI\u00d3 DE DUPLICATS<\/td>\n<td>17,25\u20ac<\/td>\n<td>NO HI HA BONIFICACI\u00d3<\/td>\n<\/tr>\n<\/tbody>\n<\/table>\n<p>(*) CARNET DE FAM\u00cdLIA NOMBROSA (GENERAL) I MONOPARENTAL (GENERAL O ESPECIAL)<\/p>\n<p>Consulteu les<span style=\"color: #3366ff;\">\u00a0<span style=\"text-decoration: underline;\"><strong><a style=\"color: #3366ff; text-decoration: underline;\" title=\"bonificacions i exempcions generals\" href=\"https:\/\/educacio.gencat.cat\/ca\/departament\/normativa\/taxes-preus-publics\/exempcions-bonificacions\/\" target=\"_blank\" rel=\"noopener\">bonificacions i exempcions generals<\/a><\/strong><\/span><\/span><strong>\u00a0<\/strong>que s&#8217;apliquen a aquestes taxes.<\/p>\n<p>Els alumnes que demanin trasllat\u00a0 d&#8217;una EOI de l&#8217;Estat espanyol hauran de pagar la totalitat de la taxa per serveis acad\u00e8mics. Els que procedeixin d&#8217;una altra EOI de Catalunya no pagaran cap taxa.<\/p>\n","protected":false},"excerpt":{"rendered":"<p>TAXES VIGENTS PER ALS NIVELLS B1, B2.1 I B2.2 Segons l&#8217;ORDRE EDU\/114\/2021 l&#8217;aportaci\u00f3 complement\u00e0ria dels 30\u20ac \u00e9s obligat\u00f2ria i est\u00e0 subjecta a bonificacions o exempcions. L&#8217;import de l&#8217;aportaci\u00f3 est\u00e0 incl\u00f2s en el preus seg\u00fcents: MATR\u00cdCULA ORDIN\u00c0RIA BONIFICACI\u00d3 50% 1a MATR\u00cdCULA 327,60 \u20ac 163,80 \u20ac 2a MATR\u00cdCULA (1\u00a0REPETICI\u00d3) 425,90 \u20ac 212,95 \u20ac 3a MATR\u00cdCULA (2\u00a0REPETICIONS) 589,70 [&hellip;]<\/p>\n","protected":false},"author":1,"featured_media":0,"parent":8161,"menu_order":60,"comment_status":"closed","ping_status":"closed","template":"page-templates\/side-menu.php","meta":{"_bbp_topic_count":0,"_bbp_reply_count":0,"_bbp_total_topic_count":0,"_bbp_total_reply_count":0,"_bbp_voice_count":0,"_bbp_anonymous_reply_count":0,"_bbp_topic_count_hidden":0,"_bbp_reply_count_hidden":0,"_bbp_forum_subforum_count":0,"site-sidebar-layout":"default","site-content-layout":"","ast-site-content-layout":"","site-content-style":"default","site-sidebar-style":"default","ast-global-header-display":"","ast-banner-title-visibility":"","ast-main-header-display":"","ast-hfb-above-header-display":"","ast-hfb-below-header-display":"","ast-hfb-mobile-header-display":"","site-post-title":"","ast-breadcrumbs-content":"","ast-featured-img":"","footer-sml-layout":"","theme-transparent-header-meta":"","adv-header-id-meta":"","stick-header-meta":"","header-above-stick-meta":"","header-main-stick-meta":"","header-below-stick-meta":"","astra-migrate-meta-layouts":"default","ast-page-background-enabled":"default","ast-page-background-meta":{"desktop":{"background-color":"var(--ast-global-color-4)","background-image":"","background-repeat":"repeat","background-position":"center center","background-size":"auto","background-attachment":"scroll","background-type":"","background-media":"","overlay-type":"","overlay-color":"","overlay-opacity":"","overlay-gradient":""},"tablet":{"background-color":"","background-image":"","background-repeat":"repeat","background-position":"center center","background-size":"auto","background-attachment":"scroll","background-type":"","background-media":"","overlay-type":"","overlay-color":"","overlay-opacity":"","overlay-gradient":""},"mobile":{"background-color":"","background-image":"","background-repeat":"repeat","background-position":"center center","background-size":"auto","background-attachment":"scroll","background-type":"","background-media":"","overlay-type":"","overlay-color":"","overlay-opacity":"","overlay-gradient":""}},"ast-content-background-meta":{"desktop":{"background-color":"var(--ast-global-color-5)","background-image":"","background-repeat":"repeat","background-position":"center center","background-size":"auto","background-attachment":"scroll","background-type":"","background-media":"","overlay-type":"","overlay-color":"","overlay-opacity":"","overlay-gradient":""},"tablet":{"background-color":"var(--ast-global-color-5)","background-image":"","background-repeat":"repeat","background-position":"center center","background-size":"auto","background-attachment":"scroll","background-type":"","background-media":"","overlay-type":"","overlay-color":"","overlay-opacity":"","overlay-gradient":""},"mobile":{"background-color":"var(--ast-global-color-5)","background-image":"","background-repeat":"repeat","background-position":"center center","background-size":"auto","background-attachment":"scroll","background-type":"","background-media":"","overlay-type":"","overlay-color":"","overlay-opacity":"","overlay-gradient":""}},"footnotes":""},"class_list":["post-9671","page","type-page","status-publish","hentry"],"post_mailing_queue_ids":[],"_links":{"self":[{"href":"https:\/\/agora-eoi.xtec.cat\/eoisalou\/wp-json\/wp\/v2\/pages\/9671","targetHints":{"allow":["GET"]}}],"collection":[{"href":"https:\/\/agora-eoi.xtec.cat\/eoisalou\/wp-json\/wp\/v2\/pages"}],"about":[{"href":"https:\/\/agora-eoi.xtec.cat\/eoisalou\/wp-json\/wp\/v2\/types\/page"}],"author":[{"embeddable":true,"href":"https:\/\/agora-eoi.xtec.cat\/eoisalou\/wp-json\/wp\/v2\/users\/1"}],"replies":[{"embeddable":true,"href":"https:\/\/agora-eoi.xtec.cat\/eoisalou\/wp-json\/wp\/v2\/comments?post=9671"}],"version-history":[{"count":5,"href":"https:\/\/agora-eoi.xtec.cat\/eoisalou\/wp-json\/wp\/v2\/pages\/9671\/revisions"}],"predecessor-version":[{"id":9711,"href":"https:\/\/agora-eoi.xtec.cat\/eoisalou\/wp-json\/wp\/v2\/pages\/9671\/revisions\/9711"}],"up":[{"embeddable":true,"href":"https:\/\/agora-eoi.xtec.cat\/eoisalou\/wp-json\/wp\/v2\/pages\/8161"}],"wp:attachment":[{"href":"https:\/\/agora-eoi.xtec.cat\/eoisalou\/wp-json\/wp\/v2\/media?parent=9671"}],"curies":[{"name":"wp","href":"https:\/\/api.w.org\/{rel}","templated":true}]}}