{"id":9127,"date":"2023-02-12T23:50:34","date_gmt":"2023-02-12T22:50:34","guid":{"rendered":"https:\/\/agora-eoi.xtec.cat\/eoisalou\/?page_id=9127"},"modified":"2025-02-28T11:43:14","modified_gmt":"2025-02-28T10:43:14","slug":"programa-fp-and-eoi-together","status":"publish","type":"page","link":"https:\/\/agora-eoi.xtec.cat\/eoisalou\/programes\/programa-fp-and-eoi-together\/","title":{"rendered":"Programa \u201cFP and EOI Together\u201d"},"content":{"rendered":"<header class=\"entry-header\">\n<p class=\"entry-title\">\n<\/header>\n<div class=\"entry-content\">\n<p><a href=\"https:\/\/projectes.xtec.cat\/mobilitatfp\/wp-content\/uploads\/usu1833\/2021\/03\/Captura-1.jpg\"><img loading=\"lazy\" decoding=\"async\" class=\"alignleft wp-image-11153\" src=\"https:\/\/projectes.xtec.cat\/mobilitatfp\/wp-content\/uploads\/usu1833\/2021\/03\/Captura-1.jpg\" alt=\"\" width=\"40\" height=\"38\" \/><\/a><strong>Qu\u00e8 \u00e9s FP &amp; EOI TOGETHER?<\/strong><\/p>\n<p>El Projecte FP &amp; EOI Together \u00e9s una iniciativa de la Direcci\u00f3 General de Formaci\u00f3 Professional que us proposa continuar una col\u00b7laboraci\u00f3 entre centres de formaci\u00f3 professionals, esportius i escoles d\u2019art amb les EOIs d\u2019un mateix territori per desenvolupar un projecte de forma conjunta.<\/p>\n<p><a href=\"https:\/\/projectes.xtec.cat\/mobilitatfp\/wp-content\/uploads\/usu1833\/2021\/03\/Captura2.jpg\"><img loading=\"lazy\" decoding=\"async\" class=\"wp-image-11158 alignnone\" src=\"https:\/\/projectes.xtec.cat\/mobilitatfp\/wp-content\/uploads\/usu1833\/2021\/03\/Captura2.jpg\" alt=\"\" width=\"43\" height=\"45\" \/> \u00a0 \u00a0<\/a><strong>Objectius<\/strong><\/p>\n<ul>\n<li>Millorar les compet\u00e8ncies comunicatives en lleng\u00fces estrangeres de l\u2019alumnat d\u2019FP a fi d\u2019ajudar-los en la seva inserci\u00f3 laboral.<\/li>\n<li>Potenciar les col\u00b7laboracions entre el centres educatius implicats.<\/li>\n<li>Difondre les ofertes formatives dels centres d\u2019FP, esportius i escoles d\u2019art i les EOIs.<\/li>\n<li>Promoure la participaci\u00f3 en projectes de mobilitat en l\u2019alumnat d\u2019FP.<\/li>\n<\/ul>\n<p><strong><a href=\"https:\/\/projectes.xtec.cat\/mobilitatfp\/wp-content\/uploads\/usu1833\/2021\/03\/Captura5.jpg\"><img loading=\"lazy\" decoding=\"async\" class=\"wp-image-11189 alignleft\" src=\"https:\/\/projectes.xtec.cat\/mobilitatfp\/wp-content\/uploads\/usu1833\/2021\/03\/Captura5.jpg\" sizes=\"auto, (max-width: 46px) 100vw, 46px\" srcset=\"https:\/\/projectes.xtec.cat\/mobilitatfp\/wp-content\/uploads\/usu1833\/2021\/03\/Captura5.jpg 484w, https:\/\/projectes.xtec.cat\/mobilitatfp\/wp-content\/uploads\/usu1833\/2021\/03\/Captura5-150x150.jpg 150w, https:\/\/projectes.xtec.cat\/mobilitatfp\/wp-content\/uploads\/usu1833\/2021\/03\/Captura5-300x291.jpg 300w\" alt=\"\" width=\"46\" height=\"45\" \/><\/a><\/strong><\/p>\n<p>&nbsp;<\/p>\n<p><strong>Participants<\/strong><\/p>\n<p>El programa est\u00e0 obert a qualsevol Institut d\u2019FP, Escola d\u2019Art o Superior Art\u00edstica i Escola Oficial d\u2019Idiomes del Departament d\u2019Educaci\u00f3.<\/p>\n<div class=\"addtoany_share_save_container addtoany_content addtoany_content_bottom\">\n<div class=\"a2a_kit a2a_kit_size_25 addtoany_list\" data-a2a-url=\"https:\/\/projectes.xtec.cat\/mobilitatfp\/fpeois-together\/\" data-a2a-title=\"Projecte FP &amp; EOI Together\">Per a m\u00e9s informaci\u00f3: <a href=\"https:\/\/projectes.xtec.cat\/mobilitatfp\/fpeois-together\/\" target=\"_blank\" rel=\"noopener\">https:\/\/projectes.xtec.cat\/mobilitatfp\/fpeois-together\/<\/a><\/div>\n<\/div>\n<\/div>\n","protected":false},"excerpt":{"rendered":"<p>Qu\u00e8 \u00e9s FP &amp; EOI TOGETHER? El Projecte FP &amp; EOI Together \u00e9s una iniciativa de la Direcci\u00f3 General de Formaci\u00f3 Professional que us proposa continuar una col\u00b7laboraci\u00f3 entre centres de formaci\u00f3 professionals, esportius i escoles d\u2019art amb les EOIs d\u2019un mateix territori per desenvolupar un projecte de forma conjunta. \u00a0 \u00a0Objectius Millorar les compet\u00e8ncies [&hellip;]<\/p>\n","protected":false},"author":1,"featured_media":0,"parent":10034,"menu_order":20,"comment_status":"closed","ping_status":"closed","template":"page-templates\/side-menu.php","meta":{"_bbp_topic_count":0,"_bbp_reply_count":0,"_bbp_total_topic_count":0,"_bbp_total_reply_count":0,"_bbp_voice_count":0,"_bbp_anonymous_reply_count":0,"_bbp_topic_count_hidden":0,"_bbp_reply_count_hidden":0,"_bbp_forum_subforum_count":0,"site-sidebar-layout":"default","site-content-layout":"","ast-site-content-layout":"","site-content-style":"default","site-sidebar-style":"default","ast-global-header-display":"","ast-banner-title-visibility":"","ast-main-header-display":"","ast-hfb-above-header-display":"","ast-hfb-below-header-display":"","ast-hfb-mobile-header-display":"","site-post-title":"","ast-breadcrumbs-content":"","ast-featured-img":"","footer-sml-layout":"","theme-transparent-header-meta":"","adv-header-id-meta":"","stick-header-meta":"","header-above-stick-meta":"","header-main-stick-meta":"","header-below-stick-meta":"","astra-migrate-meta-layouts":"default","ast-page-background-enabled":"default","ast-page-background-meta":{"desktop":{"background-color":"var(--ast-global-color-4)","background-image":"","background-repeat":"repeat","background-position":"center center","background-size":"auto","background-attachment":"scroll","background-type":"","background-media":"","overlay-type":"","overlay-color":"","overlay-opacity":"","overlay-gradient":""},"tablet":{"background-color":"","background-image":"","background-repeat":"repeat","background-position":"center center","background-size":"auto","background-attachment":"scroll","background-type":"","background-media":"","overlay-type":"","overlay-color":"","overlay-opacity":"","overlay-gradient":""},"mobile":{"background-color":"","background-image":"","background-repeat":"repeat","background-position":"center center","background-size":"auto","background-attachment":"scroll","background-type":"","background-media":"","overlay-type":"","overlay-color":"","overlay-opacity":"","overlay-gradient":""}},"ast-content-background-meta":{"desktop":{"background-color":"var(--ast-global-color-5)","background-image":"","background-repeat":"repeat","background-position":"center center","background-size":"auto","background-attachment":"scroll","background-type":"","background-media":"","overlay-type":"","overlay-color":"","overlay-opacity":"","overlay-gradient":""},"tablet":{"background-color":"var(--ast-global-color-5)","background-image":"","background-repeat":"repeat","background-position":"center center","background-size":"auto","background-attachment":"scroll","background-type":"","background-media":"","overlay-type":"","overlay-color":"","overlay-opacity":"","overlay-gradient":""},"mobile":{"background-color":"var(--ast-global-color-5)","background-image":"","background-repeat":"repeat","background-position":"center center","background-size":"auto","background-attachment":"scroll","background-type":"","background-media":"","overlay-type":"","overlay-color":"","overlay-opacity":"","overlay-gradient":""}},"footnotes":""},"class_list":["post-9127","page","type-page","status-publish","hentry"],"post_mailing_queue_ids":[],"_links":{"self":[{"href":"https:\/\/agora-eoi.xtec.cat\/eoisalou\/wp-json\/wp\/v2\/pages\/9127","targetHints":{"allow":["GET"]}}],"collection":[{"href":"https:\/\/agora-eoi.xtec.cat\/eoisalou\/wp-json\/wp\/v2\/pages"}],"about":[{"href":"https:\/\/agora-eoi.xtec.cat\/eoisalou\/wp-json\/wp\/v2\/types\/page"}],"author":[{"embeddable":true,"href":"https:\/\/agora-eoi.xtec.cat\/eoisalou\/wp-json\/wp\/v2\/users\/1"}],"replies":[{"embeddable":true,"href":"https:\/\/agora-eoi.xtec.cat\/eoisalou\/wp-json\/wp\/v2\/comments?post=9127"}],"version-history":[{"count":3,"href":"https:\/\/agora-eoi.xtec.cat\/eoisalou\/wp-json\/wp\/v2\/pages\/9127\/revisions"}],"predecessor-version":[{"id":9130,"href":"https:\/\/agora-eoi.xtec.cat\/eoisalou\/wp-json\/wp\/v2\/pages\/9127\/revisions\/9130"}],"up":[{"embeddable":true,"href":"https:\/\/agora-eoi.xtec.cat\/eoisalou\/wp-json\/wp\/v2\/pages\/10034"}],"wp:attachment":[{"href":"https:\/\/agora-eoi.xtec.cat\/eoisalou\/wp-json\/wp\/v2\/media?parent=9127"}],"curies":[{"name":"wp","href":"https:\/\/api.w.org\/{rel}","templated":true}]}}