{"id":9046,"date":"2023-02-06T01:24:40","date_gmt":"2023-02-06T00:24:40","guid":{"rendered":"https:\/\/agora-eoi.xtec.cat\/eoisalou\/?page_id=9046"},"modified":"2025-09-03T23:16:33","modified_gmt":"2025-09-03T21:16:33","slug":"actualitzacio","status":"publish","type":"page","link":"https:\/\/agora-eoi.xtec.cat\/eoisalou\/secretaria\/matricula\/actualitzacio\/","title":{"rendered":"Matr\u00edcula d\u2019actualitzaci\u00f3: nivell ja cursat"},"content":{"rendered":"<header class=\"entry-header\">\n<div class=\"traductor-textarea form-group\">\n<div class=\"textarea-desti col-xs-12 col-sm-6\">\n<p class=\"form-control second-textarea\">Les persones que ja hagin cursat i superat amb anterioritat cursos de les escoles oficials d&#8217;idiomes, i que vulguin actualitzar-ne els coneixements, poden sol\u00b7licitar matricular-se en l&#8217;\u00faltim curs fet o en qualsevol dels cursos inferiors.<\/p>\n<p>Tamb\u00e9 poden inscriure&#8217;s en un curs d&#8217;actualitzaci\u00f3 de coneixements els i les alumnes que hagin cursat i superat amb anterioritat cursos de nivell A1 i A2 als centres de formaci\u00f3 d&#8217;adults. Igualment, poden inscriure&#8217;s en cursos d&#8217;actualitzaci\u00f3 les persones que s&#8217;hagin presentat a les proves lliures i hagin obtingut el certificat corresponent en els mateixos termes.<\/p>\n<p>La <span style=\"text-decoration: underline;\"><strong><a href=\"https:\/\/agora-eoi.xtec.cat\/eoisalou\/docs\/matricula-actualitzacio-coneixements\/\">sol\u00b7licitud<\/a><\/strong><\/span> per a aquest tipus de matr\u00edcula s&#8217;ha de presentar al centre una vegada finalitzat el per\u00edode d&#8217;admissi\u00f3, i nom\u00e9s s&#8217;admet si hi ha vacants en el curs i l&#8217;idioma sol\u00b7licitat. La sol\u00b7licitud \u00e9s v\u00e0lida \u00fanicament per al curs acad\u00e8mic en qu\u00e8 se sol\u00b7licita i s&#8217;ha de tornar a presentar per a cursos acad\u00e8mics posteriors, si l&#8217;alumne o alumna ho vol.<\/p>\n<p>Aquest tipus de matr\u00edcula no t\u00e9 efectes acad\u00e8mics ni comporta cap certificat oficial. La qualificaci\u00f3 que es fa constar a l&#8217;expedient acad\u00e8mic de l&#8217;alumne o alumna \u00e9s de \u201cno qualificat\/ada\u201d.<\/p>\n<p>En el cas dels cursos per a l&#8217;obtenci\u00f3 d&#8217;un certificat, els o les alumnes en aquesta situaci\u00f3 acad\u00e8mica no tenen dret a sol\u00b7licitar una nova expedici\u00f3 del certificat obtingut anteriorment, per\u00f2 poden sol\u00b7licitar un certificat d&#8217;actualitzaci\u00f3 al centre on estiguin matriculats.<\/p>\n<p>Pel que fa al preu del servei, aquests alumnes han de pagar <span style=\"text-decoration: underline;\"><strong><a href=\"https:\/\/educacio.gencat.cat\/ca\/departament\/normativa\/taxes-preus-publics\/\">la taxa o el preu p\u00fablic<\/a><\/strong><\/span> corresponent, sense penalitzaci\u00f3 per repetici\u00f3.<\/p>\n<p>Durant un mateix curs acad\u00e8mic no es pot simultaniejar una matr\u00edcula ordin\u00e0ria als ensenyaments presencials amb una matr\u00edcula d&#8217;actualitzaci\u00f3 del mateix idioma.<\/p>\n<\/div>\n<\/div>\n<\/header>\n<header class=\"entry-header\">\n<div class=\"traductor-textarea form-group\">\n<div class=\"textarea-desti col-xs-12 col-sm-6\">\n<p><u>Els alumnes de matr\u00edcula d\u2019actualitzaci\u00f3 no tindran reserva de matr\u00edcula com antic alumnat i l&#8217;any acad\u00e8mic seg\u00fcent hauran de fer preinscripci\u00f3 i sorteig com a nou alumnat per al curs seg\u00fcent.<\/u><\/p>\n<\/div>\n<\/div>\n<\/header>\n","protected":false},"excerpt":{"rendered":"<p>Les persones que ja hagin cursat i superat amb anterioritat cursos de les escoles oficials d&#8217;idiomes, i que vulguin actualitzar-ne els coneixements, poden sol\u00b7licitar matricular-se en l&#8217;\u00faltim curs fet o en qualsevol dels cursos inferiors. Tamb\u00e9 poden inscriure&#8217;s en un curs d&#8217;actualitzaci\u00f3 de coneixements els i les alumnes que hagin cursat i superat amb anterioritat [&hellip;]<\/p>\n","protected":false},"author":1,"featured_media":0,"parent":8161,"menu_order":40,"comment_status":"closed","ping_status":"closed","template":"","meta":{"_bbp_topic_count":0,"_bbp_reply_count":0,"_bbp_total_topic_count":0,"_bbp_total_reply_count":0,"_bbp_voice_count":0,"_bbp_anonymous_reply_count":0,"_bbp_topic_count_hidden":0,"_bbp_reply_count_hidden":0,"_bbp_forum_subforum_count":0,"site-sidebar-layout":"default","site-content-layout":"","ast-site-content-layout":"default","site-content-style":"default","site-sidebar-style":"default","ast-global-header-display":"","ast-banner-title-visibility":"","ast-main-header-display":"","ast-hfb-above-header-display":"","ast-hfb-below-header-display":"","ast-hfb-mobile-header-display":"","site-post-title":"","ast-breadcrumbs-content":"","ast-featured-img":"","footer-sml-layout":"","theme-transparent-header-meta":"default","adv-header-id-meta":"","stick-header-meta":"","header-above-stick-meta":"","header-main-stick-meta":"","header-below-stick-meta":"","astra-migrate-meta-layouts":"set","ast-page-background-enabled":"default","ast-page-background-meta":{"desktop":{"background-color":"var(--ast-global-color-4)","background-image":"","background-repeat":"repeat","background-position":"center center","background-size":"auto","background-attachment":"scroll","background-type":"","background-media":"","overlay-type":"","overlay-color":"","overlay-opacity":"","overlay-gradient":""},"tablet":{"background-color":"","background-image":"","background-repeat":"repeat","background-position":"center center","background-size":"auto","background-attachment":"scroll","background-type":"","background-media":"","overlay-type":"","overlay-color":"","overlay-opacity":"","overlay-gradient":""},"mobile":{"background-color":"","background-image":"","background-repeat":"repeat","background-position":"center center","background-size":"auto","background-attachment":"scroll","background-type":"","background-media":"","overlay-type":"","overlay-color":"","overlay-opacity":"","overlay-gradient":""}},"ast-content-background-meta":{"desktop":{"background-color":"var(--ast-global-color-5)","background-image":"","background-repeat":"repeat","background-position":"center center","background-size":"auto","background-attachment":"scroll","background-type":"","background-media":"","overlay-type":"","overlay-color":"","overlay-opacity":"","overlay-gradient":""},"tablet":{"background-color":"var(--ast-global-color-5)","background-image":"","background-repeat":"repeat","background-position":"center center","background-size":"auto","background-attachment":"scroll","background-type":"","background-media":"","overlay-type":"","overlay-color":"","overlay-opacity":"","overlay-gradient":""},"mobile":{"background-color":"var(--ast-global-color-5)","background-image":"","background-repeat":"repeat","background-position":"center center","background-size":"auto","background-attachment":"scroll","background-type":"","background-media":"","overlay-type":"","overlay-color":"","overlay-opacity":"","overlay-gradient":""}},"footnotes":""},"class_list":["post-9046","page","type-page","status-publish","hentry"],"post_mailing_queue_ids":[],"_links":{"self":[{"href":"https:\/\/agora-eoi.xtec.cat\/eoisalou\/wp-json\/wp\/v2\/pages\/9046","targetHints":{"allow":["GET"]}}],"collection":[{"href":"https:\/\/agora-eoi.xtec.cat\/eoisalou\/wp-json\/wp\/v2\/pages"}],"about":[{"href":"https:\/\/agora-eoi.xtec.cat\/eoisalou\/wp-json\/wp\/v2\/types\/page"}],"author":[{"embeddable":true,"href":"https:\/\/agora-eoi.xtec.cat\/eoisalou\/wp-json\/wp\/v2\/users\/1"}],"replies":[{"embeddable":true,"href":"https:\/\/agora-eoi.xtec.cat\/eoisalou\/wp-json\/wp\/v2\/comments?post=9046"}],"version-history":[{"count":6,"href":"https:\/\/agora-eoi.xtec.cat\/eoisalou\/wp-json\/wp\/v2\/pages\/9046\/revisions"}],"predecessor-version":[{"id":10097,"href":"https:\/\/agora-eoi.xtec.cat\/eoisalou\/wp-json\/wp\/v2\/pages\/9046\/revisions\/10097"}],"up":[{"embeddable":true,"href":"https:\/\/agora-eoi.xtec.cat\/eoisalou\/wp-json\/wp\/v2\/pages\/8161"}],"wp:attachment":[{"href":"https:\/\/agora-eoi.xtec.cat\/eoisalou\/wp-json\/wp\/v2\/media?parent=9046"}],"curies":[{"name":"wp","href":"https:\/\/api.w.org\/{rel}","templated":true}]}}