{"id":8747,"date":"2016-06-20T16:17:58","date_gmt":"2016-06-20T15:17:58","guid":{"rendered":"http:\/\/agora-eoi.xtec.cat\/eoisalou\/?page_id=8747"},"modified":"2024-03-25T17:55:52","modified_gmt":"2024-03-25T16:55:52","slug":"recursos-dautoaprenentatge","status":"publish","type":"page","link":"https:\/\/agora-eoi.xtec.cat\/eoisalou\/idiomes\/frances\/recursos-dautoaprenentatge\/","title":{"rendered":"Recursos d&#8217;autoaprenentatge"},"content":{"rendered":"<p><a href=\"http:\/\/agora-eoi.xtec.cat\/eoisalou\/wp-content\/uploads\/usu2266\/2016\/06\/Box-Filled-96.png\" rel=\"attachment wp-att-8684\"><img loading=\"lazy\" decoding=\"async\" class=\" wp-image-8684 alignleft\" src=\"http:\/\/agora-eoi.xtec.cat\/eoisalou\/wp-content\/uploads\/usu2266\/2016\/06\/Box-Filled-96.png\" alt=\"Box Filled-96\" width=\"81\" height=\"81\" \/><\/a><\/p>\n<div class=\"articleBody\" style=\"text-align: justify;\">\n<p><strong>BIBLIOGRAFIA RECOMANADA<\/strong><\/p>\n<p>&nbsp;<\/p>\n<ul>\n<li style=\"list-style-type: none;\">\n<ul>\n<li>Bescherelle,\u00a0<em>L\u2019orthographe pour tous<\/em>, Hatier<\/li>\n<li>Bescherelle,\u00a0<em>La conjugaison pour tous<\/em>, Hatier<\/li>\n<li><em>Conjugaison progressive du fran\u00e7ais<\/em>, Cl\u00e9 International<\/li>\n<li><em>Dictionnaire Actif<\/em>\u00a0(bilingue fran\u00e7ais-espagnol), Santillana<\/li>\n<li><em>Dictionnaire fran\u00e7ais-espagnol \/ espagnol-fran\u00e7ais<\/em>, Larousse<\/li>\n<li><em>Dictionnaire Robert micro de poche<\/em>\u00a0(fran\u00e7ais)<\/li>\n<li><em>Exercices communicatifs de la grammaire progressive du fran\u00e7ais<\/em>, Cl\u00e9 International<\/li>\n<li><em>Exercices d\u2019oral en contexte<\/em>, niveau d\u00e9butant, Hachette.<\/li>\n<li><em>Exercices d\u2019oral en contexte,\u00a0<\/em>niveau interm\u00e9diaire, Hachette<\/li>\n<li><em>Exercices de grammaire en contexte,\u00a0<\/em>niveau interm\u00e9diaire, Hachette<\/li>\n<li><em>Exercices de grammaire en contexte<\/em>, niveau d\u00e9butant, Hachette.<\/li>\n<li>\u00a0<em>Exercices de vocabulaire en contexte,\u00a0<\/em>niveau interm\u00e9diaire, Hachette<\/li>\n<li>\u00a0<em>Exercices de vocabulaire en contexte<\/em>, niveau d\u00e9butant, Hachette.<\/li>\n<li><em>Grammaire progressive du fran\u00e7ais,\u00a0<\/em>niveau interm\u00e9diaire<em>,<\/em>\u00a0Cl\u00e9 International<\/li>\n<li><em>L\u2019exercisier<\/em>, PUG<\/li>\n<li><em>L\u2019orthographe pour tous, Bescherelle<\/em>, Hatier<\/li>\n<li><em>La conjugaison pour tous, Bescherelle<\/em>, Hatier<\/li>\n<li><em>La Grammaire des premiers temps<\/em>, Presses Universitaires de Grenoble<\/li>\n<li><em>La grammaire pour tous,<\/em>\u00a0Bescherelle, Hatier<\/li>\n<li><em>Le Bescherelle pratique<\/em>, Hatier (dictionnaire des difficult\u00e9s orthographiques)<\/li>\n<li><em>Le Micro Robert<\/em>, Cl\u00e9 International<\/li>\n<li><em>Vocabulaire progressif du Fran\u00e7ais<\/em>, niveau d\u00e9butant, Cl\u00e9 International<\/li>\n<li><em>Vocabulaire progressif du fran\u00e7ais, niveau interm\u00e9diaire<\/em>, Hachette<\/li>\n<\/ul>\n<\/li>\n<\/ul>\n<article><strong>LECTURES\u00a0 RECOMANADES<\/strong><\/article>\n<article><\/article>\n<article><strong>Collections\u00a0<\/strong>\u00a0\u00a0\u00a0\u00a0\u00a0<\/article>\n<ul>\n<li style=\"list-style-type: none;\">\n<ul style=\"list-style-type: circle;\">\n<li style=\"list-style-type: none;\">\n<ul style=\"list-style-type: circle;\">\n<li style=\"list-style-type: none;\">\n<ul style=\"list-style-type: circle;\">\n<li>Textes en fran\u00e7ais facile (Hachette)<\/li>\n<li>Easy readers (Itaca)<\/li>\n<li>Version originale, lire le fran\u00e7ais (CLE International)<\/li>\n<li>Policiers (Hachette)<\/li>\n<li>Lectures (Hachette)<\/li>\n<li>Le chat noir (Vicens Vives)<\/li>\n<li>Lire et d\u00e9couvrir (longman)<\/li>\n<li>Evasions (Santillana)<\/li>\n<li>Plaisir de lire S\u00e9rie verte (Stanley-Eli)<\/li>\n<li>Lectures EliAudiolib<\/li>\n<\/ul>\n<\/li>\n<\/ul>\n<article><strong>ENLLA\u00c7OS RECOMANATS<\/strong><\/article>\n<p><strong><span lang=\"EN-US\">Moodle<\/span><\/strong><\/p>\n<p><a title=\"Moodle EOI Salou\" href=\"http:\/\/agora-eoi.xtec.cat\/eoisalou\/moodle\/\" target=\"_blank\" rel=\"noopener\">Moodle EOI Salou<\/a><\/p>\n<p><strong><span lang=\"EN-US\">Gen\u00e8rics<\/span><\/strong><\/p>\n<p><strong><a href=\"https:\/\/www.lepointdufle.net\/\">https:\/\/www.lepointdufle.net\/<\/a><\/strong><\/p>\n<p><strong><span lang=\"EN-US\">Diccionaris:\u00a0<\/span><\/strong><\/p>\n<p><a href=\"http:\/\/www.larousse.fr\/dictionnaires\/francais-espagnol\">http:\/\/www.larousse.fr\/dictionnaires\/francais-espagnol<\/a><\/p>\n<p><a href=\"https:\/\/fr.pons.com\/traduction\/espagnol-fran%C3%A7ais\">https:\/\/fr.pons.com\/traduction\/espagnol-fran%C3%A7ais<\/a><\/p>\n<p><a href=\"http:\/\/www.lexilogos.com\/espagnol_langue_dictionnaires.htm\">http:\/\/www.lexilogos.com\/espagnol_langue_dictionnaires.htm<\/a><\/p>\n<p><a href=\"http:\/\/www.granddictionnaire.com\/\">http:\/\/www.granddictionnaire.com\/<\/a><\/p>\n<p><strong><span lang=\"EN-US\">Exercicis<\/span><\/strong><\/p>\n<p><a href=\"http:\/\/cyberprofesseur.net\/\">http:\/\/cyberprofesseur.net\/<\/a><\/p>\n<p><a href=\"http:\/\/ww31.polarfle.com\/indexbis.htm\">http:\/\/ww31.polarfle.com\/indexbis.htm<\/a><\/p>\n<p><a href=\"http:\/\/cr.middlebury.edu\/public\/french\/Lexique\/\">http:\/\/cr.middlebury.edu\/public\/french\/Lexique\/\/<\/a><\/p>\n<p><a href=\"http:\/\/www.didieraccord.com\/\">http:\/\/www.didieraccord.com\/<\/a><\/p>\n<p><a href=\"http:\/\/www.didierlatitudes.com\/\">http:\/\/www.didierlatitudes.com\/<\/a><\/p>\n<p><strong><span lang=\"EN-US\">Fon\u00e8tica<\/span><\/strong><\/p>\n<p><a href=\"http:\/\/www.podcastfrancaisfacile.com\/apprendre-le-francais\/phonetique-en-francais.html\">http:\/\/www.podcastfrancaisfacile.com\/apprendre-le-francais\/phonetique-en-francais.html<\/a><\/p>\n<p><a href=\"http:\/\/flenet.unileon.es\/courstourdumonde\/phonActivites.html\">http:\/\/flenet.unileon.es\/courstourdumonde\/phonActivites.html<\/a><\/p>\n<p><a href=\"http:\/\/flenet.unileon.es\/phon\/cahier\/\">http:\/\/flenet.unileon.es\/phon\/cahier\/<\/a><\/p>\n<p><strong><span lang=\"EN-US\">Lectura<\/span><\/strong><\/p>\n<p><a href=\"http:\/\/www.cafe.edu\/cle\/\">http:\/\/www.cafe.edu\/cle\/<\/a>(c\u00f2mic, poemes, textos curts, cl\u00e0ssics, juvenil)<\/p>\n<p><a href=\"http:\/\/flenet.unileon.es\/docauteurs.html\">http:\/\/flenet.unileon.es\/docauteurs.html<\/a><span lang=\"EN-US\">\u00a0(Literatura francesa per veure i escoltar)<\/span><\/p>\n<p><a href=\"http:\/\/www.litteratureaudio.com\/\">http:\/\/www.litteratureaudio.com\/<\/a><span lang=\"EN-US\">\u00a0(audiollibres per llegir, escoltar i descarregar)<\/span><\/p>\n<p><a href=\"https:\/\/espace-livres-creation.be\/editeur\/autrement-dit\/\">https:\/\/espace-livres-creation.be\/editeur\/autrement-dit\/<\/a><span lang=\"EN-US\">\u00a0(audiollibres)<\/span><\/p>\n<p><strong><span lang=\"EN-US\">Ortografia<\/span><\/strong><\/p>\n<p><a href=\"http:\/\/www.atoutecrire.com\/article-les-sites-gratuits-pour-vous-aider-a-corriger-vos-ecrits-108559930.html\">http:\/\/www.atoutecrire.com\/article-les-sites-gratuits-pour-vous-aider-a-corriger-vos-ecrits-108559930.html<\/a><\/p>\n<p><strong>Mitjans de comunicaci\u00f3 (premsa, r\u00e0dio i televisi\u00f3)<\/strong><\/p>\n<p><a href=\"https:\/\/www.liensutiles.org\/journfrance.htm\">https:\/\/www.liensutiles.org\/journfrance.htm<\/a><\/p>\n<p><a href=\"http:\/\/www.liensutiles.org\/presse.htm\">http:\/\/www.liensutiles.org\/presse.htm<\/a><\/p>\n<p><strong><span lang=\"EN-US\">Diaris i revistes<\/span><\/strong><\/p>\n<p><a href=\"http:\/\/www.20minutes.fr\/\">http:\/\/www.20minutes.fr\/<\/a><\/p>\n<p><a href=\"https:\/\/charliehebdo.fr\/\">https:\/\/charliehebdo.fr\/<\/a><\/p>\n<p><a href=\"http:\/\/www.francesoir.fr\/\">http:\/\/www.francesoir.fr\/<\/a><\/p>\n<p><a href=\"http:\/\/www.lapresse.ca\/actualites\/montreal\/\">http:\/\/www.lapresse.ca\/actualites\/montreal\/<\/a><\/p>\n<p><a href=\"https:\/\/www.lecanardenchaine.fr\/\">https:\/\/www.lecanardenchaine.fr\/<\/a><\/p>\n<p><a href=\"https:\/\/www.lequipe.fr\/\">https:\/\/www.lequipe.fr\/<\/a><\/p>\n<p><a href=\"http:\/\/www.lefigaro.fr\/\">http:\/\/www.lefigaro.fr\/<\/a><\/p>\n<p><a href=\"http:\/\/www.lemonde.fr\/\">http:\/\/www.lemonde.fr\/<\/a><\/p>\n<p><a href=\"http:\/\/www.lesoir.be\/\">http:\/\/www.lesoir.be\/<\/a><\/p>\n<p><a href=\"http:\/\/www.liberation.fr\/\">http:\/\/www.liberation.fr\/<\/a><\/p>\n<p><a href=\"http:\/\/www.monde-diplomatique.fr\/\">http:\/\/www.monde-diplomatique.fr\/<\/a><\/p>\n<p><a href=\"http:\/\/www.parismatch.com\/\">http:\/\/www.parismatch.com\/<\/a><\/p>\n<p><a href=\"https:\/\/tempsreel.nouvelobs.com\/\">https:\/\/tempsreel.nouvelobs.com\/<\/a><\/p>\n<p><strong><span lang=\"EN-US\">R\u00e0dio i televisi\u00f3<\/span><\/strong><\/p>\n<p><a href=\"http:\/\/www.liensutiles.org\/progtv.htm\">http:\/\/www.liensutiles.org\/progtv.htm<\/a><span lang=\"EN-US\">\u00a0(programmes du jour toutes les cha\u00eenes francophones)<\/span><\/p>\n<p><a href=\"https:\/\/www.arte.tv\/fr\/\">https:\/\/www.arte.tv\/fr\/<\/a><\/p>\n<p><a href=\"http:\/\/www.tv5monde.com\/programmes\/fr\/programmes-tv5monde-france-belgique-suisse\/\">http:\/\/www.tv5monde.com\/programmes\/fr\/programmes-tv5monde-france-belgique-suisse\/<\/a><\/p>\n<p><a href=\"http:\/\/www.ecouterradioenligne.com\/\">http:\/\/www.ecouterradioenligne.com\/<\/a>\u00a0(\u00e9missions\u00a0radio en ligne)<\/p>\n<p><a href=\"http:\/\/www.radiofrance.fr\/\">http:\/\/www.radiofrance.fr\/<\/a><\/li>\n<\/ul>\n<\/li>\n<\/ul>\n<\/div>\n<p>&nbsp;<\/p>\n","protected":false},"excerpt":{"rendered":"<p>BIBLIOGRAFIA RECOMANADA &nbsp; Bescherelle,\u00a0L\u2019orthographe pour tous, Hatier Bescherelle,\u00a0La conjugaison pour tous, Hatier Conjugaison progressive du fran\u00e7ais, Cl\u00e9 International Dictionnaire Actif\u00a0(bilingue fran\u00e7ais-espagnol), Santillana Dictionnaire fran\u00e7ais-espagnol \/ espagnol-fran\u00e7ais, Larousse Dictionnaire Robert micro de poche\u00a0(fran\u00e7ais) Exercices communicatifs de la grammaire progressive du fran\u00e7ais, Cl\u00e9 International Exercices d\u2019oral en contexte, niveau d\u00e9butant, Hachette. Exercices d\u2019oral en contexte,\u00a0niveau interm\u00e9diaire, Hachette [&hellip;]<\/p>\n","protected":false},"author":1,"featured_media":0,"parent":8195,"menu_order":40,"comment_status":"closed","ping_status":"closed","template":"page-templates\/side-menu.php","meta":{"_bbp_topic_count":0,"_bbp_reply_count":0,"_bbp_total_topic_count":0,"_bbp_total_reply_count":0,"_bbp_voice_count":0,"_bbp_anonymous_reply_count":0,"_bbp_topic_count_hidden":0,"_bbp_reply_count_hidden":0,"_bbp_forum_subforum_count":0,"site-sidebar-layout":"default","site-content-layout":"","ast-site-content-layout":"","site-content-style":"default","site-sidebar-style":"default","ast-global-header-display":"","ast-banner-title-visibility":"","ast-main-header-display":"","ast-hfb-above-header-display":"","ast-hfb-below-header-display":"","ast-hfb-mobile-header-display":"","site-post-title":"","ast-breadcrumbs-content":"","ast-featured-img":"","footer-sml-layout":"","theme-transparent-header-meta":"","adv-header-id-meta":"","stick-header-meta":"","header-above-stick-meta":"","header-main-stick-meta":"","header-below-stick-meta":"","astra-migrate-meta-layouts":"default","ast-page-background-enabled":"default","ast-page-background-meta":{"desktop":{"background-color":"var(--ast-global-color-4)","background-image":"","background-repeat":"repeat","background-position":"center center","background-size":"auto","background-attachment":"scroll","background-type":"","background-media":"","overlay-type":"","overlay-color":"","overlay-opacity":"","overlay-gradient":""},"tablet":{"background-color":"","background-image":"","background-repeat":"repeat","background-position":"center center","background-size":"auto","background-attachment":"scroll","background-type":"","background-media":"","overlay-type":"","overlay-color":"","overlay-opacity":"","overlay-gradient":""},"mobile":{"background-color":"","background-image":"","background-repeat":"repeat","background-position":"center center","background-size":"auto","background-attachment":"scroll","background-type":"","background-media":"","overlay-type":"","overlay-color":"","overlay-opacity":"","overlay-gradient":""}},"ast-content-background-meta":{"desktop":{"background-color":"var(--ast-global-color-5)","background-image":"","background-repeat":"repeat","background-position":"center center","background-size":"auto","background-attachment":"scroll","background-type":"","background-media":"","overlay-type":"","overlay-color":"","overlay-opacity":"","overlay-gradient":""},"tablet":{"background-color":"var(--ast-global-color-5)","background-image":"","background-repeat":"repeat","background-position":"center center","background-size":"auto","background-attachment":"scroll","background-type":"","background-media":"","overlay-type":"","overlay-color":"","overlay-opacity":"","overlay-gradient":""},"mobile":{"background-color":"var(--ast-global-color-5)","background-image":"","background-repeat":"repeat","background-position":"center center","background-size":"auto","background-attachment":"scroll","background-type":"","background-media":"","overlay-type":"","overlay-color":"","overlay-opacity":"","overlay-gradient":""}},"footnotes":""},"class_list":["post-8747","page","type-page","status-publish","hentry"],"post_mailing_queue_ids":[],"_links":{"self":[{"href":"https:\/\/agora-eoi.xtec.cat\/eoisalou\/wp-json\/wp\/v2\/pages\/8747","targetHints":{"allow":["GET"]}}],"collection":[{"href":"https:\/\/agora-eoi.xtec.cat\/eoisalou\/wp-json\/wp\/v2\/pages"}],"about":[{"href":"https:\/\/agora-eoi.xtec.cat\/eoisalou\/wp-json\/wp\/v2\/types\/page"}],"author":[{"embeddable":true,"href":"https:\/\/agora-eoi.xtec.cat\/eoisalou\/wp-json\/wp\/v2\/users\/1"}],"replies":[{"embeddable":true,"href":"https:\/\/agora-eoi.xtec.cat\/eoisalou\/wp-json\/wp\/v2\/comments?post=8747"}],"version-history":[{"count":6,"href":"https:\/\/agora-eoi.xtec.cat\/eoisalou\/wp-json\/wp\/v2\/pages\/8747\/revisions"}],"predecessor-version":[{"id":9588,"href":"https:\/\/agora-eoi.xtec.cat\/eoisalou\/wp-json\/wp\/v2\/pages\/8747\/revisions\/9588"}],"up":[{"embeddable":true,"href":"https:\/\/agora-eoi.xtec.cat\/eoisalou\/wp-json\/wp\/v2\/pages\/8195"}],"wp:attachment":[{"href":"https:\/\/agora-eoi.xtec.cat\/eoisalou\/wp-json\/wp\/v2\/media?parent=8747"}],"curies":[{"name":"wp","href":"https:\/\/api.w.org\/{rel}","templated":true}]}}