{"id":8610,"date":"2016-06-20T11:15:09","date_gmt":"2016-06-20T10:15:09","guid":{"rendered":"http:\/\/agora-eoi.xtec.cat\/eoisalou\/?page_id=8610"},"modified":"2024-02-29T10:49:13","modified_gmt":"2024-02-29T09:49:13","slug":"pla-destudis","status":"publish","type":"page","link":"https:\/\/agora-eoi.xtec.cat\/eoisalou\/el-servei-educatiu\/pla-destudis\/","title":{"rendered":"Pla d&#8217;estudis"},"content":{"rendered":"<p style=\"text-align: justify;\">La Llei Org\u00e0nica 2\/2006, de 3 de maig, d\u2019Educaci\u00f3 en el seu article 59.1 (<a href=\"https:\/\/www.boe.es\/boe_catalan\/dias\/2006\/05\/16\/pdfs\/A01294-01341.pdf\" target=\"_blank\" rel=\"noopener noreferrer\">LOE)<\/a>\u00a0estableix que els ensenyaments del nivell B\u00e0sic tindran les caracter\u00edstiques i l\u2019organitzaci\u00f3 que les administracions educatives determinin.<\/p>\n<p style=\"text-align: justify;\">El Reial Decret 1041\/2017, de 22 de desembre, estableix el curr\u00edculum b\u00e0sic dels nivells Intermedi B1, Intermedi B2, Avan\u00e7at C1 i Avan\u00e7at C2 dels ensenyaments d\u2019idiomes de r\u00e8gim especial regulats per la Llei Org\u00e0nica 2\/2006, de 3 de maig, d\u2019educaci\u00f3.<\/p>\n<p style=\"text-align: justify;\">Els ensenyaments especialitzats d\u2019idiomes s\u2019imparteixen en 8 cursos:<\/p>\n<ul>\n<li style=\"text-align: justify;\"><strong>Nivell B\u00e0sic A2:<\/strong> de 2 cursos (A1 i A2)<\/li>\n<li style=\"text-align: justify;\"><strong>Nivell Intermedi B1<\/strong><strong>:<\/strong> d\u20191 curs (B1)<\/li>\n<li style=\"text-align: justify;\"><strong>Nivell Intermedi B2<\/strong><strong>:<\/strong> de 2 cursos (B2.1 i B2.2)<\/li>\n<li style=\"text-align: justify;\"><strong>Nivell Avan\u00e7at:<\/strong> de 3 cursos (C1-1 curs i C2-2 cursos)<\/li>\n<\/ul>\n<table border=\"1\" cellspacing=\"1\" cellpadding=\"1\">\n<tbody>\n<tr>\n<td><strong>CURSOS<\/strong><\/td>\n<td><strong>NIVELL<\/strong><\/td>\n<td><strong>EQUIVAL\u00c8NCIA MECR<\/strong><\/td>\n<\/tr>\n<tr>\n<td>1r<\/td>\n<td rowspan=\"2\">NIVELL B\u00c0SIC<\/td>\n<td>A1<\/td>\n<\/tr>\n<tr>\n<td>2n<\/td>\n<td>A2<\/td>\n<\/tr>\n<tr>\n<td>3r<\/td>\n<td>NIVELL INTERMEDI<\/td>\n<td>B1<\/td>\n<\/tr>\n<tr>\n<td>4t<\/td>\n<td rowspan=\"2\">NIVELL INTERMEDI<\/td>\n<td colspan=\"1\" rowspan=\"2\">B2<\/td>\n<\/tr>\n<tr>\n<td>5\u00e8<\/td>\n<\/tr>\n<tr>\n<td>C1 i C2<\/td>\n<td>NIVELL AVAN\u00c7AT<\/td>\n<td>C1 I C2<\/td>\n<\/tr>\n<tr>\n<td><\/td>\n<td><\/td>\n<td><\/td>\n<\/tr>\n<\/tbody>\n<\/table>\n<p style=\"text-align: justify;\">Els nivells dels certificats d\u2019escola oficial d\u2019idiomes poden comparar-se als nivells descrits en els documents publicats pel Consell d\u2019Europa, en especial el Marc europeu de refer\u00e8ncia. Al final del Nivell Intermedi B1, Nivell Intermedi B2 i del Nivell Avan\u00e7at C1, els alumnes han de superar una prova de certificat, dissenyada des del Centre de Recursos de Lleng\u00fces Estrangeres del Departament d\u2019Educaci\u00f3 de la Generalitat (\u00c0rea de Certificacions), amb uns criteris unificats per a tota Catalunya.<\/p>\n<p>A l&#8217;EOI de Salou s\u2019<span style=\"font-family: inherit; font-size: 1em;\">ofereixen dues <\/span><a style=\"font-family: inherit; font-size: 1em;\" href=\"https:\/\/agora-eoi.xtec.cat\/eoisalou\/cursos\/cursos-oficials\/\">modalitats de cursos<\/a><span style=\"font-family: inherit; font-size: 1em;\"> anuals en dues franges hor\u00e0ries de tarda.<\/span><\/p>\n<p style=\"text-align: justify;\">El pla d\u2019estudis de les EOI desenvolupa la finalitat dels ensenyaments d\u2019idiomes que s\u2019hi imparteixen, que \u00e9s la capacitat de l\u2019alumnat en l\u2019\u00fas efectiu de l\u2019idioma com a vehicle de comunicaci\u00f3 general.<\/p>\n<p style=\"text-align: justify;\">Per assolir aquesta finalitat, a les EOI es treballa per tal que l\u2019alumnat:<\/p>\n<ul>\n<li style=\"text-align: justify;\">Adquireixi les habilitats b\u00e0siques receptives i productives, tant del llenguatge oral com de l\u2019escrit;<\/li>\n<li style=\"text-align: justify;\">Desenvolupi estrat\u00e8gies comunicatives en diferents \u00e0rees de comunicaci\u00f3;<\/li>\n<li style=\"text-align: justify;\">Desenvolupi estrat\u00e8gies per a l\u2019aprenentatge aut\u00f2nom i continu de lleng\u00fces, que puguin facilitar l\u2019\u00fas de l\u2019idioma en l\u2019exercici d\u2019activitats professionals i en altres \u00e0mbits de la cultura o d\u2019inter\u00e8s personal;<\/li>\n<li style=\"text-align: justify;\">Desenvolupi actituds positives envers la diversitat ling\u00fc\u00edstica i el pluralisme cultural del m\u00f3n actual.<\/li>\n<\/ul>\n<p>Les escoles oficials d\u2019idiomes faciliten un aprenentatge de lleng\u00fces efica\u00e7, amb:<\/p>\n<ul>\n<li>Cursos en la l\u00ednia de les directrius del Consell d\u2019Europa<\/li>\n<li>Classes i activitats did\u00e0ctiques que inclouen la llengua en \u00fas, oral i escrita<\/li>\n<li>Professors especialistes i titulats<\/li>\n<\/ul>\n<p>M\u00e9s informaci\u00f3 a:<\/p>\n<p>1.\u00a0<a href=\"http:\/\/www.gencat.cat\/ensenyament\/eac\/pdf\/IDI_CA.pdf\" target=\"_blank\" rel=\"noopener\">Guia Informativa<\/a><br \/>\n2. <a href=\"http:\/\/xtec.gencat.cat\/ca\/curriculum\/idiomes-a-les-eoi\/curriculum\/\" target=\"_blank\" rel=\"noopener\">Curr\u00edculum de les EOI<\/a><br \/>\n3. <a href=\"http:\/\/ensenyament.gencat.cat\/ca\/serveis-tramits\/proves\/proves-lliures-obtencio-titols\/convocat-ordinaria-idiomes\/\" target=\"_blank\" rel=\"noopener\">Informaci\u00f3 sobre certificats: dates, mostres d\u2019examen\u2026<\/a><\/p>\n","protected":false},"excerpt":{"rendered":"<p>La Llei Org\u00e0nica 2\/2006, de 3 de maig, d\u2019Educaci\u00f3 en el seu article 59.1 (LOE)\u00a0estableix que els ensenyaments del nivell B\u00e0sic tindran les caracter\u00edstiques i l\u2019organitzaci\u00f3 que les administracions educatives determinin. El Reial Decret 1041\/2017, de 22 de desembre, estableix el curr\u00edculum b\u00e0sic dels nivells Intermedi B1, Intermedi B2, Avan\u00e7at C1 i Avan\u00e7at C2 dels [&hellip;]<\/p>\n","protected":false},"author":1,"featured_media":0,"parent":806,"menu_order":50,"comment_status":"closed","ping_status":"closed","template":"page-templates\/side-menu.php","meta":{"_bbp_topic_count":0,"_bbp_reply_count":0,"_bbp_total_topic_count":0,"_bbp_total_reply_count":0,"_bbp_voice_count":0,"_bbp_anonymous_reply_count":0,"_bbp_topic_count_hidden":0,"_bbp_reply_count_hidden":0,"_bbp_forum_subforum_count":0,"site-sidebar-layout":"default","site-content-layout":"","ast-site-content-layout":"","site-content-style":"default","site-sidebar-style":"default","ast-global-header-display":"","ast-banner-title-visibility":"","ast-main-header-display":"","ast-hfb-above-header-display":"","ast-hfb-below-header-display":"","ast-hfb-mobile-header-display":"","site-post-title":"","ast-breadcrumbs-content":"","ast-featured-img":"","footer-sml-layout":"","theme-transparent-header-meta":"","adv-header-id-meta":"","stick-header-meta":"","header-above-stick-meta":"","header-main-stick-meta":"","header-below-stick-meta":"","astra-migrate-meta-layouts":"default","ast-page-background-enabled":"default","ast-page-background-meta":{"desktop":{"background-color":"var(--ast-global-color-4)","background-image":"","background-repeat":"repeat","background-position":"center center","background-size":"auto","background-attachment":"scroll","background-type":"","background-media":"","overlay-type":"","overlay-color":"","overlay-opacity":"","overlay-gradient":""},"tablet":{"background-color":"","background-image":"","background-repeat":"repeat","background-position":"center center","background-size":"auto","background-attachment":"scroll","background-type":"","background-media":"","overlay-type":"","overlay-color":"","overlay-opacity":"","overlay-gradient":""},"mobile":{"background-color":"","background-image":"","background-repeat":"repeat","background-position":"center center","background-size":"auto","background-attachment":"scroll","background-type":"","background-media":"","overlay-type":"","overlay-color":"","overlay-opacity":"","overlay-gradient":""}},"ast-content-background-meta":{"desktop":{"background-color":"var(--ast-global-color-5)","background-image":"","background-repeat":"repeat","background-position":"center center","background-size":"auto","background-attachment":"scroll","background-type":"","background-media":"","overlay-type":"","overlay-color":"","overlay-opacity":"","overlay-gradient":""},"tablet":{"background-color":"var(--ast-global-color-5)","background-image":"","background-repeat":"repeat","background-position":"center center","background-size":"auto","background-attachment":"scroll","background-type":"","background-media":"","overlay-type":"","overlay-color":"","overlay-opacity":"","overlay-gradient":""},"mobile":{"background-color":"var(--ast-global-color-5)","background-image":"","background-repeat":"repeat","background-position":"center center","background-size":"auto","background-attachment":"scroll","background-type":"","background-media":"","overlay-type":"","overlay-color":"","overlay-opacity":"","overlay-gradient":""}},"footnotes":""},"class_list":["post-8610","page","type-page","status-publish","hentry"],"post_mailing_queue_ids":[],"_links":{"self":[{"href":"https:\/\/agora-eoi.xtec.cat\/eoisalou\/wp-json\/wp\/v2\/pages\/8610","targetHints":{"allow":["GET"]}}],"collection":[{"href":"https:\/\/agora-eoi.xtec.cat\/eoisalou\/wp-json\/wp\/v2\/pages"}],"about":[{"href":"https:\/\/agora-eoi.xtec.cat\/eoisalou\/wp-json\/wp\/v2\/types\/page"}],"author":[{"embeddable":true,"href":"https:\/\/agora-eoi.xtec.cat\/eoisalou\/wp-json\/wp\/v2\/users\/1"}],"replies":[{"embeddable":true,"href":"https:\/\/agora-eoi.xtec.cat\/eoisalou\/wp-json\/wp\/v2\/comments?post=8610"}],"version-history":[{"count":4,"href":"https:\/\/agora-eoi.xtec.cat\/eoisalou\/wp-json\/wp\/v2\/pages\/8610\/revisions"}],"predecessor-version":[{"id":9443,"href":"https:\/\/agora-eoi.xtec.cat\/eoisalou\/wp-json\/wp\/v2\/pages\/8610\/revisions\/9443"}],"up":[{"embeddable":true,"href":"https:\/\/agora-eoi.xtec.cat\/eoisalou\/wp-json\/wp\/v2\/pages\/806"}],"wp:attachment":[{"href":"https:\/\/agora-eoi.xtec.cat\/eoisalou\/wp-json\/wp\/v2\/media?parent=8610"}],"curies":[{"name":"wp","href":"https:\/\/api.w.org\/{rel}","templated":true}]}}