{"id":8444,"date":"2016-06-14T16:06:08","date_gmt":"2016-06-14T15:06:08","guid":{"rendered":"http:\/\/agora-eoi.xtec.cat\/eoisalou\/?page_id=8444"},"modified":"2024-02-28T10:32:50","modified_gmt":"2024-02-28T09:32:50","slug":"certificats-i-proves","status":"publish","type":"page","link":"https:\/\/agora-eoi.xtec.cat\/eoisalou\/el-servei-educatiu\/pla-destudis\/certificats-i-proves\/","title":{"rendered":"Certificats i proves"},"content":{"rendered":"<p><a href=\"http:\/\/agora-eoi.xtec.cat\/eoisalou\/wp-content\/uploads\/usu2266\/2016\/06\/Diploma-1-96.png\" rel=\"attachment wp-att-8687\"><img loading=\"lazy\" decoding=\"async\" class=\"size-full wp-image-8687 alignleft\" src=\"http:\/\/agora-eoi.xtec.cat\/eoisalou\/wp-content\/uploads\/usu2266\/2016\/06\/Diploma-1-96.png\" alt=\"Diploma 1-96\" width=\"96\" height=\"96\" \/><\/a><\/p>\n<p style=\"text-align: justify;\">Les escoles oficials d\u2019idiomes gestionen i administren les proves per a l\u2019obtenci\u00f3 de quatre certificats oficials:<\/p>\n<ul style=\"text-align: justify;\">\n<li>El\u00a0<b>Certificat de Nivell B\u00e0sic<\/b>, en assolir els objectius dels nivells A1 i A2.<\/li>\n<li>El\u00a0<b>Certificat de Nivell Intermedi B1<\/b>, en assolir els objectius del nivell B1.<\/li>\n<li>El\u00a0<b>Certificat de Nivell<\/b>\u00a0<b>Intermedi B2<\/b>, en assolir els objectius dels nivells B2.1 i B2.2.<\/li>\n<li>El\u00a0<b>Certificat de Nivell Avan\u00e7at C1<\/b>, en assolir els objectius del nivell C1.<\/li>\n<\/ul>\n<p style=\"text-align: justify;\">A Catalunya, el Departament d\u2019Educaci\u00f3 elabora les proves de Certificat de Nivell Intermedi B1, Certificat de Nivell Intermedi B2 i Certificat de Nivell Avan\u00e7at C1 i s\u2019administren a totes les escoles oficials d\u2019idiomes de Catalunya en una \u00fanica convocat\u00f2ria tant a alumnes oficials, presencials i a dist\u00e0ncia, com a alumnes lliures. La unificaci\u00f3 en l\u2019elaboraci\u00f3 de les proves i en els criteris d\u2019administraci\u00f3 i correcci\u00f3 asseguren la qualitat, la validesa i la fiabilitat de les proves. Les proves s\u00f3n administrades i corregides per equips de professors especialistes que observen estrictament les pautes establertes.<\/p>\n<h4 style=\"text-align: justify;\"><a name=\"TOC-Descripci-Mostra-de-les-proves-\"><\/a>Descripci\u00f3<\/h4>\n<p style=\"text-align: justify;\">L\u2019objectiu de les proves per a l\u2019obtenci\u00f3 dels certificats de l\u2019EOI \u00e9s acreditar la capacitat d\u2019\u00fas de l\u2019idioma com a vehicle de comunicaci\u00f3 general a nivell b\u00e0sic, intermedi i avan\u00e7at. Per assolir aquesta finalitat, a les EOI es treballa per tal que l\u2019alumnat:<\/p>\n<ul style=\"text-align: justify;\">\n<li>Adquireixi les habilitats b\u00e0siques receptives i productives, tant del llenguatge oral com de l\u2019escrit.<\/li>\n<li>Desenvolupi estrat\u00e8gies comunicatives en diferents \u00e0rees de comunicaci\u00f3.<\/li>\n<li>Desenvolupi estrat\u00e8gies per a l\u2019aprenentatge aut\u00f2nom i continu de lleng\u00fces, que puguin facilitar l\u2019\u00fas de l\u2019idioma en l\u2019exercici d\u2019activitats professionals i en altres \u00e0mbits de la cultura o d\u2019inter\u00e8s personal.<\/li>\n<li>Desenvolupi actituds positives envers la diversitat ling\u00fc\u00edstica i el pluralisme cultural del m\u00f3n actual.<\/li>\n<\/ul>\n<p style=\"text-align: justify;\">Les proves de certificaci\u00f3 consten de cinc parts, que garanteixen una avaluaci\u00f3 completa dels diferents aspectes de la compet\u00e8ncia comunicativa de cada candidat o candidata:<\/p>\n<ul style=\"text-align: justify;\">\n<li>Comprensi\u00f3 Oral<\/li>\n<li>Comprensi\u00f3 Escrita<\/li>\n<li>\u00das de la Llengua (nom\u00e9s per al Nivell b\u00e0sic)<\/li>\n<li>Expressi\u00f3 i Interacci\u00f3 Escrita<\/li>\n<li>Expressi\u00f3 i Interacci\u00f3 Oral<\/li>\n<li>Mediaci\u00f3 Oral i Escrita (excepte per al Nivell b\u00e0sic)<\/li>\n<\/ul>\n<p style=\"text-align: justify;\">Les proves tenen com a referent principal el curr\u00edculum de les EOI, i s\u2019elaboren a partir de documents escrits i orals aut\u00e8ntics, extrets de revistes, premsa, televisi\u00f3, cinema, etc. Podeu consultar\u00a0<a href=\"http:\/\/ensenyament.gencat.cat\/ca\/serveis-tramits\/proves\/proves-lliures-obtencio-titols\/convocat-ordinaria-idiomes\/mostres-proves\/\" target=\"_blank\" rel=\"nofollow noopener noreferrer\">mostres de proves<\/a>\u00a0en aquesta p\u00e0gina web.<\/p>\n<p style=\"text-align: justify;\">En les proves de comprensi\u00f3 oral, \u00fas de la llengua i comprensi\u00f3 escrita es puntuen les respostes correctes i no es penalitzen les errades. En la prova d\u2019expressi\u00f3 i interacci\u00f3 escrita es puntuen tant la impressi\u00f3 global dels textos com la seva riquesa i correcci\u00f3 ling\u00fc\u00edstica. En la prova d\u2019expressi\u00f3 i interacci\u00f3 oral es puntua la capacitat d\u2019interacci\u00f3 de la persona candidata, la pron\u00fancia, la compet\u00e8ncia gramatical i l\u2019\u00fas de vocabulari. En la prova de mediaci\u00f3 es puntua la capacitat de seleccionar informaci\u00f3 rellevant d\u2019un input rebut i d\u2019adaptaci\u00f3 d\u2019aquesta informaci\u00f3 a la situaci\u00f3 comunicativa plantejada.<\/p>\n<p style=\"text-align: justify;\">Per tenir dret a l\u2019obtenci\u00f3 de la qualificaci\u00f3 global final, cal haver dut a terme totes les parts. Excepte en el cas del Certificat de Nivell B\u00e0sic, s\u2019ha de superar cadascuna de les 5 parts de l\u2019examen amb un m\u00ednim del 50% de la nota. La nota global ha de ser superior al 65% de la nota total.<\/p>\n<p style=\"text-align: justify;\">Els resultats de les proves de certificat es publiquen a finals de juny. Les eventuals reclamacions es dirigiran per escrit a la direcci\u00f3 del centre i s\u2019han de presentar dins el termini establert a partir de la publicaci\u00f3 de les qualificacions.<\/p>\n<p style=\"text-align: justify;\">El\u00a0<b>Certificat de Nivell B\u00e0sic<\/b>\u00a0i\u00a0<b>Certificat de Nivell Intermedi B1\u00a0<\/b>ser\u00e0 expedit per l\u2019Escola Oficial d\u2019Idiomes on la persona candidata hagi formalitzat la matr\u00edcula i hagi realitzat la prova. El\u00a0<b>Certificat de Nivell Intermedi B2\u00a0<\/b>i<b>\u00a0<\/b><b>Certificat de Nivell Avan\u00e7at C1\u00a0<\/b>ser\u00e0 expedit pel Departament d\u2019Educaci\u00f3, pr\u00e8via sol\u00b7licitud i abonament de les taxes corresponents a l\u2019escola on la persona candidata hagi formalitzat la matr\u00edcula i hagi realitzat la prova.<\/p>\n<h4 style=\"text-align: justify;\"><a name=\"TOC-Nivell\"><\/a>Nivell<\/h4>\n<p style=\"text-align: justify;\">El\u00a0<b>Certificat de Nivell B\u00e0sic<\/b>\u00a0garanteix l\u2019assoliment del nivell de compet\u00e8ncia ling\u00fc\u00edstica comunicativa que es descriu en el curr\u00edculum de les escoles oficials d\u2019idiomes per al nivell b\u00e0sic. Aquest certificat correspon al nivell\u00a0<b>A2\u00a0<\/b>del Marc Europeu Com\u00fa de Refer\u00e8ncia del Consell d\u2019Europa.<\/p>\n<p style=\"text-align: justify;\">El\u00a0<b>Certificat de Nivell Intermedi B1\u00a0<\/b>garanteix l\u2019assoliment del nivell de compet\u00e8ncia ling\u00fc\u00edstica comunicativa que es descriu en el curr\u00edculum de les escoles oficials d\u2019idiomes per al primer curs de nivell intermedi. Aquest certificat correspon al nivell\u00a0<b>B1\u00a0<\/b>del Marc Europeu Com\u00fa de Refer\u00e8ncia del Consell d\u2019Europa.<\/p>\n<p style=\"text-align: justify;\">El\u00a0<b>Certificat de Nivell Intermedi B2<\/b>\u00a0garanteix l\u2019assoliment del nivell de compet\u00e8ncia ling\u00fc\u00edstica comunicativa que es descriu en el curr\u00edculum de les escoles oficials d\u2019idiomes per al segon i tercer\u00a0curs de nivell intermedi. Aquest certificat correspon al nivell\u00a0<b>B2\u00a0<\/b>del Marc Europeu Com\u00fa de Refer\u00e8ncia del Consell d\u2019Europa.<\/p>\n<p style=\"text-align: justify;\">El\u00a0<b>Certificat de Nivell Avan\u00e7at C1\u00a0<\/b>garanteix l\u2019assoliment del nivell de compet\u00e8ncia ling\u00fc\u00edstica comunicativa que es descriu en el curr\u00edculum de les escoles oficials d\u2019idiomes per al primer curs de nivell avan\u00e7at. Aquest certificat correspon al nivell\u00a0<b>C1\u00a0<\/b>del Marc Europeu Com\u00fa de Refer\u00e8ncia del Consell d\u2019Europa.<\/p>\n<p style=\"text-align: justify;\">\n","protected":false},"excerpt":{"rendered":"<p>Les escoles oficials d\u2019idiomes gestionen i administren les proves per a l\u2019obtenci\u00f3 de quatre certificats oficials: El\u00a0Certificat de Nivell B\u00e0sic, en assolir els objectius dels nivells A1 i A2. El\u00a0Certificat de Nivell Intermedi B1, en assolir els objectius del nivell B1. El\u00a0Certificat de Nivell\u00a0Intermedi B2, en assolir els objectius dels nivells B2.1 i B2.2. El\u00a0Certificat [&hellip;]<\/p>\n","protected":false},"author":1,"featured_media":0,"parent":8610,"menu_order":20,"comment_status":"closed","ping_status":"closed","template":"page-templates\/side-menu.php","meta":{"_bbp_topic_count":0,"_bbp_reply_count":0,"_bbp_total_topic_count":0,"_bbp_total_reply_count":0,"_bbp_voice_count":0,"_bbp_anonymous_reply_count":0,"_bbp_topic_count_hidden":0,"_bbp_reply_count_hidden":0,"_bbp_forum_subforum_count":0,"site-sidebar-layout":"default","site-content-layout":"","ast-site-content-layout":"","site-content-style":"default","site-sidebar-style":"default","ast-global-header-display":"","ast-banner-title-visibility":"","ast-main-header-display":"","ast-hfb-above-header-display":"","ast-hfb-below-header-display":"","ast-hfb-mobile-header-display":"","site-post-title":"","ast-breadcrumbs-content":"","ast-featured-img":"","footer-sml-layout":"","theme-transparent-header-meta":"","adv-header-id-meta":"","stick-header-meta":"","header-above-stick-meta":"","header-main-stick-meta":"","header-below-stick-meta":"","astra-migrate-meta-layouts":"default","ast-page-background-enabled":"default","ast-page-background-meta":{"desktop":{"background-color":"var(--ast-global-color-4)","background-image":"","background-repeat":"repeat","background-position":"center center","background-size":"auto","background-attachment":"scroll","background-type":"","background-media":"","overlay-type":"","overlay-color":"","overlay-opacity":"","overlay-gradient":""},"tablet":{"background-color":"","background-image":"","background-repeat":"repeat","background-position":"center center","background-size":"auto","background-attachment":"scroll","background-type":"","background-media":"","overlay-type":"","overlay-color":"","overlay-opacity":"","overlay-gradient":""},"mobile":{"background-color":"","background-image":"","background-repeat":"repeat","background-position":"center center","background-size":"auto","background-attachment":"scroll","background-type":"","background-media":"","overlay-type":"","overlay-color":"","overlay-opacity":"","overlay-gradient":""}},"ast-content-background-meta":{"desktop":{"background-color":"var(--ast-global-color-5)","background-image":"","background-repeat":"repeat","background-position":"center center","background-size":"auto","background-attachment":"scroll","background-type":"","background-media":"","overlay-type":"","overlay-color":"","overlay-opacity":"","overlay-gradient":""},"tablet":{"background-color":"var(--ast-global-color-5)","background-image":"","background-repeat":"repeat","background-position":"center center","background-size":"auto","background-attachment":"scroll","background-type":"","background-media":"","overlay-type":"","overlay-color":"","overlay-opacity":"","overlay-gradient":""},"mobile":{"background-color":"var(--ast-global-color-5)","background-image":"","background-repeat":"repeat","background-position":"center center","background-size":"auto","background-attachment":"scroll","background-type":"","background-media":"","overlay-type":"","overlay-color":"","overlay-opacity":"","overlay-gradient":""}},"footnotes":""},"class_list":["post-8444","page","type-page","status-publish","hentry"],"post_mailing_queue_ids":[],"_links":{"self":[{"href":"https:\/\/agora-eoi.xtec.cat\/eoisalou\/wp-json\/wp\/v2\/pages\/8444","targetHints":{"allow":["GET"]}}],"collection":[{"href":"https:\/\/agora-eoi.xtec.cat\/eoisalou\/wp-json\/wp\/v2\/pages"}],"about":[{"href":"https:\/\/agora-eoi.xtec.cat\/eoisalou\/wp-json\/wp\/v2\/types\/page"}],"author":[{"embeddable":true,"href":"https:\/\/agora-eoi.xtec.cat\/eoisalou\/wp-json\/wp\/v2\/users\/1"}],"replies":[{"embeddable":true,"href":"https:\/\/agora-eoi.xtec.cat\/eoisalou\/wp-json\/wp\/v2\/comments?post=8444"}],"version-history":[{"count":2,"href":"https:\/\/agora-eoi.xtec.cat\/eoisalou\/wp-json\/wp\/v2\/pages\/8444\/revisions"}],"predecessor-version":[{"id":9446,"href":"https:\/\/agora-eoi.xtec.cat\/eoisalou\/wp-json\/wp\/v2\/pages\/8444\/revisions\/9446"}],"up":[{"embeddable":true,"href":"https:\/\/agora-eoi.xtec.cat\/eoisalou\/wp-json\/wp\/v2\/pages\/8610"}],"wp:attachment":[{"href":"https:\/\/agora-eoi.xtec.cat\/eoisalou\/wp-json\/wp\/v2\/media?parent=8444"}],"curies":[{"name":"wp","href":"https:\/\/api.w.org\/{rel}","templated":true}]}}