{"id":8432,"date":"2016-06-14T15:36:36","date_gmt":"2016-06-14T14:36:36","guid":{"rendered":"http:\/\/agora-eoi.xtec.cat\/eoisalou\/?page_id=8432"},"modified":"2024-03-08T19:42:00","modified_gmt":"2024-03-08T18:42:00","slug":"activitats-culturals","status":"publish","type":"page","link":"https:\/\/agora-eoi.xtec.cat\/eoisalou\/serveis\/activitats-culturals\/","title":{"rendered":"Activitats culturals"},"content":{"rendered":"<p style=\"text-align: justify;\">Cada curs l\u2019EOI de Salou organitza diverses activitats per promoure les lleng\u00fces objecte d\u2019aprenentatge en un marc cultural i l\u00fadic.<\/p>\n<p style=\"text-align: justify;\">Activitats com ara la Festa de Nadal, el concurs de fotograf\u00eda, xerrades, tallers, concurs gaston\u00f2mic, etc. cerquen \u201cfer escola\u201d, facilitant la trobada entre alumnat de diferents lleng\u00fces i fomentant l\u2019\u00fas de l\u2019angl\u00e8s i el franc\u00e8s fora de l\u2019aula.<\/p>\n<p style=\"text-align: justify;\">A m\u00e9s a m\u00e9s, cada departament organitza activitats variades comptant amb les propostes del propi alumnat amb un objectiu conjunt: gaudir de les cultures dels pa\u00efsos de parla anglesa i francesa, i aprendre a partir d\u2019activitats amb tem\u00e0tiques engrescadores i molt diverses.<\/p>\n","protected":false},"excerpt":{"rendered":"<p>Cada curs l\u2019EOI de Salou organitza diverses activitats per promoure les lleng\u00fces objecte d\u2019aprenentatge en un marc cultural i l\u00fadic. Activitats com ara la Festa de Nadal, el concurs de fotograf\u00eda, xerrades, tallers, concurs gaston\u00f2mic, etc. cerquen \u201cfer escola\u201d, facilitant la trobada entre alumnat de diferents lleng\u00fces i fomentant l\u2019\u00fas de l\u2019angl\u00e8s i el franc\u00e8s [&hellip;]<\/p>\n","protected":false},"author":1,"featured_media":0,"parent":8411,"menu_order":40,"comment_status":"closed","ping_status":"closed","template":"page-templates\/side-menu.php","meta":{"_bbp_topic_count":0,"_bbp_reply_count":0,"_bbp_total_topic_count":0,"_bbp_total_reply_count":0,"_bbp_voice_count":0,"_bbp_anonymous_reply_count":0,"_bbp_topic_count_hidden":0,"_bbp_reply_count_hidden":0,"_bbp_forum_subforum_count":0,"site-sidebar-layout":"default","site-content-layout":"","ast-site-content-layout":"","site-content-style":"default","site-sidebar-style":"default","ast-global-header-display":"","ast-banner-title-visibility":"","ast-main-header-display":"","ast-hfb-above-header-display":"","ast-hfb-below-header-display":"","ast-hfb-mobile-header-display":"","site-post-title":"","ast-breadcrumbs-content":"","ast-featured-img":"","footer-sml-layout":"","theme-transparent-header-meta":"","adv-header-id-meta":"","stick-header-meta":"","header-above-stick-meta":"","header-main-stick-meta":"","header-below-stick-meta":"","astra-migrate-meta-layouts":"default","ast-page-background-enabled":"default","ast-page-background-meta":{"desktop":{"background-color":"var(--ast-global-color-4)","background-image":"","background-repeat":"repeat","background-position":"center center","background-size":"auto","background-attachment":"scroll","background-type":"","background-media":"","overlay-type":"","overlay-color":"","overlay-opacity":"","overlay-gradient":""},"tablet":{"background-color":"","background-image":"","background-repeat":"repeat","background-position":"center center","background-size":"auto","background-attachment":"scroll","background-type":"","background-media":"","overlay-type":"","overlay-color":"","overlay-opacity":"","overlay-gradient":""},"mobile":{"background-color":"","background-image":"","background-repeat":"repeat","background-position":"center center","background-size":"auto","background-attachment":"scroll","background-type":"","background-media":"","overlay-type":"","overlay-color":"","overlay-opacity":"","overlay-gradient":""}},"ast-content-background-meta":{"desktop":{"background-color":"var(--ast-global-color-5)","background-image":"","background-repeat":"repeat","background-position":"center center","background-size":"auto","background-attachment":"scroll","background-type":"","background-media":"","overlay-type":"","overlay-color":"","overlay-opacity":"","overlay-gradient":""},"tablet":{"background-color":"var(--ast-global-color-5)","background-image":"","background-repeat":"repeat","background-position":"center center","background-size":"auto","background-attachment":"scroll","background-type":"","background-media":"","overlay-type":"","overlay-color":"","overlay-opacity":"","overlay-gradient":""},"mobile":{"background-color":"var(--ast-global-color-5)","background-image":"","background-repeat":"repeat","background-position":"center center","background-size":"auto","background-attachment":"scroll","background-type":"","background-media":"","overlay-type":"","overlay-color":"","overlay-opacity":"","overlay-gradient":""}},"footnotes":""},"class_list":["post-8432","page","type-page","status-publish","hentry"],"post_mailing_queue_ids":[],"_links":{"self":[{"href":"https:\/\/agora-eoi.xtec.cat\/eoisalou\/wp-json\/wp\/v2\/pages\/8432","targetHints":{"allow":["GET"]}}],"collection":[{"href":"https:\/\/agora-eoi.xtec.cat\/eoisalou\/wp-json\/wp\/v2\/pages"}],"about":[{"href":"https:\/\/agora-eoi.xtec.cat\/eoisalou\/wp-json\/wp\/v2\/types\/page"}],"author":[{"embeddable":true,"href":"https:\/\/agora-eoi.xtec.cat\/eoisalou\/wp-json\/wp\/v2\/users\/1"}],"replies":[{"embeddable":true,"href":"https:\/\/agora-eoi.xtec.cat\/eoisalou\/wp-json\/wp\/v2\/comments?post=8432"}],"version-history":[{"count":5,"href":"https:\/\/agora-eoi.xtec.cat\/eoisalou\/wp-json\/wp\/v2\/pages\/8432\/revisions"}],"predecessor-version":[{"id":9573,"href":"https:\/\/agora-eoi.xtec.cat\/eoisalou\/wp-json\/wp\/v2\/pages\/8432\/revisions\/9573"}],"up":[{"embeddable":true,"href":"https:\/\/agora-eoi.xtec.cat\/eoisalou\/wp-json\/wp\/v2\/pages\/8411"}],"wp:attachment":[{"href":"https:\/\/agora-eoi.xtec.cat\/eoisalou\/wp-json\/wp\/v2\/media?parent=8432"}],"curies":[{"name":"wp","href":"https:\/\/api.w.org\/{rel}","templated":true}]}}