{"id":8377,"date":"2016-06-13T13:50:10","date_gmt":"2016-06-13T12:50:10","guid":{"rendered":"http:\/\/agora-eoi.xtec.cat\/eoisalou\/?page_id=8377"},"modified":"2026-02-04T13:21:19","modified_gmt":"2026-02-04T12:21:19","slug":"expedicio-de-titols","status":"publish","type":"page","link":"https:\/\/agora-eoi.xtec.cat\/eoisalou\/secretaria\/expedicio-de-titols\/","title":{"rendered":"Expedici\u00f3 de t\u00edtols"},"content":{"rendered":"<p style=\"text-align: justify;\"><strong>Nivells b\u00e0sic A2 i intermedi B1<\/strong><\/p>\n<ul style=\"text-align: justify;\">\n<li>L\u2019alumnat oficial que hagi superat el curs A2 obt\u00e9 el Certificat de nivell B\u00e0sic A2.<\/li>\n<li>L\u2019alumnat oficial de B1 o els candidats o candidates lliures que hagin superat les proves corresponents obtenen el Certificat de nivell Intermedi B1.<\/li>\n<\/ul>\n<p style=\"text-align: justify;\"><strong>Procediment:<\/strong><\/p>\n<ul style=\"text-align: justify;\">\n<li>L\u2019escola expedeix els certificats de manera autom\u00e0tica sense que calgui sol\u00b7licitud pr\u00e8via ni pagament de taxes.<\/li>\n<\/ul>\n<h6><\/h6>\n<h6 style=\"text-align: justify;\"><strong>Nivells intermedi B2 i avan\u00e7at C1<\/strong><\/h6>\n<ul style=\"text-align: justify;\">\n<li>L\u2019alumnat oficial de B2 o els candidats o candidates lliures que hagin superat les proves corresponents obtenen el Certificat de nivell Intermedi B2.<\/li>\n<li>L\u2019alumnat oficial de C1 o els candidats o candidates lliures que hagin superat les proves corresponents obtenen el Certificat de nivell Avan\u00e7at C1 .<\/li>\n<\/ul>\n<p style=\"text-align: justify;\"><strong>NOU Procediment !!:<\/strong><\/p>\n<p style=\"text-align: justify;\"><span style=\"font-weight: 400;\">Els Certificats dels nivells intermedi B2 i avan\u00e7at C1 els expedeix el Departament d\u2019Educaci\u00f3 pr\u00e8via sol\u00b7licitud i abonament de les <span style=\"text-decoration: underline;\"><strong><a href=\"https:\/\/educacio.gencat.cat\/ca\/departament\/normativa\/taxes-preus-publics\/taxes\/\">taxes<\/a><\/strong><\/span> corresponents. Consulteu les\u00a0<strong><a title=\"\" href=\"https:\/\/educacio.gencat.cat\/ca\/departament\/normativa\/taxes-preus-publics\/exempcions-bonificacions\/\" target=\"_blank\" rel=\"noopener\" data-original-title=\"bonificacions i exempcions generals\">bonificacions i exempcions generals<\/a><\/strong><strong>\u00a0<\/strong>que s\u2019apliquen a aquestes taxes. A banda d\u2019aquestes, consulteu les\u00a0bonificacions o exempcions addicionals\u00a0que estableix la normativa per a cada un dels apartats de les\u00a0<a title=\"\" href=\"https:\/\/educacio.gencat.cat\/ca\/departament\/normativa\/taxes-preus-publics\/taxes\/\" rel=\"noreferrer\" data-original-title=\"taxes\">taxes. <\/a><\/span><\/p>\n<p style=\"text-align: justify;\">Amb aquest <a href=\"https:\/\/tramits.gencat.cat\/ca\/tramits\/tramits-temes\/titols-academics-no-universitaris?category=742b7874-a82c-11e3-a972-000c29052e2c\">tr\u00e0mit<\/a> pots demanar una primera expedici\u00f3 del teu t\u00edtol, un duplicat o una actualitzaci\u00f3 d&#8217;un t\u00edtol.<\/p>\n<ul style=\"text-align: justify;\">\n<li>Una\u00a0<strong>primera expedici\u00f3<\/strong>\u00a0\u00e9s la sol\u00b7licitud d&#8217;un t\u00edtol per primera vegada.<\/li>\n<li>Un\u00a0<strong>duplicat de t\u00edtol<\/strong>\u00a0\u00e9s un t\u00edtol exactament igual al t\u00edtol que se&#8217;t va lliurar inicialment.<\/li>\n<li>Una\u00a0<strong>actualitzaci\u00f3 de t\u00edtol<\/strong>\u00a0\u00e9s una c\u00f2pia del t\u00edtol expedit inicialment per\u00f2 amb modificaci\u00f3 d&#8217;una o m\u00e9s dades personals.<\/li>\n<\/ul>\n<p style=\"text-align: justify;\"><strong>Per poder reflectir una modificaci\u00f3 de les teves dades personals en un t\u00edtol acad\u00e8mic, cal que aquestes noves dades constin al teu document d&#8217;identitat.<\/strong><\/p>\n<p style=\"text-align: justify;\"><img decoding=\"async\" style=\"font-weight: inherit;\" src=\"https:\/\/tramits.gencat.cat\/web\/resources\/fwkResponsive\/fpca_tramit\/img\/imatge-alerta.svg\" \/>\u00a0 \u00a0<strong>Recorda<\/strong>: Has d&#8217;avisar el centre <span style=\"font-weight: 400;\">per <strong><a href=\"e3011200@xtec.cat\">correu electr\u00f2nic<\/a><\/strong><\/span> un cop envi\u00efs la sol\u00b7licitud del t\u00edtol.<\/p>\n<h2 style=\"text-align: justify;\">PASSOS A FER<\/h2>\n<h2 style=\"text-align: justify;\">1\u00a0 <span style=\"font-size: 16px;\">Primer pas<\/span><\/h2>\n<div id=\"step-1-content\" class=\"step-content step-content-mobile\" style=\"text-align: justify;\" tabindex=\"-1\">\n<div class=\"step-content-right \">\n<div class=\"step-content-items\">\n<h3 class=\"step-title\">\u00a0 \u00a0 Sol\u00b7licita la tramitaci\u00f3<\/h3>\n<\/div>\n<p>La sol\u00b7licitud l&#8217;has de fer en l\u00ednia. Necessites:<\/p>\n<ul>\n<li>Ordinador, tauleta o tel\u00e8fon m\u00f2bil amb connexi\u00f3 a Internet.<\/li>\n<li>Eina d&#8217;identificaci\u00f3 digital (<a title=\"Ves-hi\" href=\"https:\/\/web.gencat.cat\/ca\/tramits\/suport-tramitacio\/durant-la-tramitacio\/signatura-identificacio-digital\/idcat-mobil\/\" target=\"_blank\" rel=\"noopener\">idCAT M\u00f2bil<\/a>, certificat digital o\u00a0<a title=\"Ves-hi\" href=\"https:\/\/clave.gob.es\/\" target=\"_blank\" rel=\"noopener\">Cl@ve<\/a>).<\/li>\n<\/ul>\n<p><strong>Acc\u00e9s a l&#8217;aplicaci\u00f3: <a href=\"https:\/\/accesvalidat.gestioeducativa.gencat.cat\/wayf\/wayf-IDP-IDP-v2025.html?entityID=https%3A%2F%2Faccesvalidat.gestioeducativa.gencat.cat%2Fords&amp;return=https%3A%2F%2Faccesvalidat.gestioeducativa.gencat.cat%2FShibboleth.sso%2FLogin%3FSAMLDS%3D1%26target%3Dss%253Amem%253Ad33687fa9c3ca8cf49681de902b64dae2b3ea10a21e49873c2ac48ca654232ed\">INICIA<\/a><\/strong><\/p>\n<h2>2\u00a0 <span style=\"font-size: 16px;\">Segon pas<\/span><\/h2>\n<\/div>\n<\/div>\n<div id=\"step-2-content\" class=\"step-content step-content-mobile\" style=\"text-align: justify;\" tabindex=\"-1\">\n<div class=\"step-content-left \">\n<div class=\"step-content-items\">\n<h3 class=\"step-title\">\u00a0 \u00a0 Paga la taxa<\/h3>\n<p class=\"description\">Pots pagar la taxa per una d&#8217;aquestes dues vies:<\/p>\n<\/div>\n<\/div>\n<ol>\n<li>Presencialment: als caixers de Caixabank.<\/li>\n<li>Per\u00a0<a title=\"Ves-hi\" href=\"https:\/\/www.caixabank.es\/particular\/pagos\/impuestosrecibosmatriculas_ca.html\" target=\"_blank\" rel=\"noopener\">internet<\/a>.<\/li>\n<\/ol>\n<div id=\"step-1-content\" class=\"step-content step-content-mobile\" style=\"text-align: justify;\" tabindex=\"-1\">\n<div class=\"step-content-right \">\n<h2>3\u00a0 <span style=\"font-size: 16px;\">Tercer pas<\/span><\/h2>\n<\/div>\n<\/div>\n<div id=\"step-2-content\" class=\"step-content step-content-mobile\" style=\"text-align: justify;\" tabindex=\"-1\">\n<div class=\"step-content-left \">\n<div class=\"step-content-items\">\n<h3 class=\"step-title\">\u00a0 \u00a0 Rep el t\u00edtol<\/h3>\n<\/div>\n<\/div>\n<\/div>\n<p><span style=\"font-size: 16px;\">Pots consultar l&#8217;estat del tr\u00e0mit a la teva \u00c0rea privada (amb l&#8217;idCAT M\u00f2bil o el certificat digital).<\/span><\/p>\n<\/div>\n<div id=\"step-3-content\" class=\"step-content step-content-mobile\" style=\"text-align: justify;\" tabindex=\"-1\">\n<div class=\"step-content-right no-border\">\n<div class=\"step-content-items\">\n<ul>\n<li>Pots consultar l&#8217;estat del tr\u00e0mit a la teva\u00a0<a title=\"Ves a l'\u00e0rea privada\" href=\"https:\/\/ovt.gencat.cat\/carpetaciutadana360\/mfe-main-app\/?set-locale=ca_ES#\/acces\" target=\"_blank\" rel=\"noopener\">\u00c0rea privada<\/a>\u00a0(amb l&#8217;idCAT M\u00f2bil o el certificat digital).<\/li>\n<li>Quan l&#8217;estat sigui &#8220;T\u00edtol lliurat al centre&#8221;, ja pots anar al teu centre a recollir-lo.<\/li>\n<\/ul>\n<\/div>\n<\/div>\n<\/div>\n<p style=\"text-align: justify;\"><span style=\"font-weight: 400;\">*Els t\u00edtols s\u2019han de recollir personalment a la secretaria del centre presentant el DNI, NIE o passaport i el resguard del t\u00edtol. En cas que no pugueu venir, podeu autoritzar a una altra persona.<\/span><\/p>\n<p style=\"text-align: justify;\">*Per m\u00e9s informaci\u00f3 sobre el tr\u00e0mit clica <strong><a href=\"https:\/\/tramits.gencat.cat\/ca\/tramits\/tramits-temes\/titols-academics-no-universitaris?category=742b7874-a82c-11e3-a972-000c29052e2c\">aqu\u00ed<\/a><\/strong>.<\/p>\n","protected":false},"excerpt":{"rendered":"<p>Nivells b\u00e0sic A2 i intermedi B1 L\u2019alumnat oficial que hagi superat el curs A2 obt\u00e9 el Certificat de nivell B\u00e0sic A2. L\u2019alumnat oficial de B1 o els candidats o candidates lliures que hagin superat les proves corresponents obtenen el Certificat de nivell Intermedi B1. Procediment: L\u2019escola expedeix els certificats de manera autom\u00e0tica sense que calgui [&hellip;]<\/p>\n","protected":false},"author":1,"featured_media":0,"parent":8358,"menu_order":50,"comment_status":"closed","ping_status":"closed","template":"","meta":{"_bbp_topic_count":0,"_bbp_reply_count":0,"_bbp_total_topic_count":0,"_bbp_total_reply_count":0,"_bbp_voice_count":0,"_bbp_anonymous_reply_count":0,"_bbp_topic_count_hidden":0,"_bbp_reply_count_hidden":0,"_bbp_forum_subforum_count":0,"site-sidebar-layout":"default","site-content-layout":"","ast-site-content-layout":"default","site-content-style":"default","site-sidebar-style":"default","ast-global-header-display":"","ast-banner-title-visibility":"","ast-main-header-display":"","ast-hfb-above-header-display":"","ast-hfb-below-header-display":"","ast-hfb-mobile-header-display":"","site-post-title":"","ast-breadcrumbs-content":"","ast-featured-img":"","footer-sml-layout":"","theme-transparent-header-meta":"default","adv-header-id-meta":"","stick-header-meta":"","header-above-stick-meta":"","header-main-stick-meta":"","header-below-stick-meta":"","astra-migrate-meta-layouts":"set","ast-page-background-enabled":"default","ast-page-background-meta":{"desktop":{"background-color":"var(--ast-global-color-4)","background-image":"","background-repeat":"repeat","background-position":"center center","background-size":"auto","background-attachment":"scroll","background-type":"","background-media":"","overlay-type":"","overlay-color":"","overlay-opacity":"","overlay-gradient":""},"tablet":{"background-color":"","background-image":"","background-repeat":"repeat","background-position":"center center","background-size":"auto","background-attachment":"scroll","background-type":"","background-media":"","overlay-type":"","overlay-color":"","overlay-opacity":"","overlay-gradient":""},"mobile":{"background-color":"","background-image":"","background-repeat":"repeat","background-position":"center center","background-size":"auto","background-attachment":"scroll","background-type":"","background-media":"","overlay-type":"","overlay-color":"","overlay-opacity":"","overlay-gradient":""}},"ast-content-background-meta":{"desktop":{"background-color":"var(--ast-global-color-5)","background-image":"","background-repeat":"repeat","background-position":"center center","background-size":"auto","background-attachment":"scroll","background-type":"","background-media":"","overlay-type":"","overlay-color":"","overlay-opacity":"","overlay-gradient":""},"tablet":{"background-color":"var(--ast-global-color-5)","background-image":"","background-repeat":"repeat","background-position":"center center","background-size":"auto","background-attachment":"scroll","background-type":"","background-media":"","overlay-type":"","overlay-color":"","overlay-opacity":"","overlay-gradient":""},"mobile":{"background-color":"var(--ast-global-color-5)","background-image":"","background-repeat":"repeat","background-position":"center center","background-size":"auto","background-attachment":"scroll","background-type":"","background-media":"","overlay-type":"","overlay-color":"","overlay-opacity":"","overlay-gradient":""}},"footnotes":""},"class_list":["post-8377","page","type-page","status-publish","hentry"],"post_mailing_queue_ids":[],"_links":{"self":[{"href":"https:\/\/agora-eoi.xtec.cat\/eoisalou\/wp-json\/wp\/v2\/pages\/8377","targetHints":{"allow":["GET"]}}],"collection":[{"href":"https:\/\/agora-eoi.xtec.cat\/eoisalou\/wp-json\/wp\/v2\/pages"}],"about":[{"href":"https:\/\/agora-eoi.xtec.cat\/eoisalou\/wp-json\/wp\/v2\/types\/page"}],"author":[{"embeddable":true,"href":"https:\/\/agora-eoi.xtec.cat\/eoisalou\/wp-json\/wp\/v2\/users\/1"}],"replies":[{"embeddable":true,"href":"https:\/\/agora-eoi.xtec.cat\/eoisalou\/wp-json\/wp\/v2\/comments?post=8377"}],"version-history":[{"count":6,"href":"https:\/\/agora-eoi.xtec.cat\/eoisalou\/wp-json\/wp\/v2\/pages\/8377\/revisions"}],"predecessor-version":[{"id":10372,"href":"https:\/\/agora-eoi.xtec.cat\/eoisalou\/wp-json\/wp\/v2\/pages\/8377\/revisions\/10372"}],"up":[{"embeddable":true,"href":"https:\/\/agora-eoi.xtec.cat\/eoisalou\/wp-json\/wp\/v2\/pages\/8358"}],"wp:attachment":[{"href":"https:\/\/agora-eoi.xtec.cat\/eoisalou\/wp-json\/wp\/v2\/media?parent=8377"}],"curies":[{"name":"wp","href":"https:\/\/api.w.org\/{rel}","templated":true}]}}