{"id":8372,"date":"2024-02-23T13:41:51","date_gmt":"2024-02-23T12:41:51","guid":{"rendered":"http:\/\/agora-eoi.xtec.cat\/eoisalou\/?page_id=8372"},"modified":"2025-06-13T11:55:33","modified_gmt":"2025-06-13T09:55:33","slug":"normes-i-funcionament","status":"publish","type":"page","link":"https:\/\/agora-eoi.xtec.cat\/eoisalou\/el-servei-educatiu\/normes-i-funcionament\/","title":{"rendered":"Normes i funcionament"},"content":{"rendered":"<ul>\n<li>\n<h5><strong>ASSIST\u00c8NCIA A CLASSE<\/strong><\/h5>\n<\/li>\n<\/ul>\n<p style=\"text-align: justify;\">L\u2019assist\u00e8ncia a classe de l\u2019alumnat \u00e9s obligat\u00f2ria i els professors en portaran un control estricte, especialment dels alumnes menors d\u2019edat. Totes les abs\u00e8ncies que no siguin degudament justificades seran comptades com a faltes d\u2019assist\u00e8ncia, i en el cas dels menors notificades als pares o tutors.\u00a0Els alumnes menors d\u2019edat rebran informaci\u00f3 concreta de com es portar\u00e0 el control d\u2019assist\u00e8ncia en el seu cas.<br \/>\nFaltar m\u00e9s del 35% del temps lectiu, encara que es justifiquin les abs\u00e8ncies, implicar\u00e0 perdre el dret a l\u2019avaluaci\u00f3 cont\u00ednua. Es mantindr\u00e0 el dret a l\u2019avaluaci\u00f3 final.\u00a0Ser\u00e0 responsabilitat de l\u2019alumne assabentar-se de les dates d\u2019examen i de tot all\u00f2 que fa refer\u00e8ncia al sistema d\u2019avaluaci\u00f3.<br \/>\nEls alumnes que estiguin cursant l\u2019ensenyament obligatori no podran estar matriculats en un horari que coincideixi, encara que sigui parcialment, amb el seu horari del centre on estan cursant l\u2019ESO.<\/p>\n<p style=\"text-align: justify;\">Nom\u00e9s est\u00e0 permesa l&#8217;assist\u00e8ncia a les classes a les persones que estiguin matriculades durant l&#8217;any en curs. Queda prohibit l&#8217;acc\u00e9s al centre amb qualsevol element de mobilitat personal, encara que sigui plegable i en cap cas el centre es far\u00e0 responsable dels objectes personals de l&#8217;alumnat\u00a0 que no estiguin degudament desats o dipositats als espais adients.<\/p>\n<ul>\n<li>\n<h5 style=\"text-align: justify;\"><strong>CANVIS DE GRUP<\/strong><\/h5>\n<\/li>\n<\/ul>\n<p style=\"text-align: justify;\">Procediment per sol\u00b7licitar el canvi d&#8217;horari:<\/p>\n<p style=\"text-align: justify;\">1\u00a0. Permutes de mutu acord:<br \/>\n<strong>Durant el primer mes de classes<\/strong>\u00a0s&#8217;admetran permutes d&#8217;horari entre alumnes. Per fer efectiva la permuta els dos alumnes hauran de dirigir-se a la secretaria del centre amb els seus respectius resguards de matr\u00edcula i fer oficial el canvi omplint una inst\u00e0ncia.<br \/>\n2. Procediment general:<br \/>\nCas que un alumne no trobi ning\u00fa per permutar-se l&#8217;horari, podr\u00e0 presentar una inst\u00e0ncia a la secretaria del centre tenint en compte que nom\u00e9s s&#8217;admetran canvis en l&#8217;horari assignat si \u00e9s per causes justificades, d&#8217;acord amb les seg\u00fcents condicions:<\/p>\n<p style=\"text-align: justify;\">&#8211; Nom\u00e9s es podran concedir canvis en els horaris sol\u00b7licitats en qu\u00e8 hi hagi places vacants.<\/p>\n<p style=\"text-align: justify;\">&#8211; Podran demanar canvi els alumnes que un cop feta la matr\u00edcula a l&#8217;EOI, s&#8217;hagin matriculat en un altre centre docent oficial (universitat, institut, escola, etc.) i tinguin un horari incompatible, o b\u00e9 alumnes als quals se&#8217;ls hagi canviat l&#8217;horari laboral, tamb\u00e9 amb posterioritat a la matriculaci\u00f3 en aquesta EOI.<\/p>\n<p style=\"text-align: justify;\">Documentaci\u00f3 necess\u00e0ria per a fer el canvi:<br \/>\nEls alumnes presentaran a secretaria els documents seg\u00fcents:<br \/>\n1. Inst\u00e0ncia en la qual se sol\u00b7licita nou horari.<br \/>\n2. Justificants acreditatius de les causes al\u00b7legades: fotoc\u00f2pia de matr\u00edcula o de contracte de treball (amb data posterior a la de matr\u00edcula a l&#8217;EOI) o un certificat de l&#8217;empresa. Nota: No es tindr\u00e0 en compte cap sol\u00b7licitud que no vagi acompanyada de justificant acreditatiu (fotoc\u00f2pia de matr\u00edcula, certificat de l&#8217;empresa, etc.). Les inst\u00e0ncies es classificaran per idioma i horari sol\u00b7licitat en primera opci\u00f3, i seguidament es procedir\u00e0 a concedir o denegar els canvis d&#8217;acord segons disponibilitat i viabilitat dels grups. Un cop publicada la llista de sol\u00b7licituds concedides o denegades els alumnes podran anar al grup sol\u00b7licitat si els ha estat concedit el canvi. En cas contrari hauran de romandre al grup d&#8217;origen. El canvi ser\u00e0 oficial i definitiu per la resta del curs.<\/p>\n<p style=\"text-align: justify;\">* Canvi de grup entre les modalitats presencial y \u00a0semi presencial (blended): L\u2019alumnat oficial que vulgui canviar de modalitat podr\u00e0 matricular-se, sempre i quan hi hagi places vacants, en un grup de l\u2019altra modalitat durant el per\u00edode de matr\u00edcula telem\u00e0tica del mes de juliol. At\u00e8s que la seq\u00fcenciaci\u00f3 dels continguts, els materials did\u00e0ctics i els llibres de text de les dues modalitats poden ser diferents, a partir\u00a0<strong>del 14 d&#8217;octubre<\/strong>\u00a0no es podr\u00e0 sol\u00b7licitar un canvi de grup entre les dues modalitats.<\/p>\n<ul>\n<li>\n<h5 style=\"text-align: justify;\"><strong>REN\u00daNCIA A LA MATR\u00cdCULA OFICIAL<\/strong><\/h5>\n<\/li>\n<\/ul>\n<p style=\"text-align: justify;\">Es podr\u00e0 renunciar a la matr\u00edcula oficial quan l\u2019alumne es vegi en la impossibilitat de continuar assistint a classe amb regularitat.\u00a0La ren\u00fancia es tramitar\u00e0 a la secretaria de l\u2019escola entregant el resguard de la matr\u00edcula a qu\u00e8 es vol renunciar. Aquesta ren\u00fancia no suposar\u00e0 el c\u00f2mput del curs a efectes de repetici\u00f3,\u00a0<strong>ni el dret al retorn de l&#8217;import de la matr\u00edcula<\/strong>.<\/p>\n<p style=\"text-align: justify;\">Els alumnes que hagin fet ren\u00fancia de matr\u00edcula seran considerats a tots els efectes, antics alumnes. Cas que es vulguin tornar a matricular pel curs immediatament posterior al de la ren\u00fancia se\u2019ls reservar\u00e0 la pla\u00e7a com a alumne oficial.<\/p>\n<p style=\"text-align: justify;\">El termini per lliurar la sol\u00b7licitud ser\u00e0\u00a0<strong>el darrer dia h\u00e0bil\u00a0de novembre per als cursos extensius<\/strong><strong>.<\/strong>\u00a0Amb posterioritat al termini de ren\u00fancia establert, si un alumne abandona, el curs es computar\u00e0 a efectes de repetici\u00f3 i l&#8217;alumne tindr\u00e0, a tots els efectes, la consideraci\u00f3 de &#8220;No presentat&#8221; en la qualificaci\u00f3 final.<\/p>\n<ul style=\"text-align: justify;\">\n<li>\n<h5><strong>REN\u00daNCIA A CURS SUPERAT<\/strong><\/h5>\n<\/li>\n<\/ul>\n<p style=\"text-align: justify;\">Qualsevol persona que tingui un expedient acad\u00e8mic obert en una escola oficial d&#8217;idiomes podr\u00e0 sol.licitar a la direcci\u00f3 de l&#8217;escola la ren\u00fancia a un dels cursos acad\u00e8mics superats en aquell idioma, sempre que no siguin cursos que hagin comportat l&#8217;obtenci\u00f3 d&#8217;un certificat. L&#8217;escola la podr\u00e0 concedir un cop obtinguts els informes oportuns del departament d&#8217;aquell idioma. El curs renunciat computar\u00e0 a efectes de repetici\u00f3.<\/p>\n<ul>\n<li>\n<h5 style=\"text-align: justify;\"><strong>FLEXIBILITZACI\u00d3 DE L&#8217;ITINERARI EDUCATIU: MATR\u00cdCULACI\u00d3 EN CURSOS INFERIORS.<\/strong><\/h5>\n<\/li>\n<\/ul>\n<p style=\"text-align: justify;\">Les persones que ja hagin cursat i superat amb anterioritat cursos de les escoles oficials d&#8217;idiomes, i que vulguin <strong>actualitzar-ne els coneixements<\/strong>, poden sol\u00b7licitar matricular-se en l&#8217;\u00faltim curs fet o en qualsevol dels cursos inferiors.<\/p>\n<p style=\"text-align: justify;\">Tamb\u00e9 poden inscriure&#8217;s en un curs d&#8217;actualitzaci\u00f3 de coneixements els i les alumnes que hagin cursat i superat amb anterioritat cursos de nivell A1 i A2 als centres de formaci\u00f3 d&#8217;adults. Igualment, poden inscriure&#8217;s en cursos d&#8217;actualitzaci\u00f3 les persones que s&#8217;hagin presentat a les proves lliures i hagin obtingut el certificat corresponent en els mateixos termes.<\/p>\n<p style=\"text-align: justify;\">La sol\u00b7licitud s&#8217;ha de presentar al centre una vegada finalitza el per\u00edode d&#8217;admissi\u00f3 i s&#8217;admet en funci\u00f3 de la disponibilitat de vacants en l&#8217;idioma sol\u00b7licitat. La sol\u00b7licitud \u00e9s v\u00e0lida \u00fanicament per al curs acad\u00e8mic en qu\u00e8 se sol\u00b7licita i s&#8217;ha de tornar a presentar per a cursos acad\u00e8mics posteriors si s&#8217;alumne ho vol.<\/p>\n<p style=\"text-align: justify;\">Els alumnes en aquesta situaci\u00f3 acad\u00e8mica no tenen dret a sol\u00b7licitar una nova expedici\u00f3 del certificat obtingut anteriorment, per\u00f2\u00a0<strong>poden sol\u00b7licitar un certificat d&#8217;actualitzaci\u00f3 al centre on estiguin matriculats.\u00a0<\/strong><\/p>\n<p style=\"text-align: justify;\">Durant el mateix curs acad\u00e8mic no es pot simultanejar una matr\u00edcula ordin\u00e0ria als ensenyaments presencials amb una matr\u00edcula d&#8217;actualitzaci\u00f3 del mateix idioma.<\/p>\n<ul style=\"text-align: justify;\">\n<li>\n<h5><strong>TRASLLATS DE MATR\u00cdCULA<\/strong><\/h5>\n<\/li>\n<\/ul>\n<p style=\"text-align: justify;\">Si despr\u00e9s de formalitzar la matr\u00edcula un alumne demana poder continuar el curs en un altre centre, el trasllat s&#8217;anomena trasllat de matr\u00edcula viva. El termini per efectuar trasllats de matr\u00edcula viva finalitzar\u00e0\u00a0<strong>el darrer dia h\u00e0bil del mes d&#8217;abril.<\/strong>\u00a0La sol\u00b7licitud de trasllat de matr\u00edcula es far\u00e0 al centre de destinaci\u00f3 mitjan\u00e7ant el model &#8220;sol\u00b7licitud de trasllat d&#8217;expedient&#8221; i quedar\u00e0 condicionada a la disponibilitat de places en aquest centre. La documentaci\u00f3 que caldr\u00e0 aportar ser\u00e0 el full de pagament de la matr\u00edcula efectuada en el centre d&#8217;origen, i el DNI (original i fotoc\u00f2pia). En el moment de produir-se una vacant, l&#8217;EOI de destinaci\u00f3 ho comunicar\u00e0 al sol\u00b7licitant. L&#8217;EOI de destinaci\u00f3 tramitar\u00e0 d&#8217;ofici el trasllat d&#8217;expedient de l&#8217;alumne. En cas de no haver-hi vacants en l&#8217;EOI de destinaci\u00f3, s&#8217;obrir\u00e0 una llista d&#8217;espera on els sol\u00b7licitants han de poder indicar els grups i horaris desitjats.\u00a0Els alumnes que facin un trasllat d&#8217;aquest tipus dins de Catalunya no hauran de pagar taxes de matr\u00edcula a l&#8217;EOI de destinaci\u00f3.\u00a0<strong>Tots e<\/strong><strong>ls alumnes<\/strong>\u00a0tenen el deure de comunicar a l&#8217;escola si han estat mai alumnes d&#8217;una altra EOI (pel mateix idioma del que es matriculen).<\/p>\n<ul>\n<li>\n<h5 style=\"text-align: justify;\"><strong>ALUMNAT AMB NECESSITATS ESPEC\u00cdFIQUES<\/strong><\/h5>\n<\/li>\n<\/ul>\n<p style=\"text-align: justify;\">Els aspirants amb necessitats espec\u00edfiques derivades de discapacitats f\u00edsiques, ps\u00edquiques o sensorials (o altres trastorns greus que tenen el reconeixement oficial de la situaci\u00f3 de discapacitat) poden sol\u00b7licitar els recursos addicionals necessaris per desenvolupar la prova d&#8217;avaluaci\u00f3. L\u2019alumnat oficial ha d&#8217;omplir una sol\u00b7licitud\u00a0 i fer adjuntar els documents seg\u00fcents:<\/p>\n<p style=\"text-align: justify;\">a) Certificat de reconeixement de discapacitat del Departament de Treball, Afers Socials i Fam\u00edlies que informi del grau de discapacitat reconeguda\u00a0 i\/o certificat m\u00e8dic oficial.<\/p>\n<p style=\"text-align: justify;\">b)\u00a0Certificat em\u00e8s per l&#8217;organisme acreditat corresponent que informi de les caracter\u00edstiques de la discapacitat o trastorn, si escau.<\/p>\n<p style=\"text-align: justify;\">c)\u00a0Documentaci\u00f3 justificativa de modificacions i adaptacions curriculars, autoritzades pel Departament d&#8217;Educaci\u00f3, durant els \u00faltims estudis cursats en el sistema educatiu, si escau. Caldr\u00e0 especificar el tipus d&#8217;adaptaci\u00f3 requerida: temps extra, taula,\u00a0 auriculars, ordinador, ampliaci\u00f3 examen, etc.<\/p>\n<p style=\"text-align: justify;\"><strong>Data l\u00edmit per presentar la documentaci\u00f3: 20 de mar\u00e7 de 2026<\/strong>.<\/p>\n<ul>\n<li>\n<h5><strong>PERMAN\u00c8NCIA EN ELS ESTUDIS<\/strong><\/h5>\n<\/li>\n<\/ul>\n<p style=\"text-align: justify;\">Dins de cada nivell (b\u00e0sic, intermedi B1 i intermedi B2) l&#8217;alumne\/a t\u00e9 dret a romandre matriculat en el r\u00e8gim d&#8217;ensenyament oficial durant un m\u00e0xim de cursos acad\u00e8mics equivalents al doble dels cursos de qu\u00e8 consta el nivell de l&#8217;idioma corresponent. L&#8217;alumne\/a que cursa per tercera vegada el primer curs del nivell b\u00e0sic o que cursa per tercera vegada el primer curs del nivell intermedi B2 i no el supera, no pot tornar a cursar aquest curs una altra vegada. L&#8217;alumne\/a que accedeix directament al segon curs del nivell b\u00e0sic o al segon curs del nivell intermedi B2, el pot cursar un m\u00e0xim de dues vegades.<\/p>\n<ul>\n<li>\n<h5 style=\"text-align: justify;\"><strong>CONVOCAT\u00d2RIA ADDICIONAL<\/strong><\/h5>\n<\/li>\n<\/ul>\n<p style=\"text-align: justify;\">En casos excepcionals a valorar per la direcci\u00f3 de l&#8217;escola, i sempre que no representi fer el mateix curs per quarta vegada, la direcci\u00f3 podr\u00e0 autoritzar la repetici\u00f3 o perman\u00e8ncia d&#8217;un curs m\u00e9s en r\u00e8gim oficial presencial a l&#8217;alumne que ho sol\u00b7liciti quan ja hagi superat el nombre m\u00e0xim de cursos de perman\u00e8ncia autoritzats amb car\u00e0cter general per al nivell corresponent. Es podr\u00e0 concedir una \u00fanica convocat\u00f2ria addicional per nivell.\u00a0La sol\u00b7licitud d\u2019ampliaci\u00f3 de convocat\u00f2ria es podr\u00e0 recollir a secretaria i s\u2019haur\u00e0 de presentar degudament justificada juntament amb la documentaci\u00f3 que l\u2019alumne cregui oportuna.\u00a0Aquestes sol\u00b7licituds, juntament amb un informe del professor del curs que l\u2019alumne ha estudiat, seran valorades per la direcci\u00f3 del centre, i en cas de restar places vacants a la fi del proc\u00e9s de matr\u00edcula l\u2019alumne podr\u00e0 optar per formalitzar la matr\u00edcula.<\/p>\n<ul>\n<li>\n<h5><strong>CONVOCAT\u00d2RIA DE BEQUES<\/strong><\/h5>\n<\/li>\n<\/ul>\n<ol>\n<li style=\"text-align: justify;\">\u00a0El Ministeri d&#8217;Educaci\u00f3 i Formaci\u00f3 Professional\u00a0<strong>publica la convocat\u00f2ria <\/strong>de car\u00e0cter general per a l&#8217;alumnat que cursa ensenyaments postobligatoris, corresponent al curs actual. Consulteu la convocat\u00f2ria de beques: <span style=\"text-decoration: underline;\"><strong><a href=\"https:\/\/educacio.gencat.cat\/ca\/tramits\/tramits-temes\/247-beques-ministerio-postobligatoris\">enlla\u00e7 1<\/a><\/strong><\/span><\/li>\n<li style=\"text-align: justify;\">Beques i ajudes per aprendre idiomes del Ministeri d&#8217;Educaci\u00f3 i Formaci\u00f3 Professional.\u00a0Consulteu la convocat\u00f2ria de beques:<span style=\"text-decoration: underline;\">\u00a0<strong><a href=\"https:\/\/www.educacionyfp.gob.es\/servicios-al-ciudadano\/catalogo\/estudiantes\/becas-ayudas\/para-estudiar\/idiomas\/inmersion-ingles-para-becarios.html\">enlla\u00e7 2<\/a><\/strong>.<\/span><\/li>\n<\/ol>\n<ul>\n<li>\n<h5 style=\"text-align: justify;\"><strong>ABS\u00c8NCIA DEL PROFESSORAT<\/strong><\/h5>\n<\/li>\n<\/ul>\n<p style=\"text-align: justify;\">Quan es produeixin faltes d\u2019assist\u00e8ncia imprevisibles del professorat per malaltia de curta durada o per for\u00e7a major, la Direcci\u00f3 penjar\u00e0 a la p\u00e0gina web la corresponent notificaci\u00f3 als alumnes.<\/p>\n<ul style=\"text-align: justify;\">\n<li>\n<h5><strong>NORMATIVA SALUT LABORAL I P\u00daBLICA<\/strong><\/h5>\n<\/li>\n<\/ul>\n<p style=\"text-align: justify;\">Seguint la normativa vigent, es recorda als alumnes que est\u00e0 prohibit fumar en tot centre de titularitat p\u00fablica. Per tant, queda terminantment prohibit fumar a totes les depend\u00e8ncies de l\u2019escola. De la mateixa manera queda prohibit tamb\u00e9 consumir qualsevol tipus de beguda fora de les activitats culturals que puguin aprovar el consell escolar (i sempre amb la prohibici\u00f3 expressa per als menors de 18 anys), o subst\u00e0ncies estupefaents al centre.<\/p>\n<ul style=\"text-align: justify;\">\n<li>\n<h5><strong>TEL\u00c8FONS M\u00d2BILS<\/strong><\/h5>\n<\/li>\n<\/ul>\n<p style=\"text-align: justify;\">Els alumnes s&#8217;abstindran d&#8217;utilitzar els m\u00f2bils a l&#8217;aula \u00a0per trucades i missatges personals, o qualsevol altra activitat que no estigui relacionada amb la classe. Si alg\u00fa necessita mantenir-se connectat per motius de for\u00e7a major cal avisar al professor.<\/p>\n<p style=\"text-align: justify;\">Est\u00e0 terminantment prohibit tenir els tel\u00e8fons m\u00f2bils connectats durant la realitzaci\u00f3 de proves o ex\u00e0mens parcials o finals.<\/p>\n<hr \/>\n<p class=\"text-alert\"><span style=\"color: #ff0000;\"><strong>Atenci\u00f3: fer efectiva la matr\u00edcula implica l\u2019acceptaci\u00f3 d\u2019aquesta normativa per part de l&#8217;alumnat.<\/strong><\/span><\/p>\n","protected":false},"excerpt":{"rendered":"<p>ASSIST\u00c8NCIA A CLASSE L\u2019assist\u00e8ncia a classe de l\u2019alumnat \u00e9s obligat\u00f2ria i els professors en portaran un control estricte, especialment dels alumnes menors d\u2019edat. Totes les abs\u00e8ncies que no siguin degudament justificades seran comptades com a faltes d\u2019assist\u00e8ncia, i en el cas dels menors notificades als pares o tutors.\u00a0Els alumnes menors d\u2019edat rebran informaci\u00f3 concreta de [&hellip;]<\/p>\n","protected":false},"author":1,"featured_media":0,"parent":806,"menu_order":60,"comment_status":"closed","ping_status":"closed","template":"page-templates\/side-menu.php","meta":{"_bbp_topic_count":0,"_bbp_reply_count":0,"_bbp_total_topic_count":0,"_bbp_total_reply_count":0,"_bbp_voice_count":0,"_bbp_anonymous_reply_count":0,"_bbp_topic_count_hidden":0,"_bbp_reply_count_hidden":0,"_bbp_forum_subforum_count":0,"site-sidebar-layout":"default","site-content-layout":"","ast-site-content-layout":"","site-content-style":"default","site-sidebar-style":"default","ast-global-header-display":"","ast-banner-title-visibility":"","ast-main-header-display":"","ast-hfb-above-header-display":"","ast-hfb-below-header-display":"","ast-hfb-mobile-header-display":"","site-post-title":"","ast-breadcrumbs-content":"","ast-featured-img":"","footer-sml-layout":"","theme-transparent-header-meta":"","adv-header-id-meta":"","stick-header-meta":"","header-above-stick-meta":"","header-main-stick-meta":"","header-below-stick-meta":"","astra-migrate-meta-layouts":"default","ast-page-background-enabled":"default","ast-page-background-meta":{"desktop":{"background-color":"var(--ast-global-color-4)","background-image":"","background-repeat":"repeat","background-position":"center center","background-size":"auto","background-attachment":"scroll","background-type":"","background-media":"","overlay-type":"","overlay-color":"","overlay-opacity":"","overlay-gradient":""},"tablet":{"background-color":"","background-image":"","background-repeat":"repeat","background-position":"center center","background-size":"auto","background-attachment":"scroll","background-type":"","background-media":"","overlay-type":"","overlay-color":"","overlay-opacity":"","overlay-gradient":""},"mobile":{"background-color":"","background-image":"","background-repeat":"repeat","background-position":"center center","background-size":"auto","background-attachment":"scroll","background-type":"","background-media":"","overlay-type":"","overlay-color":"","overlay-opacity":"","overlay-gradient":""}},"ast-content-background-meta":{"desktop":{"background-color":"var(--ast-global-color-5)","background-image":"","background-repeat":"repeat","background-position":"center center","background-size":"auto","background-attachment":"scroll","background-type":"","background-media":"","overlay-type":"","overlay-color":"","overlay-opacity":"","overlay-gradient":""},"tablet":{"background-color":"var(--ast-global-color-5)","background-image":"","background-repeat":"repeat","background-position":"center center","background-size":"auto","background-attachment":"scroll","background-type":"","background-media":"","overlay-type":"","overlay-color":"","overlay-opacity":"","overlay-gradient":""},"mobile":{"background-color":"var(--ast-global-color-5)","background-image":"","background-repeat":"repeat","background-position":"center center","background-size":"auto","background-attachment":"scroll","background-type":"","background-media":"","overlay-type":"","overlay-color":"","overlay-opacity":"","overlay-gradient":""}},"footnotes":""},"class_list":["post-8372","page","type-page","status-publish","hentry"],"post_mailing_queue_ids":[],"_links":{"self":[{"href":"https:\/\/agora-eoi.xtec.cat\/eoisalou\/wp-json\/wp\/v2\/pages\/8372","targetHints":{"allow":["GET"]}}],"collection":[{"href":"https:\/\/agora-eoi.xtec.cat\/eoisalou\/wp-json\/wp\/v2\/pages"}],"about":[{"href":"https:\/\/agora-eoi.xtec.cat\/eoisalou\/wp-json\/wp\/v2\/types\/page"}],"author":[{"embeddable":true,"href":"https:\/\/agora-eoi.xtec.cat\/eoisalou\/wp-json\/wp\/v2\/users\/1"}],"replies":[{"embeddable":true,"href":"https:\/\/agora-eoi.xtec.cat\/eoisalou\/wp-json\/wp\/v2\/comments?post=8372"}],"version-history":[{"count":6,"href":"https:\/\/agora-eoi.xtec.cat\/eoisalou\/wp-json\/wp\/v2\/pages\/8372\/revisions"}],"predecessor-version":[{"id":10102,"href":"https:\/\/agora-eoi.xtec.cat\/eoisalou\/wp-json\/wp\/v2\/pages\/8372\/revisions\/10102"}],"up":[{"embeddable":true,"href":"https:\/\/agora-eoi.xtec.cat\/eoisalou\/wp-json\/wp\/v2\/pages\/806"}],"wp:attachment":[{"href":"https:\/\/agora-eoi.xtec.cat\/eoisalou\/wp-json\/wp\/v2\/media?parent=8372"}],"curies":[{"name":"wp","href":"https:\/\/api.w.org\/{rel}","templated":true}]}}