{"id":8295,"date":"2016-06-13T11:34:05","date_gmt":"2016-06-13T10:34:05","guid":{"rendered":"http:\/\/agora-eoi.xtec.cat\/eoisalou\/?page_id=8295"},"modified":"2025-09-29T19:25:24","modified_gmt":"2025-09-29T17:25:24","slug":"llibres-i-lectura","status":"publish","type":"page","link":"https:\/\/agora-eoi.xtec.cat\/eoisalou\/idiomes\/frances\/llibres-i-lectura\/","title":{"rendered":"Llibres i lectura"},"content":{"rendered":"<p><a href=\"http:\/\/agora-eoi.xtec.cat\/eoisalou\/wp-content\/uploads\/usu2266\/2016\/06\/Literature-96.png\" rel=\"attachment wp-att-8680\"><img loading=\"lazy\" decoding=\"async\" class=\"size-full wp-image-8680 alignleft\" src=\"http:\/\/agora-eoi.xtec.cat\/eoisalou\/wp-content\/uploads\/usu2266\/2016\/06\/Literature-96.png\" alt=\"Literature-96\" width=\"96\" height=\"96\" \/><\/a><\/p>\n<p><strong><span lang=\"FR\">LLIBRES DE TEXT (CURS 2025-2026)<\/span><\/strong><\/p>\n<p dir=\"ltr\">OBLIGAT\u00d2RIA<\/p>\n<p dir=\"ltr\"><strong><span style=\"color: #008080;\">NIVELL B\u00c0SIC &#8211; A1<\/span><\/strong><\/p>\n<ol>\n<li style=\"list-style-type: none;\">\n<ol>\n<li><em>\u00c9DITO A1<\/em>, Santillana. <span style=\"color: #ff0000;\">Atenci\u00f3, NOVA EDICI\u00d3 2022!<\/span>\n<ul>\n<li>Livre \u00e9l\u00e8ve<strong>ISBN: 9788490498101<\/strong><\/li>\n<li>Cahier d\u2019activit\u00e9s <strong>ISBN: 9788490498118\u00a0<\/strong><\/li>\n<\/ul>\n<\/li>\n<li>AUTONOMIA DE L&#8217;ALUMNE &#8211; OPCIONAL: <em>Grammaire\u00a0du fran\u00e7ais Focus<\/em>, Hachette+CD, <strong>ISBN 9782011559647\u00a0<\/strong><\/li>\n<li>Llibres de lectura:<\/li>\n<\/ol>\n<\/li>\n<\/ol>\n<ul>\n<li style=\"list-style-type: none;\">\n<ul style=\"list-style-type: square;\">\n<li><strong>1er quadrimestre:<\/strong>\u00a0<span style=\"color: #ff0000;\">Attention! <strong>Triar<\/strong> nom\u00e9s <strong>un<\/strong> llibre per llegir:<\/span>\n<ul style=\"list-style-type: disc;\">\n<li dir=\"ltr\"><em>La Tulipe Noire<\/em>, <strong>ISBN 978843167843<\/strong>; Collection Chat Noir<\/li>\n<li dir=\"ltr\"><em>La momie du Louvre<\/em>, <strong>ISBN 9788431678432<\/strong>; Collection Chat Noir<\/li>\n<\/ul>\n<\/li>\n<li dir=\"ltr\"><strong style=\"font-size: 16px;\">2\u00e8me quadrimestre:<\/strong>\n<ul style=\"list-style-type: disc;\">\n<li dir=\"ltr\"><em>Myst\u00e8re sur le Vieux-Port<\/em>, <strong>ISBN 9782011557384<\/strong>; Collection LFF (Livre en fran\u00e7ais facile,\u00a0 Hachette FLE)S<\/li>\n<\/ul>\n<\/li>\n<\/ul>\n<\/li>\n<\/ul>\n<hr \/>\n<p><strong><span style=\"color: #008080;\">NIVELL B\u00c0SIC &#8211; A2<\/span><\/strong><\/p>\n<ol>\n<li><em>D\u00c9FI 2<\/em>, \u00c9DITION HYBRIDE; Maison des Langues :\n<ul>\n<li>livre de l\u2019\u00e9l\u00e8ve, <strong>ISBN 9788411571548<\/strong><\/li>\n<\/ul>\n<\/li>\n<\/ol>\n<p style=\"text-align: justify;\"><strong><span style=\"color: #ff0000;\">IMPORTANT!<\/span> Aquesta refer\u00e8ncia inclou el llibre en paper i l\u2019acc\u00e9s a una plataforma en <\/strong><strong>l\u00ednia on hi ha el llibre i el quadern d\u2019exercicis digitals, aix\u00ed com altres recursos <\/strong><strong>pedag\u00f2gics. Per tant, no cal comprar el cahier d\u2019exercices. <\/strong><strong>Si l\u2019alumne vol disposar, igualment, del llibre d\u2019exercicis en paper, aquesta \u00e9s la <\/strong><strong>refer\u00e8ncia:<\/strong><\/p>\n<ul>\n<li style=\"list-style-type: none;\">\n<ul>\n<li>cahier d\u2019activit\u00e9s, ISBN 9788411571555<\/li>\n<\/ul>\n<\/li>\n<\/ul>\n<p>2. <span style=\"font-size: large;\">AUTONOMIA DE L&#8217;ALUMNE- OPCIONAL: <\/span><em>Grammaire du fran\u00e7ais Focus<\/em>, Hachette+CD, <strong>ISBN 9782011559647\u00a0<\/strong><\/p>\n<p>3. Llibres de lectura:<\/p>\n<ul style=\"list-style-type: square;\">\n<li><strong>1er quadrimestre:<\/strong>\u00a0<span style=\"color: #ff0000;\">Attention! Triar nom\u00e9s un llibre per llegir:<\/span>\n<ul style=\"list-style-type: disc;\">\n<li dir=\"ltr\"><em>Nouvelles du monde<\/em>, <strong>ISBN 9782278082551<\/strong>, Collection Mondes en VF, Didier<\/li>\n<\/ul>\n<\/li>\n<li dir=\"ltr\"><strong style=\"font-size: 16px;\">2\u00e8me quadrimestre:<\/strong>\n<ul style=\"list-style-type: disc;\">\n<li><em>Pas d\u2019oscar pour l\u2019assassin<\/em>, <strong>ISBN 9782278072491<\/strong>, Mondes en VF<\/li>\n<\/ul>\n<\/li>\n<\/ul>\n<hr \/>\n<p><span style=\"color: #008080;\"><strong>NIVELL INTERMEDI &#8211; B1 (LA REFER\u00c8NCIA DEL LLIBRE \u00c9S EL SEU ISBN)<\/strong><\/span><\/p>\n<ol>\n<li><em>\u00c9DITO B1<\/em>, Santillana, Livre \u00e9l\u00e8ve <strong>ISBN 9788490498255<\/strong>.<span style=\"color: #ff0000;\"> Atenci\u00f3 NOVA EDICI\u00d3 2023!<\/span><\/li>\n<li><em>Exercices de grammaire en contexte B1<\/em>, Hachette &#8211; SGEL, <strong>ISBN 9782014016345<\/strong><\/li>\n<li>Llibres de lectura:<\/li>\n<\/ol>\n<ul style=\"list-style-type: square;\">\n<li><strong>1er quadrimestre,<\/strong>\u00a0<strong>au choix:<\/strong>\n<ul style=\"list-style-type: disc;\">\n<li dir=\"ltr\"><em>Papa et autres nouvelles<\/em>, Vassilis Alexakis <strong>ISBN 9782278072507<\/strong>, MondeenVF, Didier<\/li>\n<li dir=\"ltr\"><em>La tresse<\/em>, Laetitia Colombani, <strong>ISBN 9782253164326<\/strong>, Le livre de poche<\/li>\n<\/ul>\n<\/li>\n<li dir=\"ltr\"><strong style=\"font-size: 16px;\">2\u00e8me quadrimestre, un livre au choix disponible en biblioth\u00e8que.<\/strong> Tria d\u2019un t\u00edtol d\u2019una llista (cat\u00e0leg biblioteca)<\/li>\n<\/ul>\n<hr \/>\n<p><strong>Gram\u00e0tiques recomanades en funci\u00f3 del nivell (consulteu amb el professorat):<\/strong><br \/>\n\u25a0<strong><em>\u00a0Grammaire du fran\u00e7ais FOCUS (A1-B1 inicial)<\/em><\/strong>,Hachette,\u00a0<strong>ISBN<\/strong>\u00a09782011559647<br \/>\n\u25a0\u00a0<strong><em>Grammaire essentielle du fran\u00e7ais B1<\/em><\/strong>. Collection 100% FLE. Didier.\u00a0<strong>ISBN<\/strong>\u00a09782278081035<br \/>\n\u25a0\u00a0<em><strong>Grammaire progressive du fran\u00e7ais niveau interm\u00e9diaire (A2-B1)<\/strong><\/em>, 4e\u00a0\u00e9dition, Cl\u00e9 Internationale,\u00a0<strong>ISBN<\/strong> 9782090381030 (livret de corrig\u00e9s ISBN 9782090381047).<\/p>\n<p><strong><span style=\"color: #ff0000;\">IMPORTANT: PER ADQUIRIR LA BIBLIOGRAFIA, PRENEU COM A REFER\u00c8NCIA L\u2019ISBN<\/span><\/strong><br \/>\n<strong>Nota<\/strong>: La tria de les lectures podria variar per motius diversos; s\u2019aconsella confirmar-les amb el professorat abans d\u2019adquirir-les.<\/p>\n","protected":false},"excerpt":{"rendered":"<p>LLIBRES DE TEXT (CURS 2025-2026) OBLIGAT\u00d2RIA NIVELL B\u00c0SIC &#8211; A1 \u00c9DITO A1, Santillana. Atenci\u00f3, NOVA EDICI\u00d3 2022! Livre \u00e9l\u00e8veISBN: 9788490498101 Cahier d\u2019activit\u00e9s ISBN: 9788490498118\u00a0 AUTONOMIA DE L&#8217;ALUMNE &#8211; OPCIONAL: Grammaire\u00a0du fran\u00e7ais Focus, Hachette+CD, ISBN 9782011559647\u00a0 Llibres de lectura: 1er quadrimestre:\u00a0Attention! Triar nom\u00e9s un llibre per llegir: La Tulipe Noire, ISBN 978843167843; Collection Chat Noir La [&hellip;]<\/p>\n","protected":false},"author":1,"featured_media":0,"parent":8195,"menu_order":30,"comment_status":"closed","ping_status":"closed","template":"","meta":{"_bbp_topic_count":0,"_bbp_reply_count":0,"_bbp_total_topic_count":0,"_bbp_total_reply_count":0,"_bbp_voice_count":0,"_bbp_anonymous_reply_count":0,"_bbp_topic_count_hidden":0,"_bbp_reply_count_hidden":0,"_bbp_forum_subforum_count":0,"site-sidebar-layout":"default","site-content-layout":"","ast-site-content-layout":"default","site-content-style":"default","site-sidebar-style":"default","ast-global-header-display":"","ast-banner-title-visibility":"","ast-main-header-display":"","ast-hfb-above-header-display":"","ast-hfb-below-header-display":"","ast-hfb-mobile-header-display":"","site-post-title":"","ast-breadcrumbs-content":"","ast-featured-img":"","footer-sml-layout":"","theme-transparent-header-meta":"default","adv-header-id-meta":"","stick-header-meta":"","header-above-stick-meta":"","header-main-stick-meta":"","header-below-stick-meta":"","astra-migrate-meta-layouts":"set","ast-page-background-enabled":"default","ast-page-background-meta":{"desktop":{"background-color":"var(--ast-global-color-4)","background-image":"","background-repeat":"repeat","background-position":"center center","background-size":"auto","background-attachment":"scroll","background-type":"","background-media":"","overlay-type":"","overlay-color":"","overlay-opacity":"","overlay-gradient":""},"tablet":{"background-color":"","background-image":"","background-repeat":"repeat","background-position":"center center","background-size":"auto","background-attachment":"scroll","background-type":"","background-media":"","overlay-type":"","overlay-color":"","overlay-opacity":"","overlay-gradient":""},"mobile":{"background-color":"","background-image":"","background-repeat":"repeat","background-position":"center center","background-size":"auto","background-attachment":"scroll","background-type":"","background-media":"","overlay-type":"","overlay-color":"","overlay-opacity":"","overlay-gradient":""}},"ast-content-background-meta":{"desktop":{"background-color":"var(--ast-global-color-5)","background-image":"","background-repeat":"repeat","background-position":"center center","background-size":"auto","background-attachment":"scroll","background-type":"","background-media":"","overlay-type":"","overlay-color":"","overlay-opacity":"","overlay-gradient":""},"tablet":{"background-color":"var(--ast-global-color-5)","background-image":"","background-repeat":"repeat","background-position":"center center","background-size":"auto","background-attachment":"scroll","background-type":"","background-media":"","overlay-type":"","overlay-color":"","overlay-opacity":"","overlay-gradient":""},"mobile":{"background-color":"var(--ast-global-color-5)","background-image":"","background-repeat":"repeat","background-position":"center center","background-size":"auto","background-attachment":"scroll","background-type":"","background-media":"","overlay-type":"","overlay-color":"","overlay-opacity":"","overlay-gradient":""}},"footnotes":""},"class_list":["post-8295","page","type-page","status-publish","hentry"],"post_mailing_queue_ids":[],"_links":{"self":[{"href":"https:\/\/agora-eoi.xtec.cat\/eoisalou\/wp-json\/wp\/v2\/pages\/8295","targetHints":{"allow":["GET"]}}],"collection":[{"href":"https:\/\/agora-eoi.xtec.cat\/eoisalou\/wp-json\/wp\/v2\/pages"}],"about":[{"href":"https:\/\/agora-eoi.xtec.cat\/eoisalou\/wp-json\/wp\/v2\/types\/page"}],"author":[{"embeddable":true,"href":"https:\/\/agora-eoi.xtec.cat\/eoisalou\/wp-json\/wp\/v2\/users\/1"}],"replies":[{"embeddable":true,"href":"https:\/\/agora-eoi.xtec.cat\/eoisalou\/wp-json\/wp\/v2\/comments?post=8295"}],"version-history":[{"count":6,"href":"https:\/\/agora-eoi.xtec.cat\/eoisalou\/wp-json\/wp\/v2\/pages\/8295\/revisions"}],"predecessor-version":[{"id":10296,"href":"https:\/\/agora-eoi.xtec.cat\/eoisalou\/wp-json\/wp\/v2\/pages\/8295\/revisions\/10296"}],"up":[{"embeddable":true,"href":"https:\/\/agora-eoi.xtec.cat\/eoisalou\/wp-json\/wp\/v2\/pages\/8195"}],"wp:attachment":[{"href":"https:\/\/agora-eoi.xtec.cat\/eoisalou\/wp-json\/wp\/v2\/media?parent=8295"}],"curies":[{"name":"wp","href":"https:\/\/api.w.org\/{rel}","templated":true}]}}