{"id":8229,"date":"2023-06-30T10:38:34","date_gmt":"2023-06-30T08:38:34","guid":{"rendered":"http:\/\/agora-eoi.xtec.cat\/eoisalou\/?page_id=8229"},"modified":"2025-06-06T10:23:06","modified_gmt":"2025-06-06T08:23:06","slug":"horaris","status":"publish","type":"page","link":"https:\/\/agora-eoi.xtec.cat\/eoisalou\/idiomes\/angles\/horaris\/","title":{"rendered":"Horaris 25-26"},"content":{"rendered":"<p><a href=\"http:\/\/agora-eoi.xtec.cat\/eoisalou\/wp-content\/uploads\/usu2266\/2016\/06\/Clock-96.png\" rel=\"attachment wp-att-8695\"><img loading=\"lazy\" decoding=\"async\" class=\"wp-image-8695 alignleft\" src=\"http:\/\/agora-eoi.xtec.cat\/eoisalou\/wp-content\/uploads\/usu2266\/2016\/06\/Clock-96.png\" alt=\"Clock-96\" width=\"68\" height=\"68\" \/><\/a><\/p>\n<table border=\"2\" align=\"left\">\n<tbody>\n<tr>\n<td class=\"clearbreak\"><strong>NIVELL<\/strong><\/td>\n<td class=\"clearbreak\"><strong>GRUP<\/strong><\/td>\n<td class=\"clearbreak\"><strong>HORARI<\/strong><\/td>\n<td class=\"clearbreak\"><strong>AULA<\/strong><\/td>\n<\/tr>\n<tr>\n<td class=\"clearbreak\">A1<\/td>\n<td class=\"clearbreak\">18.30B<\/td>\n<td class=\"clearbreak\">Dimarts i dijous de 18.30 a 20.45<\/td>\n<td class=\"clearbreak\">2<\/td>\n<\/tr>\n<tr>\n<td class=\"clearbreak\">A2<\/td>\n<td class=\"clearbreak\">16B<\/td>\n<td class=\"clearbreak\">Dimarts i dijous de 16 a 18.15<\/td>\n<td class=\"clearbreak\">3<\/td>\n<\/tr>\n<tr>\n<td class=\"clearbreak\">A2<\/td>\n<td class=\"clearbreak\">18.30B<\/td>\n<td class=\"clearbreak\">Dimarts i dijous de 18.30 a 20.45<\/td>\n<td class=\"clearbreak\">3<\/td>\n<\/tr>\n<tr>\n<td class=\"clearbreak\">B1<\/td>\n<td class=\"clearbreak\">16A<\/td>\n<td class=\"clearbreak\">Dilluns i dimecres de 16 a 18.15<\/td>\n<td class=\"clearbreak\">3<\/td>\n<\/tr>\n<tr>\n<td class=\"clearbreak\">B1<\/td>\n<td class=\"clearbreak\">18.30A<\/td>\n<td class=\"clearbreak\">Dilluns i dimecres de 18.30 a 20.45<\/td>\n<td class=\"clearbreak\">3<\/td>\n<\/tr>\n<tr>\n<td class=\"clearbreak\">B2.1<\/td>\n<td class=\"clearbreak\">16B<\/td>\n<td class=\"clearbreak\">Dimarts i dijous de 16 a 18.15<\/td>\n<td class=\"clearbreak\">1<\/td>\n<\/tr>\n<tr>\n<td class=\"clearbreak\">B2.1<\/td>\n<td class=\"clearbreak\">18.30B semi<\/td>\n<td class=\"clearbreak\">Dimarts de 18.30 a 20.45<\/td>\n<td class=\"clearbreak\">1<\/td>\n<\/tr>\n<tr>\n<td class=\"clearbreak\">B2.2<\/td>\n<td class=\"clearbreak\">16A<\/td>\n<td class=\"clearbreak\">Dilluns i dimecres de 16 a 18.15<\/td>\n<td class=\"clearbreak\">1<\/td>\n<\/tr>\n<tr>\n<td class=\"clearbreak\">B2.2<\/td>\n<td class=\"clearbreak\">18.30A semi<\/td>\n<td class=\"clearbreak\">Dilluns de 18.30 a 20.45<\/td>\n<td class=\"clearbreak\">1<\/td>\n<\/tr>\n<tr>\n<td class=\"clearbreak\">C1<\/td>\n<td class=\"clearbreak\">18.30A semi<\/td>\n<td class=\"clearbreak\">Dimecres de 18.30 a 20.45<\/td>\n<td class=\"clearbreak\">2<\/td>\n<\/tr>\n<\/tbody>\n<\/table>\n<p>&nbsp;<\/p>\n<p>&nbsp;<\/p>\n<p>&nbsp;<\/p>\n<p>&nbsp;<\/p>\n<p>&nbsp;<\/p>\n<p>&nbsp;<\/p>\n<p>&nbsp;<\/p>\n<p>&nbsp;<\/p>\n<p>&nbsp;<\/p>\n<hr \/>\n<p class=\"clearbreak\" style=\"text-align: justify;\">En els cursos amb<strong>\u00a0modalitat semipresencial<\/strong>, la c\u00e0rrega lectiva del curs es reparteix de manera igual entre el treball presencial al centre i el treball individual online. La formaci\u00f3 en aquesta modalitat comporta:<\/p>\n<ul class=\"clearbreak\" style=\"text-align: justify;\">\n<li>L\u2019<strong>assist\u00e8ncia a una classe<\/strong>\u00a0setmanal de dues hores i 15 minuts.<\/li>\n<li>El\u00a0<strong>treball individual<\/strong>\u00a0en l\u2019entorn virtual d\u2019aprenentatge Moodle i el del llibre digital realitzant els materials i les tasques suggerides pel professor\/a. Aix\u00f2 equival a un treball individual de quatre hores i 30 minuts setmanals. Aquesta \u00e9s una modalitat de curs on l\u2019alumne ha de ser aut\u00f2nom en el seu aprenentatge i ser capa\u00e7 de treure el m\u00e0xim profit de les activitats online.<strong><br \/>\n<\/strong><\/li>\n<\/ul>\n<p class=\"clearbreak\" style=\"text-align: justify;\">Els\u00a0<strong>requisits<\/strong>\u00a0per poder assistir a un curs semipresencial s\u00f3n els seg\u00fcents:<\/p>\n<ul class=\"clearbreak\" style=\"text-align: justify;\">\n<li>assist\u00e8ncia a les sessions presencials.<\/li>\n<li>disposar d\u2019un ordinador amb connexi\u00f3 de banda ampla a Internet.<\/li>\n<li>autonomia d\u2019aprenentatge sota la tutela del professor\/a.<\/li>\n<\/ul>\n<p class=\"clearbreak\" style=\"text-align: justify;\">Pel que fa a drets i deures dels alumnes, s\u00f3n els mateixos que els de qualsevol alumne\/a del centre.<\/p>\n<hr \/>\n<h6 class=\"text-size-large\"><strong>ATENCI\u00d3 A L&#8217;ALUMNAT<\/strong><\/h6>\n<p class=\"text-size-large\">L&#8217;horari d&#8217;atenci\u00f3\u00a0 de cada professor constaran a la plataforma Moodle de cada grup.<\/p>\n<hr \/>\n<h6 class=\"clearbreak\"><strong>INICI DE LES CLASSES<\/strong><\/h6>\n<p>A partir del 22 de setembre.<\/p>\n<p>&nbsp;<\/p>\n","protected":false},"excerpt":{"rendered":"<p>NIVELL GRUP HORARI AULA A1 18.30B Dimarts i dijous de 18.30 a 20.45 2 A2 16B Dimarts i dijous de 16 a 18.15 3 A2 18.30B Dimarts i dijous de 18.30 a 20.45 3 B1 16A Dilluns i dimecres de 16 a 18.15 3 B1 18.30A Dilluns i dimecres de 18.30 a 20.45 3 B2.1 [&hellip;]<\/p>\n","protected":false},"author":1,"featured_media":0,"parent":8189,"menu_order":10,"comment_status":"closed","ping_status":"closed","template":"page-templates\/side-menu.php","meta":{"_bbp_topic_count":0,"_bbp_reply_count":0,"_bbp_total_topic_count":0,"_bbp_total_reply_count":0,"_bbp_voice_count":0,"_bbp_anonymous_reply_count":0,"_bbp_topic_count_hidden":0,"_bbp_reply_count_hidden":0,"_bbp_forum_subforum_count":0,"site-sidebar-layout":"default","site-content-layout":"","ast-site-content-layout":"","site-content-style":"default","site-sidebar-style":"default","ast-global-header-display":"","ast-banner-title-visibility":"","ast-main-header-display":"","ast-hfb-above-header-display":"","ast-hfb-below-header-display":"","ast-hfb-mobile-header-display":"","site-post-title":"","ast-breadcrumbs-content":"","ast-featured-img":"","footer-sml-layout":"","theme-transparent-header-meta":"","adv-header-id-meta":"","stick-header-meta":"","header-above-stick-meta":"","header-main-stick-meta":"","header-below-stick-meta":"","astra-migrate-meta-layouts":"default","ast-page-background-enabled":"default","ast-page-background-meta":{"desktop":{"background-color":"var(--ast-global-color-4)","background-image":"","background-repeat":"repeat","background-position":"center center","background-size":"auto","background-attachment":"scroll","background-type":"","background-media":"","overlay-type":"","overlay-color":"","overlay-opacity":"","overlay-gradient":""},"tablet":{"background-color":"","background-image":"","background-repeat":"repeat","background-position":"center center","background-size":"auto","background-attachment":"scroll","background-type":"","background-media":"","overlay-type":"","overlay-color":"","overlay-opacity":"","overlay-gradient":""},"mobile":{"background-color":"","background-image":"","background-repeat":"repeat","background-position":"center center","background-size":"auto","background-attachment":"scroll","background-type":"","background-media":"","overlay-type":"","overlay-color":"","overlay-opacity":"","overlay-gradient":""}},"ast-content-background-meta":{"desktop":{"background-color":"var(--ast-global-color-5)","background-image":"","background-repeat":"repeat","background-position":"center center","background-size":"auto","background-attachment":"scroll","background-type":"","background-media":"","overlay-type":"","overlay-color":"","overlay-opacity":"","overlay-gradient":""},"tablet":{"background-color":"var(--ast-global-color-5)","background-image":"","background-repeat":"repeat","background-position":"center center","background-size":"auto","background-attachment":"scroll","background-type":"","background-media":"","overlay-type":"","overlay-color":"","overlay-opacity":"","overlay-gradient":""},"mobile":{"background-color":"var(--ast-global-color-5)","background-image":"","background-repeat":"repeat","background-position":"center center","background-size":"auto","background-attachment":"scroll","background-type":"","background-media":"","overlay-type":"","overlay-color":"","overlay-opacity":"","overlay-gradient":""}},"footnotes":""},"class_list":["post-8229","page","type-page","status-publish","hentry"],"post_mailing_queue_ids":[],"_links":{"self":[{"href":"https:\/\/agora-eoi.xtec.cat\/eoisalou\/wp-json\/wp\/v2\/pages\/8229","targetHints":{"allow":["GET"]}}],"collection":[{"href":"https:\/\/agora-eoi.xtec.cat\/eoisalou\/wp-json\/wp\/v2\/pages"}],"about":[{"href":"https:\/\/agora-eoi.xtec.cat\/eoisalou\/wp-json\/wp\/v2\/types\/page"}],"author":[{"embeddable":true,"href":"https:\/\/agora-eoi.xtec.cat\/eoisalou\/wp-json\/wp\/v2\/users\/1"}],"replies":[{"embeddable":true,"href":"https:\/\/agora-eoi.xtec.cat\/eoisalou\/wp-json\/wp\/v2\/comments?post=8229"}],"version-history":[{"count":6,"href":"https:\/\/agora-eoi.xtec.cat\/eoisalou\/wp-json\/wp\/v2\/pages\/8229\/revisions"}],"predecessor-version":[{"id":10093,"href":"https:\/\/agora-eoi.xtec.cat\/eoisalou\/wp-json\/wp\/v2\/pages\/8229\/revisions\/10093"}],"up":[{"embeddable":true,"href":"https:\/\/agora-eoi.xtec.cat\/eoisalou\/wp-json\/wp\/v2\/pages\/8189"}],"wp:attachment":[{"href":"https:\/\/agora-eoi.xtec.cat\/eoisalou\/wp-json\/wp\/v2\/media?parent=8229"}],"curies":[{"name":"wp","href":"https:\/\/api.w.org\/{rel}","templated":true}]}}