{"id":8166,"date":"2016-06-08T17:01:17","date_gmt":"2016-06-08T16:01:17","guid":{"rendered":"http:\/\/agora-eoi.xtec.cat\/eoisalou\/?page_id=8166"},"modified":"2026-03-23T12:28:52","modified_gmt":"2026-03-23T11:28:52","slug":"alumnes-nous","status":"publish","type":"page","link":"https:\/\/agora-eoi.xtec.cat\/eoisalou\/secretaria\/matricula\/alumnes-nous\/","title":{"rendered":"Nous alumnes"},"content":{"rendered":"<p style=\"text-align: justify;\"><strong>Alumnat nou curs 2026-2027<\/strong><\/p>\n<p style=\"text-align: justify;\">Qui \u00e9s alumne nou? Qualsevol persona no matriculada en un curs oficial d\u2019un idioma en aquesta escola l\u2019any acad\u00e8mic immediatament anterior es considera nou alumne d\u2019aquell idioma.<\/p>\n<p style=\"text-align: justify;\">Es considera alumnat nou:<br \/>\n\u2013 Aquells que accedeixen per primera vegada a l\u2019EOI de Salou.<br \/>\n\u2013 Els que comencen un altre idioma.<br \/>\n\u2013 Els que han perdut l\u2019oficialitat (alumnes no matriculats en el curs anterior).<br \/>\n\u2013 Els que provenen d\u2019una altra EOI.<br \/>\n\u2013 Alumnes lliures que volen ser oficials.<\/p>\n<p style=\"text-align: justify;\"><a href=\"https:\/\/drive.google.com\/file\/d\/17NjXdpF8TKlqka_6klWog7KLzH7WBniP\/view?usp=sharing\"><span style=\"text-decoration: underline;\"><strong>Infografia<\/strong><\/span><\/a> amb el procediment d\u2019acc\u00e9s a les EOI: preinscripci\u00f3 i matr\u00edcula 2026-2027<\/p>\n<p style=\"text-align: justify;\"><strong><span style=\"color: #000000;\">TOTS ELS TR\u00c0MITS ES FAN EN EL MATEIX APLICATIU<\/span>: la preinscripci\u00f3, el test de nivell en l\u00ednia, la consulta del resultat del test, la tria d\u2019horari i grup i la matr\u00edcula.<\/strong><\/p>\n<h4 style=\"text-align: center;\"><a href=\"https:\/\/www.eoidigital.com\/eoicat\/alumnes\/\"><span style=\"text-decoration: underline; color: #ff0000;\"><strong>*Acc\u00e9s aplicatiu de preinscripci\u00f3*<\/strong><\/span><\/a><\/h4>\n<p>&nbsp;<\/p>\n<p style=\"text-align: justify;\"><span class=\"arial text12 gris3\"><b>PREINSCRIPCI\u00d3 CURS 2026-2027<\/b><\/span><\/p>\n<p style=\"text-align: justify;\">Preinscripci\u00f3 nou alumnat (d\u2019A1 a C1 d&#8217;angl\u00e8s + d&#8217;A1 a B1 de franc\u00e8s): <span style=\"color: #000000;\">telem\u00e0ticament <\/span><span style=\"color: #000000;\">a partir de les <\/span><b><span style=\"color: #000000;\"><strong>9h del 31 d&#8217;agost fins a les 15h del 7 de setembre de 2026.<\/strong><\/span><\/b><\/p>\n<p style=\"text-align: justify;\">Es pot fer una \u00fanica preinscripci\u00f3 per idioma, i un m\u00e0xim de dues preinscripcions a dos idiomes diferents. En cada preinscripci\u00f3 es poden triar dos centres i fins a quatre horaris.<\/p>\n<p style=\"text-align: justify;\">La preinscripci\u00f3 \u00e9s un tr\u00e0mit obligatori per entrar com alumne nou a l\u2019EOI Salou i per poder accedir al test de nivell en l\u00ednia si escau.<\/p>\n<ol style=\"text-align: justify;\">\n<li>Opcions de preinscripci\u00f3:<\/li>\n<\/ol>\n<p style=\"text-align: justify;\"><strong>\u00a0 \u00a0 \u00a0 a) El candidat\/a es pot preinscriure<\/strong><strong>\u00a0a A1\u00a0<\/strong>si no t\u00e9 coneixements de la llengua o en t\u00e9 pocs (angl\u00e8s, franc\u00e8s).<\/p>\n<p style=\"text-align: justify;\"><strong>\u00a0 \u00a0 \u00a0 b) Si el candidat\/a t\u00e9 coneixements de la llengua, per accedir a un curs superior a A1<\/strong>\u00a0<strong>cal\u00a0<\/strong>seguir una de les dues opcions seg\u00fcents:<\/p>\n<ul>\n<li style=\"list-style-type: none;\">\n<ul>\n<li style=\"list-style-type: none;\">\n<ul>\n<li style=\"text-align: justify;\"><strong>preinscriure\u2019s a test de nivell<\/strong>\u00a0<strong>online<\/strong> (angl\u00e8s o franc\u00e8s, fins al 9 de setembre a les 17h): un cop feta la preinscripci\u00f3, el candidat pot fer el test de nivell online <strong>des de les 9h del<\/strong> <strong>31 d&#8217;agost<\/strong><strong>\u00a0al<\/strong> <strong>9<\/strong> <strong>de setembre <\/strong>(<strong>fins a les 17:00h<\/strong>) <strong>de 2026<\/strong>.\u00a0 La prova consisteix en un test de preguntes d&#8217;opci\u00f3 m\u00faltiple repartides en <strong>tres blocs de preguntes<\/strong>. El primer bloc avalua l&#8217;\u00fas de la llengua, el segon i el tercer bloc avaluen l&#8217;\u00fas de la llengua i la comprensi\u00f3 oral. La dificultat de les preguntes augmenta progressivament. <strong>En acabar cada bloc sabr\u00e0s el curs al qual has estat assignat i, segons el resultat obtingut, se&#8217;t permetr\u00e0 continuar al bloc seg\u00fcent, si escau.<\/strong> Si se t&#8217;ofereix la possibilitat de continuar al bloc seg\u00fcent, pots rebutjar-ho i quedar-te amb l&#8217;assignaci\u00f3 obtinguda al bloc anterior, si aix\u00ed ho desitges. La durada del<strong> primer bloc \u00e9s de 45 minuts<\/strong>, la del <strong>segon bloc \u00e9s de 30 minuts<\/strong> i la del <strong>tercer \u00e9s de 35 minuts<\/strong>.<\/li>\n<li style=\"text-align: justify;\"><strong>preinscriure\u2019s a un nivell determinat perqu\u00e8:<\/strong>\n<ul style=\"list-style-type: circle;\">\n<li style=\"text-align: justify;\">es t\u00e9 un curs <strong style=\"font-family: inherit; font-size: 1em;\">acreditat d\u2019una EOI<\/strong><\/li>\n<li style=\"text-align: justify;\">es t\u00e9 un <strong style=\"font-family: inherit; font-size: 1em;\">certificat o equival\u00e8ncia reconeguda a les EOIs, <\/strong>consulta la <strong><a href=\"https:\/\/dogc.gencat.cat\/ca\/document-del-dogc\/index.html?documentId=990876\" target=\"_blank\" rel=\"noopener\">Resoluci\u00f3 EDU\/2684\/2024, de 17 de juliol<\/a><\/strong>.\u00a0 <span style=\"font-family: inherit; font-size: 1em;\">En aquest cas, els alumnes han de fer arribar la documentaci\u00f3 com a document adjunt en el moment de la preinscripci\u00f3 o per correu electr\u00f2nic a l\u2019escola <strong>del 31 d&#8217;agost a les 9h fins al dia 7 de setembre <\/strong><\/span><strong style=\"font-family: inherit; font-size: 1em;\">a les 17h<\/strong><span style=\"font-family: inherit; font-size: 1em;\"> de 2026 (<\/span><strong><a style=\"font-family: inherit; font-size: 1em;\" href=\"mailto:e3011200@xtec.cat\">e3011200@xtec.cat<\/a><\/strong><span style=\"font-family: inherit; font-size: 1em;\">).<\/span>\n<ul>\n<li style=\"list-style-type: none;\">\n<ul>\n<li style=\"list-style-type: none;\">\n<ul style=\"list-style-type: square;\">\n<li><strong><a href=\"https:\/\/preinscripcio.gencat.cat\/ca\/estudis\/idiomes-eoi\/informat\/test-nivell-a2-c1\/\" target=\"_blank\" rel=\"noopener noreferrer\">Consulta directament a la p\u00e0gina de la Generalitat<\/a><\/strong><\/li>\n<\/ul>\n<\/li>\n<\/ul>\n<\/li>\n<\/ul>\n<\/li>\n<\/ul>\n<\/li>\n<\/ul>\n<\/li>\n<\/ul>\n<\/li>\n<\/ul>\n<ol style=\"text-align: justify;\">\n<li style=\"list-style-type: none;\">\n<ol start=\"2\">\n<li><strong>Alumnes que han fet el test de nivell: consulta de resultats del test de nivell i escollir horaris<\/strong>: des de el moment en que s&#8217;obt\u00e9 el resultat del test fins a les <strong>10h del 14 de setembre de 2026<\/strong> (data l\u00edmit) a l<strong>&#8216;<a href=\"https:\/\/www.eoidigital.com\/eoicat\/alumnes\/\">aplicaci\u00f3 de preinscripci\u00f3.<\/a><\/strong><\/li>\n<li><strong>Sorteig per a l&#8217;assignaci\u00f3 de places. <\/strong>Publicaci\u00f3 del resultat: <strong>14 de setembre a partir de les 18h<\/strong> (comprovar si s\u2019\u00e9s adm\u00e8s, llista d\u2019espera o no adm\u00e8s a l<strong>&#8216;<a href=\"https:\/\/www.eoidigital.com\/eoicat\/alumnes\/\">aplicaci\u00f3 de preinscripci\u00f3<\/a><\/strong>).<\/li>\n<li><strong>Matr\u00edcula online (alumnes admesos)<\/strong> <strong>del 14 de setembre (a partir de les 18:00h) al 16 de setembre (fins les 23:59h m\u00e0xim)<\/strong> al <a href=\"https:\/\/www.eoidigital.com\/eoicat\/alumnes\/\"><strong>seg\u00fcent enlla\u00e7<\/strong><\/a>. ***Recordeu que per poder fer la matr\u00edcula s\u2019ha d\u2019haver fet la preinscripci\u00f3 a A1, preinscripci\u00f3 i acreditaci\u00f3 o preinscripci\u00f3 i test de nivell online i haver estat adm\u00e8s pr\u00e8viament.<\/li>\n<li><strong>Matr\u00edcula online (alumnes llista d&#8217;espera)<\/strong>: <strong>18 de setembre de 2026 des de les 12h angl\u00e8s<\/strong>; el <strong>19 de setembre de 2026 des de les 9h\u00a0 fins el 20 de setembre a les 23:59h<\/strong> (tots els idiomes, angl\u00e8s incl\u00f2s) al <a href=\"https:\/\/www.eoidigital.com\/eoicat\/alumnes\/\"><strong>seg\u00fcent enlla\u00e7.<\/strong><\/a><\/li>\n<\/ol>\n<\/li>\n<\/ol>\n<p style=\"text-align: justify;\">L\u2019ordre de matr\u00edcula ve determinat per un sorteig d\u2019assignaci\u00f3 de places.<\/p>\n<p style=\"text-align: justify;\">Per tal que la matr\u00edcula sigui efectiva s\u2019han de fer els pagaments en un per\u00edode de 24h. Per realitzar el pagament de la matricula hi ha tres opcions (les trobareu a la dreta del resguard): pagament amb targeta (de qualsevol entitat banc\u00e0ria), pagament online (per l\u00ednia oberta, CaixaBankNow) o imprimir el resguard per pagar per caixer autom\u00e0tic de La Caixa. <strong>Atenci\u00f3: hi ha<\/strong> <strong>dos codis barres<\/strong> del resguard. <strong>El codi de barres corresponent a l&#8217;aportaci\u00f3 de material cal pagar-ho al BBVA<\/strong>. Cal conservar aquest resguard o els comprovants de pagament per possibles comprovacions.<\/p>\n<p style=\"text-align: justify;\"><strong>REQUISITS:<\/strong><br \/>\n\u2013 <strong>per a qualsevol idioma, haver complert els 16 anys<\/strong> (o fer-los l\u2019any natural en qu\u00e8 s\u2019efectua la matr\u00edcula, \u00e9s a dir, complerts a 31 de desembre de 2025).<br \/>\n\u2013<strong> per a un idioma diferent del cursat com a primera llengua estrangera en\u00a0 l&#8217;educaci\u00f3 secund\u00e0ria obligat\u00f2ria (l\u2019ESO), haver complert els 14 anys<\/strong> (o fer-los l\u2019any en qu\u00e8 s\u2019efectua la matr\u00edcula, \u00e9s a dir, complerts a 31 de desembre de 2026). Cal aportar justificaci\u00f3: certificat del vostre centre de secund\u00e0ria on s\u2019especifiqui quina \u00e9s la primera llengua estrangera que esteu estudiant.<\/p>\n<p style=\"text-align: justify;\">Per a m\u00e9s informaci\u00f3, consulteu el web <span style=\"text-decoration: underline;\"><strong><a href=\"https:\/\/preinscripcio.gencat.cat\/ca\/estudis\/idiomes-eoi\/inici\/\" target=\"_blank\" rel=\"noopener\" data-saferedirecturl=\"https:\/\/www.google.com\/url?q=https:\/\/preinscripcio.gencat.cat\/ca\/estudis\/idiomes-eoi\/inici\/&amp;source=gmail&amp;ust=1725452795162000&amp;usg=AOvVaw0utLXe6Us3VYrBP_l4_A82\">web del Departament d\u2019Educaci\u00f3<\/a>.<\/strong><\/span><\/p>\n<p style=\"text-align: justify;\">Per a m\u00e9s informaci\u00f3: <a href=\"https:\/\/dogc.gencat.cat\/ca\/document-del-dogc\/index.html?documentId=1040051\"><strong>Resoluci\u00f3 EDF\/814\/2026, de 19 de mar\u00e7<\/strong><\/a>, per la qual es determinen el calendari i les condicions de la preinscripci\u00f3 i matr\u00edcula, per al curs 2026-2027, dels ensenyaments d\u2019idiomes en escoles oficials d\u2019idiomes<\/p>\n","protected":false},"excerpt":{"rendered":"<p>Alumnat nou curs 2026-2027 Qui \u00e9s alumne nou? Qualsevol persona no matriculada en un curs oficial d\u2019un idioma en aquesta escola l\u2019any acad\u00e8mic immediatament anterior es considera nou alumne d\u2019aquell idioma. Es considera alumnat nou: \u2013 Aquells que accedeixen per primera vegada a l\u2019EOI de Salou. \u2013 Els que comencen un altre idioma. \u2013 Els [&hellip;]<\/p>\n","protected":false},"author":1,"featured_media":0,"parent":8161,"menu_order":20,"comment_status":"closed","ping_status":"closed","template":"","meta":{"_bbp_topic_count":0,"_bbp_reply_count":0,"_bbp_total_topic_count":0,"_bbp_total_reply_count":0,"_bbp_voice_count":0,"_bbp_anonymous_reply_count":0,"_bbp_topic_count_hidden":0,"_bbp_reply_count_hidden":0,"_bbp_forum_subforum_count":0,"site-sidebar-layout":"default","site-content-layout":"","ast-site-content-layout":"default","site-content-style":"default","site-sidebar-style":"default","ast-global-header-display":"","ast-banner-title-visibility":"","ast-main-header-display":"","ast-hfb-above-header-display":"","ast-hfb-below-header-display":"","ast-hfb-mobile-header-display":"","site-post-title":"","ast-breadcrumbs-content":"","ast-featured-img":"","footer-sml-layout":"","theme-transparent-header-meta":"default","adv-header-id-meta":"","stick-header-meta":"","header-above-stick-meta":"","header-main-stick-meta":"","header-below-stick-meta":"","astra-migrate-meta-layouts":"set","ast-page-background-enabled":"default","ast-page-background-meta":{"desktop":{"background-color":"var(--ast-global-color-4)","background-image":"","background-repeat":"repeat","background-position":"center center","background-size":"auto","background-attachment":"scroll","background-type":"","background-media":"","overlay-type":"","overlay-color":"","overlay-opacity":"","overlay-gradient":""},"tablet":{"background-color":"","background-image":"","background-repeat":"repeat","background-position":"center center","background-size":"auto","background-attachment":"scroll","background-type":"","background-media":"","overlay-type":"","overlay-color":"","overlay-opacity":"","overlay-gradient":""},"mobile":{"background-color":"","background-image":"","background-repeat":"repeat","background-position":"center center","background-size":"auto","background-attachment":"scroll","background-type":"","background-media":"","overlay-type":"","overlay-color":"","overlay-opacity":"","overlay-gradient":""}},"ast-content-background-meta":{"desktop":{"background-color":"var(--ast-global-color-5)","background-image":"","background-repeat":"repeat","background-position":"center center","background-size":"auto","background-attachment":"scroll","background-type":"","background-media":"","overlay-type":"","overlay-color":"","overlay-opacity":"","overlay-gradient":""},"tablet":{"background-color":"var(--ast-global-color-5)","background-image":"","background-repeat":"repeat","background-position":"center center","background-size":"auto","background-attachment":"scroll","background-type":"","background-media":"","overlay-type":"","overlay-color":"","overlay-opacity":"","overlay-gradient":""},"mobile":{"background-color":"var(--ast-global-color-5)","background-image":"","background-repeat":"repeat","background-position":"center center","background-size":"auto","background-attachment":"scroll","background-type":"","background-media":"","overlay-type":"","overlay-color":"","overlay-opacity":"","overlay-gradient":""}},"footnotes":""},"class_list":["post-8166","page","type-page","status-publish","hentry"],"post_mailing_queue_ids":[],"_links":{"self":[{"href":"https:\/\/agora-eoi.xtec.cat\/eoisalou\/wp-json\/wp\/v2\/pages\/8166","targetHints":{"allow":["GET"]}}],"collection":[{"href":"https:\/\/agora-eoi.xtec.cat\/eoisalou\/wp-json\/wp\/v2\/pages"}],"about":[{"href":"https:\/\/agora-eoi.xtec.cat\/eoisalou\/wp-json\/wp\/v2\/types\/page"}],"author":[{"embeddable":true,"href":"https:\/\/agora-eoi.xtec.cat\/eoisalou\/wp-json\/wp\/v2\/users\/1"}],"replies":[{"embeddable":true,"href":"https:\/\/agora-eoi.xtec.cat\/eoisalou\/wp-json\/wp\/v2\/comments?post=8166"}],"version-history":[{"count":6,"href":"https:\/\/agora-eoi.xtec.cat\/eoisalou\/wp-json\/wp\/v2\/pages\/8166\/revisions"}],"predecessor-version":[{"id":10424,"href":"https:\/\/agora-eoi.xtec.cat\/eoisalou\/wp-json\/wp\/v2\/pages\/8166\/revisions\/10424"}],"up":[{"embeddable":true,"href":"https:\/\/agora-eoi.xtec.cat\/eoisalou\/wp-json\/wp\/v2\/pages\/8161"}],"wp:attachment":[{"href":"https:\/\/agora-eoi.xtec.cat\/eoisalou\/wp-json\/wp\/v2\/media?parent=8166"}],"curies":[{"name":"wp","href":"https:\/\/api.w.org\/{rel}","templated":true}]}}