{"id":8164,"date":"2016-06-08T17:00:04","date_gmt":"2016-06-08T16:00:04","guid":{"rendered":"http:\/\/agora-eoi.xtec.cat\/eoisalou\/?page_id=8164"},"modified":"2025-09-03T23:14:45","modified_gmt":"2025-09-03T21:14:45","slug":"alumnat-oficial","status":"publish","type":"page","link":"https:\/\/agora-eoi.xtec.cat\/eoisalou\/secretaria\/matricula\/alumnat-oficial\/","title":{"rendered":"Alumnat oficial"},"content":{"rendered":"<h5 style=\"text-align: justify;\">Alumnat oficial -Nivells A1 a C1 curs 2024-2025<\/h5>\n<p style=\"text-align: justify;\"><span style=\"font-family: inherit; font-size: 1em;\">Les persones matriculades en un curs oficial del mateix idioma, en aquesta escola l\u2019any acad\u00e8mic immediatament anterior s\u00f3n &#8220;antic alumnat&#8221; i tenen prefer\u00e8ncia per matricular-se el curs seg\u00fcent.<\/span><\/p>\n<div class=\"entry-content\" style=\"text-align: justify;\">\n<p><b>S\u2019han de matricular en aquest per\u00edode tots els alumnes del curs 2024-2025 que passen de curs o repeteixen.<\/b><\/p>\n<h4>Calendari<\/h4>\n<p>El proc\u00e9s de matr\u00edcula d\u2019antics alumnes es fa via telem\u00e0tica, cliqueu <a href=\"https:\/\/drive.google.com\/file\/d\/1vFHAvQyTEdyQgMDc4Y2K0kFPkGlv_IKA\/view?usp=sharing\"><span style=\"text-decoration: underline;\"><strong>Calendari matricula EOI SALOU Juliol 2025<\/strong><\/span><\/a> per veure quan us heu de matricular i tota la informaci\u00f3 del proc\u00e9s.<\/p>\n<\/div>\n<div class=\"entry-content\">\n<hr \/>\n<h4 style=\"text-align: justify;\">Matr\u00edcula pel curs 2025-2026:<\/h4>\n<p style=\"text-align: justify;\"><span style=\"color: #000000;\"><strong>LA MATR\u00cdCULA ES FA A TRAV\u00c9S DE L\u2019APLICATIU SEG\u00dcENT: <a style=\"color: #000000;\" href=\"https:\/\/www.informaticacentros.com\/centrosnet\/ultralogin.php?tcentro=EOI&amp;centro=T08\">CENTROS NET<\/a><\/strong><\/span><\/p>\n<p style=\"text-align: justify;\">Per entrar a CentrosNet:<\/p>\n<p><span style=\"text-decoration: underline; color: #993300;\"><strong><a style=\"color: #993300; text-decoration: underline;\" href=\"https:\/\/drive.google.com\/file\/d\/1EBnkST44fxhSmPdZYrEvQfHNrMyYCbPA\/view?usp=sharing\">MANUAL DE COM ACCEDIR A CENTROS NET<\/a><\/strong><\/span><\/p>\n<p style=\"text-align: justify;\"><strong>Usuari:<\/strong>\u00a0data de naixement 00\/00\/0000<\/p>\n<p style=\"text-align: justify;\"><strong>Contrasenya:<\/strong>\u00a0el vostre DNI \/NIE (sense punts, ni espais, ni lletra al final) o passaport<\/p>\n<p style=\"text-align: justify;\"><strong>Contrasenya personal:<\/strong> \u00e9s la mateixa que v\u00e0reu utilitzar quan us v\u00e0reu matricular el curs anterior, si no la recordeu:<\/p>\n<p style=\"text-align: justify;\">Aneu a \u201cRecordar contrasenya personal\u201d (al final del missatge).\u00a0 Rebreu un correu electr\u00f2nic al mateix compte d\u2019email que v\u00e0reu utilitzar en aquell moment (el correu pot trigar uns minuts). Si no rebeu el missatge mireu que no sigui al correu brossa o \u201cspam\u201d.<\/p>\n<p style=\"text-align: justify;\">Per matricular-vos, un cop estigueu a Centros.net, seguiu les instruccions de l\u2019aplicatiu i recordeu el seg\u00fcent:<\/p>\n<ul style=\"text-align: justify;\">\n<li>Per tal que la matr\u00edcula sigui efectiva s\u2019han de fer els pagaments en un per\u00edode de 24h. Per realitzar el pagament de la matricula hi ha tres opcions (les trobareu a la dreta del resguard): pagament amb targeta (de qualsevol entitat banc\u00e0ria), pagament online (per l\u00ednia oberta, CaixaBankNow) o imprimir el resguard per pagar per caixer autom\u00e0tic de La Caixa.<\/li>\n<\/ul>\n<p style=\"text-align: justify;\"><strong>Atenci\u00f3: hi ha<\/strong>\u00a0<strong>dos codis barres<\/strong>\u00a0del resguard.\u00a0<strong>El codi de barres corresponent a l\u2019aportaci\u00f3 de material cal pagar-ho al BBVA<\/strong>. Cal conservar aquest resguard o els comprovants de pagament per possibles comprovacions.<\/p>\n<p style=\"text-align: justify;\">Aquells alumnes que no s\u2019hagin matriculat duran el per\u00edode de matr\u00edcula del mes de juliol\u00a0<strong>perdran l\u2019oficialitat<\/strong>. Per matricular-se novament hauran de fer preinscripci\u00f3 durant el mes de setembre.<\/p>\n<hr \/>\n<h5 style=\"text-align: justify;\">Normes<\/h5>\n<p style=\"text-align: justify;\">Tenen consideraci\u00f3 d\u2019antics alumnes a l\u2019efecte de matr\u00edcula els alumnes del curs anterior del mateix idioma.<\/p>\n<ol>\n<li style=\"text-align: justify;\">La matr\u00edcula \u00e9s telem\u00e0tica i segueix un ordre de prioritat i un calendari que estableix el Departament d\u2019Educaci\u00f3.<\/li>\n<li style=\"text-align: justify;\">No est\u00e0 perm\u00e8s matricular-se com a alumne oficial i lliure del mateix idioma, el mateix any acad\u00e8mic.<\/li>\n<li style=\"text-align: justify;\">Si s\u2019ha fet una ren\u00fancia oficial durant l\u2019any acad\u00e8mic, el curs no computa a efecte\u00a0de\u00a0repeticions.<\/li>\n<li style=\"text-align: justify;\">Els canvis d\u2019horari nom\u00e9s s\u2019acceptaran segons la disponibilitat de places i en casos especials i justificats documentalment, per un canvi de circumst\u00e0ncies un cop acabat el termini de matr\u00edcula.<\/li>\n<\/ol>\n<\/div>\n","protected":false},"excerpt":{"rendered":"<p>Alumnat oficial -Nivells A1 a C1 curs 2024-2025 Les persones matriculades en un curs oficial del mateix idioma, en aquesta escola l\u2019any acad\u00e8mic immediatament anterior s\u00f3n &#8220;antic alumnat&#8221; i tenen prefer\u00e8ncia per matricular-se el curs seg\u00fcent. S\u2019han de matricular en aquest per\u00edode tots els alumnes del curs 2024-2025 que passen de curs o repeteixen. Calendari [&hellip;]<\/p>\n","protected":false},"author":1,"featured_media":0,"parent":8161,"menu_order":10,"comment_status":"closed","ping_status":"closed","template":"","meta":{"_bbp_topic_count":0,"_bbp_reply_count":0,"_bbp_total_topic_count":0,"_bbp_total_reply_count":0,"_bbp_voice_count":0,"_bbp_anonymous_reply_count":0,"_bbp_topic_count_hidden":0,"_bbp_reply_count_hidden":0,"_bbp_forum_subforum_count":0,"site-sidebar-layout":"default","site-content-layout":"","ast-site-content-layout":"default","site-content-style":"default","site-sidebar-style":"default","ast-global-header-display":"","ast-banner-title-visibility":"","ast-main-header-display":"","ast-hfb-above-header-display":"","ast-hfb-below-header-display":"","ast-hfb-mobile-header-display":"","site-post-title":"","ast-breadcrumbs-content":"","ast-featured-img":"","footer-sml-layout":"","theme-transparent-header-meta":"default","adv-header-id-meta":"","stick-header-meta":"","header-above-stick-meta":"","header-main-stick-meta":"","header-below-stick-meta":"","astra-migrate-meta-layouts":"set","ast-page-background-enabled":"default","ast-page-background-meta":{"desktop":{"background-color":"var(--ast-global-color-4)","background-image":"","background-repeat":"repeat","background-position":"center center","background-size":"auto","background-attachment":"scroll","background-type":"","background-media":"","overlay-type":"","overlay-color":"","overlay-opacity":"","overlay-gradient":""},"tablet":{"background-color":"","background-image":"","background-repeat":"repeat","background-position":"center center","background-size":"auto","background-attachment":"scroll","background-type":"","background-media":"","overlay-type":"","overlay-color":"","overlay-opacity":"","overlay-gradient":""},"mobile":{"background-color":"","background-image":"","background-repeat":"repeat","background-position":"center center","background-size":"auto","background-attachment":"scroll","background-type":"","background-media":"","overlay-type":"","overlay-color":"","overlay-opacity":"","overlay-gradient":""}},"ast-content-background-meta":{"desktop":{"background-color":"var(--ast-global-color-5)","background-image":"","background-repeat":"repeat","background-position":"center center","background-size":"auto","background-attachment":"scroll","background-type":"","background-media":"","overlay-type":"","overlay-color":"","overlay-opacity":"","overlay-gradient":""},"tablet":{"background-color":"var(--ast-global-color-5)","background-image":"","background-repeat":"repeat","background-position":"center center","background-size":"auto","background-attachment":"scroll","background-type":"","background-media":"","overlay-type":"","overlay-color":"","overlay-opacity":"","overlay-gradient":""},"mobile":{"background-color":"var(--ast-global-color-5)","background-image":"","background-repeat":"repeat","background-position":"center center","background-size":"auto","background-attachment":"scroll","background-type":"","background-media":"","overlay-type":"","overlay-color":"","overlay-opacity":"","overlay-gradient":""}},"footnotes":""},"class_list":["post-8164","page","type-page","status-publish","hentry"],"post_mailing_queue_ids":[],"_links":{"self":[{"href":"https:\/\/agora-eoi.xtec.cat\/eoisalou\/wp-json\/wp\/v2\/pages\/8164","targetHints":{"allow":["GET"]}}],"collection":[{"href":"https:\/\/agora-eoi.xtec.cat\/eoisalou\/wp-json\/wp\/v2\/pages"}],"about":[{"href":"https:\/\/agora-eoi.xtec.cat\/eoisalou\/wp-json\/wp\/v2\/types\/page"}],"author":[{"embeddable":true,"href":"https:\/\/agora-eoi.xtec.cat\/eoisalou\/wp-json\/wp\/v2\/users\/1"}],"replies":[{"embeddable":true,"href":"https:\/\/agora-eoi.xtec.cat\/eoisalou\/wp-json\/wp\/v2\/comments?post=8164"}],"version-history":[{"count":7,"href":"https:\/\/agora-eoi.xtec.cat\/eoisalou\/wp-json\/wp\/v2\/pages\/8164\/revisions"}],"predecessor-version":[{"id":10059,"href":"https:\/\/agora-eoi.xtec.cat\/eoisalou\/wp-json\/wp\/v2\/pages\/8164\/revisions\/10059"}],"up":[{"embeddable":true,"href":"https:\/\/agora-eoi.xtec.cat\/eoisalou\/wp-json\/wp\/v2\/pages\/8161"}],"wp:attachment":[{"href":"https:\/\/agora-eoi.xtec.cat\/eoisalou\/wp-json\/wp\/v2\/media?parent=8164"}],"curies":[{"name":"wp","href":"https:\/\/api.w.org\/{rel}","templated":true}]}}