{"id":8151,"date":"2016-06-08T16:42:13","date_gmt":"2016-06-08T15:42:13","guid":{"rendered":"http:\/\/agora-eoi.xtec.cat\/eoisalou\/?page_id=8151"},"modified":"2024-02-29T12:32:40","modified_gmt":"2024-02-29T11:32:40","slug":"cursos-oficials","status":"publish","type":"page","link":"https:\/\/agora-eoi.xtec.cat\/eoisalou\/cursos\/cursos-oficials\/","title":{"rendered":"Cursos Oficials"},"content":{"rendered":"<p style=\"text-align: justify;\">L\u2019EOI de Salou imparteix estudis d\u2019<strong>angl\u00e8s (fins a C1) i<\/strong>\u00a0<strong>franc\u00e8s<\/strong> <strong>(fins a B1)<\/strong> \u00a0en dos modalitats: cursos ordinaris i cursos semipresencials.<\/p>\n<p style=\"text-align: justify;\"><strong>GRUPS ordinaris <\/strong>(angl\u00e8s i franc\u00e8s). Dues sessions a la setmana de 2,15 h.<\/p>\n<p style=\"text-align: justify;\">L\u2019EOI de Salou imparteix <strong>els curs oficials ordinaris en horari altern <\/strong>(dilluns i dimecres o dimarts i dijous).<\/p>\n<ul style=\"text-align: justify;\">\n<li><strong>GRUPS A: <\/strong>dilluns i dimecres<\/li>\n<li><strong>GRUPS B:<\/strong> dimarts i dijous<\/li>\n<\/ul>\n<p style=\"text-align: justify;\"><strong>GRUPS<\/strong>\u00a0<strong>Semipresencials\u00a0<\/strong>(angl\u00e8s). Una sessi\u00f3 PRESENCIAL a la setmana de 2,15 h . La resta d\u2019hores, fins arribar a una quantitat equivalent a la dels cursos presencials, es far\u00e0 de manera aut\u00f2noma en l\u00ednia mitjan\u00e7ant la plataforma Moodle o llibre digital. Per fer aquesta part no presencial no cal connectar-se de manera sincr\u00f2nica.<\/p>\n<ul>\n<li style=\"text-align: justify;\">Cal estar familiaritzat amb les tecnologies i tenir un alt grau d\u2019autonomia.<\/li>\n<li style=\"text-align: justify;\">No saps si t\u2019anir\u00e0 b\u00e9 la modalitat de semipresencials? Respon a aquestes preguntes:<\/li>\n<li style=\"text-align: justify;\">Et resulta complicat venir a l\u2019escola dos cops per setmana?<\/li>\n<li style=\"text-align: justify;\">Tens capacitat d\u2019organitzaci\u00f3?<\/li>\n<li style=\"text-align: justify;\">Tens acc\u00e9s a un ordinador amb connexi\u00f3 a Internet?<\/li>\n<li style=\"text-align: justify;\">Si la teva resposta a aquestes preguntes \u00e9s S\u00cd, no ho dubtis, aquesta \u00e9s la teva modalitat!<\/li>\n<\/ul>\n<p style=\"text-align: justify;\"><strong>La matr\u00edcula oficial<\/strong> cobreix el dret a assistir a les classes i les taxes d&#8217;examen corresponent.<\/p>\n<p style=\"text-align: justify;\"><span style=\"color: #008080;\"><strong>HORARI DE CLASSE<\/strong><\/span><\/p>\n<p style=\"text-align: justify;\">La tria de l\u2019horari de classe es fa en el moment de formalitzar la matr\u00edcula, segons el torn d\u2019horari establert en el sorteig.<\/p>\n<p style=\"text-align: justify;\">Totes les classes es fan en horari de tarda-vespre en les seg\u00fcents franges hor\u00e0ries:<\/p>\n<ul style=\"text-align: justify;\">\n<li>16h a 18.15h<\/li>\n<li>18.30h a 20.45h<\/li>\n<\/ul>\n<p><span style=\"color: #008080;\"><strong>CURSOS I GRUPS PER IDIOMA I NIVELL\u00a0<\/strong><\/span><\/p>\n<p>Cursos i grups per idioma i nivell<\/p>\n<table style=\"width: 98.0553%; height: 302px;\" border=\"1\" cellspacing=\"1\" cellpadding=\"1\">\n<tbody>\n<tr style=\"height: 33px;\">\n<td style=\"height: 33px; width: 14.7664%;\"><\/td>\n<td style=\"height: 33px; width: 23.4338%;\" colspan=\"2\"><strong>NIVELL B\u00c0SIC \u00a0 \u00a0 \u00a0 \u00a0 \u00a0 \u00a0 \u00a0 \u00a0<\/strong><\/td>\n<td style=\"height: 33px; width: 19.1195%;\"><strong>NIVELL INTERMEDI B1<\/strong><\/td>\n<td style=\"width: 28.063%;\" colspan=\"2\"><strong>NIVELL INTERMEDI B2<\/strong><strong><br \/>\n<\/strong><\/td>\n<td style=\"width: 129.157%;\" colspan=\"2\"><strong>NIVELL AVAN\u00c7AT<\/strong><\/td>\n<\/tr>\n<tr style=\"height: 33px;\">\n<td style=\"height: 33px; width: 14.7664%;\"><strong>CURSOS<\/strong><\/td>\n<td style=\"height: 33px; width: 11.5006%;\"><strong>A1<\/strong><\/td>\n<td style=\"height: 33px; width: 11.9332%;\"><strong>A2<\/strong><\/td>\n<td style=\"height: 33px; width: 19.1195%;\"><strong>B1<\/strong><\/td>\n<td style=\"height: 33px; width: 13.2859%;\"><strong>B2.1<\/strong><\/td>\n<td style=\"height: 33px; width: 14.7771%;\"><strong>B2.2<\/strong><\/td>\n<td style=\"height: 33px; width: 31.4164%;\"><strong>C1<\/strong><\/td>\n<td style=\"width: 97.7409%; height: 33px;\"><strong>C2<\/strong><\/td>\n<\/tr>\n<tr style=\"height: 33px;\">\n<td style=\"height: 33px; width: 14.7664%;\"><strong>Idioma<\/strong><\/td>\n<td style=\"height: 33px; width: 102.033%;\" colspan=\"6\"><strong>Grups per nivells<\/strong><\/td>\n<td style=\"width: 97.7409%; height: 33px;\"><strong>\u00a0<\/strong><\/td>\n<\/tr>\n<tr style=\"height: 32px;\">\n<td style=\"height: 32px; width: 14.7664%;\">Angl\u00e8s<\/td>\n<td style=\"height: 32px; width: 11.5006%;\">1<\/td>\n<td style=\"height: 32px; width: 11.9332%;\">2<\/td>\n<td style=\"height: 32px; width: 19.1195%;\">2<\/td>\n<td style=\"height: 32px; width: 13.2859%;\">2 (inclou 1 semi presencial)<\/td>\n<td style=\"height: 32px; width: 14.7771%;\">2 (inclou 1 semi presencial)<\/td>\n<td style=\"height: 32px; width: 31.4164%;\">1 (semipresencial)<\/td>\n<td style=\"width: 97.7409%; height: 32px;\">&#8211;<\/td>\n<\/tr>\n<tr style=\"height: 32px;\">\n<td style=\"height: 32px; width: 14.7664%;\">Franc\u00e8s<\/td>\n<td style=\"height: 32px; width: 11.5006%;\">2<\/td>\n<td style=\"height: 32px; width: 11.9332%;\">1<\/td>\n<td style=\"height: 32px; width: 19.1195%;\">1<\/td>\n<td style=\"height: 32px; width: 13.2859%;\">&#8211;<\/td>\n<td style=\"height: 32px; width: 14.7771%;\">&#8211;<\/td>\n<td style=\"height: 32px; width: 31.4164%;\">&#8211;<\/td>\n<td style=\"width: 97.7409%; height: 32px;\">&#8211;<\/td>\n<\/tr>\n<tr style=\"height: 32px;\">\n<td style=\"height: 32px; width: 14.7664%;\"><\/td>\n<td style=\"height: 32px; width: 11.5006%;\"><\/td>\n<td style=\"height: 32px; width: 11.9332%;\"><\/td>\n<td style=\"height: 32px; width: 19.1195%;\"><\/td>\n<td style=\"height: 32px; width: 13.2859%;\"><\/td>\n<td style=\"height: 32px; width: 14.7771%;\"><\/td>\n<td style=\"height: 32px; width: 31.4164%;\"><\/td>\n<td style=\"width: 97.7409%; height: 32px;\"><\/td>\n<\/tr>\n<\/tbody>\n<\/table>\n","protected":false},"excerpt":{"rendered":"<p>L\u2019EOI de Salou imparteix estudis d\u2019angl\u00e8s (fins a C1) i\u00a0franc\u00e8s (fins a B1) \u00a0en dos modalitats: cursos ordinaris i cursos semipresencials. GRUPS ordinaris (angl\u00e8s i franc\u00e8s). Dues sessions a la setmana de 2,15 h. L\u2019EOI de Salou imparteix els curs oficials ordinaris en horari altern (dilluns i dimecres o dimarts i dijous). GRUPS A: dilluns [&hellip;]<\/p>\n","protected":false},"author":1,"featured_media":0,"parent":8149,"menu_order":10,"comment_status":"closed","ping_status":"closed","template":"page-templates\/side-menu.php","meta":{"_bbp_topic_count":0,"_bbp_reply_count":0,"_bbp_total_topic_count":0,"_bbp_total_reply_count":0,"_bbp_voice_count":0,"_bbp_anonymous_reply_count":0,"_bbp_topic_count_hidden":0,"_bbp_reply_count_hidden":0,"_bbp_forum_subforum_count":0,"site-sidebar-layout":"default","site-content-layout":"","ast-site-content-layout":"","site-content-style":"default","site-sidebar-style":"default","ast-global-header-display":"","ast-banner-title-visibility":"","ast-main-header-display":"","ast-hfb-above-header-display":"","ast-hfb-below-header-display":"","ast-hfb-mobile-header-display":"","site-post-title":"","ast-breadcrumbs-content":"","ast-featured-img":"","footer-sml-layout":"","theme-transparent-header-meta":"","adv-header-id-meta":"","stick-header-meta":"","header-above-stick-meta":"","header-main-stick-meta":"","header-below-stick-meta":"","astra-migrate-meta-layouts":"default","ast-page-background-enabled":"default","ast-page-background-meta":{"desktop":{"background-color":"var(--ast-global-color-4)","background-image":"","background-repeat":"repeat","background-position":"center center","background-size":"auto","background-attachment":"scroll","background-type":"","background-media":"","overlay-type":"","overlay-color":"","overlay-opacity":"","overlay-gradient":""},"tablet":{"background-color":"","background-image":"","background-repeat":"repeat","background-position":"center center","background-size":"auto","background-attachment":"scroll","background-type":"","background-media":"","overlay-type":"","overlay-color":"","overlay-opacity":"","overlay-gradient":""},"mobile":{"background-color":"","background-image":"","background-repeat":"repeat","background-position":"center center","background-size":"auto","background-attachment":"scroll","background-type":"","background-media":"","overlay-type":"","overlay-color":"","overlay-opacity":"","overlay-gradient":""}},"ast-content-background-meta":{"desktop":{"background-color":"var(--ast-global-color-5)","background-image":"","background-repeat":"repeat","background-position":"center center","background-size":"auto","background-attachment":"scroll","background-type":"","background-media":"","overlay-type":"","overlay-color":"","overlay-opacity":"","overlay-gradient":""},"tablet":{"background-color":"var(--ast-global-color-5)","background-image":"","background-repeat":"repeat","background-position":"center center","background-size":"auto","background-attachment":"scroll","background-type":"","background-media":"","overlay-type":"","overlay-color":"","overlay-opacity":"","overlay-gradient":""},"mobile":{"background-color":"var(--ast-global-color-5)","background-image":"","background-repeat":"repeat","background-position":"center center","background-size":"auto","background-attachment":"scroll","background-type":"","background-media":"","overlay-type":"","overlay-color":"","overlay-opacity":"","overlay-gradient":""}},"footnotes":""},"class_list":["post-8151","page","type-page","status-publish","hentry"],"post_mailing_queue_ids":[],"_links":{"self":[{"href":"https:\/\/agora-eoi.xtec.cat\/eoisalou\/wp-json\/wp\/v2\/pages\/8151","targetHints":{"allow":["GET"]}}],"collection":[{"href":"https:\/\/agora-eoi.xtec.cat\/eoisalou\/wp-json\/wp\/v2\/pages"}],"about":[{"href":"https:\/\/agora-eoi.xtec.cat\/eoisalou\/wp-json\/wp\/v2\/types\/page"}],"author":[{"embeddable":true,"href":"https:\/\/agora-eoi.xtec.cat\/eoisalou\/wp-json\/wp\/v2\/users\/1"}],"replies":[{"embeddable":true,"href":"https:\/\/agora-eoi.xtec.cat\/eoisalou\/wp-json\/wp\/v2\/comments?post=8151"}],"version-history":[{"count":6,"href":"https:\/\/agora-eoi.xtec.cat\/eoisalou\/wp-json\/wp\/v2\/pages\/8151\/revisions"}],"predecessor-version":[{"id":9496,"href":"https:\/\/agora-eoi.xtec.cat\/eoisalou\/wp-json\/wp\/v2\/pages\/8151\/revisions\/9496"}],"up":[{"embeddable":true,"href":"https:\/\/agora-eoi.xtec.cat\/eoisalou\/wp-json\/wp\/v2\/pages\/8149"}],"wp:attachment":[{"href":"https:\/\/agora-eoi.xtec.cat\/eoisalou\/wp-json\/wp\/v2\/media?parent=8151"}],"curies":[{"name":"wp","href":"https:\/\/api.w.org\/{rel}","templated":true}]}}