{"id":608,"date":"2023-11-27T10:04:51","date_gmt":"2023-11-27T09:04:51","guid":{"rendered":"http:\/\/agora-eoi.xtec.cat\/eoisalou\/?page_id=608"},"modified":"2025-09-04T10:15:35","modified_gmt":"2025-09-04T08:15:35","slug":"horari-i-calendari","status":"publish","type":"page","link":"https:\/\/agora-eoi.xtec.cat\/eoisalou\/el-servei-educatiu\/horari-i-calendari\/","title":{"rendered":"Horari i calendari"},"content":{"rendered":"<p><a href=\"http:\/\/agora-eoi.xtec.cat\/eoisalou\/wp-content\/uploads\/usu2266\/2016\/06\/Clock-96.png\" rel=\"attachment wp-att-8695\"><img loading=\"lazy\" decoding=\"async\" class=\"wp-image-8695 alignright\" src=\"http:\/\/agora-eoi.xtec.cat\/eoisalou\/wp-content\/uploads\/usu2266\/2016\/06\/Clock-96.png\" alt=\"Clock-96\" width=\"67\" height=\"67\" \/><\/a><\/p>\n<p><strong><a href=\"https:\/\/agora-eoi.xtec.cat\/eoisalou\/wp-content\/uploads\/usu2266\/2023\/11\/1443339_orig.png\"><img loading=\"lazy\" decoding=\"async\" class=\"alignleft wp-image-9237 size-thumbnail\" src=\"https:\/\/agora-eoi.xtec.cat\/eoisalou\/wp-content\/uploads\/usu2266\/2023\/11\/1443339_orig-150x150.png\" alt=\"\" width=\"150\" height=\"150\" srcset=\"https:\/\/agora-eoi.xtec.cat\/eoisalou\/wp-content\/uploads\/usu2266\/2023\/11\/1443339_orig-150x150.png 150w, https:\/\/agora-eoi.xtec.cat\/eoisalou\/wp-content\/uploads\/usu2266\/2023\/11\/1443339_orig.png 256w\" sizes=\"auto, (max-width: 150px) 100vw, 150px\" \/><\/a><\/strong><\/p>\n<h6><span style=\"color: #008080;\"><strong>Horari lectiu<\/strong><\/span><\/h6>\n<p>Per consultar l&#8217;horari lectiu de les classes clica <a href=\"https:\/\/drive.google.com\/file\/d\/1ffYblcI8AwOjRB1-QI3pSJtpBCwO1FUp\/view?usp=sharing\"><span style=\"text-decoration: underline;\"><strong>aqu\u00ed<\/strong><\/span><\/a><\/p>\n<p>&nbsp;<\/p>\n<h6><strong><span style=\"color: #008080;\">Calendari del curs 2025-26<\/span><\/strong><\/h6>\n<p><a href=\"https:\/\/agora-eoi.xtec.cat\/eoisalou\/wp-content\/uploads\/usu2266\/2023\/11\/url-1-e1699398499206.jpg\"><img loading=\"lazy\" decoding=\"async\" class=\"alignleft size-full wp-image-9244\" src=\"https:\/\/agora-eoi.xtec.cat\/eoisalou\/wp-content\/uploads\/usu2266\/2023\/11\/url-1-e1699398499206.jpg\" alt=\"\" width=\"160\" height=\"210\" \/><\/a>Inici de les classes:\u00a0 \u00a0<strong>A partir del 22 de setembre<\/strong>.<\/p>\n<p>Vacances de Nadal: <strong>del 20 de desembre de 2025\u00a0 al 7 de gener de 2026 ambd\u00f3s inclosos.<\/strong><\/p>\n<p>Vacances de Setmana Santa: <strong>del 28 mar\u00e7 al 6 d&#8217;abril de 2026 ambd\u00f3s inclosos.<\/strong><\/p>\n<p>L&#8217;escola romandr\u00e0 tancada al p\u00fablic, a part dels per\u00edodes de vacances escolars i dels dies de festes laborals oficials a Catalunya, els seg\u00fcents dies de festa local i de lliure disposici\u00f3, acordats pel Consell Escolar Municipal de Salou.<\/p>\n<p>Dies festius i de lliure disposici\u00f3 del centre: <strong>30 i 31 d&#8217;octubre, 8 de desembre de 2025, 30 de gener, 6 i 9 de febrer, 1 i 4\u00a0 de maig de 2026.<\/strong><\/p>\n<p>&nbsp;<\/p>\n<p><strong>Altres horaris\u00a0<a href=\"http:\/\/agora-eoi.xtec.cat\/eoisalou\/wp-content\/uploads\/usu2266\/2016\/06\/Clock-96.png\" rel=\"attachment wp-att-8695\"><img loading=\"lazy\" decoding=\"async\" class=\" wp-image-8695 alignright\" src=\"http:\/\/agora-eoi.xtec.cat\/eoisalou\/wp-content\/uploads\/usu2266\/2016\/06\/Clock-96.png\" alt=\"Clock-96\" width=\"69\" height=\"69\" \/><\/a><\/strong><\/p>\n<ul>\n<li>Per consultar l&#8217;horari de <strong>Secretaria<\/strong>, aneu <a href=\"http:\/\/agora-eoi.xtec.cat\/eoisalou\/secretaria\/horari\/\">aqu\u00ed<\/a>.<\/li>\n<\/ul>\n<p><a href=\"http:\/\/agora-eoi.xtec.cat\/eoisalou\/wp-content\/uploads\/usu2266\/2015\/11\/Calendar-96.png\" rel=\"attachment wp-att-8795\"><img loading=\"lazy\" decoding=\"async\" class=\" wp-image-8795 alignright\" src=\"http:\/\/agora-eoi.xtec.cat\/eoisalou\/wp-content\/uploads\/usu2266\/2015\/11\/Calendar-96.png\" alt=\"Calendar-96\" width=\"64\" height=\"64\" \/><\/a><\/p>\n<p>&nbsp;<\/p>\n","protected":false},"excerpt":{"rendered":"<p>Horari lectiu Per consultar l&#8217;horari lectiu de les classes clica aqu\u00ed &nbsp; Calendari del curs 2025-26 Inici de les classes:\u00a0 \u00a0A partir del 22 de setembre. Vacances de Nadal: del 20 de desembre de 2025\u00a0 al 7 de gener de 2026 ambd\u00f3s inclosos. Vacances de Setmana Santa: del 28 mar\u00e7 al 6 d&#8217;abril de 2026 [&hellip;]<\/p>\n","protected":false},"author":1,"featured_media":0,"parent":806,"menu_order":30,"comment_status":"closed","ping_status":"closed","template":"","meta":{"_bbp_topic_count":0,"_bbp_reply_count":0,"_bbp_total_topic_count":0,"_bbp_total_reply_count":0,"_bbp_voice_count":0,"_bbp_anonymous_reply_count":0,"_bbp_topic_count_hidden":0,"_bbp_reply_count_hidden":0,"_bbp_forum_subforum_count":0,"site-sidebar-layout":"default","site-content-layout":"","ast-site-content-layout":"default","site-content-style":"default","site-sidebar-style":"default","ast-global-header-display":"","ast-banner-title-visibility":"","ast-main-header-display":"","ast-hfb-above-header-display":"","ast-hfb-below-header-display":"","ast-hfb-mobile-header-display":"","site-post-title":"","ast-breadcrumbs-content":"","ast-featured-img":"","footer-sml-layout":"","theme-transparent-header-meta":"default","adv-header-id-meta":"","stick-header-meta":"","header-above-stick-meta":"","header-main-stick-meta":"","header-below-stick-meta":"","astra-migrate-meta-layouts":"set","ast-page-background-enabled":"default","ast-page-background-meta":{"desktop":{"background-color":"var(--ast-global-color-4)","background-image":"","background-repeat":"repeat","background-position":"center center","background-size":"auto","background-attachment":"scroll","background-type":"","background-media":"","overlay-type":"","overlay-color":"","overlay-opacity":"","overlay-gradient":""},"tablet":{"background-color":"","background-image":"","background-repeat":"repeat","background-position":"center center","background-size":"auto","background-attachment":"scroll","background-type":"","background-media":"","overlay-type":"","overlay-color":"","overlay-opacity":"","overlay-gradient":""},"mobile":{"background-color":"","background-image":"","background-repeat":"repeat","background-position":"center center","background-size":"auto","background-attachment":"scroll","background-type":"","background-media":"","overlay-type":"","overlay-color":"","overlay-opacity":"","overlay-gradient":""}},"ast-content-background-meta":{"desktop":{"background-color":"var(--ast-global-color-5)","background-image":"","background-repeat":"repeat","background-position":"center center","background-size":"auto","background-attachment":"scroll","background-type":"","background-media":"","overlay-type":"","overlay-color":"","overlay-opacity":"","overlay-gradient":""},"tablet":{"background-color":"var(--ast-global-color-5)","background-image":"","background-repeat":"repeat","background-position":"center center","background-size":"auto","background-attachment":"scroll","background-type":"","background-media":"","overlay-type":"","overlay-color":"","overlay-opacity":"","overlay-gradient":""},"mobile":{"background-color":"var(--ast-global-color-5)","background-image":"","background-repeat":"repeat","background-position":"center center","background-size":"auto","background-attachment":"scroll","background-type":"","background-media":"","overlay-type":"","overlay-color":"","overlay-opacity":"","overlay-gradient":""}},"footnotes":""},"class_list":["post-608","page","type-page","status-publish","hentry"],"post_mailing_queue_ids":[],"_links":{"self":[{"href":"https:\/\/agora-eoi.xtec.cat\/eoisalou\/wp-json\/wp\/v2\/pages\/608","targetHints":{"allow":["GET"]}}],"collection":[{"href":"https:\/\/agora-eoi.xtec.cat\/eoisalou\/wp-json\/wp\/v2\/pages"}],"about":[{"href":"https:\/\/agora-eoi.xtec.cat\/eoisalou\/wp-json\/wp\/v2\/types\/page"}],"author":[{"embeddable":true,"href":"https:\/\/agora-eoi.xtec.cat\/eoisalou\/wp-json\/wp\/v2\/users\/1"}],"replies":[{"embeddable":true,"href":"https:\/\/agora-eoi.xtec.cat\/eoisalou\/wp-json\/wp\/v2\/comments?post=608"}],"version-history":[{"count":7,"href":"https:\/\/agora-eoi.xtec.cat\/eoisalou\/wp-json\/wp\/v2\/pages\/608\/revisions"}],"predecessor-version":[{"id":10263,"href":"https:\/\/agora-eoi.xtec.cat\/eoisalou\/wp-json\/wp\/v2\/pages\/608\/revisions\/10263"}],"up":[{"embeddable":true,"href":"https:\/\/agora-eoi.xtec.cat\/eoisalou\/wp-json\/wp\/v2\/pages\/806"}],"wp:attachment":[{"href":"https:\/\/agora-eoi.xtec.cat\/eoisalou\/wp-json\/wp\/v2\/media?parent=608"}],"curies":[{"name":"wp","href":"https:\/\/api.w.org\/{rel}","templated":true}]}}