{"id":10303,"date":"2025-10-20T09:59:26","date_gmt":"2025-10-20T07:59:26","guid":{"rendered":"https:\/\/agora-eoi.xtec.cat\/eoisalou\/?page_id=10303"},"modified":"2026-02-20T12:47:35","modified_gmt":"2026-02-20T11:47:35","slug":"absencies-del-professorat","status":"publish","type":"page","link":"https:\/\/agora-eoi.xtec.cat\/eoisalou\/absencies-del-professorat\/","title":{"rendered":"Abs\u00e8ncies del professorat"},"content":{"rendered":"<p>&nbsp;<\/p>\n<div class=\"entry-content clear\" data-ast-blocks-layout=\"true\">\n<table>\n<tbody>\n<tr>\n<td><strong>IDIOMA<\/strong><\/td>\n<td><strong>PROFESSOR\/A<\/strong><\/td>\n<td><strong>DATA<\/strong><\/td>\n<td><strong>GRUPS<\/strong><\/td>\n<td><strong>OBSERVACIONS<\/strong><\/td>\n<\/tr>\n<tr>\n<td><\/td>\n<td><\/td>\n<td><\/td>\n<td><\/td>\n<td><\/td>\n<\/tr>\n<tr>\n<td><\/td>\n<td><\/td>\n<td><\/td>\n<td><\/td>\n<td><\/td>\n<\/tr>\n<tr>\n<td><\/td>\n<td><\/td>\n<td><\/td>\n<td><\/td>\n<td><\/td>\n<\/tr>\n<\/tbody>\n<\/table>\n<hr \/>\n<p>Durant aquest curs el Departament d\u2019Educaci\u00f3 no cobrir\u00e0 vacants per abs\u00e8ncies del professorat fins al 6\u00e8 dia lectiu. <span class=\"gmail_default\">Us recomanen\u00a0c<\/span>onsult<span class=\"gmail_default\">ar<\/span> el vostre moodle, on trobareu feina per fer.<\/p>\n<\/div>\n","protected":false},"excerpt":{"rendered":"<p>&nbsp; IDIOMA PROFESSOR\/A DATA GRUPS OBSERVACIONS Durant aquest curs el Departament d\u2019Educaci\u00f3 no cobrir\u00e0 vacants per abs\u00e8ncies del professorat fins al 6\u00e8 dia lectiu. Us recomanen\u00a0consultar el vostre moodle, on trobareu feina per fer.<\/p>\n","protected":false},"author":1,"featured_media":0,"parent":0,"menu_order":0,"comment_status":"closed","ping_status":"closed","template":"","meta":{"_bbp_topic_count":0,"_bbp_reply_count":0,"_bbp_total_topic_count":0,"_bbp_total_reply_count":0,"_bbp_voice_count":0,"_bbp_anonymous_reply_count":0,"_bbp_topic_count_hidden":0,"_bbp_reply_count_hidden":0,"_bbp_forum_subforum_count":0,"site-sidebar-layout":"default","site-content-layout":"","ast-site-content-layout":"default","site-content-style":"default","site-sidebar-style":"default","ast-global-header-display":"","ast-banner-title-visibility":"","ast-main-header-display":"","ast-hfb-above-header-display":"","ast-hfb-below-header-display":"","ast-hfb-mobile-header-display":"","site-post-title":"","ast-breadcrumbs-content":"","ast-featured-img":"","footer-sml-layout":"","theme-transparent-header-meta":"default","adv-header-id-meta":"","stick-header-meta":"","header-above-stick-meta":"","header-main-stick-meta":"","header-below-stick-meta":"","astra-migrate-meta-layouts":"set","ast-page-background-enabled":"default","ast-page-background-meta":{"desktop":{"background-color":"var(--ast-global-color-4)","background-image":"","background-repeat":"repeat","background-position":"center center","background-size":"auto","background-attachment":"scroll","background-type":"","background-media":"","overlay-type":"","overlay-color":"","overlay-opacity":"","overlay-gradient":""},"tablet":{"background-color":"","background-image":"","background-repeat":"repeat","background-position":"center center","background-size":"auto","background-attachment":"scroll","background-type":"","background-media":"","overlay-type":"","overlay-color":"","overlay-opacity":"","overlay-gradient":""},"mobile":{"background-color":"","background-image":"","background-repeat":"repeat","background-position":"center center","background-size":"auto","background-attachment":"scroll","background-type":"","background-media":"","overlay-type":"","overlay-color":"","overlay-opacity":"","overlay-gradient":""}},"ast-content-background-meta":{"desktop":{"background-color":"var(--ast-global-color-5)","background-image":"","background-repeat":"repeat","background-position":"center center","background-size":"auto","background-attachment":"scroll","background-type":"","background-media":"","overlay-type":"","overlay-color":"","overlay-opacity":"","overlay-gradient":""},"tablet":{"background-color":"var(--ast-global-color-5)","background-image":"","background-repeat":"repeat","background-position":"center center","background-size":"auto","background-attachment":"scroll","background-type":"","background-media":"","overlay-type":"","overlay-color":"","overlay-opacity":"","overlay-gradient":""},"mobile":{"background-color":"var(--ast-global-color-5)","background-image":"","background-repeat":"repeat","background-position":"center center","background-size":"auto","background-attachment":"scroll","background-type":"","background-media":"","overlay-type":"","overlay-color":"","overlay-opacity":"","overlay-gradient":""}},"footnotes":""},"class_list":["post-10303","page","type-page","status-publish","hentry"],"post_mailing_queue_ids":[],"_links":{"self":[{"href":"https:\/\/agora-eoi.xtec.cat\/eoisalou\/wp-json\/wp\/v2\/pages\/10303","targetHints":{"allow":["GET"]}}],"collection":[{"href":"https:\/\/agora-eoi.xtec.cat\/eoisalou\/wp-json\/wp\/v2\/pages"}],"about":[{"href":"https:\/\/agora-eoi.xtec.cat\/eoisalou\/wp-json\/wp\/v2\/types\/page"}],"author":[{"embeddable":true,"href":"https:\/\/agora-eoi.xtec.cat\/eoisalou\/wp-json\/wp\/v2\/users\/1"}],"replies":[{"embeddable":true,"href":"https:\/\/agora-eoi.xtec.cat\/eoisalou\/wp-json\/wp\/v2\/comments?post=10303"}],"version-history":[{"count":6,"href":"https:\/\/agora-eoi.xtec.cat\/eoisalou\/wp-json\/wp\/v2\/pages\/10303\/revisions"}],"predecessor-version":[{"id":10405,"href":"https:\/\/agora-eoi.xtec.cat\/eoisalou\/wp-json\/wp\/v2\/pages\/10303\/revisions\/10405"}],"wp:attachment":[{"href":"https:\/\/agora-eoi.xtec.cat\/eoisalou\/wp-json\/wp\/v2\/media?parent=10303"}],"curies":[{"name":"wp","href":"https:\/\/api.w.org\/{rel}","templated":true}]}}