{"id":10270,"date":"2025-09-17T14:02:48","date_gmt":"2025-09-17T12:02:48","guid":{"rendered":"https:\/\/agora-eoi.xtec.cat\/eoisalou\/?page_id=10270"},"modified":"2025-09-17T20:17:54","modified_gmt":"2025-09-17T18:17:54","slug":"cursos-dactualitzacio","status":"publish","type":"page","link":"https:\/\/agora-eoi.xtec.cat\/eoisalou\/cursos\/cursos-dactualitzacio\/","title":{"rendered":"Cursos d\u2019actualitzaci\u00f3"},"content":{"rendered":"<h5><b><span style=\"color: #008080;\"><strong>VINE a l&#8217;EOI de Salou i recupera el teu nivell de llengua!<\/strong><\/span><\/b><\/h5>\n<h6><\/h6>\n<h6 style=\"text-align: justify;\"><strong><a href=\"https:\/\/agora-eoi.xtec.cat\/eoisalou\/wp-content\/uploads\/usu2266\/2025\/09\/cerrar-las-manos-escribiendo-en-el-teclado-scaled.jpg\"><img loading=\"lazy\" decoding=\"async\" class=\"wp-image-10275 size-medium alignleft\" src=\"https:\/\/agora-eoi.xtec.cat\/eoisalou\/wp-content\/uploads\/usu2266\/2025\/09\/cerrar-las-manos-escribiendo-en-el-teclado-300x200.jpg\" alt=\"\" width=\"300\" height=\"200\" srcset=\"https:\/\/agora-eoi.xtec.cat\/eoisalou\/wp-content\/uploads\/usu2266\/2025\/09\/cerrar-las-manos-escribiendo-en-el-teclado-300x200.jpg 300w, https:\/\/agora-eoi.xtec.cat\/eoisalou\/wp-content\/uploads\/usu2266\/2025\/09\/cerrar-las-manos-escribiendo-en-el-teclado-1024x684.jpg 1024w, https:\/\/agora-eoi.xtec.cat\/eoisalou\/wp-content\/uploads\/usu2266\/2025\/09\/cerrar-las-manos-escribiendo-en-el-teclado-768x513.jpg 768w, https:\/\/agora-eoi.xtec.cat\/eoisalou\/wp-content\/uploads\/usu2266\/2025\/09\/cerrar-las-manos-escribiendo-en-el-teclado-1536x1025.jpg 1536w, https:\/\/agora-eoi.xtec.cat\/eoisalou\/wp-content\/uploads\/usu2266\/2025\/09\/cerrar-las-manos-escribiendo-en-el-teclado-2048x1367.jpg 2048w\" sizes=\"auto, (max-width: 300px) 100vw, 300px\" \/><\/a>Qui s&#8217;hi pot apuntar?<\/strong><\/h6>\n<p style=\"text-align: justify;\">Les persones que ja hagin cursat i superat amb anterioritat un curs i vulguin actualitzar-ne els coneixements, poden sol\u00b7licitar matricular-se en l&#8217;\u00faltim curs fet o en qualsevol dels cursos inferiors els hagin o no cursat, o superat. Tamb\u00e9 poden inscriure&#8217;s en un curs d&#8217;actualitzaci\u00f3 de coneixements els i les alumnes que hagin cursat i superat amb anterioritat cursos de nivell A1 i A2 als centres de formaci\u00f3 d&#8217;adults. Igualment, poden inscriure&#8217;s en cursos d&#8217;actualitzaci\u00f3 les persones que s&#8217;hagin presentat a les proves lliures i hagin obtingut el certificat corresponent en els mateixos termes. En tots els casos, la formalitzaci\u00f3 de la matr\u00edcula sempre queda condicionada a la disponibilitat de places lliures dins el grup sol\u00b7licitat.<br \/>\n<strong>Actualment, ja no cal deixar dos anys d&#8217;espera, des de la superaci\u00f3 del curs. Ara ja poden ser anys consecutius.<\/strong><\/p>\n<h6><\/h6>\n<h6 style=\"text-align: justify;\"><strong>Qu\u00e8 he de fer?<\/strong><\/h6>\n<p style=\"text-align: justify;\">Presentar la <strong><a href=\"https:\/\/agora-eoi.xtec.cat\/eoisalou\/docs\/matricula-actualitzacio-coneixements\/\">sol\u00b7licitud<\/a><\/strong>\u00a0 de la matr\u00edcula d&#8217;actualitzaci\u00f3 al <strong><a href=\"e3011200@xtec.cat\">correu<\/a><\/strong> del centre. Nom\u00e9s podr\u00e0s accedir a grups en qu\u00e8 existeixin vacants una vegada finalitzat el proc\u00e9s de matr\u00edcula oficial. La sol\u00b7licitud ser\u00e0 v\u00e0lida \u00fanicament per al curs acad\u00e8mic en qu\u00e8 se sol\u00b7liciti, i s&#8217;haur\u00e0 de tornar a presentar per a cursos acad\u00e8mics posteriors.<\/p>\n<p style=\"text-align: justify;\">Pels interessats que provenen dels centres de formaci\u00f3 d&#8217;adults, aix\u00ed com, els candidats lliures i oficials d&#8217;altres centres EOI caldr\u00e0 que disposin d&#8217;un certificat acad\u00e8mic a l&#8217;hora de fer la matr\u00edcula. Aquest certificat l&#8217;hauran de sol\u00b7licitar amb anterioritat al centre d&#8217;origen. L&#8217;antic alumnat EOI Salou o els candidats lliures d&#8217;EOI Salou, no cal aportar cap mena de certificat.<\/p>\n<h6><strong>Quina nota tindr\u00e9?<\/strong><\/h6>\n<p>Aquest tipus de matr\u00edcula no tindr\u00e0 efectes acad\u00e8mics ni donar\u00e0 lloc a cap certificaci\u00f3 oficial. La qualificaci\u00f3 que es far\u00e0 constar en l&#8217;expedient acad\u00e8mic de l&#8217;alumnat ser\u00e0 <strong>&#8220;No qualificat\/da&#8221;<\/strong>.<\/p>\n<h6><strong>Obtindr\u00e9 un nou certificat?<\/strong><\/h6>\n<p>L&#8217;alumnat en aquesta situaci\u00f3 acad\u00e8mica podr\u00e0 sol\u00b7licitar un certificat d&#8217;actualitzaci\u00f3 al centre on estigui matriculat, per\u00f2 no una nova expedici\u00f3 del certificat assolit anteriorment.<\/p>\n<h6><strong>Quin preu t\u00e9 la matr\u00edcula d&#8217;actualitzaci\u00f3?<\/strong><\/h6>\n<p>Aquest alumnat pagar\u00e0 la taxa o el preu p\u00fablic corresponent segons nivell, sense penalitzaci\u00f3 per repetici\u00f3. \u00a0<a href=\"https:\/\/agora-eoi.xtec.cat\/eoisalou\/secretaria\/matricula\/taxes-i-preus-publics\/\">PREU DE LA MATR\u00cdCULA EOI<\/a><\/p>\n<h6><strong>Quan em podr\u00e9 matricular?<\/strong><\/h6>\n<p style=\"text-align: justify;\">Les persones que vulguin fer una matr\u00edcula d&#8217;actualitzaci\u00f3\u00a0<u><strong>podran sol\u00b7licitar i realitzar\u200b\u200b\u200b\u200b la matr\u00edcula \u00a0un cop acabada la matr\u00edcula ordin\u00e0ria de nou alumnat de setembre, sempre que quedin places vacants.<\/strong><\/u><\/p>\n<p><span style=\"color: #ff0000;\">Per a m\u00e9s informaci\u00f3, fes-nos arribar la teva consulta mitjan\u00e7ant l&#8217;adre\u00e7a electr\u00f2nica <strong><strong><a href=\"mailto:eoisalou@xtec.cat\">eoisalou@xtec.cat<\/a><\/strong><\/strong><\/span><\/p>\n<h4 style=\"text-align: center;\"><\/h4>\n","protected":false},"excerpt":{"rendered":"<p>VINE a l&#8217;EOI de Salou i recupera el teu nivell de llengua! Qui s&#8217;hi pot apuntar? Les persones que ja hagin cursat i superat amb anterioritat un curs i vulguin actualitzar-ne els coneixements, poden sol\u00b7licitar matricular-se en l&#8217;\u00faltim curs fet o en qualsevol dels cursos inferiors els hagin o no cursat, o superat. Tamb\u00e9 poden [&hellip;]<\/p>\n","protected":false},"author":1,"featured_media":0,"parent":8149,"menu_order":20,"comment_status":"closed","ping_status":"closed","template":"","meta":{"_bbp_topic_count":0,"_bbp_reply_count":0,"_bbp_total_topic_count":0,"_bbp_total_reply_count":0,"_bbp_voice_count":0,"_bbp_anonymous_reply_count":0,"_bbp_topic_count_hidden":0,"_bbp_reply_count_hidden":0,"_bbp_forum_subforum_count":0,"site-sidebar-layout":"default","site-content-layout":"","ast-site-content-layout":"default","site-content-style":"default","site-sidebar-style":"default","ast-global-header-display":"","ast-banner-title-visibility":"","ast-main-header-display":"","ast-hfb-above-header-display":"","ast-hfb-below-header-display":"","ast-hfb-mobile-header-display":"","site-post-title":"","ast-breadcrumbs-content":"","ast-featured-img":"","footer-sml-layout":"","theme-transparent-header-meta":"default","adv-header-id-meta":"","stick-header-meta":"","header-above-stick-meta":"","header-main-stick-meta":"","header-below-stick-meta":"","astra-migrate-meta-layouts":"set","ast-page-background-enabled":"default","ast-page-background-meta":{"desktop":{"background-color":"var(--ast-global-color-4)","background-image":"","background-repeat":"repeat","background-position":"center center","background-size":"auto","background-attachment":"scroll","background-type":"","background-media":"","overlay-type":"","overlay-color":"","overlay-opacity":"","overlay-gradient":""},"tablet":{"background-color":"","background-image":"","background-repeat":"repeat","background-position":"center center","background-size":"auto","background-attachment":"scroll","background-type":"","background-media":"","overlay-type":"","overlay-color":"","overlay-opacity":"","overlay-gradient":""},"mobile":{"background-color":"","background-image":"","background-repeat":"repeat","background-position":"center center","background-size":"auto","background-attachment":"scroll","background-type":"","background-media":"","overlay-type":"","overlay-color":"","overlay-opacity":"","overlay-gradient":""}},"ast-content-background-meta":{"desktop":{"background-color":"var(--ast-global-color-5)","background-image":"","background-repeat":"repeat","background-position":"center center","background-size":"auto","background-attachment":"scroll","background-type":"","background-media":"","overlay-type":"","overlay-color":"","overlay-opacity":"","overlay-gradient":""},"tablet":{"background-color":"var(--ast-global-color-5)","background-image":"","background-repeat":"repeat","background-position":"center center","background-size":"auto","background-attachment":"scroll","background-type":"","background-media":"","overlay-type":"","overlay-color":"","overlay-opacity":"","overlay-gradient":""},"mobile":{"background-color":"var(--ast-global-color-5)","background-image":"","background-repeat":"repeat","background-position":"center center","background-size":"auto","background-attachment":"scroll","background-type":"","background-media":"","overlay-type":"","overlay-color":"","overlay-opacity":"","overlay-gradient":""}},"footnotes":""},"class_list":["post-10270","page","type-page","status-publish","hentry"],"post_mailing_queue_ids":[],"_links":{"self":[{"href":"https:\/\/agora-eoi.xtec.cat\/eoisalou\/wp-json\/wp\/v2\/pages\/10270","targetHints":{"allow":["GET"]}}],"collection":[{"href":"https:\/\/agora-eoi.xtec.cat\/eoisalou\/wp-json\/wp\/v2\/pages"}],"about":[{"href":"https:\/\/agora-eoi.xtec.cat\/eoisalou\/wp-json\/wp\/v2\/types\/page"}],"author":[{"embeddable":true,"href":"https:\/\/agora-eoi.xtec.cat\/eoisalou\/wp-json\/wp\/v2\/users\/1"}],"replies":[{"embeddable":true,"href":"https:\/\/agora-eoi.xtec.cat\/eoisalou\/wp-json\/wp\/v2\/comments?post=10270"}],"version-history":[{"count":6,"href":"https:\/\/agora-eoi.xtec.cat\/eoisalou\/wp-json\/wp\/v2\/pages\/10270\/revisions"}],"predecessor-version":[{"id":10283,"href":"https:\/\/agora-eoi.xtec.cat\/eoisalou\/wp-json\/wp\/v2\/pages\/10270\/revisions\/10283"}],"up":[{"embeddable":true,"href":"https:\/\/agora-eoi.xtec.cat\/eoisalou\/wp-json\/wp\/v2\/pages\/8149"}],"wp:attachment":[{"href":"https:\/\/agora-eoi.xtec.cat\/eoisalou\/wp-json\/wp\/v2\/media?parent=10270"}],"curies":[{"name":"wp","href":"https:\/\/api.w.org\/{rel}","templated":true}]}}