{"id":9595,"date":"2017-05-12T11:03:34","date_gmt":"2017-05-12T09:03:34","guid":{"rendered":"http:\/\/agora-eoi.xtec.cat\/eoisabadell\/?page_id=9595"},"modified":"2021-07-22T21:37:32","modified_gmt":"2021-07-22T19:37:32","slug":"taula-dequivalencies-dangles","status":"publish","type":"page","link":"https:\/\/agora-eoi.xtec.cat\/eoisabadell\/angles-2\/taula-dequivalencies-dangles\/","title":{"rendered":"Taula d&#8217;equival\u00e8ncies d&#8217;angl\u00e8s"},"content":{"rendered":"<p>Consulteu la p\u00e0gina web oficial de la Generalitat de Catalunya clicant <a href=\"https:\/\/www.sindicat.net\/media\/main\/uploads\/2021\/06\/09\/1856439.pdf\">aqu\u00ed<\/a><\/p>\n","protected":false},"excerpt":{"rendered":"<p>Consulteu la p\u00e0gina web oficial de la Generalitat de Catalunya clicant <a href=\"https:\/\/www.sindicat.net\/media\/main\/uploads\/2021\/06\/09\/1856439.pdf\">aqu\u00ed<\/a><\/p>\n","protected":false},"author":7,"featured_media":0,"parent":9066,"menu_order":4,"comment_status":"closed","ping_status":"closed","template":"","meta":{"_bbp_topic_count":0,"_bbp_reply_count":0,"_bbp_total_topic_count":0,"_bbp_total_reply_count":0,"_bbp_voice_count":0,"_bbp_anonymous_reply_count":0,"_bbp_topic_count_hidden":0,"_bbp_reply_count_hidden":0,"_bbp_forum_subforum_count":0,"footnotes":""},"class_list":["post-9595","page","type-page","status-publish","hentry"],"post_mailing_queue_ids":[],"_links":{"self":[{"href":"https:\/\/agora-eoi.xtec.cat\/eoisabadell\/wp-json\/wp\/v2\/pages\/9595","targetHints":{"allow":["GET"]}}],"collection":[{"href":"https:\/\/agora-eoi.xtec.cat\/eoisabadell\/wp-json\/wp\/v2\/pages"}],"about":[{"href":"https:\/\/agora-eoi.xtec.cat\/eoisabadell\/wp-json\/wp\/v2\/types\/page"}],"author":[{"embeddable":true,"href":"https:\/\/agora-eoi.xtec.cat\/eoisabadell\/wp-json\/wp\/v2\/users\/7"}],"replies":[{"embeddable":true,"href":"https:\/\/agora-eoi.xtec.cat\/eoisabadell\/wp-json\/wp\/v2\/comments?post=9595"}],"version-history":[{"count":3,"href":"https:\/\/agora-eoi.xtec.cat\/eoisabadell\/wp-json\/wp\/v2\/pages\/9595\/revisions"}],"predecessor-version":[{"id":13883,"href":"https:\/\/agora-eoi.xtec.cat\/eoisabadell\/wp-json\/wp\/v2\/pages\/9595\/revisions\/13883"}],"up":[{"embeddable":true,"href":"https:\/\/agora-eoi.xtec.cat\/eoisabadell\/wp-json\/wp\/v2\/pages\/9066"}],"wp:attachment":[{"href":"https:\/\/agora-eoi.xtec.cat\/eoisabadell\/wp-json\/wp\/v2\/media?parent=9595"}],"curies":[{"name":"wp","href":"https:\/\/api.w.org\/{rel}","templated":true}]}}