{"id":9582,"date":"2017-05-12T01:02:25","date_gmt":"2017-05-11T23:02:25","guid":{"rendered":"http:\/\/agora-eoi.xtec.cat\/eoisabadell\/?page_id=9582"},"modified":"2018-04-03T13:25:54","modified_gmt":"2018-04-03T11:25:54","slug":"full-dinscripcio-al-curs-destiu","status":"publish","type":"page","link":"https:\/\/agora-eoi.xtec.cat\/eoisabadell\/full-dinscripcio-al-curs-destiu\/","title":{"rendered":"Full d&#8217;inscripci\u00f3 al curs d&#8217;estiu"},"content":{"rendered":"<p><strong>Per a la matr\u00edcula presencial podeu dirigir-vos al departament d&#8217;alumnat de l&#8217;escola:<\/strong><\/p>\n<p style=\"padding-left: 30px;\"><strong>Carrer Brujas 165 &#8211; 08202 Sabadell<\/strong><\/p>\n<p style=\"padding-left: 30px;\"><strong>Matins:\u00a0de 10h a 13h<\/strong><br \/>\n<strong> Tardes:\u00a0de 16h a 19h<\/strong><\/p>\n<h5><span style=\"font-size: medium;\"><b>IMPORTANT:<\/b>\u00a0<\/span><\/h5>\n<p><strong>1. Abans d&#8217;omplir el formulari d&#8217;inscripci\u00f3 caldr\u00e0 que feu el pagament<\/strong><\/p>\n<p><span lang=\"CA\">Preu:<b> 338,80<\/b><\/span><b><span lang=\"CA\">,80\u20ac<\/span><\/b><span lang=\"CA\">\u00a0\u00a0Compte del Banc Sabadell: <\/span><span lang=\"CA\">ES59<\/span><span lang=\"CA\">\u00a0<\/span><b><span lang=\"CA\">0081 0198 09 0001530164<br \/>\n<\/span><\/b><span lang=\"CA\"><span lang=\"CA\">(<\/span><\/span><span lang=\"CA\">169,40\u20ac per a fam\u00edlies nombroses generals o monoparentals)<\/span><br \/>\nPreu del curs de franc\u00e8s nivell B2+:<strong> 266,80\u20ac<\/strong><\/p>\n<p>Les fam\u00edlies nombroses especials, v\u00edctimes del terrorisme o discapacitats hauran de fer la matr\u00edcula presencial aportant original i fotoc\u00f2pia del document acreditatiu.<\/p>\n<p><strong><span style=\"font-size: medium;\">2.\u00a0Test de nivell: <\/span><\/strong><\/p>\n<p><span style=\"font-size: medium;\">Les persones que desitgin matricular-se en un nivell que no sigui 1r (o 1rB per a angl\u00e8s) hauran de fer una prova de nivell, excepte <b>les que acreditin haver aprovat en\u00a0una EOI: <\/b><\/span><\/p>\n<ul>\n<li><span style=\"font-size: medium;\"><b>Un<\/b><\/span><span style=\"font-size: medium;\"><b>\u00a0nivell inferior al que volen cursar als intensius <\/b>(com a alumne oficial o candidat lliure)<\/span><\/li>\n<li><span style=\"font-size: medium;\"><b>Curs aprovat el darrer curs d&#8217;estiu<\/b><\/span><\/li>\n<li>Podeu consultar les taules d&#8217;equival\u00e8ncies clicant <a href=\"http:\/\/queestudiar.gencat.cat\/ca\/preinscripcio\/estudis\/idiomes\/test-nivell\/\">aqu\u00ed<\/a><\/li>\n<\/ul>\n<p><span style=\"font-size: medium;\"><strong>3. Tingueu<\/strong> la seg\u00fcent <b>documentaci\u00f3<\/b> digitalitzada per a poder-la adjuntar al final del formulari:<\/span><\/p>\n<ul>\n<li><span style=\"font-size: medium;\">NIF, DNI o Passaport<\/span><\/li>\n<li><span style=\"font-size: medium;\">comprovant de pagament on consti el nom de l\u2019alumne<\/span><\/li>\n<li><span style=\"font-size: medium;\">carnet de fam\u00edlies nombroses generals o monoparentals, si \u00e9s el cas<\/span><\/li>\n<li><span style=\"font-size: medium;\">certificat del nivell acreditat si no feu test de nivell<\/span><\/li>\n<\/ul>\n<p><span style=\"font-size: medium;\">Per qualsevol altra consulta adreceu-vos a: \u00a0<a href=\"mailto:eoisabadell.cursosespecials@gmail.com\">eoisabadell.cursosespecials@gmail.com<\/a><\/span><\/p>\n<div><\/div>\n","protected":false},"excerpt":{"rendered":"<p>Per a la matr\u00edcula presencial podeu dirigir-vos al departament d&#8217;alumnat de l&#8217;escola:<br \/>\nCarrer Brujas 165 &#8211; 08202 Sabadell<br \/>\nMatins:\u00a0de 10h a 13h<br \/>\n Tardes:\u00a0de 16h a 19h<br \/>\nIMPORTANT:\u00a0<br \/>\n1. Abans d&#8217;omplir el formulari d&#8217;inscripci\u00f3 caldr\u00e0 que feu el pagament<br \/>\nPreu: 338,80,80\u20ac\u00a0\u00a0Compte del Banc Sabadell: ES59\u00a00081 0198 09 0001530164<br \/>\n(169,40\u20ac per a fam\u00edlies&hellip;  <a href=\"https:\/\/agora-eoi.xtec.cat\/eoisabadell\/full-dinscripcio-al-curs-destiu\/\" title=\"Read Full d&#8217;inscripci\u00f3 al curs d&#8217;estiu\">Llegeix m\u00e9s\u00bb<\/a><\/p>\n","protected":false},"author":7,"featured_media":0,"parent":0,"menu_order":0,"comment_status":"closed","ping_status":"closed","template":"","meta":{"_bbp_topic_count":0,"_bbp_reply_count":0,"_bbp_total_topic_count":0,"_bbp_total_reply_count":0,"_bbp_voice_count":0,"_bbp_anonymous_reply_count":0,"_bbp_topic_count_hidden":0,"_bbp_reply_count_hidden":0,"_bbp_forum_subforum_count":0,"footnotes":""},"class_list":["post-9582","page","type-page","status-publish","hentry"],"post_mailing_queue_ids":[],"_links":{"self":[{"href":"https:\/\/agora-eoi.xtec.cat\/eoisabadell\/wp-json\/wp\/v2\/pages\/9582","targetHints":{"allow":["GET"]}}],"collection":[{"href":"https:\/\/agora-eoi.xtec.cat\/eoisabadell\/wp-json\/wp\/v2\/pages"}],"about":[{"href":"https:\/\/agora-eoi.xtec.cat\/eoisabadell\/wp-json\/wp\/v2\/types\/page"}],"author":[{"embeddable":true,"href":"https:\/\/agora-eoi.xtec.cat\/eoisabadell\/wp-json\/wp\/v2\/users\/7"}],"replies":[{"embeddable":true,"href":"https:\/\/agora-eoi.xtec.cat\/eoisabadell\/wp-json\/wp\/v2\/comments?post=9582"}],"version-history":[{"count":3,"href":"https:\/\/agora-eoi.xtec.cat\/eoisabadell\/wp-json\/wp\/v2\/pages\/9582\/revisions"}],"predecessor-version":[{"id":10520,"href":"https:\/\/agora-eoi.xtec.cat\/eoisabadell\/wp-json\/wp\/v2\/pages\/9582\/revisions\/10520"}],"wp:attachment":[{"href":"https:\/\/agora-eoi.xtec.cat\/eoisabadell\/wp-json\/wp\/v2\/media?parent=9582"}],"curies":[{"name":"wp","href":"https:\/\/api.w.org\/{rel}","templated":true}]}}