{"id":9309,"date":"2017-02-03T19:25:41","date_gmt":"2017-02-03T18:25:41","guid":{"rendered":"http:\/\/agora-eoi.xtec.cat\/eoisabadell\/?page_id=9309"},"modified":"2017-02-15T09:57:08","modified_gmt":"2017-02-15T08:57:08","slug":"projecte-educatiu-del-centre","status":"publish","type":"page","link":"https:\/\/agora-eoi.xtec.cat\/eoisabadell\/informacio\/documentacio\/projecte-educatiu-del-centre\/","title":{"rendered":"Projecte educatiu del centre"},"content":{"rendered":"<p>El <a href=\"http:\/\/agora-eoi.xtec.cat\/eoisabadell\/wp-content\/uploads\/usu2240\/2017\/02\/PEC-EOI-Sabadell-2016-DEFINITIU-ESTIL-2.pdf\" target=\"_blank\">projecte educatiu<\/a>, que \u00e9s la m\u00e0xima expressi\u00f3 de l&#8217;autonomia dels centres, recull la identitat del centre, n&#8217;explicita els objectius, n&#8217;orienta l&#8217;activitat i hi d\u00f3na sentit amb la finalitat que els alumnes assoleixin les compet\u00e8ncies b\u00e0siques i el m\u00e0xim aprofitament educatiu, d&#8217;acord amb el marc proporcionat pel Decret 102\/2010, de 3 d&#8217;agost, d&#8217;autonomia dels centres educatius, que situa la presa de decisions en l&#8217;\u00e0mbit del centre per enfortir la instituci\u00f3 escolar i el lideratge educatiu.<\/p>\n","protected":false},"excerpt":{"rendered":"<p>El <a href=\"http:\/\/agora-eoi.xtec.cat\/eoisabadell\/wp-content\/uploads\/usu2240\/2017\/02\/PEC-EOI-Sabadell-2016-DEFINITIU-ESTIL-2.pdf\" target=\"_blank\">projecte educatiu<\/a>, que \u00e9s la m\u00e0xima expressi\u00f3 de l&#8217;autonomia dels centres, recull la identitat del centre, n&#8217;explicita els objectius, n&#8217;orienta l&#8217;activitat i hi d\u00f3na sentit amb la finalitat que els alumnes assoleixin les compet\u00e8ncies b\u00e0siques i el m\u00e0xim aprofitament educatiu, d&#8217;acord amb&hellip;  <a href=\"https:\/\/agora-eoi.xtec.cat\/eoisabadell\/informacio\/documentacio\/projecte-educatiu-del-centre\/\" title=\"Read Projecte educatiu del centre\">Llegeix m\u00e9s\u00bb<\/a><\/p>\n","protected":false},"author":7,"featured_media":0,"parent":9305,"menu_order":1,"comment_status":"closed","ping_status":"closed","template":"","meta":{"_bbp_topic_count":0,"_bbp_reply_count":0,"_bbp_total_topic_count":0,"_bbp_total_reply_count":0,"_bbp_voice_count":0,"_bbp_anonymous_reply_count":0,"_bbp_topic_count_hidden":0,"_bbp_reply_count_hidden":0,"_bbp_forum_subforum_count":0,"footnotes":""},"class_list":["post-9309","page","type-page","status-publish","hentry"],"post_mailing_queue_ids":[],"_links":{"self":[{"href":"https:\/\/agora-eoi.xtec.cat\/eoisabadell\/wp-json\/wp\/v2\/pages\/9309","targetHints":{"allow":["GET"]}}],"collection":[{"href":"https:\/\/agora-eoi.xtec.cat\/eoisabadell\/wp-json\/wp\/v2\/pages"}],"about":[{"href":"https:\/\/agora-eoi.xtec.cat\/eoisabadell\/wp-json\/wp\/v2\/types\/page"}],"author":[{"embeddable":true,"href":"https:\/\/agora-eoi.xtec.cat\/eoisabadell\/wp-json\/wp\/v2\/users\/7"}],"replies":[{"embeddable":true,"href":"https:\/\/agora-eoi.xtec.cat\/eoisabadell\/wp-json\/wp\/v2\/comments?post=9309"}],"version-history":[{"count":3,"href":"https:\/\/agora-eoi.xtec.cat\/eoisabadell\/wp-json\/wp\/v2\/pages\/9309\/revisions"}],"predecessor-version":[{"id":9384,"href":"https:\/\/agora-eoi.xtec.cat\/eoisabadell\/wp-json\/wp\/v2\/pages\/9309\/revisions\/9384"}],"up":[{"embeddable":true,"href":"https:\/\/agora-eoi.xtec.cat\/eoisabadell\/wp-json\/wp\/v2\/pages\/9305"}],"wp:attachment":[{"href":"https:\/\/agora-eoi.xtec.cat\/eoisabadell\/wp-json\/wp\/v2\/media?parent=9309"}],"curies":[{"name":"wp","href":"https:\/\/api.w.org\/{rel}","templated":true}]}}