{"id":9149,"date":"2017-01-10T14:32:01","date_gmt":"2017-01-10T13:32:01","guid":{"rendered":"http:\/\/agora-eoi.xtec.cat\/eoisabadell\/?page_id=9149"},"modified":"2017-09-12T13:26:34","modified_gmt":"2017-09-12T11:26:34","slug":"taula-dequivalecies-frances","status":"publish","type":"page","link":"https:\/\/agora-eoi.xtec.cat\/eoisabadell\/frances-2\/taula-dequivalecies-frances\/","title":{"rendered":"Taula d&#8217;equival\u00e8ncies franc\u00e8s"},"content":{"rendered":"<p>Podeu consultar les taules d&#8217;equival\u00e8ncies publicades clicant <a href=\"http:\/\/queestudiar.gencat.cat\/ca\/preinscripcio\/estudis\/idiomes\/test-nivell\/\">aqu\u00ed<\/a><\/p>\n","protected":false},"excerpt":{"rendered":"<p>Podeu consultar les taules d&#8217;equival\u00e8ncies publicades clicant <a href=\"http:\/\/queestudiar.gencat.cat\/ca\/preinscripcio\/estudis\/idiomes\/test-nivell\/\">aqu\u00ed<\/a><\/p>\n","protected":false},"author":1,"featured_media":0,"parent":9139,"menu_order":4,"comment_status":"closed","ping_status":"closed","template":"page-templates\/side-menu.php","meta":{"_bbp_topic_count":0,"_bbp_reply_count":0,"_bbp_total_topic_count":0,"_bbp_total_reply_count":0,"_bbp_voice_count":0,"_bbp_anonymous_reply_count":0,"_bbp_topic_count_hidden":0,"_bbp_reply_count_hidden":0,"_bbp_forum_subforum_count":0,"footnotes":""},"class_list":["post-9149","page","type-page","status-publish","hentry"],"post_mailing_queue_ids":[],"_links":{"self":[{"href":"https:\/\/agora-eoi.xtec.cat\/eoisabadell\/wp-json\/wp\/v2\/pages\/9149","targetHints":{"allow":["GET"]}}],"collection":[{"href":"https:\/\/agora-eoi.xtec.cat\/eoisabadell\/wp-json\/wp\/v2\/pages"}],"about":[{"href":"https:\/\/agora-eoi.xtec.cat\/eoisabadell\/wp-json\/wp\/v2\/types\/page"}],"author":[{"embeddable":true,"href":"https:\/\/agora-eoi.xtec.cat\/eoisabadell\/wp-json\/wp\/v2\/users\/1"}],"replies":[{"embeddable":true,"href":"https:\/\/agora-eoi.xtec.cat\/eoisabadell\/wp-json\/wp\/v2\/comments?post=9149"}],"version-history":[{"count":3,"href":"https:\/\/agora-eoi.xtec.cat\/eoisabadell\/wp-json\/wp\/v2\/pages\/9149\/revisions"}],"predecessor-version":[{"id":9841,"href":"https:\/\/agora-eoi.xtec.cat\/eoisabadell\/wp-json\/wp\/v2\/pages\/9149\/revisions\/9841"}],"up":[{"embeddable":true,"href":"https:\/\/agora-eoi.xtec.cat\/eoisabadell\/wp-json\/wp\/v2\/pages\/9139"}],"wp:attachment":[{"href":"https:\/\/agora-eoi.xtec.cat\/eoisabadell\/wp-json\/wp\/v2\/media?parent=9149"}],"curies":[{"name":"wp","href":"https:\/\/api.w.org\/{rel}","templated":true}]}}