{"id":9129,"date":"2017-01-10T13:46:28","date_gmt":"2017-01-10T12:46:28","guid":{"rendered":"http:\/\/agora-eoi.xtec.cat\/eoisabadell\/?page_id=9129"},"modified":"2024-09-29T20:50:35","modified_gmt":"2024-09-29T18:50:35","slug":"enllacos-dinteres","status":"publish","type":"page","link":"https:\/\/agora-eoi.xtec.cat\/eoisabadell\/catala-2\/enllacos-dinteres\/","title":{"rendered":"Enlla\u00e7os d&#8217;inter\u00e8s"},"content":{"rendered":"<ul>\n<li style=\"list-style-type: none\">\n<ul>\n<li>web del Deptartament de catal\u00e0:<br \/>\n<a href=\"http:\/\/xtec.cat\/~jmacia1\/index.html\">http:\/\/xtec.cat\/~jmacia1\/index.html<\/a><\/li>\n<li>Consulteu l&#8217;adre\u00e7a<br \/>\n<a href=\"http:\/\/eoisabadell.wordpress.com\/catala\">http:\/\/eoisabadell.wordpress.com\/catala<br \/>\n<\/a>que ha estat possible gr\u00e0cies a la col\u00b7laboraci\u00f3 t\u00e8cnica d&#8217;Eul\u00e0lia Farell.<\/li>\n<li>Practiqueu la llengua catalana amb els vincles interactius de<br \/>\n<a href=\"http:\/\/www.edu365.cat\/\">EDU365<\/a><br \/>\n(Alguns serveis necessiten contrasenya, de qu\u00e8 no disposem)<\/li>\n<li><a href=\"https:\/\/clic.xtec.cat\/gali\/\">Gal\u00ed<\/a><br \/>\n(Guia per l&#8217;autoaprenentatge interactiu de la llengua)<\/li>\n<li><a href=\"https:\/\/educacio.gencat.cat\/ca\/serveis-tramits\/proves\/proves-lliures-obtencio-titols\/convocat-extraord-idiomes\/mostres-proves\/catala\/\">Mostres d&#8217;examens de nivell avan\u00e7at C2<\/a><\/li>\n<\/ul>\n<\/li>\n<\/ul>\n<p>&nbsp;<\/p>\n","protected":false},"excerpt":{"rendered":"<ul>\n<li style=\"list-style-type: none\">\n<ul>\n<li>web del Deptartament de catal\u00e0:<br \/>\n<a href=\"http:\/\/xtec.cat\/~jmacia1\/index.html\">http:\/\/xtec.cat\/~jmacia1\/index.html<\/a><\/li>\n<li>Consulteu l&#8217;adre\u00e7a<br \/>\n<a href=\"http:\/\/eoisabadell.wordpress.com\/catala\">http:\/\/eoisabadell.wordpress.com\/catala<br \/>\n<\/a>que ha estat possible gr\u00e0cies a la col\u00b7laboraci\u00f3 t\u00e8cnica d&#8217;Eul\u00e0lia Farell.<\/li>\n<li>Practiqueu la llengua catalana amb els vincles interactius de<br \/>\n<a href=\"http:\/\/www.edu365.cat\/\">EDU365<\/a><br \/>\n(Alguns serveis necessiten contrasenya, de qu\u00e8 no disposem)<\/li>\n<li><a href=\"https:\/\/clic.xtec.cat\/gali\/\">Gal\u00ed<\/a><br \/>\n(Guia per l&#8217;autoaprenentatge interactiu de la llengua)<\/li>\n<li><a href=\"https:\/\/educacio.gencat.cat\/ca\/serveis-tramits\/proves\/proves-lliures-obtencio-titols\/convocat-extraord-idiomes\/mostres-proves\/catala\/\">Mostres d&#8217;examens&hellip;  <a href=\"https:\/\/agora-eoi.xtec.cat\/eoisabadell\/catala-2\/enllacos-dinteres\/\" title=\"Read Enlla\u00e7os d&#8217;inter\u00e8s\">Llegeix m\u00e9s\u00bb<\/a><br \/>\n","protected":false},"author":1,"featured_media":0,"parent":9114,"menu_order":7,"comment_status":"closed","ping_status":"closed","template":"","meta":{"_bbp_topic_count":0,"_bbp_reply_count":0,"_bbp_total_topic_count":0,"_bbp_total_reply_count":0,"_bbp_voice_count":0,"_bbp_anonymous_reply_count":0,"_bbp_topic_count_hidden":0,"_bbp_reply_count_hidden":0,"_bbp_forum_subforum_count":0,"footnotes":""},"class_list":["post-9129","page","type-page","status-publish","hentry"],"post_mailing_queue_ids":[],"_links":{"self":[{"href":"https:\/\/agora-eoi.xtec.cat\/eoisabadell\/wp-json\/wp\/v2\/pages\/9129","targetHints":{"allow":["GET"]}}],"collection":[{"href":"https:\/\/agora-eoi.xtec.cat\/eoisabadell\/wp-json\/wp\/v2\/pages"}],"about":[{"href":"https:\/\/agora-eoi.xtec.cat\/eoisabadell\/wp-json\/wp\/v2\/types\/page"}],"author":[{"embeddable":true,"href":"https:\/\/agora-eoi.xtec.cat\/eoisabadell\/wp-json\/wp\/v2\/users\/1"}],"replies":[{"embeddable":true,"href":"https:\/\/agora-eoi.xtec.cat\/eoisabadell\/wp-json\/wp\/v2\/comments?post=9129"}],"version-history":[{"count":2,"href":"https:\/\/agora-eoi.xtec.cat\/eoisabadell\/wp-json\/wp\/v2\/pages\/9129\/revisions"}],"predecessor-version":[{"id":17235,"href":"https:\/\/agora-eoi.xtec.cat\/eoisabadell\/wp-json\/wp\/v2\/pages\/9129\/revisions\/17235"}],"up":[{"embeddable":true,"href":"https:\/\/agora-eoi.xtec.cat\/eoisabadell\/wp-json\/wp\/v2\/pages\/9114"}],"wp:attachment":[{"href":"https:\/\/agora-eoi.xtec.cat\/eoisabadell\/wp-json\/wp\/v2\/media?parent=9129"}],"curies":[{"name":"wp","href":"https:\/\/api.w.org\/{rel}","templated":true}]}}