{"id":9125,"date":"2017-01-10T13:39:29","date_gmt":"2017-01-10T12:39:29","guid":{"rendered":"http:\/\/agora-eoi.xtec.cat\/eoisabadell\/?page_id=9125"},"modified":"2020-05-25T18:13:30","modified_gmt":"2020-05-25T16:13:30","slug":"bloc-descriptura","status":"publish","type":"page","link":"https:\/\/agora-eoi.xtec.cat\/eoisabadell\/catala-2\/bloc-descriptura\/","title":{"rendered":"Un blog contra el coronavirus"},"content":{"rendered":"<p>El Departament de catal\u00e0 de l\u2019EOI Sabadell estrena un\u00a0Blog d\u2019escriptura\u00a0perqu\u00e8 tu, alumne\/a de l\u2019escola o no, puguis expressar-te en aquesta llengua. Nascut en resposta al confinament, el blog \u00e9s una nova f\u00f3rmula telem\u00e0tica per a mantenir-nos units.<\/p>\n<p>Pots dir-hi la teva des de la secci\u00f3 \u201cF\u00f2rums\u201d, amb una trentena de temes ben diversos per al debat. Tamb\u00e9 pots manifestar-hi com et sents (secci\u00f3 \u201cPand\u00e8mia\u201d o, oralment, dins \u201c\u00c0udio\u201d). I tot aix\u00f2 amb el contrapunt d\u2019apartats com \u201cHumor\u201d, \u201cAn\u00e8cdotes\u201d o \u201cMicrocontes\u201d. A m\u00e9s, dins \u201cLlibres recomanats\u201d o \u201cSortim\u201d, esperem que ens diguis qu\u00e8 val la pena de llegir o quins indrets mereixen una visita.<\/p>\n<p>La iniciativa ha estat possible gr\u00e0cies al dinamisme del Dept. de catal\u00e0\u00a0 i a l\u2019entusiasme de Javier Albines, pedagog i docent, exalumne de C2.<\/p>\n<p>Participa-hi! Dona-hi un cop d\u2019ull: et sorprendr\u00e0!<\/p>\n<p>Volem saber com vius aquests moments que, ho vulguem o no, marcaran la teva hist\u00f2ria, la hist\u00f2ria de tot el planeta. T\u2019esperem a <strong><a href=\"https:\/\/blogdescriptura.wordpress.com\/\" target=\"_blank\" rel=\"noopener noreferrer\">https:\/\/blogdescriptura.wordpress.com\/<\/a><\/strong><\/p>\n","protected":false},"excerpt":{"rendered":"<p>El Departament de catal\u00e0 de l\u2019EOI Sabadell estrena un\u00a0Blog d\u2019escriptura\u00a0perqu\u00e8 tu, alumne\/a de l\u2019escola o no, puguis expressar-te en aquesta llengua. Nascut en resposta al confinament, el blog \u00e9s una nova f\u00f3rmula telem\u00e0tica per a mantenir-nos units.<br \/>\nPots dir-hi la teva des de la secci\u00f3 \u201cF\u00f2rums\u201d,&hellip;  <a href=\"https:\/\/agora-eoi.xtec.cat\/eoisabadell\/catala-2\/bloc-descriptura\/\" title=\"Read Un blog contra el coronavirus\">Llegeix m\u00e9s\u00bb<\/a><\/p>\n","protected":false},"author":1,"featured_media":0,"parent":9114,"menu_order":5,"comment_status":"closed","ping_status":"closed","template":"page-templates\/side-menu.php","meta":{"_bbp_topic_count":0,"_bbp_reply_count":0,"_bbp_total_topic_count":0,"_bbp_total_reply_count":0,"_bbp_voice_count":0,"_bbp_anonymous_reply_count":0,"_bbp_topic_count_hidden":0,"_bbp_reply_count_hidden":0,"_bbp_forum_subforum_count":0,"footnotes":""},"class_list":["post-9125","page","type-page","status-publish","hentry"],"post_mailing_queue_ids":[],"_links":{"self":[{"href":"https:\/\/agora-eoi.xtec.cat\/eoisabadell\/wp-json\/wp\/v2\/pages\/9125","targetHints":{"allow":["GET"]}}],"collection":[{"href":"https:\/\/agora-eoi.xtec.cat\/eoisabadell\/wp-json\/wp\/v2\/pages"}],"about":[{"href":"https:\/\/agora-eoi.xtec.cat\/eoisabadell\/wp-json\/wp\/v2\/types\/page"}],"author":[{"embeddable":true,"href":"https:\/\/agora-eoi.xtec.cat\/eoisabadell\/wp-json\/wp\/v2\/users\/1"}],"replies":[{"embeddable":true,"href":"https:\/\/agora-eoi.xtec.cat\/eoisabadell\/wp-json\/wp\/v2\/comments?post=9125"}],"version-history":[{"count":3,"href":"https:\/\/agora-eoi.xtec.cat\/eoisabadell\/wp-json\/wp\/v2\/pages\/9125\/revisions"}],"predecessor-version":[{"id":12612,"href":"https:\/\/agora-eoi.xtec.cat\/eoisabadell\/wp-json\/wp\/v2\/pages\/9125\/revisions\/12612"}],"up":[{"embeddable":true,"href":"https:\/\/agora-eoi.xtec.cat\/eoisabadell\/wp-json\/wp\/v2\/pages\/9114"}],"wp:attachment":[{"href":"https:\/\/agora-eoi.xtec.cat\/eoisabadell\/wp-json\/wp\/v2\/media?parent=9125"}],"curies":[{"name":"wp","href":"https:\/\/api.w.org\/{rel}","templated":true}]}}